{"id":3039,"date":"2023-03-24T15:33:11","date_gmt":"2023-03-24T15:33:11","guid":{"rendered":"https:\/\/valitec.co\/sitioweb\/?page_id=3039"},"modified":"2023-03-24T15:36:46","modified_gmt":"2023-03-24T15:36:46","slug":"canulas-de-muestreo-desechables","status":"publish","type":"page","link":"https:\/\/valitec.co\/sitioweb\/canulas-de-muestreo-desechables\/","title":{"rendered":"C\u00e1nulas de muestreo desechables"},"content":{"rendered":"\t\t<div data-elementor-type=\"wp-page\" data-elementor-id=\"3039\" class=\"elementor elementor-3039\" data-elementor-post-type=\"page\">\n\t\t\t\t\t\t<section class=\"elementor-section elementor-top-section elementor-element elementor-element-0d9ce09 elementor-section-boxed elementor-section-height-default elementor-section-height-default\" data-id=\"0d9ce09\" data-element_type=\"section\" data-e-type=\"section\">\n\t\t\t\t\t\t<div class=\"elementor-container elementor-column-gap-default\">\n\t\t\t\t\t<div class=\"elementor-column elementor-col-100 elementor-top-column elementor-element elementor-element-467df7e\" data-id=\"467df7e\" data-element_type=\"column\" data-e-type=\"column\">\n\t\t\t<div class=\"elementor-widget-wrap elementor-element-populated\">\n\t\t\t\t\t\t<div class=\"elementor-element elementor-element-590a489 elementor-position-top elementor-widget elementor-widget-image-box\" data-id=\"590a489\" data-element_type=\"widget\" data-e-type=\"widget\" data-widget_type=\"image-box.default\">\n\t\t\t\t<div class=\"elementor-widget-container\">\n\t\t\t\t\t<div class=\"elementor-image-box-wrapper\"><figure class=\"elementor-image-box-img\"><img fetchpriority=\"high\" decoding=\"async\" width=\"500\" height=\"333\" src=\"https:\/\/valitec.co\/sitioweb\/wp-content\/uploads\/2023\/03\/canula-24-2.jpg\" class=\"attachment-full size-full wp-image-3041\" alt=\"\" srcset=\"https:\/\/valitec.co\/sitioweb\/wp-content\/uploads\/2023\/03\/canula-24-2.jpg 500w, https:\/\/valitec.co\/sitioweb\/wp-content\/uploads\/2023\/03\/canula-24-2-300x200.jpg 300w, https:\/\/valitec.co\/sitioweb\/wp-content\/uploads\/2023\/03\/canula-24-2-81x54.jpg 81w\" sizes=\"(max-width: 500px) 100vw, 500px\" \/><\/figure><div class=\"elementor-image-box-content\"><h3 class=\"elementor-image-box-title\">C\u00e1nulas de muestreo desechables<\/h3><\/div><\/div>\t\t\t\t<\/div>\n\t\t\t\t<\/div>\n\t\t\t\t\t<\/div>\n\t\t<\/div>\n\t\t\t\t\t<\/div>\n\t\t<\/section>\n\t\t\t\t<section class=\"elementor-section elementor-top-section elementor-element elementor-element-fcb7512 elementor-section-boxed elementor-section-height-default elementor-section-height-default\" data-id=\"fcb7512\" data-element_type=\"section\" data-e-type=\"section\">\n\t\t\t\t\t\t<div class=\"elementor-container elementor-column-gap-default\">\n\t\t\t\t\t<div class=\"elementor-column elementor-col-100 elementor-top-column elementor-element elementor-element-0c5a86a\" data-id=\"0c5a86a\" data-element_type=\"column\" data-e-type=\"column\">\n\t\t\t<div class=\"elementor-widget-wrap elementor-element-populated\">\n\t\t\t\t\t\t<div class=\"elementor-element elementor-element-72d9965 elementor-widget elementor-widget-text-editor\" data-id=\"72d9965\" data-element_type=\"widget\" data-e-type=\"widget\" data-widget_type=\"text-editor.default\">\n\t\t\t\t<div class=\"elementor-widget-container\">\n\t\t\t\t\t\t\t\t\t<p>Las c\u00e1nulas de muestreo se utilizan para tomar muestras de la prueba de disoluci\u00f3n y se pueden doblar para facilitar el acceso a la posici\u00f3n de muestreo de USP.<\/p>\t\t\t\t\t\t\t\t<\/div>\n\t\t\t\t<\/div>\n\t\t\t\t\t<\/div>\n\t\t<\/div>\n\t\t\t\t\t<\/div>\n\t\t<\/section>\n\t\t\t\t<section class=\"elementor-section elementor-top-section elementor-element elementor-element-a874b99 elementor-section-boxed elementor-section-height-default elementor-section-height-default\" data-id=\"a874b99\" data-element_type=\"section\" data-e-type=\"section\">\n\t\t\t\t\t\t<div class=\"elementor-container elementor-column-gap-default\">\n\t\t\t\t\t<div class=\"elementor-column elementor-col-50 elementor-top-column elementor-element elementor-element-860d12b\" data-id=\"860d12b\" data-element_type=\"column\" data-e-type=\"column\">\n\t\t\t<div class=\"elementor-widget-wrap elementor-element-populated\">\n\t\t\t\t\t\t<div class=\"elementor-element elementor-element-8682045 elementor-widget elementor-widget-text-editor\" data-id=\"8682045\" data-element_type=\"widget\" data-e-type=\"widget\" data-widget_type=\"text-editor.default\">\n\t\t\t\t<div class=\"elementor-widget-container\">\n\t\t\t\t\t\t\t\t\t<p><strong><span>PSDISP475-HR<\/span><br \/><span>C\u00e1nula desechable 900mL (Set\/30)<\/span><\/strong><br \/><br \/><\/p><table id=\"kenmerktable\"><tbody><tr><td><strong><span>N\u00famero de producto \u00a0 \u00a0<\/span><\/strong><\/td><td><span>PSDISP475-HR<\/span><\/td><\/tr><tr><td><strong><span>OEM \u00a0 \u00a0<\/span><\/strong><\/td><td><span>Universal<\/span><\/td><\/tr><tr><td><strong><span>Material \u00a0 \u00a0<\/span><\/strong><\/td><td><span>Acero inoxidable 316<\/span><\/td><\/tr><tr><td><strong><span>c\u00e1nula OD \u00a0 \u00a0<\/span><\/strong><\/td><td><span>1\/16&#8243;<\/span><\/td><\/tr><tr><td><strong><span>punta de la c\u00e1nula OD \u00a0 \u00a0<\/span><\/strong><\/td><td><span>1\/16&#8243;<\/span><\/td><\/tr><\/tbody><\/table>\t\t\t\t\t\t\t\t<\/div>\n\t\t\t\t<\/div>\n\t\t\t\t\t<\/div>\n\t\t<\/div>\n\t\t\t\t<div class=\"elementor-column elementor-col-50 elementor-top-column elementor-element elementor-element-dc8efad\" data-id=\"dc8efad\" data-element_type=\"column\" data-e-type=\"column\">\n\t\t\t<div class=\"elementor-widget-wrap elementor-element-populated\">\n\t\t\t\t\t\t<div class=\"elementor-element elementor-element-6eab208 elementor-widget elementor-widget-text-editor\" data-id=\"6eab208\" data-element_type=\"widget\" data-e-type=\"widget\" data-widget_type=\"text-editor.default\">\n\t\t\t\t<div class=\"elementor-widget-container\">\n\t\t\t\t\t\t\t\t\t<p><strong><span>PSDISP775-HR<\/span><br \/><span>C\u00e1nula desechable 500ml (Set\/30)<\/span><\/strong><br \/><br \/><\/p><table id=\"kenmerktable\"><tbody><tr><td><strong><span>N\u00famero de producto \u00a0 \u00a0<\/span><\/strong><\/td><td><span>PSDISP775-HR<\/span><\/td><\/tr><tr><td><strong><span>OEM \u00a0 \u00a0<\/span><\/strong><\/td><td><span>Universal<\/span><\/td><\/tr><tr><td><strong><span>Material \u00a0 \u00a0<\/span><\/strong><\/td><td><span>Acero inoxidable 316<\/span><\/td><\/tr><tr><td><strong><span>Longitud \u00a0 \u00a0<\/span><\/strong><\/td><td><span>197 mm<\/span><\/td><\/tr><tr><td><strong><span>c\u00e1nula OD \u00a0 \u00a0<\/span><\/strong><\/td><td><span>1\/16&#8243;<\/span><\/td><\/tr><tr><td><strong><span>punta de la c\u00e1nula OD \u00a0 \u00a0<\/span><\/strong><\/td><td><span>1\/16&#8243;<\/span><\/td><\/tr><\/tbody><\/table>\t\t\t\t\t\t\t\t<\/div>\n\t\t\t\t<\/div>\n\t\t\t\t\t<\/div>\n\t\t<\/div>\n\t\t\t\t\t<\/div>\n\t\t<\/section>\n\t\t\t\t<section class=\"elementor-section elementor-top-section elementor-element elementor-element-0c4646c elementor-section-boxed elementor-section-height-default elementor-section-height-default\" data-id=\"0c4646c\" data-element_type=\"section\" data-e-type=\"section\">\n\t\t\t\t\t\t<div class=\"elementor-container elementor-column-gap-default\">\n\t\t\t\t\t<div class=\"elementor-column elementor-col-50 elementor-top-column elementor-element elementor-element-01b2c37\" data-id=\"01b2c37\" data-element_type=\"column\" data-e-type=\"column\">\n\t\t\t<div class=\"elementor-widget-wrap elementor-element-populated\">\n\t\t\t\t\t\t<div class=\"elementor-element elementor-element-a654374 elementor-widget elementor-widget-image\" data-id=\"a654374\" data-element_type=\"widget\" data-e-type=\"widget\" data-widget_type=\"image.default\">\n\t\t\t\t<div class=\"elementor-widget-container\">\n\t\t\t\t\t\t\t\t\t\t\t\t\t\t\t<img decoding=\"async\" width=\"300\" height=\"200\" src=\"https:\/\/valitec.co\/sitioweb\/wp-content\/uploads\/2023\/03\/canula-25-1-300x200.jpg\" class=\"attachment-medium size-medium wp-image-3042\" alt=\"\" srcset=\"https:\/\/valitec.co\/sitioweb\/wp-content\/uploads\/2023\/03\/canula-25-1-300x200.jpg 300w, https:\/\/valitec.co\/sitioweb\/wp-content\/uploads\/2023\/03\/canula-25-1-81x54.jpg 81w, https:\/\/valitec.co\/sitioweb\/wp-content\/uploads\/2023\/03\/canula-25-1.jpg 500w\" sizes=\"(max-width: 300px) 100vw, 300px\" \/>\t\t\t\t\t\t\t\t\t\t\t\t\t\t\t<\/div>\n\t\t\t\t<\/div>\n\t\t\t\t\t<\/div>\n\t\t<\/div>\n\t\t\t\t<div class=\"elementor-column elementor-col-50 elementor-top-column elementor-element elementor-element-4aa5305\" data-id=\"4aa5305\" data-element_type=\"column\" data-e-type=\"column\">\n\t\t\t<div class=\"elementor-widget-wrap elementor-element-populated\">\n\t\t\t\t\t\t<div class=\"elementor-element elementor-element-ea4c657 elementor-widget elementor-widget-image\" data-id=\"ea4c657\" data-element_type=\"widget\" data-e-type=\"widget\" data-widget_type=\"image.default\">\n\t\t\t\t<div class=\"elementor-widget-container\">\n\t\t\t\t\t\t\t\t\t\t\t\t\t\t\t<img decoding=\"async\" width=\"300\" height=\"200\" src=\"https:\/\/valitec.co\/sitioweb\/wp-content\/uploads\/2023\/03\/canula-25-1-300x200.jpg\" class=\"attachment-medium size-medium wp-image-3042\" alt=\"\" srcset=\"https:\/\/valitec.co\/sitioweb\/wp-content\/uploads\/2023\/03\/canula-25-1-300x200.jpg 300w, https:\/\/valitec.co\/sitioweb\/wp-content\/uploads\/2023\/03\/canula-25-1-81x54.jpg 81w, https:\/\/valitec.co\/sitioweb\/wp-content\/uploads\/2023\/03\/canula-25-1.jpg 500w\" sizes=\"(max-width: 300px) 100vw, 300px\" \/>\t\t\t\t\t\t\t\t\t\t\t\t\t\t\t<\/div>\n\t\t\t\t<\/div>\n\t\t\t\t\t<\/div>\n\t\t<\/div>\n\t\t\t\t\t<\/div>\n\t\t<\/section>\n\t\t\t\t<\/div>\n\t\t","protected":false},"excerpt":{"rendered":"<p>C\u00e1nulas de muestreo desechables Las c\u00e1nulas de muestreo se utilizan para tomar muestras de la prueba de disoluci\u00f3n y se pueden doblar para facilitar el acceso a la posici\u00f3n de muestreo de USP. PSDISP475-HR C\u00e1nula desechable 900mL (Set\/30) N\u00famero de producto &nbsp; &nbsp; PSDISP475-HR OEM &nbsp; &nbsp; Universal Material &nbsp; &nbsp; Acero inoxidable 316 c\u00e1nula<\/p>\n<div class=\"klb-readmore\"><a class=\"c-btn\" href=\"https:\/\/valitec.co\/sitioweb\/canulas-de-muestreo-desechables\/\">Read More <i class=\"far fa-plus\"><\/i><\/a><\/div>\n","protected":false},"author":1,"featured_media":0,"parent":0,"menu_order":0,"comment_status":"closed","ping_status":"closed","template":"","meta":{"_eb_attr":"","footnotes":""},"class_list":["post-3039","page","type-page","status-publish","hentry"],"_links":{"self":[{"href":"https:\/\/valitec.co\/sitioweb\/wp-json\/wp\/v2\/pages\/3039","targetHints":{"allow":["GET"]}}],"collection":[{"href":"https:\/\/valitec.co\/sitioweb\/wp-json\/wp\/v2\/pages"}],"about":[{"href":"https:\/\/valitec.co\/sitioweb\/wp-json\/wp\/v2\/types\/page"}],"author":[{"embeddable":true,"href":"https:\/\/valitec.co\/sitioweb\/wp-json\/wp\/v2\/users\/1"}],"replies":[{"embeddable":true,"href":"https:\/\/valitec.co\/sitioweb\/wp-json\/wp\/v2\/comments?post=3039"}],"version-history":[{"count":5,"href":"https:\/\/valitec.co\/sitioweb\/wp-json\/wp\/v2\/pages\/3039\/revisions"}],"predecessor-version":[{"id":3046,"href":"https:\/\/valitec.co\/sitioweb\/wp-json\/wp\/v2\/pages\/3039\/revisions\/3046"}],"wp:attachment":[{"href":"https:\/\/valitec.co\/sitioweb\/wp-json\/wp\/v2\/media?parent=3039"}],"curies":[{"name":"wp","href":"https:\/\/api.w.org\/{rel}","templated":true}]}}