{"id":3016,"date":"2023-03-24T14:16:30","date_gmt":"2023-03-24T14:16:30","guid":{"rendered":"https:\/\/valitec.co\/sitioweb\/?page_id=3016"},"modified":"2023-03-24T14:20:09","modified_gmt":"2023-03-24T14:20:09","slug":"pharmatest-canula-de-muestreo","status":"publish","type":"page","link":"https:\/\/valitec.co\/sitioweb\/pharmatest-canula-de-muestreo\/","title":{"rendered":"Pharmatest canula de muestreo"},"content":{"rendered":"\t\t<div data-elementor-type=\"wp-page\" data-elementor-id=\"3016\" class=\"elementor elementor-3016\" data-elementor-post-type=\"page\">\n\t\t\t\t\t\t<section class=\"elementor-section elementor-top-section elementor-element elementor-element-2d1a546 elementor-section-boxed elementor-section-height-default elementor-section-height-default\" data-id=\"2d1a546\" data-element_type=\"section\" data-e-type=\"section\">\n\t\t\t\t\t\t<div class=\"elementor-container elementor-column-gap-default\">\n\t\t\t\t\t<div class=\"elementor-column elementor-col-100 elementor-top-column elementor-element elementor-element-7a69e96\" data-id=\"7a69e96\" data-element_type=\"column\" data-e-type=\"column\">\n\t\t\t<div class=\"elementor-widget-wrap elementor-element-populated\">\n\t\t\t\t\t\t<div class=\"elementor-element elementor-element-5638f0b elementor-position-top elementor-widget elementor-widget-image-box\" data-id=\"5638f0b\" data-element_type=\"widget\" data-e-type=\"widget\" data-widget_type=\"image-box.default\">\n\t\t\t\t<div class=\"elementor-widget-container\">\n\t\t\t\t\t<div class=\"elementor-image-box-wrapper\"><figure class=\"elementor-image-box-img\"><img fetchpriority=\"high\" decoding=\"async\" width=\"500\" height=\"333\" src=\"https:\/\/valitec.co\/sitioweb\/wp-content\/uploads\/2023\/03\/canula-24-1.jpg\" class=\"attachment-full size-full wp-image-2989\" alt=\"\" srcset=\"https:\/\/valitec.co\/sitioweb\/wp-content\/uploads\/2023\/03\/canula-24-1.jpg 500w, https:\/\/valitec.co\/sitioweb\/wp-content\/uploads\/2023\/03\/canula-24-1-300x200.jpg 300w, https:\/\/valitec.co\/sitioweb\/wp-content\/uploads\/2023\/03\/canula-24-1-81x54.jpg 81w\" sizes=\"(max-width: 500px) 100vw, 500px\" \/><\/figure><div class=\"elementor-image-box-content\"><h3 class=\"elementor-image-box-title\">Compatible con Pharmatest<\/h3><p class=\"elementor-image-box-description\">.<\/p><\/div><\/div>\t\t\t\t<\/div>\n\t\t\t\t<\/div>\n\t\t\t\t\t<\/div>\n\t\t<\/div>\n\t\t\t\t\t<\/div>\n\t\t<\/section>\n\t\t\t\t<section class=\"elementor-section elementor-top-section elementor-element elementor-element-9345fdc elementor-section-boxed elementor-section-height-default elementor-section-height-default\" data-id=\"9345fdc\" data-element_type=\"section\" data-e-type=\"section\">\n\t\t\t\t\t\t<div class=\"elementor-container elementor-column-gap-default\">\n\t\t\t\t\t<div class=\"elementor-column elementor-col-100 elementor-top-column elementor-element elementor-element-58af63f\" data-id=\"58af63f\" data-element_type=\"column\" data-e-type=\"column\">\n\t\t\t<div class=\"elementor-widget-wrap elementor-element-populated\">\n\t\t\t\t\t\t<div class=\"elementor-element elementor-element-6f07b7f elementor-widget elementor-widget-spacer\" data-id=\"6f07b7f\" data-element_type=\"widget\" data-e-type=\"widget\" data-widget_type=\"spacer.default\">\n\t\t\t\t<div class=\"elementor-widget-container\">\n\t\t\t\t\t\t\t<div class=\"elementor-spacer\">\n\t\t\t<div class=\"elementor-spacer-inner\"><\/div>\n\t\t<\/div>\n\t\t\t\t\t\t<\/div>\n\t\t\t\t<\/div>\n\t\t\t\t\t<\/div>\n\t\t<\/div>\n\t\t\t\t\t<\/div>\n\t\t<\/section>\n\t\t\t\t<section class=\"elementor-section elementor-top-section elementor-element elementor-element-983ebfb elementor-section-boxed elementor-section-height-default elementor-section-height-default\" data-id=\"983ebfb\" data-element_type=\"section\" data-e-type=\"section\">\n\t\t\t\t\t\t<div class=\"elementor-container elementor-column-gap-default\">\n\t\t\t\t\t<div class=\"elementor-column elementor-col-100 elementor-top-column elementor-element elementor-element-05528de\" data-id=\"05528de\" data-element_type=\"column\" data-e-type=\"column\">\n\t\t\t<div class=\"elementor-widget-wrap elementor-element-populated\">\n\t\t\t\t\t\t<div class=\"elementor-element elementor-element-44fc656 elementor-widget elementor-widget-text-editor\" data-id=\"44fc656\" data-element_type=\"widget\" data-e-type=\"widget\" data-widget_type=\"text-editor.default\">\n\t\t\t\t<div class=\"elementor-widget-container\">\n\t\t\t\t\t\t\t\t\t<p>\u00a0Las c\u00e1nulas de muestreo se utilizan para tomar muestras de la prueba de disoluci\u00f3n y se pueden doblar para facilitar el acceso a la posici\u00f3n de muestreo de USP.<\/p>\t\t\t\t\t\t\t\t<\/div>\n\t\t\t\t<\/div>\n\t\t\t\t\t<\/div>\n\t\t<\/div>\n\t\t\t\t\t<\/div>\n\t\t<\/section>\n\t\t\t\t<section class=\"elementor-section elementor-top-section elementor-element elementor-element-8ca3dc4 elementor-section-boxed elementor-section-height-default elementor-section-height-default\" data-id=\"8ca3dc4\" data-element_type=\"section\" data-e-type=\"section\">\n\t\t\t\t\t\t<div class=\"elementor-container elementor-column-gap-default\">\n\t\t\t\t\t<div class=\"elementor-column elementor-col-100 elementor-top-column elementor-element elementor-element-66202b5\" data-id=\"66202b5\" data-element_type=\"column\" data-e-type=\"column\">\n\t\t\t<div class=\"elementor-widget-wrap elementor-element-populated\">\n\t\t\t\t\t\t<div class=\"elementor-element elementor-element-8a85b42 elementor-widget elementor-widget-spacer\" data-id=\"8a85b42\" data-element_type=\"widget\" data-e-type=\"widget\" data-widget_type=\"spacer.default\">\n\t\t\t\t<div class=\"elementor-widget-container\">\n\t\t\t\t\t\t\t<div class=\"elementor-spacer\">\n\t\t\t<div class=\"elementor-spacer-inner\"><\/div>\n\t\t<\/div>\n\t\t\t\t\t\t<\/div>\n\t\t\t\t<\/div>\n\t\t\t\t\t<\/div>\n\t\t<\/div>\n\t\t\t\t\t<\/div>\n\t\t<\/section>\n\t\t\t\t<section class=\"elementor-section elementor-top-section elementor-element elementor-element-f39008a elementor-section-boxed elementor-section-height-default elementor-section-height-default\" data-id=\"f39008a\" data-element_type=\"section\" data-e-type=\"section\">\n\t\t\t\t\t\t<div class=\"elementor-container elementor-column-gap-default\">\n\t\t\t\t\t<div class=\"elementor-column elementor-col-25 elementor-top-column elementor-element elementor-element-97af49d\" data-id=\"97af49d\" data-element_type=\"column\" data-e-type=\"column\">\n\t\t\t<div class=\"elementor-widget-wrap elementor-element-populated\">\n\t\t\t\t\t\t<div class=\"elementor-element elementor-element-ed92a1e elementor-widget elementor-widget-text-editor\" data-id=\"ed92a1e\" data-element_type=\"widget\" data-e-type=\"widget\" data-widget_type=\"text-editor.default\">\n\t\t\t\t<div class=\"elementor-widget-container\">\n\t\t\t\t\t\t\t\t\t<p><strong><span>PSCAN475-PP<\/span><br \/><span>C\u00e1nula de PEEK doblada de 4,75&#8243; (900 ml) con cierre Luer<\/span><\/strong><br \/><br \/><\/p><table id=\"kenmerktable\"><tbody><tr><td><strong><span>N\u00famero de producto \u00a0 \u00a0<\/span><\/strong><\/td><td><span>PSCAN475-PP<\/span><\/td><\/tr><tr><td><strong><span>OEM \u00a0 \u00a0<\/span><\/strong><\/td><td><span>Farmatest<\/span><\/td><\/tr><tr><td><strong><span>Material \u00a0 \u00a0<\/span><\/strong><\/td><td><span>OJEADA<\/span><\/td><\/tr><tr><td><strong><span>c\u00e1nula OD \u00a0 \u00a0<\/span><\/strong><\/td><td><span>1\/8&#8243; (3,2 mm)<\/span><\/td><\/tr><tr><td><strong><span>punta de la c\u00e1nula OD \u00a0 \u00a0<\/span><\/strong><\/td><td><span>1\/8&#8243; (3,2 mm)<\/span><\/td><\/tr><\/tbody><\/table><p><br \/><span>C\u00e1nula de PEEK curvada de 4,75&#8243; (120 mm) con cierre Luer de PEEK<\/span><\/p>\t\t\t\t\t\t\t\t<\/div>\n\t\t\t\t<\/div>\n\t\t\t\t\t<\/div>\n\t\t<\/div>\n\t\t\t\t<div class=\"elementor-column elementor-col-25 elementor-top-column elementor-element elementor-element-c4f256b\" data-id=\"c4f256b\" data-element_type=\"column\" data-e-type=\"column\">\n\t\t\t<div class=\"elementor-widget-wrap elementor-element-populated\">\n\t\t\t\t\t\t<div class=\"elementor-element elementor-element-3f2d116 elementor-widget elementor-widget-text-editor\" data-id=\"3f2d116\" data-element_type=\"widget\" data-e-type=\"widget\" data-widget_type=\"text-editor.default\">\n\t\t\t\t<div class=\"elementor-widget-container\">\n\t\t\t\t\t\t\t\t\t<p><strong><span>PSCAN475-SP<\/span><br \/><span>4,75&#8243; (900 ml) C\u00e1nula doblada con cierre Luer<\/span><\/strong><br \/><br \/><\/p><table id=\"kenmerktable\"><tbody><tr><td><strong><span>N\u00famero de producto \u00a0 \u00a0<\/span><\/strong><\/td><td><span>PSCAN475-SP<\/span><\/td><\/tr><tr><td><strong><span>OEM \u00a0 \u00a0<\/span><\/strong><\/td><td><span>Farmatest<\/span><\/td><\/tr><tr><td><strong><span>Material \u00a0 \u00a0<\/span><\/strong><\/td><td><span>Acero inoxidable 316<\/span><\/td><\/tr><tr><td><strong><span>Longitud \u00a0 \u00a0<\/span><\/strong><\/td><td><span>4,75&#8243; (120 mm)<\/span><\/td><\/tr><tr><td><strong><span>c\u00e1nula OD \u00a0 \u00a0<\/span><\/strong><\/td><td><span>1\/16&#8243;<\/span><\/td><\/tr><tr><td><strong><span>punta de la c\u00e1nula OD \u00a0 \u00a0<\/span><\/strong><\/td><td><span>1\/8&#8243; (3,2 mm)<\/span><\/td><\/tr><\/tbody><\/table><p><br \/><span>C\u00e1nula doblada de acero inoxidable 316 de 4,75&#8243; (120 mm) con cierre Luer de acero inoxidable<\/span><\/p>\t\t\t\t\t\t\t\t<\/div>\n\t\t\t\t<\/div>\n\t\t\t\t\t<\/div>\n\t\t<\/div>\n\t\t\t\t<div class=\"elementor-column elementor-col-25 elementor-top-column elementor-element elementor-element-573a60b\" data-id=\"573a60b\" data-element_type=\"column\" data-e-type=\"column\">\n\t\t\t<div class=\"elementor-widget-wrap elementor-element-populated\">\n\t\t\t\t\t\t<div class=\"elementor-element elementor-element-7994fed elementor-widget elementor-widget-text-editor\" data-id=\"7994fed\" data-element_type=\"widget\" data-e-type=\"widget\" data-widget_type=\"text-editor.default\">\n\t\t\t\t<div class=\"elementor-widget-container\">\n\t\t\t\t\t\t\t\t\t<p><strong><span>PSCAN775-PP<\/span><br \/><span>C\u00e1nula de PEEK curvada de 7,75&#8243; (500 ml) con cierre Luer<\/span><\/strong><br \/><br \/><\/p><table id=\"kenmerktable\"><tbody><tr><td><strong><span>N\u00famero de producto \u00a0 \u00a0<\/span><\/strong><\/td><td><span>PSCAN775-PP<\/span><\/td><\/tr><tr><td><strong><span>OEM \u00a0 \u00a0<\/span><\/strong><\/td><td><span>Farmatest<\/span><\/td><\/tr><tr><td><strong><span>Material \u00a0 \u00a0<\/span><\/strong><\/td><td><span>OJEADA<\/span><\/td><\/tr><tr><td><strong><span>Longitud \u00a0 \u00a0<\/span><\/strong><\/td><td><span>7,75&#8243; (195 mm)<\/span><\/td><\/tr><tr><td><strong><span>c\u00e1nula OD \u00a0 \u00a0<\/span><\/strong><\/td><td><span>1\/8&#8243; (3,2 mm)<\/span><\/td><\/tr><tr><td><strong><span>punta de la c\u00e1nula OD \u00a0 \u00a0<\/span><\/strong><\/td><td><span>1\/8&#8243; (3,2 mm)<\/span><\/td><\/tr><\/tbody><\/table><p><br \/><span>C\u00e1nula de PEEK doblada de 7,75&#8243; (195 mm) con cierre Luer de PEEK<\/span><\/p>\t\t\t\t\t\t\t\t<\/div>\n\t\t\t\t<\/div>\n\t\t\t\t\t<\/div>\n\t\t<\/div>\n\t\t\t\t<div class=\"elementor-column elementor-col-25 elementor-top-column elementor-element elementor-element-d8b84f3\" data-id=\"d8b84f3\" data-element_type=\"column\" data-e-type=\"column\">\n\t\t\t<div class=\"elementor-widget-wrap elementor-element-populated\">\n\t\t\t\t\t\t<div class=\"elementor-element elementor-element-4d7f4f9 elementor-widget elementor-widget-text-editor\" data-id=\"4d7f4f9\" data-element_type=\"widget\" data-e-type=\"widget\" data-widget_type=\"text-editor.default\">\n\t\t\t\t<div class=\"elementor-widget-container\">\n\t\t\t\t\t\t\t\t\t<p><strong><span>PSCAN775-SP<\/span><br \/><span>7,75&#8243; (500 ml) C\u00e1nula doblada con cierre Luer<\/span><\/strong><br \/><br \/><\/p><table id=\"kenmerktable\"><tbody><tr><td><strong><span>N\u00famero de producto \u00a0 \u00a0<\/span><\/strong><\/td><td><span>PSCAN775-SP<\/span><\/td><\/tr><tr><td><strong><span>OEM \u00a0 \u00a0<\/span><\/strong><\/td><td><span>Farmatest<\/span><\/td><\/tr><tr><td><strong><span>Material \u00a0 \u00a0<\/span><\/strong><\/td><td><span>Acero inoxidable 316<\/span><\/td><\/tr><tr><td><strong><span>Longitud \u00a0 \u00a0<\/span><\/strong><\/td><td><span>7,75&#8243; (195 mm)<\/span><\/td><\/tr><tr><td><strong><span>c\u00e1nula OD \u00a0 \u00a0<\/span><\/strong><\/td><td><span>1\/16&#8243;<\/span><\/td><\/tr><tr><td><strong><span>punta de la c\u00e1nula OD \u00a0 \u00a0<\/span><\/strong><\/td><td><span>1\/8&#8243; (3,2 mm)<\/span><\/td><\/tr><\/tbody><\/table><p><br \/><span>C\u00e1nula doblada de acero inoxidable 316 de 7,75&#8243; (195 mm) con cierre Luer de acero inoxidable<\/span><\/p>\t\t\t\t\t\t\t\t<\/div>\n\t\t\t\t<\/div>\n\t\t\t\t\t<\/div>\n\t\t<\/div>\n\t\t\t\t\t<\/div>\n\t\t<\/section>\n\t\t\t\t<section class=\"elementor-section elementor-top-section elementor-element elementor-element-19cebe6 elementor-section-boxed elementor-section-height-default elementor-section-height-default\" data-id=\"19cebe6\" data-element_type=\"section\" data-e-type=\"section\">\n\t\t\t\t\t\t<div class=\"elementor-container elementor-column-gap-default\">\n\t\t\t\t\t<div class=\"elementor-column elementor-col-25 elementor-top-column elementor-element elementor-element-e1b96a1\" data-id=\"e1b96a1\" data-element_type=\"column\" data-e-type=\"column\">\n\t\t\t<div class=\"elementor-widget-wrap elementor-element-populated\">\n\t\t\t\t\t\t<div class=\"elementor-element elementor-element-ed2f340 elementor-widget elementor-widget-image\" data-id=\"ed2f340\" data-element_type=\"widget\" data-e-type=\"widget\" data-widget_type=\"image.default\">\n\t\t\t\t<div class=\"elementor-widget-container\">\n\t\t\t\t\t\t\t\t\t\t\t\t\t\t\t<img decoding=\"async\" width=\"500\" height=\"333\" src=\"https:\/\/valitec.co\/sitioweb\/wp-content\/uploads\/2023\/03\/canula-11-2.jpg\" class=\"attachment-large size-large wp-image-3018\" alt=\"\" srcset=\"https:\/\/valitec.co\/sitioweb\/wp-content\/uploads\/2023\/03\/canula-11-2.jpg 500w, https:\/\/valitec.co\/sitioweb\/wp-content\/uploads\/2023\/03\/canula-11-2-300x200.jpg 300w, https:\/\/valitec.co\/sitioweb\/wp-content\/uploads\/2023\/03\/canula-11-2-81x54.jpg 81w\" sizes=\"(max-width: 500px) 100vw, 500px\" \/>\t\t\t\t\t\t\t\t\t\t\t\t\t\t\t<\/div>\n\t\t\t\t<\/div>\n\t\t\t\t\t<\/div>\n\t\t<\/div>\n\t\t\t\t<div class=\"elementor-column elementor-col-25 elementor-top-column elementor-element elementor-element-63c6840\" data-id=\"63c6840\" data-element_type=\"column\" data-e-type=\"column\">\n\t\t\t<div class=\"elementor-widget-wrap elementor-element-populated\">\n\t\t\t\t\t\t<div class=\"elementor-element elementor-element-370a6c6 elementor-widget elementor-widget-image\" data-id=\"370a6c6\" data-element_type=\"widget\" data-e-type=\"widget\" data-widget_type=\"image.default\">\n\t\t\t\t<div class=\"elementor-widget-container\">\n\t\t\t\t\t\t\t\t\t\t\t\t\t\t\t<img decoding=\"async\" width=\"500\" height=\"333\" src=\"https:\/\/valitec.co\/sitioweb\/wp-content\/uploads\/2023\/03\/canula-12-2.jpg\" class=\"attachment-large size-large wp-image-3019\" alt=\"\" srcset=\"https:\/\/valitec.co\/sitioweb\/wp-content\/uploads\/2023\/03\/canula-12-2.jpg 500w, https:\/\/valitec.co\/sitioweb\/wp-content\/uploads\/2023\/03\/canula-12-2-300x200.jpg 300w, https:\/\/valitec.co\/sitioweb\/wp-content\/uploads\/2023\/03\/canula-12-2-81x54.jpg 81w\" sizes=\"(max-width: 500px) 100vw, 500px\" \/>\t\t\t\t\t\t\t\t\t\t\t\t\t\t\t<\/div>\n\t\t\t\t<\/div>\n\t\t\t\t\t<\/div>\n\t\t<\/div>\n\t\t\t\t<div class=\"elementor-column elementor-col-25 elementor-top-column elementor-element elementor-element-6fe9aff\" data-id=\"6fe9aff\" data-element_type=\"column\" data-e-type=\"column\">\n\t\t\t<div class=\"elementor-widget-wrap elementor-element-populated\">\n\t\t\t\t\t\t<div class=\"elementor-element elementor-element-d137bfc elementor-widget elementor-widget-image\" data-id=\"d137bfc\" data-element_type=\"widget\" data-e-type=\"widget\" data-widget_type=\"image.default\">\n\t\t\t\t<div class=\"elementor-widget-container\">\n\t\t\t\t\t\t\t\t\t\t\t\t\t\t\t<img loading=\"lazy\" decoding=\"async\" width=\"500\" height=\"333\" src=\"https:\/\/valitec.co\/sitioweb\/wp-content\/uploads\/2023\/03\/canula-14-2.jpg\" class=\"attachment-large size-large wp-image-3020\" alt=\"\" srcset=\"https:\/\/valitec.co\/sitioweb\/wp-content\/uploads\/2023\/03\/canula-14-2.jpg 500w, https:\/\/valitec.co\/sitioweb\/wp-content\/uploads\/2023\/03\/canula-14-2-300x200.jpg 300w, https:\/\/valitec.co\/sitioweb\/wp-content\/uploads\/2023\/03\/canula-14-2-81x54.jpg 81w\" sizes=\"(max-width: 500px) 100vw, 500px\" \/>\t\t\t\t\t\t\t\t\t\t\t\t\t\t\t<\/div>\n\t\t\t\t<\/div>\n\t\t\t\t\t<\/div>\n\t\t<\/div>\n\t\t\t\t<div class=\"elementor-column elementor-col-25 elementor-top-column elementor-element elementor-element-7ac77b0\" data-id=\"7ac77b0\" data-element_type=\"column\" data-e-type=\"column\">\n\t\t\t<div class=\"elementor-widget-wrap elementor-element-populated\">\n\t\t\t\t\t\t<div class=\"elementor-element elementor-element-8fd306a elementor-widget elementor-widget-image\" data-id=\"8fd306a\" data-element_type=\"widget\" data-e-type=\"widget\" data-widget_type=\"image.default\">\n\t\t\t\t<div class=\"elementor-widget-container\">\n\t\t\t\t\t\t\t\t\t\t\t\t\t\t\t<img loading=\"lazy\" decoding=\"async\" width=\"500\" height=\"333\" src=\"https:\/\/valitec.co\/sitioweb\/wp-content\/uploads\/2023\/03\/canula-16-2.jpg\" class=\"attachment-large size-large wp-image-3021\" alt=\"\" srcset=\"https:\/\/valitec.co\/sitioweb\/wp-content\/uploads\/2023\/03\/canula-16-2.jpg 500w, https:\/\/valitec.co\/sitioweb\/wp-content\/uploads\/2023\/03\/canula-16-2-300x200.jpg 300w, https:\/\/valitec.co\/sitioweb\/wp-content\/uploads\/2023\/03\/canula-16-2-81x54.jpg 81w\" sizes=\"(max-width: 500px) 100vw, 500px\" \/>\t\t\t\t\t\t\t\t\t\t\t\t\t\t\t<\/div>\n\t\t\t\t<\/div>\n\t\t\t\t\t<\/div>\n\t\t<\/div>\n\t\t\t\t\t<\/div>\n\t\t<\/section>\n\t\t\t\t<section class=\"elementor-section elementor-top-section elementor-element elementor-element-fdb1c3e elementor-section-boxed elementor-section-height-default elementor-section-height-default\" data-id=\"fdb1c3e\" data-element_type=\"section\" data-e-type=\"section\">\n\t\t\t\t\t\t<div class=\"elementor-container elementor-column-gap-default\">\n\t\t\t\t\t<div class=\"elementor-column elementor-col-100 elementor-top-column elementor-element elementor-element-4049b48\" data-id=\"4049b48\" data-element_type=\"column\" data-e-type=\"column\">\n\t\t\t<div class=\"elementor-widget-wrap elementor-element-populated\">\n\t\t\t\t\t\t<div class=\"elementor-element elementor-element-1234c2f elementor-widget elementor-widget-text-editor\" data-id=\"1234c2f\" data-element_type=\"widget\" data-e-type=\"widget\" data-widget_type=\"text-editor.default\">\n\t\t\t\t<div class=\"elementor-widget-container\">\n\t\t\t\t\t\t\t\t\t<p><strong><span>PSCANSTP-PT4B<\/span><br \/><span>Tap\u00f3n de c\u00e1nula ajustable para Pharmatest<\/span><\/strong><br \/><br \/><\/p><table id=\"kenmerktable\"><tbody><tr><td><strong><span>N\u00famero de producto \u00a0 \u00a0<\/span><\/strong><\/td><td><span>PSCANSTP-PT4B<\/span><\/td><\/tr><tr><td><strong><span>Referencia OEM \u00a0 \u00a0<\/span><\/strong><\/td><td><span>CANSTP-PT4B<\/span><\/td><\/tr><tr><td><strong><span>OEM \u00a0 \u00a0<\/span><\/strong><\/td><td><span>Farmatest<\/span><\/td><\/tr><tr><td><strong><span>Material \u00a0 \u00a0<\/span><\/strong><\/td><td><span>Delr\u00edn<\/span><\/td><\/tr><\/tbody><\/table>\t\t\t\t\t\t\t\t<\/div>\n\t\t\t\t<\/div>\n\t\t\t\t\t<\/div>\n\t\t<\/div>\n\t\t\t\t\t<\/div>\n\t\t<\/section>\n\t\t\t\t<section class=\"elementor-section elementor-top-section elementor-element elementor-element-2407529 elementor-section-boxed elementor-section-height-default elementor-section-height-default\" data-id=\"2407529\" data-element_type=\"section\" data-e-type=\"section\">\n\t\t\t\t\t\t<div class=\"elementor-container elementor-column-gap-default\">\n\t\t\t\t\t<div class=\"elementor-column elementor-col-100 elementor-top-column elementor-element elementor-element-6f51c86\" data-id=\"6f51c86\" data-element_type=\"column\" data-e-type=\"column\">\n\t\t\t<div class=\"elementor-widget-wrap elementor-element-populated\">\n\t\t\t\t\t\t<div class=\"elementor-element elementor-element-ed139e3 elementor-widget elementor-widget-image\" data-id=\"ed139e3\" data-element_type=\"widget\" data-e-type=\"widget\" data-widget_type=\"image.default\">\n\t\t\t\t<div class=\"elementor-widget-container\">\n\t\t\t\t\t\t\t\t\t\t\t\t\t\t\t<img loading=\"lazy\" decoding=\"async\" width=\"300\" height=\"200\" src=\"https:\/\/valitec.co\/sitioweb\/wp-content\/uploads\/2023\/03\/canula-17-2-300x200.jpg\" class=\"attachment-medium size-medium wp-image-3022\" alt=\"\" srcset=\"https:\/\/valitec.co\/sitioweb\/wp-content\/uploads\/2023\/03\/canula-17-2-300x200.jpg 300w, https:\/\/valitec.co\/sitioweb\/wp-content\/uploads\/2023\/03\/canula-17-2-81x54.jpg 81w, https:\/\/valitec.co\/sitioweb\/wp-content\/uploads\/2023\/03\/canula-17-2.jpg 500w\" sizes=\"(max-width: 300px) 100vw, 300px\" \/>\t\t\t\t\t\t\t\t\t\t\t\t\t\t\t<\/div>\n\t\t\t\t<\/div>\n\t\t\t\t\t<\/div>\n\t\t<\/div>\n\t\t\t\t\t<\/div>\n\t\t<\/section>\n\t\t\t\t<\/div>\n\t\t","protected":false},"excerpt":{"rendered":"<p>Compatible con Pharmatest . &nbsp;Las c\u00e1nulas de muestreo se utilizan para tomar muestras de la prueba de disoluci\u00f3n y se pueden doblar para facilitar el acceso a la posici\u00f3n de muestreo de USP. PSCAN475-PP C\u00e1nula de PEEK doblada de 4,75&#8243; (900 ml) con cierre Luer N\u00famero de producto &nbsp; &nbsp; PSCAN475-PP OEM &nbsp; &nbsp; Farmatest<\/p>\n<div class=\"klb-readmore\"><a class=\"c-btn\" href=\"https:\/\/valitec.co\/sitioweb\/pharmatest-canula-de-muestreo\/\">Read More <i class=\"far fa-plus\"><\/i><\/a><\/div>\n","protected":false},"author":1,"featured_media":0,"parent":0,"menu_order":0,"comment_status":"closed","ping_status":"closed","template":"","meta":{"_eb_attr":"","footnotes":""},"class_list":["post-3016","page","type-page","status-publish","hentry"],"_links":{"self":[{"href":"https:\/\/valitec.co\/sitioweb\/wp-json\/wp\/v2\/pages\/3016","targetHints":{"allow":["GET"]}}],"collection":[{"href":"https:\/\/valitec.co\/sitioweb\/wp-json\/wp\/v2\/pages"}],"about":[{"href":"https:\/\/valitec.co\/sitioweb\/wp-json\/wp\/v2\/types\/page"}],"author":[{"embeddable":true,"href":"https:\/\/valitec.co\/sitioweb\/wp-json\/wp\/v2\/users\/1"}],"replies":[{"embeddable":true,"href":"https:\/\/valitec.co\/sitioweb\/wp-json\/wp\/v2\/comments?post=3016"}],"version-history":[{"count":5,"href":"https:\/\/valitec.co\/sitioweb\/wp-json\/wp\/v2\/pages\/3016\/revisions"}],"predecessor-version":[{"id":3026,"href":"https:\/\/valitec.co\/sitioweb\/wp-json\/wp\/v2\/pages\/3016\/revisions\/3026"}],"wp:attachment":[{"href":"https:\/\/valitec.co\/sitioweb\/wp-json\/wp\/v2\/media?parent=3016"}],"curies":[{"name":"wp","href":"https:\/\/api.w.org\/{rel}","templated":true}]}}