{"id":2697,"date":"2023-03-13T19:28:52","date_gmt":"2023-03-13T19:28:52","guid":{"rendered":"https:\/\/valitec.co\/sitioweb\/?page_id=2697"},"modified":"2023-03-13T19:43:08","modified_gmt":"2023-03-13T19:43:08","slug":"paletas-sotax","status":"publish","type":"page","link":"https:\/\/valitec.co\/sitioweb\/paletas-sotax\/","title":{"rendered":"Paletas Sotax"},"content":{"rendered":"\t\t<div data-elementor-type=\"wp-page\" data-elementor-id=\"2697\" class=\"elementor elementor-2697\" data-elementor-post-type=\"page\">\n\t\t\t\t\t\t<section class=\"elementor-section elementor-top-section elementor-element elementor-element-d0dfb99 elementor-section-boxed elementor-section-height-default elementor-section-height-default\" data-id=\"d0dfb99\" data-element_type=\"section\" data-e-type=\"section\">\n\t\t\t\t\t\t<div class=\"elementor-container elementor-column-gap-default\">\n\t\t\t\t\t<div class=\"elementor-column elementor-col-100 elementor-top-column elementor-element elementor-element-6f2739b\" data-id=\"6f2739b\" data-element_type=\"column\" data-e-type=\"column\">\n\t\t\t<div class=\"elementor-widget-wrap elementor-element-populated\">\n\t\t\t\t\t\t<div class=\"elementor-element elementor-element-88a4c96 elementor-position-top elementor-widget elementor-widget-image-box\" data-id=\"88a4c96\" data-element_type=\"widget\" data-e-type=\"widget\" data-widget_type=\"image-box.default\">\n\t\t\t\t<div class=\"elementor-widget-container\">\n\t\t\t\t\t<div class=\"elementor-image-box-wrapper\"><figure class=\"elementor-image-box-img\"><img fetchpriority=\"high\" decoding=\"async\" width=\"500\" height=\"333\" src=\"https:\/\/valitec.co\/sitioweb\/wp-content\/uploads\/2023\/03\/paleta-16.jpg\" class=\"attachment-full size-full wp-image-2655\" alt=\"\" srcset=\"https:\/\/valitec.co\/sitioweb\/wp-content\/uploads\/2023\/03\/paleta-16.jpg 500w, https:\/\/valitec.co\/sitioweb\/wp-content\/uploads\/2023\/03\/paleta-16-300x200.jpg 300w, https:\/\/valitec.co\/sitioweb\/wp-content\/uploads\/2023\/03\/paleta-16-81x54.jpg 81w\" sizes=\"(max-width: 500px) 100vw, 500px\" \/><\/figure><div class=\"elementor-image-box-content\"><h3 class=\"elementor-image-box-title\">Compatible con Sotax <\/h3><p class=\"elementor-image-box-description\">.<\/p><\/div><\/div>\t\t\t\t<\/div>\n\t\t\t\t<\/div>\n\t\t\t\t\t<\/div>\n\t\t<\/div>\n\t\t\t\t\t<\/div>\n\t\t<\/section>\n\t\t\t\t<section class=\"elementor-section elementor-top-section elementor-element elementor-element-3ca7bd6 elementor-section-boxed elementor-section-height-default elementor-section-height-default\" data-id=\"3ca7bd6\" data-element_type=\"section\" data-e-type=\"section\">\n\t\t\t\t\t\t<div class=\"elementor-container elementor-column-gap-default\">\n\t\t\t\t\t<div class=\"elementor-column elementor-col-100 elementor-top-column elementor-element elementor-element-5c0a578\" data-id=\"5c0a578\" data-element_type=\"column\" data-e-type=\"column\">\n\t\t\t<div class=\"elementor-widget-wrap elementor-element-populated\">\n\t\t\t\t\t\t<div class=\"elementor-element elementor-element-7fb1bca elementor-widget elementor-widget-text-editor\" data-id=\"7fb1bca\" data-element_type=\"widget\" data-e-type=\"widget\" data-widget_type=\"text-editor.default\">\n\t\t\t\t<div class=\"elementor-widget-container\">\n\t\t\t\t\t\t\t\t\t<p><strong><span>APARATO SOTAX 2 &#8211; USP &lt;711&gt;<\/span><\/strong><span> Las paletas para Sotax se serializan individualmente con el n\u00famero de serie impreso con l\u00e1ser en el eje para fines de mantenimiento de registros. Las palas cumplen con las especificaciones de la USP y se fabrican de acuerdo con las especificaciones de la Sotax.\u00a0Las paletas son est\u00e1ndar electropulidas, pero tambi\u00e9n est\u00e1n disponibles con diferentes tipos de recubrimientos.<\/span><\/p>\t\t\t\t\t\t\t\t<\/div>\n\t\t\t\t<\/div>\n\t\t\t\t\t<\/div>\n\t\t<\/div>\n\t\t\t\t\t<\/div>\n\t\t<\/section>\n\t\t\t\t<section class=\"elementor-section elementor-top-section elementor-element elementor-element-04bf844 elementor-section-boxed elementor-section-height-default elementor-section-height-default\" data-id=\"04bf844\" data-element_type=\"section\" data-e-type=\"section\">\n\t\t\t\t\t\t<div class=\"elementor-container elementor-column-gap-default\">\n\t\t\t\t\t<div class=\"elementor-column elementor-col-100 elementor-top-column elementor-element elementor-element-8f1e5be\" data-id=\"8f1e5be\" data-element_type=\"column\" data-e-type=\"column\">\n\t\t\t<div class=\"elementor-widget-wrap elementor-element-populated\">\n\t\t\t\t\t\t<div class=\"elementor-element elementor-element-957fa9a elementor-widget elementor-widget-spacer\" data-id=\"957fa9a\" data-element_type=\"widget\" data-e-type=\"widget\" data-widget_type=\"spacer.default\">\n\t\t\t\t<div class=\"elementor-widget-container\">\n\t\t\t\t\t\t\t<div class=\"elementor-spacer\">\n\t\t\t<div class=\"elementor-spacer-inner\"><\/div>\n\t\t<\/div>\n\t\t\t\t\t\t<\/div>\n\t\t\t\t<\/div>\n\t\t\t\t\t<\/div>\n\t\t<\/div>\n\t\t\t\t\t<\/div>\n\t\t<\/section>\n\t\t\t\t<section class=\"elementor-section elementor-top-section elementor-element elementor-element-2a3de64 elementor-section-boxed elementor-section-height-default elementor-section-height-default\" data-id=\"2a3de64\" data-element_type=\"section\" data-e-type=\"section\">\n\t\t\t\t\t\t<div class=\"elementor-container elementor-column-gap-default\">\n\t\t\t\t\t<div class=\"elementor-column elementor-col-25 elementor-top-column elementor-element elementor-element-61f685b\" data-id=\"61f685b\" data-element_type=\"column\" data-e-type=\"column\">\n\t\t\t<div class=\"elementor-widget-wrap elementor-element-populated\">\n\t\t\t\t\t\t<div class=\"elementor-element elementor-element-2fd1c40 elementor-widget elementor-widget-text-editor\" data-id=\"2fd1c40\" data-element_type=\"widget\" data-e-type=\"widget\" data-widget_type=\"text-editor.default\">\n\t\t\t\t<div class=\"elementor-widget-container\">\n\t\t\t\t\t\t\t\t\t<p><strong>PSCSVEPD-ST<br \/>Paleta electropulida para Sotax chino de peque\u00f1o volumen<\/strong><\/p><table id=\"kenmerktable\"><tbody><tr><td><strong>N\u00famero de producto \u00a0 \u00a0<\/strong><\/td><td>PSCSVEPD-ST<\/td><\/tr><tr><td><strong>Referencia OEM \u00a0 \u00a0<\/strong><\/td><td>09656<\/td><\/tr><tr><td><strong>OEM \u00a0 \u00a0<\/strong><\/td><td>impuestos sotax<\/td><\/tr><tr><td><strong>Material \u00a0 \u00a0<\/strong><\/td><td>Acero inoxidable 316<\/td><\/tr><\/tbody><\/table><p>Fabricante: Dissolution Accessories<\/p>\t\t\t\t\t\t\t\t<\/div>\n\t\t\t\t<\/div>\n\t\t\t\t\t<\/div>\n\t\t<\/div>\n\t\t\t\t<div class=\"elementor-column elementor-col-25 elementor-top-column elementor-element elementor-element-dbdc244\" data-id=\"dbdc244\" data-element_type=\"column\" data-e-type=\"column\">\n\t\t\t<div class=\"elementor-widget-wrap elementor-element-populated\">\n\t\t\t\t\t\t<div class=\"elementor-element elementor-element-c8c0322 elementor-widget elementor-widget-text-editor\" data-id=\"c8c0322\" data-element_type=\"widget\" data-e-type=\"widget\" data-widget_type=\"text-editor.default\">\n\t\t\t\t<div class=\"elementor-widget-container\">\n\t\t\t\t\t\t\t\t\t<p><strong>PSEPDAPP5-AT7<br \/>Paleta electropulida para Sotax USP5 (Paleta sobre disco)<\/strong><\/p><table id=\"kenmerktable\"><tbody><tr><td><strong>N\u00famero de producto \u00a0 \u00a0<\/strong><\/td><td>PSEPDAPP5-AT7<\/td><\/tr><tr><td><strong>Referencia OEM \u00a0 \u00a0<\/strong><\/td><td>10864<\/td><\/tr><tr><td><strong>OEM \u00a0 \u00a0<\/strong><\/td><td>impuestos sotax<\/td><\/tr><tr><td><strong>Material \u00a0 \u00a0<\/strong><\/td><td>Acero inoxidable 316<\/td><\/tr><\/tbody><\/table><ul><li>Paleta especial para un correcto ajuste de altura sobre el disco<\/li><li>serializado<\/li><\/ul><p>Fabricante: Dissolution Accessories<\/p>\t\t\t\t\t\t\t\t<\/div>\n\t\t\t\t<\/div>\n\t\t\t\t\t<\/div>\n\t\t<\/div>\n\t\t\t\t<div class=\"elementor-column elementor-col-25 elementor-top-column elementor-element elementor-element-1b11a5b\" data-id=\"1b11a5b\" data-element_type=\"column\" data-e-type=\"column\">\n\t\t\t<div class=\"elementor-widget-wrap elementor-element-populated\">\n\t\t\t\t\t\t<div class=\"elementor-element elementor-element-6c7c234 elementor-widget elementor-widget-text-editor\" data-id=\"6c7c234\" data-element_type=\"widget\" data-e-type=\"widget\" data-widget_type=\"text-editor.default\">\n\t\t\t\t<div class=\"elementor-widget-container\">\n\t\t\t\t\t\t\t\t\t<p><strong>PSEPDPAD-AT7<br \/>Paleta electropulida para Sotax<\/strong><\/p><table id=\"kenmerktable\"><tbody><tr><td><strong>N\u00famero de producto \u00a0 \u00a0<\/strong><\/td><td>PSEPDPAD-AT7<\/td><\/tr><tr><td><strong>Referencia OEM \u00a0 \u00a0<\/strong><\/td><td>7525-1<\/td><\/tr><tr><td><strong>OEM \u00a0 \u00a0<\/strong><\/td><td>impuestos sotax<\/td><\/tr><tr><td><strong>Material \u00a0 \u00a0<\/strong><\/td><td>Acero inoxidable 316<\/td><\/tr><tr><td><strong>instrumento comp. \u00a0 \u00a0<\/strong><\/td><td>AT, AT7, Xtend<\/td><\/tr><\/tbody><\/table><p>Fabricante: Dissolution Accessories<\/p>\t\t\t\t\t\t\t\t<\/div>\n\t\t\t\t<\/div>\n\t\t\t\t\t<\/div>\n\t\t<\/div>\n\t\t\t\t<div class=\"elementor-column elementor-col-25 elementor-top-column elementor-element elementor-element-7635179\" data-id=\"7635179\" data-element_type=\"column\" data-e-type=\"column\">\n\t\t\t<div class=\"elementor-widget-wrap elementor-element-populated\">\n\t\t\t\t\t\t<div class=\"elementor-element elementor-element-3a6e2a9 elementor-widget elementor-widget-text-editor\" data-id=\"3a6e2a9\" data-element_type=\"widget\" data-e-type=\"widget\" data-widget_type=\"text-editor.default\">\n\t\t\t\t<div class=\"elementor-widget-container\">\n\t\t\t\t\t\t\t\t\t<p><strong>PSGPDPAD-AT7<br \/>Paleta chapada en oro para Sotax<\/strong><\/p><table id=\"kenmerktable\"><tbody><tr><td><strong>N\u00famero de producto \u00a0 \u00a0<\/strong><\/td><td>PSGPDPAD-AT7<\/td><\/tr><tr><td><strong>Referencia OEM \u00a0 \u00a0<\/strong><\/td><td>7525-3<\/td><\/tr><tr><td><strong>OEM \u00a0 \u00a0<\/strong><\/td><td>impuestos sotax<\/td><\/tr><tr><td><strong>Material \u00a0 \u00a0<\/strong><\/td><td>Acero inoxidable 316<\/td><\/tr><tr><td><strong>Revestimiento \u00a0 \u00a0<\/strong><\/td><td>Oro<\/td><\/tr><tr><td><strong>instrumento comp. \u00a0 \u00a0<\/strong><\/td><td>En, AT7, Xtend<\/td><\/tr><\/tbody><\/table><p>Fabricante: Dissolution Accessories<\/p>\t\t\t\t\t\t\t\t<\/div>\n\t\t\t\t<\/div>\n\t\t\t\t\t<\/div>\n\t\t<\/div>\n\t\t\t\t\t<\/div>\n\t\t<\/section>\n\t\t\t\t<section class=\"elementor-section elementor-top-section elementor-element elementor-element-a7f0998 elementor-section-boxed elementor-section-height-default elementor-section-height-default\" data-id=\"a7f0998\" data-element_type=\"section\" data-e-type=\"section\">\n\t\t\t\t\t\t<div class=\"elementor-container elementor-column-gap-default\">\n\t\t\t\t\t<div class=\"elementor-column elementor-col-25 elementor-top-column elementor-element elementor-element-cadf0cf\" data-id=\"cadf0cf\" data-element_type=\"column\" data-e-type=\"column\">\n\t\t\t<div class=\"elementor-widget-wrap elementor-element-populated\">\n\t\t\t\t\t\t<div class=\"elementor-element elementor-element-a4cb02e elementor-widget elementor-widget-image\" data-id=\"a4cb02e\" data-element_type=\"widget\" data-e-type=\"widget\" data-widget_type=\"image.default\">\n\t\t\t\t<div class=\"elementor-widget-container\">\n\t\t\t\t\t\t\t\t\t\t\t\t\t\t\t<img decoding=\"async\" width=\"500\" height=\"333\" src=\"https:\/\/valitec.co\/sitioweb\/wp-content\/uploads\/2023\/03\/paleta-sotax-1.jpg\" class=\"attachment-large size-large wp-image-2699\" alt=\"\" srcset=\"https:\/\/valitec.co\/sitioweb\/wp-content\/uploads\/2023\/03\/paleta-sotax-1.jpg 500w, https:\/\/valitec.co\/sitioweb\/wp-content\/uploads\/2023\/03\/paleta-sotax-1-300x200.jpg 300w, https:\/\/valitec.co\/sitioweb\/wp-content\/uploads\/2023\/03\/paleta-sotax-1-81x54.jpg 81w\" sizes=\"(max-width: 500px) 100vw, 500px\" \/>\t\t\t\t\t\t\t\t\t\t\t\t\t\t\t<\/div>\n\t\t\t\t<\/div>\n\t\t\t\t\t<\/div>\n\t\t<\/div>\n\t\t\t\t<div class=\"elementor-column elementor-col-25 elementor-top-column elementor-element elementor-element-e7ae964\" data-id=\"e7ae964\" data-element_type=\"column\" data-e-type=\"column\">\n\t\t\t<div class=\"elementor-widget-wrap elementor-element-populated\">\n\t\t\t\t\t\t<div class=\"elementor-element elementor-element-acd6a98 elementor-widget elementor-widget-image\" data-id=\"acd6a98\" data-element_type=\"widget\" data-e-type=\"widget\" data-widget_type=\"image.default\">\n\t\t\t\t<div class=\"elementor-widget-container\">\n\t\t\t\t\t\t\t\t\t\t\t\t\t\t\t<img decoding=\"async\" width=\"500\" height=\"333\" src=\"https:\/\/valitec.co\/sitioweb\/wp-content\/uploads\/2023\/03\/paleta-sotax-2.jpg\" class=\"attachment-large size-large wp-image-2700\" alt=\"\" srcset=\"https:\/\/valitec.co\/sitioweb\/wp-content\/uploads\/2023\/03\/paleta-sotax-2.jpg 500w, https:\/\/valitec.co\/sitioweb\/wp-content\/uploads\/2023\/03\/paleta-sotax-2-300x200.jpg 300w, https:\/\/valitec.co\/sitioweb\/wp-content\/uploads\/2023\/03\/paleta-sotax-2-81x54.jpg 81w\" sizes=\"(max-width: 500px) 100vw, 500px\" \/>\t\t\t\t\t\t\t\t\t\t\t\t\t\t\t<\/div>\n\t\t\t\t<\/div>\n\t\t\t\t\t<\/div>\n\t\t<\/div>\n\t\t\t\t<div class=\"elementor-column elementor-col-25 elementor-top-column elementor-element elementor-element-e806371\" data-id=\"e806371\" data-element_type=\"column\" data-e-type=\"column\">\n\t\t\t<div class=\"elementor-widget-wrap elementor-element-populated\">\n\t\t\t\t\t\t<div class=\"elementor-element elementor-element-36565ee elementor-widget elementor-widget-image\" data-id=\"36565ee\" data-element_type=\"widget\" data-e-type=\"widget\" data-widget_type=\"image.default\">\n\t\t\t\t<div class=\"elementor-widget-container\">\n\t\t\t\t\t\t\t\t\t\t\t\t\t\t\t<img decoding=\"async\" width=\"500\" height=\"333\" src=\"https:\/\/valitec.co\/sitioweb\/wp-content\/uploads\/2023\/03\/paleta-sotax-2.jpg\" class=\"attachment-large size-large wp-image-2700\" alt=\"\" srcset=\"https:\/\/valitec.co\/sitioweb\/wp-content\/uploads\/2023\/03\/paleta-sotax-2.jpg 500w, https:\/\/valitec.co\/sitioweb\/wp-content\/uploads\/2023\/03\/paleta-sotax-2-300x200.jpg 300w, https:\/\/valitec.co\/sitioweb\/wp-content\/uploads\/2023\/03\/paleta-sotax-2-81x54.jpg 81w\" sizes=\"(max-width: 500px) 100vw, 500px\" \/>\t\t\t\t\t\t\t\t\t\t\t\t\t\t\t<\/div>\n\t\t\t\t<\/div>\n\t\t\t\t\t<\/div>\n\t\t<\/div>\n\t\t\t\t<div class=\"elementor-column elementor-col-25 elementor-top-column elementor-element elementor-element-8c3fc82\" data-id=\"8c3fc82\" data-element_type=\"column\" data-e-type=\"column\">\n\t\t\t<div class=\"elementor-widget-wrap elementor-element-populated\">\n\t\t\t\t\t\t<div class=\"elementor-element elementor-element-0c9bcf3 elementor-widget elementor-widget-image\" data-id=\"0c9bcf3\" data-element_type=\"widget\" data-e-type=\"widget\" data-widget_type=\"image.default\">\n\t\t\t\t<div class=\"elementor-widget-container\">\n\t\t\t\t\t\t\t\t\t\t\t\t\t\t\t<img loading=\"lazy\" decoding=\"async\" width=\"500\" height=\"333\" src=\"https:\/\/valitec.co\/sitioweb\/wp-content\/uploads\/2023\/03\/sotax-3-2.jpg\" class=\"attachment-large size-large wp-image-2701\" alt=\"\" srcset=\"https:\/\/valitec.co\/sitioweb\/wp-content\/uploads\/2023\/03\/sotax-3-2.jpg 500w, https:\/\/valitec.co\/sitioweb\/wp-content\/uploads\/2023\/03\/sotax-3-2-300x200.jpg 300w, https:\/\/valitec.co\/sitioweb\/wp-content\/uploads\/2023\/03\/sotax-3-2-81x54.jpg 81w\" sizes=\"(max-width: 500px) 100vw, 500px\" \/>\t\t\t\t\t\t\t\t\t\t\t\t\t\t\t<\/div>\n\t\t\t\t<\/div>\n\t\t\t\t\t<\/div>\n\t\t<\/div>\n\t\t\t\t\t<\/div>\n\t\t<\/section>\n\t\t\t\t<section class=\"elementor-section elementor-top-section elementor-element elementor-element-407cfb0 elementor-section-boxed elementor-section-height-default elementor-section-height-default\" data-id=\"407cfb0\" data-element_type=\"section\" data-e-type=\"section\">\n\t\t\t\t\t\t<div class=\"elementor-container elementor-column-gap-default\">\n\t\t\t\t\t<div class=\"elementor-column elementor-col-33 elementor-top-column elementor-element elementor-element-bbf42b4\" data-id=\"bbf42b4\" data-element_type=\"column\" data-e-type=\"column\">\n\t\t\t<div class=\"elementor-widget-wrap elementor-element-populated\">\n\t\t\t\t\t\t<div class=\"elementor-element elementor-element-a6a0f71 elementor-widget elementor-widget-text-editor\" data-id=\"a6a0f71\" data-element_type=\"widget\" data-e-type=\"widget\" data-widget_type=\"text-editor.default\">\n\t\t\t\t<div class=\"elementor-widget-container\">\n\t\t\t\t\t\t\t\t\t<p><strong>Paleta PSMINEPD-ST<br \/>, Mini, 316SS, Sotax AT7 Comp.<\/strong><\/p><table id=\"kenmerktable\"><tbody><tr><td><strong>N\u00famero de producto \u00a0 \u00a0<\/strong><\/td><td>PSMINEPD-ST<\/td><\/tr><tr><td><strong>Referencia OEM \u00a0 \u00a0<\/strong><\/td><td>7540<\/td><\/tr><tr><td><strong>OEM \u00a0 \u00a0<\/strong><\/td><td>impuestos sotax<\/td><\/tr><tr><td><strong>Material \u00a0 \u00a0<\/strong><\/td><td>316 SS<\/td><\/tr><tr><td><strong>instrumento comp. \u00a0 \u00a0<\/strong><\/td><td>A LAS 7<\/td><\/tr><\/tbody><\/table><p>Fabricante: Dissolution Accessories<\/p>\t\t\t\t\t\t\t\t<\/div>\n\t\t\t\t<\/div>\n\t\t\t\t\t<\/div>\n\t\t<\/div>\n\t\t\t\t<div class=\"elementor-column elementor-col-33 elementor-top-column elementor-element elementor-element-b3e1576\" data-id=\"b3e1576\" data-element_type=\"column\" data-e-type=\"column\">\n\t\t\t<div class=\"elementor-widget-wrap elementor-element-populated\">\n\t\t\t\t\t\t<div class=\"elementor-element elementor-element-9a11de7 elementor-widget elementor-widget-text-editor\" data-id=\"9a11de7\" data-element_type=\"widget\" data-e-type=\"widget\" data-widget_type=\"text-editor.default\">\n\t\t\t\t<div class=\"elementor-widget-container\">\n\t\t\t\t\t\t\t\t\t<p><strong>PSNPDPAD-AT7<br \/>Paleta recubierta de PTFE para Sotax<\/strong><\/p><table id=\"kenmerktable\"><tbody><tr><td><strong>N\u00famero de producto \u00a0 \u00a0<\/strong><\/td><td>PSNPDPAD-AT7<\/td><\/tr><tr><td><strong>Referencia OEM \u00a0 \u00a0<\/strong><\/td><td>7525-2<\/td><\/tr><tr><td><strong>OEM \u00a0 \u00a0<\/strong><\/td><td>impuestos sotax<\/td><\/tr><tr><td><strong>Material \u00a0 \u00a0<\/strong><\/td><td>Acero inoxidable 316<\/td><\/tr><tr><td><strong>Revestimiento \u00a0 \u00a0<\/strong><\/td><td>PTFE<\/td><\/tr><tr><td><strong>instrumento comp. \u00a0 \u00a0<\/strong><\/td><td>AT, AT7, Xtend<\/td><\/tr><\/tbody><\/table><p>Fabricante: Dissolution Accessories<\/p>\t\t\t\t\t\t\t\t<\/div>\n\t\t\t\t<\/div>\n\t\t\t\t\t<\/div>\n\t\t<\/div>\n\t\t\t\t<div class=\"elementor-column elementor-col-33 elementor-top-column elementor-element elementor-element-5b83090\" data-id=\"5b83090\" data-element_type=\"column\" data-e-type=\"column\">\n\t\t\t<div class=\"elementor-widget-wrap elementor-element-populated\">\n\t\t\t\t\t\t<div class=\"elementor-element elementor-element-4877fd8 elementor-widget elementor-widget-text-editor\" data-id=\"4877fd8\" data-element_type=\"widget\" data-e-type=\"widget\" data-widget_type=\"text-editor.default\">\n\t\t\t\t<div class=\"elementor-widget-container\">\n\t\t\t\t\t\t\t\t\t<p><strong>PSPADHUB-ST<br \/>Electropolished paddle with sampling opening for Sotax<\/strong><\/p><table id=\"kenmerktable\"><tbody><tr><td><strong>Product number \u00a0 \u00a0<\/strong><\/td><td>PSPADHUB-ST<\/td><\/tr><tr><td><strong>OEM reference \u00a0 \u00a0<\/strong><\/td><td>2985-2<\/td><\/tr><tr><td><strong>OEM \u00a0 \u00a0<\/strong><\/td><td>Sotax<\/td><\/tr><tr><td><strong>Material \u00a0 \u00a0<\/strong><\/td><td>316 Stainless steel<\/td><\/tr><tr><td><strong>Instrument Comp. \u00a0 \u00a0<\/strong><\/td><td>AT, AT7, Xtend<\/td><\/tr><\/tbody><\/table><p>Fabricante: Dissolution Accessories<\/p>\t\t\t\t\t\t\t\t<\/div>\n\t\t\t\t<\/div>\n\t\t\t\t\t<\/div>\n\t\t<\/div>\n\t\t\t\t\t<\/div>\n\t\t<\/section>\n\t\t\t\t<section class=\"elementor-section elementor-top-section elementor-element elementor-element-11a5eab elementor-section-boxed elementor-section-height-default elementor-section-height-default\" data-id=\"11a5eab\" data-element_type=\"section\" data-e-type=\"section\">\n\t\t\t\t\t\t<div class=\"elementor-container elementor-column-gap-default\">\n\t\t\t\t\t<div class=\"elementor-column elementor-col-33 elementor-top-column elementor-element elementor-element-e96f8bd\" data-id=\"e96f8bd\" data-element_type=\"column\" data-e-type=\"column\">\n\t\t\t<div class=\"elementor-widget-wrap elementor-element-populated\">\n\t\t\t\t\t\t<div class=\"elementor-element elementor-element-f2456fc elementor-widget elementor-widget-image\" data-id=\"f2456fc\" data-element_type=\"widget\" data-e-type=\"widget\" data-widget_type=\"image.default\">\n\t\t\t\t<div class=\"elementor-widget-container\">\n\t\t\t\t\t\t\t\t\t\t\t\t\t\t\t<img loading=\"lazy\" decoding=\"async\" width=\"300\" height=\"200\" src=\"https:\/\/valitec.co\/sitioweb\/wp-content\/uploads\/2023\/03\/sotax-4-2-300x200.jpg\" class=\"attachment-medium size-medium wp-image-2702\" alt=\"\" srcset=\"https:\/\/valitec.co\/sitioweb\/wp-content\/uploads\/2023\/03\/sotax-4-2-300x200.jpg 300w, https:\/\/valitec.co\/sitioweb\/wp-content\/uploads\/2023\/03\/sotax-4-2-81x54.jpg 81w, https:\/\/valitec.co\/sitioweb\/wp-content\/uploads\/2023\/03\/sotax-4-2.jpg 500w\" sizes=\"(max-width: 300px) 100vw, 300px\" \/>\t\t\t\t\t\t\t\t\t\t\t\t\t\t\t<\/div>\n\t\t\t\t<\/div>\n\t\t\t\t\t<\/div>\n\t\t<\/div>\n\t\t\t\t<div class=\"elementor-column elementor-col-33 elementor-top-column elementor-element elementor-element-6336abb\" data-id=\"6336abb\" data-element_type=\"column\" data-e-type=\"column\">\n\t\t\t<div class=\"elementor-widget-wrap elementor-element-populated\">\n\t\t\t\t\t\t<div class=\"elementor-element elementor-element-181b27d elementor-widget elementor-widget-image\" data-id=\"181b27d\" data-element_type=\"widget\" data-e-type=\"widget\" data-widget_type=\"image.default\">\n\t\t\t\t<div class=\"elementor-widget-container\">\n\t\t\t\t\t\t\t\t\t\t\t\t\t\t\t<img loading=\"lazy\" decoding=\"async\" width=\"300\" height=\"200\" src=\"https:\/\/valitec.co\/sitioweb\/wp-content\/uploads\/2023\/03\/sotax5-300x200.jpg\" class=\"attachment-medium size-medium wp-image-2703\" alt=\"\" srcset=\"https:\/\/valitec.co\/sitioweb\/wp-content\/uploads\/2023\/03\/sotax5-300x200.jpg 300w, https:\/\/valitec.co\/sitioweb\/wp-content\/uploads\/2023\/03\/sotax5-81x54.jpg 81w, https:\/\/valitec.co\/sitioweb\/wp-content\/uploads\/2023\/03\/sotax5.jpg 500w\" sizes=\"(max-width: 300px) 100vw, 300px\" \/>\t\t\t\t\t\t\t\t\t\t\t\t\t\t\t<\/div>\n\t\t\t\t<\/div>\n\t\t\t\t\t<\/div>\n\t\t<\/div>\n\t\t\t\t<div class=\"elementor-column elementor-col-33 elementor-top-column elementor-element elementor-element-5ea96ad\" data-id=\"5ea96ad\" data-element_type=\"column\" data-e-type=\"column\">\n\t\t\t<div class=\"elementor-widget-wrap elementor-element-populated\">\n\t\t\t\t\t\t<div class=\"elementor-element elementor-element-6765fa6 elementor-widget elementor-widget-image\" data-id=\"6765fa6\" data-element_type=\"widget\" data-e-type=\"widget\" data-widget_type=\"image.default\">\n\t\t\t\t<div class=\"elementor-widget-container\">\n\t\t\t\t\t\t\t\t\t\t\t\t\t\t\t<img loading=\"lazy\" decoding=\"async\" width=\"300\" height=\"200\" src=\"https:\/\/valitec.co\/sitioweb\/wp-content\/uploads\/2023\/03\/sotax-6-1-300x200.jpg\" class=\"attachment-medium size-medium wp-image-2704\" alt=\"\" srcset=\"https:\/\/valitec.co\/sitioweb\/wp-content\/uploads\/2023\/03\/sotax-6-1-300x200.jpg 300w, https:\/\/valitec.co\/sitioweb\/wp-content\/uploads\/2023\/03\/sotax-6-1-81x54.jpg 81w, https:\/\/valitec.co\/sitioweb\/wp-content\/uploads\/2023\/03\/sotax-6-1.jpg 500w\" sizes=\"(max-width: 300px) 100vw, 300px\" \/>\t\t\t\t\t\t\t\t\t\t\t\t\t\t\t<\/div>\n\t\t\t\t<\/div>\n\t\t\t\t\t<\/div>\n\t\t<\/div>\n\t\t\t\t\t<\/div>\n\t\t<\/section>\n\t\t\t\t<\/div>\n\t\t","protected":false},"excerpt":{"rendered":"<p>Compatible con Sotax . APARATO SOTAX 2 &#8211; USP &lt;711&gt; Las paletas para Sotax se serializan individualmente con el n\u00famero de serie impreso con l\u00e1ser en el eje para fines de mantenimiento de registros. Las palas cumplen con las especificaciones de la USP y se fabrican de acuerdo con las especificaciones de la Sotax.&nbsp;Las paletas<\/p>\n<div class=\"klb-readmore\"><a class=\"c-btn\" href=\"https:\/\/valitec.co\/sitioweb\/paletas-sotax\/\">Read More <i class=\"far fa-plus\"><\/i><\/a><\/div>\n","protected":false},"author":1,"featured_media":0,"parent":0,"menu_order":0,"comment_status":"closed","ping_status":"closed","template":"","meta":{"_eb_attr":"","footnotes":""},"class_list":["post-2697","page","type-page","status-publish","hentry"],"_links":{"self":[{"href":"https:\/\/valitec.co\/sitioweb\/wp-json\/wp\/v2\/pages\/2697","targetHints":{"allow":["GET"]}}],"collection":[{"href":"https:\/\/valitec.co\/sitioweb\/wp-json\/wp\/v2\/pages"}],"about":[{"href":"https:\/\/valitec.co\/sitioweb\/wp-json\/wp\/v2\/types\/page"}],"author":[{"embeddable":true,"href":"https:\/\/valitec.co\/sitioweb\/wp-json\/wp\/v2\/users\/1"}],"replies":[{"embeddable":true,"href":"https:\/\/valitec.co\/sitioweb\/wp-json\/wp\/v2\/comments?post=2697"}],"version-history":[{"count":5,"href":"https:\/\/valitec.co\/sitioweb\/wp-json\/wp\/v2\/pages\/2697\/revisions"}],"predecessor-version":[{"id":2708,"href":"https:\/\/valitec.co\/sitioweb\/wp-json\/wp\/v2\/pages\/2697\/revisions\/2708"}],"wp:attachment":[{"href":"https:\/\/valitec.co\/sitioweb\/wp-json\/wp\/v2\/media?parent=2697"}],"curies":[{"name":"wp","href":"https:\/\/api.w.org\/{rel}","templated":true}]}}