{"id":2688,"date":"2023-03-13T18:50:34","date_gmt":"2023-03-13T18:50:34","guid":{"rendered":"https:\/\/valitec.co\/sitioweb\/?page_id=2688"},"modified":"2023-03-13T18:59:11","modified_gmt":"2023-03-13T18:59:11","slug":"paletas-pharmatest","status":"publish","type":"page","link":"https:\/\/valitec.co\/sitioweb\/paletas-pharmatest\/","title":{"rendered":"Paletas Pharmatest"},"content":{"rendered":"\t\t<div data-elementor-type=\"wp-page\" data-elementor-id=\"2688\" class=\"elementor elementor-2688\" data-elementor-post-type=\"page\">\n\t\t\t\t\t\t<section class=\"elementor-section elementor-top-section elementor-element elementor-element-2ca3210 elementor-section-boxed elementor-section-height-default elementor-section-height-default\" data-id=\"2ca3210\" data-element_type=\"section\" data-e-type=\"section\">\n\t\t\t\t\t\t<div class=\"elementor-container elementor-column-gap-default\">\n\t\t\t\t\t<div class=\"elementor-column elementor-col-100 elementor-top-column elementor-element elementor-element-ee05c7e\" data-id=\"ee05c7e\" data-element_type=\"column\" data-e-type=\"column\">\n\t\t\t<div class=\"elementor-widget-wrap elementor-element-populated\">\n\t\t\t\t\t\t<div class=\"elementor-element elementor-element-c786cd0 elementor-position-top elementor-widget elementor-widget-image-box\" data-id=\"c786cd0\" data-element_type=\"widget\" data-e-type=\"widget\" data-widget_type=\"image-box.default\">\n\t\t\t\t<div class=\"elementor-widget-container\">\n\t\t\t\t\t<div class=\"elementor-image-box-wrapper\"><figure class=\"elementor-image-box-img\"><img fetchpriority=\"high\" decoding=\"async\" width=\"500\" height=\"333\" src=\"https:\/\/valitec.co\/sitioweb\/wp-content\/uploads\/2023\/03\/paleta-16.jpg\" class=\"attachment-full size-full wp-image-2655\" alt=\"\" srcset=\"https:\/\/valitec.co\/sitioweb\/wp-content\/uploads\/2023\/03\/paleta-16.jpg 500w, https:\/\/valitec.co\/sitioweb\/wp-content\/uploads\/2023\/03\/paleta-16-300x200.jpg 300w, https:\/\/valitec.co\/sitioweb\/wp-content\/uploads\/2023\/03\/paleta-16-81x54.jpg 81w\" sizes=\"(max-width: 500px) 100vw, 500px\" \/><\/figure><div class=\"elementor-image-box-content\"><h3 class=\"elementor-image-box-title\">Compatibles con Pharmatest<\/h3><\/div><\/div>\t\t\t\t<\/div>\n\t\t\t\t<\/div>\n\t\t\t\t\t<\/div>\n\t\t<\/div>\n\t\t\t\t\t<\/div>\n\t\t<\/section>\n\t\t\t\t<section class=\"elementor-section elementor-top-section elementor-element elementor-element-b34833b elementor-section-boxed elementor-section-height-default elementor-section-height-default\" data-id=\"b34833b\" data-element_type=\"section\" data-e-type=\"section\">\n\t\t\t\t\t\t<div class=\"elementor-container elementor-column-gap-default\">\n\t\t\t\t\t<div class=\"elementor-column elementor-col-100 elementor-top-column elementor-element elementor-element-384aa21\" data-id=\"384aa21\" data-element_type=\"column\" data-e-type=\"column\">\n\t\t\t<div class=\"elementor-widget-wrap elementor-element-populated\">\n\t\t\t\t\t\t<div class=\"elementor-element elementor-element-f4bf101 elementor-widget elementor-widget-spacer\" data-id=\"f4bf101\" data-element_type=\"widget\" data-e-type=\"widget\" data-widget_type=\"spacer.default\">\n\t\t\t\t<div class=\"elementor-widget-container\">\n\t\t\t\t\t\t\t<div class=\"elementor-spacer\">\n\t\t\t<div class=\"elementor-spacer-inner\"><\/div>\n\t\t<\/div>\n\t\t\t\t\t\t<\/div>\n\t\t\t\t<\/div>\n\t\t\t\t\t<\/div>\n\t\t<\/div>\n\t\t\t\t\t<\/div>\n\t\t<\/section>\n\t\t\t\t<section class=\"elementor-section elementor-top-section elementor-element elementor-element-ca0458b elementor-section-boxed elementor-section-height-default elementor-section-height-default\" data-id=\"ca0458b\" data-element_type=\"section\" data-e-type=\"section\">\n\t\t\t\t\t\t<div class=\"elementor-container elementor-column-gap-default\">\n\t\t\t\t\t<div class=\"elementor-column elementor-col-100 elementor-top-column elementor-element elementor-element-9145135\" data-id=\"9145135\" data-element_type=\"column\" data-e-type=\"column\">\n\t\t\t<div class=\"elementor-widget-wrap elementor-element-populated\">\n\t\t\t\t\t\t<div class=\"elementor-element elementor-element-10a4229 elementor-widget elementor-widget-text-editor\" data-id=\"10a4229\" data-element_type=\"widget\" data-e-type=\"widget\" data-widget_type=\"text-editor.default\">\n\t\t\t\t<div class=\"elementor-widget-container\">\n\t\t\t\t\t\t\t\t\t<p><strong><span>APARATO PHARMATEST 2 &#8211; USP &lt;711&gt;<\/span><\/strong><span> Las paletas para Pharmatest se serializan individualmente con el n\u00famero de serie impreso con l\u00e1ser en el eje para fines de mantenimiento de registros. Las paletas cumplen con las especificaciones de la USP y se fabrican de acuerdo con las especificaciones de Pharmatest.\u00a0Las paletas son est\u00e1ndar electropulidas, pero tambi\u00e9n est\u00e1n disponibles con diferentes tipos de recubrimientos.<\/span><\/p>\t\t\t\t\t\t\t\t<\/div>\n\t\t\t\t<\/div>\n\t\t\t\t\t<\/div>\n\t\t<\/div>\n\t\t\t\t\t<\/div>\n\t\t<\/section>\n\t\t\t\t<section class=\"elementor-section elementor-top-section elementor-element elementor-element-8c21fd7 elementor-section-boxed elementor-section-height-default elementor-section-height-default\" data-id=\"8c21fd7\" data-element_type=\"section\" data-e-type=\"section\">\n\t\t\t\t\t\t<div class=\"elementor-container elementor-column-gap-default\">\n\t\t\t\t\t<div class=\"elementor-column elementor-col-100 elementor-top-column elementor-element elementor-element-16d3a31\" data-id=\"16d3a31\" data-element_type=\"column\" data-e-type=\"column\">\n\t\t\t<div class=\"elementor-widget-wrap elementor-element-populated\">\n\t\t\t\t\t\t<div class=\"elementor-element elementor-element-0fa53b3 elementor-widget elementor-widget-spacer\" data-id=\"0fa53b3\" data-element_type=\"widget\" data-e-type=\"widget\" data-widget_type=\"spacer.default\">\n\t\t\t\t<div class=\"elementor-widget-container\">\n\t\t\t\t\t\t\t<div class=\"elementor-spacer\">\n\t\t\t<div class=\"elementor-spacer-inner\"><\/div>\n\t\t<\/div>\n\t\t\t\t\t\t<\/div>\n\t\t\t\t<\/div>\n\t\t\t\t\t<\/div>\n\t\t<\/div>\n\t\t\t\t\t<\/div>\n\t\t<\/section>\n\t\t\t\t<section class=\"elementor-section elementor-top-section elementor-element elementor-element-6822ffe elementor-section-boxed elementor-section-height-default elementor-section-height-default\" data-id=\"6822ffe\" data-element_type=\"section\" data-e-type=\"section\">\n\t\t\t\t\t\t<div class=\"elementor-container elementor-column-gap-default\">\n\t\t\t\t\t<div class=\"elementor-column elementor-col-33 elementor-top-column elementor-element elementor-element-4897b65\" data-id=\"4897b65\" data-element_type=\"column\" data-e-type=\"column\">\n\t\t\t<div class=\"elementor-widget-wrap elementor-element-populated\">\n\t\t\t\t\t\t<div class=\"elementor-element elementor-element-0c933ea elementor-widget elementor-widget-text-editor\" data-id=\"0c933ea\" data-element_type=\"widget\" data-e-type=\"widget\" data-widget_type=\"text-editor.default\">\n\t\t\t\t<div class=\"elementor-widget-container\">\n\t\t\t\t\t\t\t\t\t<p><strong>PSEPD453-PT<br \/>Paleta electropulida de 453 mm para Pharmatest<\/strong><\/p><table id=\"kenmerktable\"><tbody><tr><td><strong>N\u00famero de producto \u00a0 \u00a0<\/strong><\/td><td>PSEPD453-PT<\/td><\/tr><tr><td><strong>OEM \u00a0 \u00a0<\/strong><\/td><td>Farmatest<\/td><\/tr><tr><td><strong>Material \u00a0 \u00a0<\/strong><\/td><td>Acero inoxidable 316<\/td><\/tr><\/tbody><\/table><p>Fabricante: Dissolution Accessories<\/p>\t\t\t\t\t\t\t\t<\/div>\n\t\t\t\t<\/div>\n\t\t\t\t\t<\/div>\n\t\t<\/div>\n\t\t\t\t<div class=\"elementor-column elementor-col-33 elementor-top-column elementor-element elementor-element-5ed9a6b\" data-id=\"5ed9a6b\" data-element_type=\"column\" data-e-type=\"column\">\n\t\t\t<div class=\"elementor-widget-wrap elementor-element-populated\">\n\t\t\t\t\t\t<div class=\"elementor-element elementor-element-1592792 elementor-widget elementor-widget-text-editor\" data-id=\"1592792\" data-element_type=\"widget\" data-e-type=\"widget\" data-widget_type=\"text-editor.default\">\n\t\t\t\t<div class=\"elementor-widget-container\">\n\t\t\t\t\t\t\t\t\t<p><strong>PSGPD453-PT<br \/>Paleta chapada en oro de 453 mm para Pharmatest<\/strong><\/p><table id=\"kenmerktable\"><tbody><tr><td><strong>N\u00famero de producto \u00a0 \u00a0<\/strong><\/td><td>PSGPD453-PT<\/td><\/tr><tr><td><strong>OEM \u00a0 \u00a0<\/strong><\/td><td>Farmatest<\/td><\/tr><tr><td><strong>Material \u00a0 \u00a0<\/strong><\/td><td>Acero inoxidable 316<\/td><\/tr><tr><td><strong>Revestimiento \u00a0 \u00a0<\/strong><\/td><td>Oro<\/td><\/tr><\/tbody><\/table><p>Fabricante: Dissolution Accessories<\/p>\t\t\t\t\t\t\t\t<\/div>\n\t\t\t\t<\/div>\n\t\t\t\t\t<\/div>\n\t\t<\/div>\n\t\t\t\t<div class=\"elementor-column elementor-col-33 elementor-top-column elementor-element elementor-element-6b43f64\" data-id=\"6b43f64\" data-element_type=\"column\" data-e-type=\"column\">\n\t\t\t<div class=\"elementor-widget-wrap elementor-element-populated\">\n\t\t\t\t\t\t<div class=\"elementor-element elementor-element-6210637 elementor-widget elementor-widget-text-editor\" data-id=\"6210637\" data-element_type=\"widget\" data-e-type=\"widget\" data-widget_type=\"text-editor.default\">\n\t\t\t\t<div class=\"elementor-widget-container\">\n\t\t\t\t\t\t\t\t\t<p><strong>PSNPD453-PT<br \/>Paleta recubierta de PTFE de 453 mm para Pharmatest<\/strong><\/p><table id=\"kenmerktable\"><tbody><tr><td><strong>N\u00famero de producto \u00a0 \u00a0<\/strong><\/td><td>PSNPD453-PT<\/td><\/tr><tr><td><strong>OEM \u00a0 \u00a0<\/strong><\/td><td>Farmatest<\/td><\/tr><tr><td><strong>Material \u00a0 \u00a0<\/strong><\/td><td>Acero inoxidable 316<\/td><\/tr><tr><td><strong>Revestimiento \u00a0 \u00a0<\/strong><\/td><td>PTFE<\/td><\/tr><\/tbody><\/table><p>Fabricante: Dissolution Accessories<\/p>\t\t\t\t\t\t\t\t<\/div>\n\t\t\t\t<\/div>\n\t\t\t\t\t<\/div>\n\t\t<\/div>\n\t\t\t\t\t<\/div>\n\t\t<\/section>\n\t\t\t\t<section class=\"elementor-section elementor-top-section elementor-element elementor-element-2c49e4c elementor-section-boxed elementor-section-height-default elementor-section-height-default\" data-id=\"2c49e4c\" data-element_type=\"section\" data-e-type=\"section\">\n\t\t\t\t\t\t<div class=\"elementor-container elementor-column-gap-default\">\n\t\t\t\t\t<div class=\"elementor-column elementor-col-33 elementor-top-column elementor-element elementor-element-13c7870\" data-id=\"13c7870\" data-element_type=\"column\" data-e-type=\"column\">\n\t\t\t<div class=\"elementor-widget-wrap elementor-element-populated\">\n\t\t\t\t\t\t<div class=\"elementor-element elementor-element-68366ae elementor-widget elementor-widget-image\" data-id=\"68366ae\" data-element_type=\"widget\" data-e-type=\"widget\" data-widget_type=\"image.default\">\n\t\t\t\t<div class=\"elementor-widget-container\">\n\t\t\t\t\t\t\t\t\t\t\t\t\t\t\t<img decoding=\"async\" width=\"300\" height=\"200\" src=\"https:\/\/valitec.co\/sitioweb\/wp-content\/uploads\/2023\/03\/paleta-12-300x200.jpg\" class=\"attachment-medium size-medium wp-image-2638\" alt=\"\" srcset=\"https:\/\/valitec.co\/sitioweb\/wp-content\/uploads\/2023\/03\/paleta-12-300x200.jpg 300w, https:\/\/valitec.co\/sitioweb\/wp-content\/uploads\/2023\/03\/paleta-12-81x54.jpg 81w, https:\/\/valitec.co\/sitioweb\/wp-content\/uploads\/2023\/03\/paleta-12.jpg 500w\" sizes=\"(max-width: 300px) 100vw, 300px\" \/>\t\t\t\t\t\t\t\t\t\t\t\t\t\t\t<\/div>\n\t\t\t\t<\/div>\n\t\t\t\t\t<\/div>\n\t\t<\/div>\n\t\t\t\t<div class=\"elementor-column elementor-col-33 elementor-top-column elementor-element elementor-element-9852604\" data-id=\"9852604\" data-element_type=\"column\" data-e-type=\"column\">\n\t\t\t<div class=\"elementor-widget-wrap elementor-element-populated\">\n\t\t\t\t\t\t<div class=\"elementor-element elementor-element-09e8aaf elementor-widget elementor-widget-image\" data-id=\"09e8aaf\" data-element_type=\"widget\" data-e-type=\"widget\" data-widget_type=\"image.default\">\n\t\t\t\t<div class=\"elementor-widget-container\">\n\t\t\t\t\t\t\t\t\t\t\t\t\t\t\t<img decoding=\"async\" width=\"300\" height=\"200\" src=\"https:\/\/valitec.co\/sitioweb\/wp-content\/uploads\/2023\/03\/paleta-16-300x200.jpg\" class=\"attachment-medium size-medium wp-image-2655\" alt=\"\" srcset=\"https:\/\/valitec.co\/sitioweb\/wp-content\/uploads\/2023\/03\/paleta-16-300x200.jpg 300w, https:\/\/valitec.co\/sitioweb\/wp-content\/uploads\/2023\/03\/paleta-16-81x54.jpg 81w, https:\/\/valitec.co\/sitioweb\/wp-content\/uploads\/2023\/03\/paleta-16.jpg 500w\" sizes=\"(max-width: 300px) 100vw, 300px\" \/>\t\t\t\t\t\t\t\t\t\t\t\t\t\t\t<\/div>\n\t\t\t\t<\/div>\n\t\t\t\t\t<\/div>\n\t\t<\/div>\n\t\t\t\t<div class=\"elementor-column elementor-col-33 elementor-top-column elementor-element elementor-element-1d66077\" data-id=\"1d66077\" data-element_type=\"column\" data-e-type=\"column\">\n\t\t\t<div class=\"elementor-widget-wrap elementor-element-populated\">\n\t\t\t\t\t\t<div class=\"elementor-element elementor-element-6df71b2 elementor-widget elementor-widget-image\" data-id=\"6df71b2\" data-element_type=\"widget\" data-e-type=\"widget\" data-widget_type=\"image.default\">\n\t\t\t\t<div class=\"elementor-widget-container\">\n\t\t\t\t\t\t\t\t\t\t\t\t\t\t\t<img loading=\"lazy\" decoding=\"async\" width=\"300\" height=\"200\" src=\"https:\/\/valitec.co\/sitioweb\/wp-content\/uploads\/2023\/03\/paleta-18-300x200.jpg\" class=\"attachment-medium size-medium wp-image-2657\" alt=\"\" srcset=\"https:\/\/valitec.co\/sitioweb\/wp-content\/uploads\/2023\/03\/paleta-18-300x200.jpg 300w, https:\/\/valitec.co\/sitioweb\/wp-content\/uploads\/2023\/03\/paleta-18-81x54.jpg 81w, https:\/\/valitec.co\/sitioweb\/wp-content\/uploads\/2023\/03\/paleta-18.jpg 500w\" sizes=\"(max-width: 300px) 100vw, 300px\" \/>\t\t\t\t\t\t\t\t\t\t\t\t\t\t\t<\/div>\n\t\t\t\t<\/div>\n\t\t\t\t\t<\/div>\n\t\t<\/div>\n\t\t\t\t\t<\/div>\n\t\t<\/section>\n\t\t\t\t<section class=\"elementor-section elementor-top-section elementor-element elementor-element-0091d93 elementor-section-boxed elementor-section-height-default elementor-section-height-default\" data-id=\"0091d93\" data-element_type=\"section\" data-e-type=\"section\">\n\t\t\t\t\t\t<div class=\"elementor-container elementor-column-gap-default\">\n\t\t\t\t\t<div class=\"elementor-column elementor-col-33 elementor-top-column elementor-element elementor-element-323f71b\" data-id=\"323f71b\" data-element_type=\"column\" data-e-type=\"column\">\n\t\t\t<div class=\"elementor-widget-wrap elementor-element-populated\">\n\t\t\t\t\t\t<div class=\"elementor-element elementor-element-bd098f6 elementor-widget elementor-widget-text-editor\" data-id=\"bd098f6\" data-element_type=\"widget\" data-e-type=\"widget\" data-widget_type=\"text-editor.default\">\n\t\t\t\t<div class=\"elementor-widget-container\">\n\t\t\t\t\t\t\t\t\t<p><strong>Paleta electropulida PSSPNEPD-PT<br \/>Spin ON\/OFF para Pharmatest<\/strong><\/p><table id=\"kenmerktable\"><tbody><tr><td><strong>N\u00famero de producto \u00a0 \u00a0<\/strong><\/td><td>PSSPNEPD-PT<\/td><\/tr><tr><td><strong>Referencia OEM \u00a0 \u00a0<\/strong><\/td><td>316-0210<\/td><\/tr><tr><td><strong>OEM \u00a0 \u00a0<\/strong><\/td><td>Farmatest<\/td><\/tr><tr><td><strong>Material \u00a0 \u00a0<\/strong><\/td><td>Acero inoxidable 316<\/td><\/tr><\/tbody><\/table><p>Fabricante: Dissolution Accessories<\/p>\t\t\t\t\t\t\t\t<\/div>\n\t\t\t\t<\/div>\n\t\t\t\t\t<\/div>\n\t\t<\/div>\n\t\t\t\t<div class=\"elementor-column elementor-col-33 elementor-top-column elementor-element elementor-element-9429baa\" data-id=\"9429baa\" data-element_type=\"column\" data-e-type=\"column\">\n\t\t\t<div class=\"elementor-widget-wrap elementor-element-populated\">\n\t\t\t\t\t\t<div class=\"elementor-element elementor-element-3aff84a elementor-widget elementor-widget-text-editor\" data-id=\"3aff84a\" data-element_type=\"widget\" data-e-type=\"widget\" data-widget_type=\"text-editor.default\">\n\t\t\t\t<div class=\"elementor-widget-container\">\n\t\t\t\t\t\t\t\t\t<p><strong>PSSPNNPD-PT<br \/>Pala recubierta de PTFE ON\/OFF giratoria para Pharmatest<\/strong><\/p><table id=\"kenmerktable\"><tbody><tr><td><strong>N\u00famero de producto \u00a0 \u00a0<\/strong><\/td><td>PSSPNNPD-PT<\/td><\/tr><tr><td><strong>Referencia OEM \u00a0 \u00a0<\/strong><\/td><td>316-0250<\/td><\/tr><tr><td><strong>OEM \u00a0 \u00a0<\/strong><\/td><td>Farmatest<\/td><\/tr><tr><td><strong>Material \u00a0 \u00a0<\/strong><\/td><td>Acero inoxidable 316<\/td><\/tr><tr><td><strong>Revestimiento \u00a0 \u00a0<\/strong><\/td><td>PTFE<\/td><\/tr><\/tbody><\/table><p>Fabricante: Dissolution Accessories<\/p>\t\t\t\t\t\t\t\t<\/div>\n\t\t\t\t<\/div>\n\t\t\t\t\t<\/div>\n\t\t<\/div>\n\t\t\t\t<div class=\"elementor-column elementor-col-33 elementor-top-column elementor-element elementor-element-36d9863\" data-id=\"36d9863\" data-element_type=\"column\" data-e-type=\"column\">\n\t\t\t<div class=\"elementor-widget-wrap elementor-element-populated\">\n\t\t\t\t\t\t<div class=\"elementor-element elementor-element-76e7b9f elementor-widget elementor-widget-text-editor\" data-id=\"76e7b9f\" data-element_type=\"widget\" data-e-type=\"widget\" data-widget_type=\"text-editor.default\">\n\t\t\t\t<div class=\"elementor-widget-container\">\n\t\t\t\t\t\t\t\t\t<p><strong>PSSPNSHT14-PT<br \/>14 pulgadas (355 mm) Eje superior electropulido ON\/OFF para Pharmatest<\/strong><\/p><table id=\"kenmerktable\"><tbody><tr><td><strong>N\u00famero de producto \u00a0 \u00a0<\/strong><\/td><td>PSSPNSHT14-PT<\/td><\/tr><tr><td><strong>Referencia OEM \u00a0 \u00a0<\/strong><\/td><td>316-0116<\/td><\/tr><tr><td><strong>OEM \u00a0 \u00a0<\/strong><\/td><td>Farmatest<\/td><\/tr><tr><td><strong>Material \u00a0 \u00a0<\/strong><\/td><td>Acero inoxidable 316<\/td><\/tr><tr><td><strong>Longitud ensamblada \u00a0 \u00a0<\/strong><\/td><td>490 mm<\/td><\/tr><\/tbody><\/table><ul><li>eje superior de 355 mm<\/li><li>Para Pharmatest PTWS 610\/121<\/li><\/ul><p>Fabricante: Dissolution Accessories<\/p>\t\t\t\t\t\t\t\t<\/div>\n\t\t\t\t<\/div>\n\t\t\t\t\t<\/div>\n\t\t<\/div>\n\t\t\t\t\t<\/div>\n\t\t<\/section>\n\t\t\t\t<section class=\"elementor-section elementor-top-section elementor-element elementor-element-6626258 elementor-section-boxed elementor-section-height-default elementor-section-height-default\" data-id=\"6626258\" data-element_type=\"section\" data-e-type=\"section\">\n\t\t\t\t\t\t<div class=\"elementor-container elementor-column-gap-default\">\n\t\t\t\t\t<div class=\"elementor-column elementor-col-33 elementor-top-column elementor-element elementor-element-0862d54\" data-id=\"0862d54\" data-element_type=\"column\" data-e-type=\"column\">\n\t\t\t<div class=\"elementor-widget-wrap elementor-element-populated\">\n\t\t\t\t\t\t<div class=\"elementor-element elementor-element-ea987d3 elementor-widget elementor-widget-image\" data-id=\"ea987d3\" data-element_type=\"widget\" data-e-type=\"widget\" data-widget_type=\"image.default\">\n\t\t\t\t<div class=\"elementor-widget-container\">\n\t\t\t\t\t\t\t\t\t\t\t\t\t\t\t<img loading=\"lazy\" decoding=\"async\" width=\"300\" height=\"200\" src=\"https:\/\/valitec.co\/sitioweb\/wp-content\/uploads\/2023\/03\/pala-1-300x200.jpg\" class=\"attachment-medium size-medium wp-image-2690\" alt=\"\" srcset=\"https:\/\/valitec.co\/sitioweb\/wp-content\/uploads\/2023\/03\/pala-1-300x200.jpg 300w, https:\/\/valitec.co\/sitioweb\/wp-content\/uploads\/2023\/03\/pala-1-81x54.jpg 81w, https:\/\/valitec.co\/sitioweb\/wp-content\/uploads\/2023\/03\/pala-1.jpg 500w\" sizes=\"(max-width: 300px) 100vw, 300px\" \/>\t\t\t\t\t\t\t\t\t\t\t\t\t\t\t<\/div>\n\t\t\t\t<\/div>\n\t\t\t\t\t<\/div>\n\t\t<\/div>\n\t\t\t\t<div class=\"elementor-column elementor-col-33 elementor-top-column elementor-element elementor-element-b42f4ed\" data-id=\"b42f4ed\" data-element_type=\"column\" data-e-type=\"column\">\n\t\t\t<div class=\"elementor-widget-wrap elementor-element-populated\">\n\t\t\t\t\t\t<div class=\"elementor-element elementor-element-62f943a elementor-widget elementor-widget-image\" data-id=\"62f943a\" data-element_type=\"widget\" data-e-type=\"widget\" data-widget_type=\"image.default\">\n\t\t\t\t<div class=\"elementor-widget-container\">\n\t\t\t\t\t\t\t\t\t\t\t\t\t\t\t<img loading=\"lazy\" decoding=\"async\" width=\"300\" height=\"200\" src=\"https:\/\/valitec.co\/sitioweb\/wp-content\/uploads\/2023\/03\/pala-2-300x200.jpg\" class=\"attachment-medium size-medium wp-image-2691\" alt=\"\" srcset=\"https:\/\/valitec.co\/sitioweb\/wp-content\/uploads\/2023\/03\/pala-2-300x200.jpg 300w, https:\/\/valitec.co\/sitioweb\/wp-content\/uploads\/2023\/03\/pala-2-81x54.jpg 81w, https:\/\/valitec.co\/sitioweb\/wp-content\/uploads\/2023\/03\/pala-2.jpg 500w\" sizes=\"(max-width: 300px) 100vw, 300px\" \/>\t\t\t\t\t\t\t\t\t\t\t\t\t\t\t<\/div>\n\t\t\t\t<\/div>\n\t\t\t\t\t<\/div>\n\t\t<\/div>\n\t\t\t\t<div class=\"elementor-column elementor-col-33 elementor-top-column elementor-element elementor-element-9529734\" data-id=\"9529734\" data-element_type=\"column\" data-e-type=\"column\">\n\t\t\t<div class=\"elementor-widget-wrap elementor-element-populated\">\n\t\t\t\t\t\t<div class=\"elementor-element elementor-element-38866da elementor-widget elementor-widget-image\" data-id=\"38866da\" data-element_type=\"widget\" data-e-type=\"widget\" data-widget_type=\"image.default\">\n\t\t\t\t<div class=\"elementor-widget-container\">\n\t\t\t\t\t\t\t\t\t\t\t\t\t\t\t<img loading=\"lazy\" decoding=\"async\" width=\"300\" height=\"200\" src=\"https:\/\/valitec.co\/sitioweb\/wp-content\/uploads\/2023\/03\/pala-3-300x200.jpg\" class=\"attachment-medium size-medium wp-image-2692\" alt=\"\" srcset=\"https:\/\/valitec.co\/sitioweb\/wp-content\/uploads\/2023\/03\/pala-3-300x200.jpg 300w, https:\/\/valitec.co\/sitioweb\/wp-content\/uploads\/2023\/03\/pala-3-81x54.jpg 81w, https:\/\/valitec.co\/sitioweb\/wp-content\/uploads\/2023\/03\/pala-3.jpg 500w\" sizes=\"(max-width: 300px) 100vw, 300px\" \/>\t\t\t\t\t\t\t\t\t\t\t\t\t\t\t<\/div>\n\t\t\t\t<\/div>\n\t\t\t\t\t<\/div>\n\t\t<\/div>\n\t\t\t\t\t<\/div>\n\t\t<\/section>\n\t\t\t\t<\/div>\n\t\t","protected":false},"excerpt":{"rendered":"<p>Compatibles con Pharmatest APARATO PHARMATEST 2 &#8211; USP &lt;711&gt; Las paletas para Pharmatest se serializan individualmente con el n\u00famero de serie impreso con l\u00e1ser en el eje para fines de mantenimiento de registros. Las paletas cumplen con las especificaciones de la USP y se fabrican de acuerdo con las especificaciones de Pharmatest.&nbsp;Las paletas son est\u00e1ndar<\/p>\n<div class=\"klb-readmore\"><a class=\"c-btn\" href=\"https:\/\/valitec.co\/sitioweb\/paletas-pharmatest\/\">Read More <i class=\"far fa-plus\"><\/i><\/a><\/div>\n","protected":false},"author":1,"featured_media":0,"parent":0,"menu_order":0,"comment_status":"closed","ping_status":"closed","template":"","meta":{"_eb_attr":"","footnotes":""},"class_list":["post-2688","page","type-page","status-publish","hentry"],"_links":{"self":[{"href":"https:\/\/valitec.co\/sitioweb\/wp-json\/wp\/v2\/pages\/2688","targetHints":{"allow":["GET"]}}],"collection":[{"href":"https:\/\/valitec.co\/sitioweb\/wp-json\/wp\/v2\/pages"}],"about":[{"href":"https:\/\/valitec.co\/sitioweb\/wp-json\/wp\/v2\/types\/page"}],"author":[{"embeddable":true,"href":"https:\/\/valitec.co\/sitioweb\/wp-json\/wp\/v2\/users\/1"}],"replies":[{"embeddable":true,"href":"https:\/\/valitec.co\/sitioweb\/wp-json\/wp\/v2\/comments?post=2688"}],"version-history":[{"count":5,"href":"https:\/\/valitec.co\/sitioweb\/wp-json\/wp\/v2\/pages\/2688\/revisions"}],"predecessor-version":[{"id":2696,"href":"https:\/\/valitec.co\/sitioweb\/wp-json\/wp\/v2\/pages\/2688\/revisions\/2696"}],"wp:attachment":[{"href":"https:\/\/valitec.co\/sitioweb\/wp-json\/wp\/v2\/media?parent=2688"}],"curies":[{"name":"wp","href":"https:\/\/api.w.org\/{rel}","templated":true}]}}