{"id":2681,"date":"2023-03-13T18:39:32","date_gmt":"2023-03-13T18:39:32","guid":{"rendered":"https:\/\/valitec.co\/sitioweb\/?page_id=2681"},"modified":"2023-03-13T19:54:03","modified_gmt":"2023-03-13T19:54:03","slug":"p","status":"publish","type":"page","link":"https:\/\/valitec.co\/sitioweb\/p\/","title":{"rendered":"Paletas Logan"},"content":{"rendered":"\t\t<div data-elementor-type=\"wp-page\" data-elementor-id=\"2681\" class=\"elementor elementor-2681\" data-elementor-post-type=\"page\">\n\t\t\t\t\t\t<section class=\"elementor-section elementor-top-section elementor-element elementor-element-43c6cae elementor-section-boxed elementor-section-height-default elementor-section-height-default\" data-id=\"43c6cae\" data-element_type=\"section\" data-e-type=\"section\">\n\t\t\t\t\t\t<div class=\"elementor-container elementor-column-gap-default\">\n\t\t\t\t\t<div class=\"elementor-column elementor-col-100 elementor-top-column elementor-element elementor-element-9b77b7b\" data-id=\"9b77b7b\" data-element_type=\"column\" data-e-type=\"column\">\n\t\t\t<div class=\"elementor-widget-wrap elementor-element-populated\">\n\t\t\t\t\t\t<div class=\"elementor-element elementor-element-4912422 elementor-position-top elementor-widget elementor-widget-image-box\" data-id=\"4912422\" data-element_type=\"widget\" data-e-type=\"widget\" data-widget_type=\"image-box.default\">\n\t\t\t\t<div class=\"elementor-widget-container\">\n\t\t\t\t\t<div class=\"elementor-image-box-wrapper\"><figure class=\"elementor-image-box-img\"><img fetchpriority=\"high\" decoding=\"async\" width=\"500\" height=\"333\" src=\"https:\/\/valitec.co\/sitioweb\/wp-content\/uploads\/2023\/03\/paleta-16.jpg\" class=\"attachment-full size-full wp-image-2655\" alt=\"\" srcset=\"https:\/\/valitec.co\/sitioweb\/wp-content\/uploads\/2023\/03\/paleta-16.jpg 500w, https:\/\/valitec.co\/sitioweb\/wp-content\/uploads\/2023\/03\/paleta-16-300x200.jpg 300w, https:\/\/valitec.co\/sitioweb\/wp-content\/uploads\/2023\/03\/paleta-16-81x54.jpg 81w\" sizes=\"(max-width: 500px) 100vw, 500px\" \/><\/figure><div class=\"elementor-image-box-content\"><h3 class=\"elementor-image-box-title\">Compatible con Logan<\/h3><\/div><\/div>\t\t\t\t<\/div>\n\t\t\t\t<\/div>\n\t\t\t\t\t<\/div>\n\t\t<\/div>\n\t\t\t\t\t<\/div>\n\t\t<\/section>\n\t\t\t\t<section class=\"elementor-section elementor-top-section elementor-element elementor-element-1123f7c elementor-section-boxed elementor-section-height-default elementor-section-height-default\" data-id=\"1123f7c\" data-element_type=\"section\" data-e-type=\"section\">\n\t\t\t\t\t\t<div class=\"elementor-container elementor-column-gap-default\">\n\t\t\t\t\t<div class=\"elementor-column elementor-col-100 elementor-top-column elementor-element elementor-element-5a20f16\" data-id=\"5a20f16\" data-element_type=\"column\" data-e-type=\"column\">\n\t\t\t<div class=\"elementor-widget-wrap elementor-element-populated\">\n\t\t\t\t\t\t<div class=\"elementor-element elementor-element-89cfb4b elementor-widget elementor-widget-spacer\" data-id=\"89cfb4b\" data-element_type=\"widget\" data-e-type=\"widget\" data-widget_type=\"spacer.default\">\n\t\t\t\t<div class=\"elementor-widget-container\">\n\t\t\t\t\t\t\t<div class=\"elementor-spacer\">\n\t\t\t<div class=\"elementor-spacer-inner\"><\/div>\n\t\t<\/div>\n\t\t\t\t\t\t<\/div>\n\t\t\t\t<\/div>\n\t\t\t\t\t<\/div>\n\t\t<\/div>\n\t\t\t\t\t<\/div>\n\t\t<\/section>\n\t\t\t\t<section class=\"elementor-section elementor-top-section elementor-element elementor-element-ab2af7a elementor-section-boxed elementor-section-height-default elementor-section-height-default\" data-id=\"ab2af7a\" data-element_type=\"section\" data-e-type=\"section\">\n\t\t\t\t\t\t<div class=\"elementor-container elementor-column-gap-default\">\n\t\t\t\t\t<div class=\"elementor-column elementor-col-100 elementor-top-column elementor-element elementor-element-b414932\" data-id=\"b414932\" data-element_type=\"column\" data-e-type=\"column\">\n\t\t\t<div class=\"elementor-widget-wrap elementor-element-populated\">\n\t\t\t\t\t\t<div class=\"elementor-element elementor-element-99c9b03 elementor-widget elementor-widget-text-editor\" data-id=\"99c9b03\" data-element_type=\"widget\" data-e-type=\"widget\" data-widget_type=\"text-editor.default\">\n\t\t\t\t<div class=\"elementor-widget-container\">\n\t\t\t\t\t\t\t\t\t<p><strong>APARATO LOGAN 2 &#8211; USP &lt;711&gt;<\/strong> Las paletas para Logan se serializan individualmente con el n\u00famero de serie impreso con l\u00e1ser en el eje para fines de mantenimiento de registros. Las paletas cumplen con las especificaciones de la USP y se fabrican de acuerdo con las especificaciones de Logan. Las paletas son est\u00e1ndar electropulidas, pero tambi\u00e9n est\u00e1n disponibles con diferentes tipos de recubrimientos.<\/p>\t\t\t\t\t\t\t\t<\/div>\n\t\t\t\t<\/div>\n\t\t\t\t\t<\/div>\n\t\t<\/div>\n\t\t\t\t\t<\/div>\n\t\t<\/section>\n\t\t\t\t<section class=\"elementor-section elementor-top-section elementor-element elementor-element-fa29e73 elementor-section-boxed elementor-section-height-default elementor-section-height-default\" data-id=\"fa29e73\" data-element_type=\"section\" data-e-type=\"section\">\n\t\t\t\t\t\t<div class=\"elementor-container elementor-column-gap-default\">\n\t\t\t\t\t<div class=\"elementor-column elementor-col-100 elementor-top-column elementor-element elementor-element-83e7ebc\" data-id=\"83e7ebc\" data-element_type=\"column\" data-e-type=\"column\">\n\t\t\t<div class=\"elementor-widget-wrap elementor-element-populated\">\n\t\t\t\t\t\t<div class=\"elementor-element elementor-element-65ae75a elementor-widget elementor-widget-spacer\" data-id=\"65ae75a\" data-element_type=\"widget\" data-e-type=\"widget\" data-widget_type=\"spacer.default\">\n\t\t\t\t<div class=\"elementor-widget-container\">\n\t\t\t\t\t\t\t<div class=\"elementor-spacer\">\n\t\t\t<div class=\"elementor-spacer-inner\"><\/div>\n\t\t<\/div>\n\t\t\t\t\t\t<\/div>\n\t\t\t\t<\/div>\n\t\t\t\t\t<\/div>\n\t\t<\/div>\n\t\t\t\t\t<\/div>\n\t\t<\/section>\n\t\t\t\t<section class=\"elementor-section elementor-top-section elementor-element elementor-element-321e760 elementor-section-boxed elementor-section-height-default elementor-section-height-default\" data-id=\"321e760\" data-element_type=\"section\" data-e-type=\"section\">\n\t\t\t\t\t\t<div class=\"elementor-container elementor-column-gap-default\">\n\t\t\t\t\t<div class=\"elementor-column elementor-col-25 elementor-top-column elementor-element elementor-element-b8565fd\" data-id=\"b8565fd\" data-element_type=\"column\" data-e-type=\"column\">\n\t\t\t<div class=\"elementor-widget-wrap elementor-element-populated\">\n\t\t\t\t\t\t<div class=\"elementor-element elementor-element-f5013c1 elementor-widget elementor-widget-text-editor\" data-id=\"f5013c1\" data-element_type=\"widget\" data-e-type=\"widget\" data-widget_type=\"text-editor.default\">\n\t\t\t\t<div class=\"elementor-widget-container\">\n\t\t\t\t\t\t\t\t\t<p><strong>PSEPD016-LG<br \/>Paleta electropulida para Logan Instruments<\/strong><\/p><table id=\"kenmerktable\"><tbody><tr><td><strong>N\u00famero de producto \u00a0 \u00a0<\/strong><\/td><td>PSEPD016-LG<\/td><\/tr><tr><td><strong>Referencia OEM \u00a0 \u00a0<\/strong><\/td><td>800-0068<\/td><\/tr><tr><td><strong>OEM \u00a0 \u00a0<\/strong><\/td><td>Logan<\/td><\/tr><tr><td><strong>Material \u00a0 \u00a0<\/strong><\/td><td>Acero inoxidable 316<\/td><\/tr><\/tbody><\/table><p>Fabricante: Dissolution Accesories<\/p>\t\t\t\t\t\t\t\t<\/div>\n\t\t\t\t<\/div>\n\t\t\t\t\t<\/div>\n\t\t<\/div>\n\t\t\t\t<div class=\"elementor-column elementor-col-25 elementor-top-column elementor-element elementor-element-b3b3ae7\" data-id=\"b3b3ae7\" data-element_type=\"column\" data-e-type=\"column\">\n\t\t\t<div class=\"elementor-widget-wrap elementor-element-populated\">\n\t\t\t\t\t\t<div class=\"elementor-element elementor-element-1acd9a8 elementor-widget elementor-widget-text-editor\" data-id=\"1acd9a8\" data-element_type=\"widget\" data-e-type=\"widget\" data-widget_type=\"text-editor.default\">\n\t\t\t\t<div class=\"elementor-widget-container\">\n\t\t\t\t\t\t\t\t\t<p><strong>PSGPD016-LG<br \/>Paleta chapada en oro para instrumentos Logan<\/strong><\/p><table id=\"kenmerktable\"><tbody><tr><td><strong>N\u00famero de producto \u00a0 \u00a0<\/strong><\/td><td>PSGPD016-LG<\/td><\/tr><tr><td><strong>OEM \u00a0 \u00a0<\/strong><\/td><td>Logan<\/td><\/tr><tr><td><strong>Material \u00a0 \u00a0<\/strong><\/td><td>Acero inoxidable 316<\/td><\/tr><tr><td><strong>Revestimiento \u00a0 \u00a0<\/strong><\/td><td>Oro<\/td><\/tr><\/tbody><\/table><p>.Fabricante: Dissolution Accesories<\/p>\t\t\t\t\t\t\t\t<\/div>\n\t\t\t\t<\/div>\n\t\t\t\t\t<\/div>\n\t\t<\/div>\n\t\t\t\t<div class=\"elementor-column elementor-col-25 elementor-top-column elementor-element elementor-element-c5ec365\" data-id=\"c5ec365\" data-element_type=\"column\" data-e-type=\"column\">\n\t\t\t<div class=\"elementor-widget-wrap elementor-element-populated\">\n\t\t\t\t\t\t<div class=\"elementor-element elementor-element-d895da8 elementor-widget elementor-widget-text-editor\" data-id=\"d895da8\" data-element_type=\"widget\" data-e-type=\"widget\" data-widget_type=\"text-editor.default\">\n\t\t\t\t<div class=\"elementor-widget-container\">\n\t\t\t\t\t\t\t\t\t<p><strong>PSMINEPD-LG<br \/>Mini paleta electropulida para instrumentos Logan<\/strong><\/p><table id=\"kenmerktable\"><tbody><tr><td><strong>N\u00famero de producto \u00a0 \u00a0<\/strong><\/td><td>PSMINEPD-LG<\/td><\/tr><tr><td><strong>OEM \u00a0 \u00a0<\/strong><\/td><td>Logan<\/td><\/tr><tr><td><strong>Material \u00a0 \u00a0<\/strong><\/td><td>Acero inoxidable 316<\/td><\/tr><\/tbody><\/table><p>Fabricante: Dissolution Accesories<\/p>\t\t\t\t\t\t\t\t<\/div>\n\t\t\t\t<\/div>\n\t\t\t\t\t<\/div>\n\t\t<\/div>\n\t\t\t\t<div class=\"elementor-column elementor-col-25 elementor-top-column elementor-element elementor-element-e419137\" data-id=\"e419137\" data-element_type=\"column\" data-e-type=\"column\">\n\t\t\t<div class=\"elementor-widget-wrap elementor-element-populated\">\n\t\t\t\t\t\t<div class=\"elementor-element elementor-element-68901e3 elementor-widget elementor-widget-text-editor\" data-id=\"68901e3\" data-element_type=\"widget\" data-e-type=\"widget\" data-widget_type=\"text-editor.default\">\n\t\t\t\t<div class=\"elementor-widget-container\">\n\t\t\t\t\t\t\t\t\t<p><strong>PSNPD016-LG<br \/>Paleta recubierta de PTFE para instrumentos Logan<\/strong><\/p><table id=\"kenmerktable\"><tbody><tr><td><strong>N\u00famero de producto \u00a0 \u00a0<\/strong><\/td><td>PSNPD016-LG<\/td><\/tr><tr><td><strong>Referencia OEM \u00a0 \u00a0<\/strong><\/td><td>800-0111<\/td><\/tr><tr><td><strong>OEM \u00a0 \u00a0<\/strong><\/td><td>Logan<\/td><\/tr><tr><td><strong>Material \u00a0 \u00a0<\/strong><\/td><td>Acero inoxidable 316<\/td><\/tr><tr><td><strong>Revestimiento \u00a0 \u00a0<\/strong><\/td><td>PTFE<\/td><\/tr><\/tbody><\/table><p>Fabricante: Dissolution Accesories<\/p>\t\t\t\t\t\t\t\t<\/div>\n\t\t\t\t<\/div>\n\t\t\t\t\t<\/div>\n\t\t<\/div>\n\t\t\t\t\t<\/div>\n\t\t<\/section>\n\t\t\t\t<section class=\"elementor-section elementor-top-section elementor-element elementor-element-4b7a88c elementor-section-boxed elementor-section-height-default elementor-section-height-default\" data-id=\"4b7a88c\" data-element_type=\"section\" data-e-type=\"section\">\n\t\t\t\t\t\t<div class=\"elementor-container elementor-column-gap-default\">\n\t\t\t\t\t<div class=\"elementor-column elementor-col-25 elementor-top-column elementor-element elementor-element-3296b76\" data-id=\"3296b76\" data-element_type=\"column\" data-e-type=\"column\">\n\t\t\t<div class=\"elementor-widget-wrap elementor-element-populated\">\n\t\t\t\t\t\t<div class=\"elementor-element elementor-element-cc40e5c elementor-widget elementor-widget-image\" data-id=\"cc40e5c\" data-element_type=\"widget\" data-e-type=\"widget\" data-widget_type=\"image.default\">\n\t\t\t\t<div class=\"elementor-widget-container\">\n\t\t\t\t\t\t\t\t\t\t\t\t\t\t\t<img decoding=\"async\" width=\"300\" height=\"200\" src=\"https:\/\/valitec.co\/sitioweb\/wp-content\/uploads\/2023\/03\/paleta-12-300x200.jpg\" class=\"attachment-medium size-medium wp-image-2638\" alt=\"\" srcset=\"https:\/\/valitec.co\/sitioweb\/wp-content\/uploads\/2023\/03\/paleta-12-300x200.jpg 300w, https:\/\/valitec.co\/sitioweb\/wp-content\/uploads\/2023\/03\/paleta-12-81x54.jpg 81w, https:\/\/valitec.co\/sitioweb\/wp-content\/uploads\/2023\/03\/paleta-12.jpg 500w\" sizes=\"(max-width: 300px) 100vw, 300px\" \/>\t\t\t\t\t\t\t\t\t\t\t\t\t\t\t<\/div>\n\t\t\t\t<\/div>\n\t\t\t\t\t<\/div>\n\t\t<\/div>\n\t\t\t\t<div class=\"elementor-column elementor-col-25 elementor-top-column elementor-element elementor-element-8b7b045\" data-id=\"8b7b045\" data-element_type=\"column\" data-e-type=\"column\">\n\t\t\t<div class=\"elementor-widget-wrap elementor-element-populated\">\n\t\t\t\t\t\t<div class=\"elementor-element elementor-element-8548d30 elementor-widget elementor-widget-image\" data-id=\"8548d30\" data-element_type=\"widget\" data-e-type=\"widget\" data-widget_type=\"image.default\">\n\t\t\t\t<div class=\"elementor-widget-container\">\n\t\t\t\t\t\t\t\t\t\t\t\t\t\t\t<img decoding=\"async\" width=\"500\" height=\"333\" src=\"https:\/\/valitec.co\/sitioweb\/wp-content\/uploads\/2023\/03\/paleta-16.jpg\" class=\"attachment-medium_large size-medium_large wp-image-2655\" alt=\"\" srcset=\"https:\/\/valitec.co\/sitioweb\/wp-content\/uploads\/2023\/03\/paleta-16.jpg 500w, https:\/\/valitec.co\/sitioweb\/wp-content\/uploads\/2023\/03\/paleta-16-300x200.jpg 300w, https:\/\/valitec.co\/sitioweb\/wp-content\/uploads\/2023\/03\/paleta-16-81x54.jpg 81w\" sizes=\"(max-width: 500px) 100vw, 500px\" \/>\t\t\t\t\t\t\t\t\t\t\t\t\t\t\t<\/div>\n\t\t\t\t<\/div>\n\t\t\t\t\t<\/div>\n\t\t<\/div>\n\t\t\t\t<div class=\"elementor-column elementor-col-25 elementor-top-column elementor-element elementor-element-ec8e430\" data-id=\"ec8e430\" data-element_type=\"column\" data-e-type=\"column\">\n\t\t\t<div class=\"elementor-widget-wrap elementor-element-populated\">\n\t\t\t\t\t\t<div class=\"elementor-element elementor-element-f871bfb elementor-widget elementor-widget-image\" data-id=\"f871bfb\" data-element_type=\"widget\" data-e-type=\"widget\" data-widget_type=\"image.default\">\n\t\t\t\t<div class=\"elementor-widget-container\">\n\t\t\t\t\t\t\t\t\t\t\t\t\t\t\t<img loading=\"lazy\" decoding=\"async\" width=\"500\" height=\"333\" src=\"https:\/\/valitec.co\/sitioweb\/wp-content\/uploads\/2023\/03\/paleta-3.jpg\" class=\"attachment-medium_large size-medium_large wp-image-2682\" alt=\"\" srcset=\"https:\/\/valitec.co\/sitioweb\/wp-content\/uploads\/2023\/03\/paleta-3.jpg 500w, https:\/\/valitec.co\/sitioweb\/wp-content\/uploads\/2023\/03\/paleta-3-300x200.jpg 300w, https:\/\/valitec.co\/sitioweb\/wp-content\/uploads\/2023\/03\/paleta-3-81x54.jpg 81w\" sizes=\"(max-width: 500px) 100vw, 500px\" \/>\t\t\t\t\t\t\t\t\t\t\t\t\t\t\t<\/div>\n\t\t\t\t<\/div>\n\t\t\t\t\t<\/div>\n\t\t<\/div>\n\t\t\t\t<div class=\"elementor-column elementor-col-25 elementor-top-column elementor-element elementor-element-ffcf01f\" data-id=\"ffcf01f\" data-element_type=\"column\" data-e-type=\"column\">\n\t\t\t<div class=\"elementor-widget-wrap elementor-element-populated\">\n\t\t\t\t\t\t<div class=\"elementor-element elementor-element-1f94957 elementor-widget elementor-widget-image\" data-id=\"1f94957\" data-element_type=\"widget\" data-e-type=\"widget\" data-widget_type=\"image.default\">\n\t\t\t\t<div class=\"elementor-widget-container\">\n\t\t\t\t\t\t\t\t\t\t\t\t\t\t\t<img loading=\"lazy\" decoding=\"async\" width=\"500\" height=\"333\" src=\"https:\/\/valitec.co\/sitioweb\/wp-content\/uploads\/2023\/03\/paleta-18.jpg\" class=\"attachment-large size-large wp-image-2657\" alt=\"\" srcset=\"https:\/\/valitec.co\/sitioweb\/wp-content\/uploads\/2023\/03\/paleta-18.jpg 500w, https:\/\/valitec.co\/sitioweb\/wp-content\/uploads\/2023\/03\/paleta-18-300x200.jpg 300w, https:\/\/valitec.co\/sitioweb\/wp-content\/uploads\/2023\/03\/paleta-18-81x54.jpg 81w\" sizes=\"(max-width: 500px) 100vw, 500px\" \/>\t\t\t\t\t\t\t\t\t\t\t\t\t\t\t<\/div>\n\t\t\t\t<\/div>\n\t\t\t\t\t<\/div>\n\t\t<\/div>\n\t\t\t\t\t<\/div>\n\t\t<\/section>\n\t\t\t\t<section class=\"elementor-section elementor-top-section elementor-element elementor-element-13f104d elementor-section-boxed elementor-section-height-default elementor-section-height-default\" data-id=\"13f104d\" data-element_type=\"section\" data-e-type=\"section\">\n\t\t\t\t\t\t<div class=\"elementor-container elementor-column-gap-default\">\n\t\t\t\t\t<div class=\"elementor-column elementor-col-33 elementor-top-column elementor-element elementor-element-6fbbd06\" data-id=\"6fbbd06\" data-element_type=\"column\" data-e-type=\"column\">\n\t\t\t<div class=\"elementor-widget-wrap elementor-element-populated\">\n\t\t\t\t\t\t<div class=\"elementor-element elementor-element-0ec4898 elementor-widget elementor-widget-text-editor\" data-id=\"0ec4898\" data-element_type=\"widget\" data-e-type=\"widget\" data-widget_type=\"text-editor.default\">\n\t\t\t\t<div class=\"elementor-widget-container\">\n\t\t\t\t\t\t\t\t\t<p><strong>PSPDLBLD-LG<br \/>Hoja de paleta electropulida para Logan Instruments<\/strong><\/p><table id=\"kenmerktable\"><tbody><tr><td><strong>N\u00famero de producto \u00a0 \u00a0<\/strong><\/td><td>PSPDLBLD-LG<\/td><\/tr><tr><td><strong>Referencia OEM \u00a0 \u00a0<\/strong><\/td><td>800-0059<\/td><\/tr><tr><td><strong>OEM \u00a0 \u00a0<\/strong><\/td><td>Logan<\/td><\/tr><tr><td><strong>Material \u00a0 \u00a0<\/strong><\/td><td>Acero inoxidable 316<\/td><\/tr><\/tbody><\/table><p>Fabricante: Dissolution Accesories<\/p>\t\t\t\t\t\t\t\t<\/div>\n\t\t\t\t<\/div>\n\t\t\t\t\t<\/div>\n\t\t<\/div>\n\t\t\t\t<div class=\"elementor-column elementor-col-33 elementor-top-column elementor-element elementor-element-e7a5529\" data-id=\"e7a5529\" data-element_type=\"column\" data-e-type=\"column\">\n\t\t\t<div class=\"elementor-widget-wrap elementor-element-populated\">\n\t\t\t\t\t\t<div class=\"elementor-element elementor-element-a632696 elementor-widget elementor-widget-text-editor\" data-id=\"a632696\" data-element_type=\"widget\" data-e-type=\"widget\" data-widget_type=\"text-editor.default\">\n\t\t\t\t<div class=\"elementor-widget-container\">\n\t\t\t\t\t\t\t\t\t<p><strong>PSSHFT175-LG<br \/>Eje desmontable de 17,5&#8243; (445 mm) para instrumentos Logan<\/strong><\/p><table id=\"kenmerktable\"><tbody><tr><td><strong>N\u00famero de producto \u00a0 \u00a0<\/strong><\/td><td>PSSHFT175-LG<\/td><\/tr><tr><td><strong>Referencia OEM \u00a0 \u00a0<\/strong><\/td><td>800-0113<\/td><\/tr><tr><td><strong>OEM \u00a0 \u00a0<\/strong><\/td><td>Logan<\/td><\/tr><tr><td><strong>Material \u00a0 \u00a0<\/strong><\/td><td>Acero inoxidable 316<\/td><\/tr><\/tbody><\/table><p>Fabricante: Dissolution Accesories<\/p>\t\t\t\t\t\t\t\t<\/div>\n\t\t\t\t<\/div>\n\t\t\t\t\t<\/div>\n\t\t<\/div>\n\t\t\t\t<div class=\"elementor-column elementor-col-33 elementor-top-column elementor-element elementor-element-12c75fb\" data-id=\"12c75fb\" data-element_type=\"column\" data-e-type=\"column\">\n\t\t\t<div class=\"elementor-widget-wrap elementor-element-populated\">\n\t\t\t\t\t\t<div class=\"elementor-element elementor-element-eec237f elementor-widget elementor-widget-text-editor\" data-id=\"eec237f\" data-element_type=\"widget\" data-e-type=\"widget\" data-widget_type=\"text-editor.default\">\n\t\t\t\t<div class=\"elementor-widget-container\">\n\t\t\t\t\t\t\t\t\t<p><strong>PSTPD016-LG<br \/>Paleta de PTFE moldeado s\u00f3lido para instrumentos Logan<\/strong><\/p><table id=\"kenmerktable\"><tbody><tr><td><strong>N\u00famero de producto \u00a0 \u00a0<\/strong><\/td><td>PSTPD016-LG<\/td><\/tr><tr><td><strong>Referencia OEM \u00a0 \u00a0<\/strong><\/td><td>800-0112<\/td><\/tr><tr><td><strong>OEM \u00a0 \u00a0<\/strong><\/td><td>Logan<\/td><\/tr><tr><td><strong>Material \u00a0 \u00a0<\/strong><\/td><td>PTFE<\/td><\/tr><\/tbody><\/table><p>Fabricante: Dissolution Accesories<\/p>\t\t\t\t\t\t\t\t<\/div>\n\t\t\t\t<\/div>\n\t\t\t\t\t<\/div>\n\t\t<\/div>\n\t\t\t\t\t<\/div>\n\t\t<\/section>\n\t\t\t\t<section class=\"elementor-section elementor-top-section elementor-element elementor-element-a29b57b elementor-section-boxed elementor-section-height-default elementor-section-height-default\" data-id=\"a29b57b\" data-element_type=\"section\" data-e-type=\"section\">\n\t\t\t\t\t\t<div class=\"elementor-container elementor-column-gap-default\">\n\t\t\t\t\t<div class=\"elementor-column elementor-col-33 elementor-top-column elementor-element elementor-element-e97bb82\" data-id=\"e97bb82\" data-element_type=\"column\" data-e-type=\"column\">\n\t\t\t<div class=\"elementor-widget-wrap elementor-element-populated\">\n\t\t\t\t\t\t<div class=\"elementor-element elementor-element-9f2fdc2 elementor-widget elementor-widget-image\" data-id=\"9f2fdc2\" data-element_type=\"widget\" data-e-type=\"widget\" data-widget_type=\"image.default\">\n\t\t\t\t<div class=\"elementor-widget-container\">\n\t\t\t\t\t\t\t\t\t\t\t\t\t\t\t<img loading=\"lazy\" decoding=\"async\" width=\"300\" height=\"200\" src=\"https:\/\/valitec.co\/sitioweb\/wp-content\/uploads\/2023\/03\/paleta-15-300x200.jpg\" class=\"attachment-medium size-medium wp-image-2646\" alt=\"\" srcset=\"https:\/\/valitec.co\/sitioweb\/wp-content\/uploads\/2023\/03\/paleta-15-300x200.jpg 300w, https:\/\/valitec.co\/sitioweb\/wp-content\/uploads\/2023\/03\/paleta-15-81x54.jpg 81w, https:\/\/valitec.co\/sitioweb\/wp-content\/uploads\/2023\/03\/paleta-15.jpg 500w\" sizes=\"(max-width: 300px) 100vw, 300px\" \/>\t\t\t\t\t\t\t\t\t\t\t\t\t\t\t<\/div>\n\t\t\t\t<\/div>\n\t\t\t\t\t<\/div>\n\t\t<\/div>\n\t\t\t\t<div class=\"elementor-column elementor-col-33 elementor-top-column elementor-element elementor-element-636921e\" data-id=\"636921e\" data-element_type=\"column\" data-e-type=\"column\">\n\t\t\t<div class=\"elementor-widget-wrap elementor-element-populated\">\n\t\t\t\t\t\t<div class=\"elementor-element elementor-element-7667b3f elementor-widget elementor-widget-image\" data-id=\"7667b3f\" data-element_type=\"widget\" data-e-type=\"widget\" data-widget_type=\"image.default\">\n\t\t\t\t<div class=\"elementor-widget-container\">\n\t\t\t\t\t\t\t\t\t\t\t\t\t\t\t<img loading=\"lazy\" decoding=\"async\" width=\"300\" height=\"200\" src=\"https:\/\/valitec.co\/sitioweb\/wp-content\/uploads\/2023\/03\/eje-2-1-300x200.jpg\" class=\"attachment-medium size-medium wp-image-2683\" alt=\"\" srcset=\"https:\/\/valitec.co\/sitioweb\/wp-content\/uploads\/2023\/03\/eje-2-1-300x200.jpg 300w, https:\/\/valitec.co\/sitioweb\/wp-content\/uploads\/2023\/03\/eje-2-1-81x54.jpg 81w, https:\/\/valitec.co\/sitioweb\/wp-content\/uploads\/2023\/03\/eje-2-1.jpg 500w\" sizes=\"(max-width: 300px) 100vw, 300px\" \/>\t\t\t\t\t\t\t\t\t\t\t\t\t\t\t<\/div>\n\t\t\t\t<\/div>\n\t\t\t\t\t<\/div>\n\t\t<\/div>\n\t\t\t\t<div class=\"elementor-column elementor-col-33 elementor-top-column elementor-element elementor-element-5cdda55\" data-id=\"5cdda55\" data-element_type=\"column\" data-e-type=\"column\">\n\t\t\t<div class=\"elementor-widget-wrap elementor-element-populated\">\n\t\t\t\t\t\t<div class=\"elementor-element elementor-element-47878f9 elementor-widget elementor-widget-image\" data-id=\"47878f9\" data-element_type=\"widget\" data-e-type=\"widget\" data-widget_type=\"image.default\">\n\t\t\t\t<div class=\"elementor-widget-container\">\n\t\t\t\t\t\t\t\t\t\t\t\t\t\t\t<img loading=\"lazy\" decoding=\"async\" width=\"300\" height=\"200\" src=\"https:\/\/valitec.co\/sitioweb\/wp-content\/uploads\/2023\/03\/paleta-2-300x200.jpg\" class=\"attachment-medium size-medium wp-image-2673\" alt=\"\" srcset=\"https:\/\/valitec.co\/sitioweb\/wp-content\/uploads\/2023\/03\/paleta-2-300x200.jpg 300w, https:\/\/valitec.co\/sitioweb\/wp-content\/uploads\/2023\/03\/paleta-2-81x54.jpg 81w, https:\/\/valitec.co\/sitioweb\/wp-content\/uploads\/2023\/03\/paleta-2.jpg 500w\" sizes=\"(max-width: 300px) 100vw, 300px\" \/>\t\t\t\t\t\t\t\t\t\t\t\t\t\t\t<\/div>\n\t\t\t\t<\/div>\n\t\t\t\t\t<\/div>\n\t\t<\/div>\n\t\t\t\t\t<\/div>\n\t\t<\/section>\n\t\t\t\t<\/div>\n\t\t","protected":false},"excerpt":{"rendered":"<p>Compatible con Logan APARATO LOGAN 2 &#8211; USP &lt;711&gt; Las paletas para Logan se serializan individualmente con el n\u00famero de serie impreso con l\u00e1ser en el eje para fines de mantenimiento de registros. Las paletas cumplen con las especificaciones de la USP y se fabrican de acuerdo con las especificaciones de Logan. Las paletas son<\/p>\n<div class=\"klb-readmore\"><a class=\"c-btn\" href=\"https:\/\/valitec.co\/sitioweb\/p\/\">Read More <i class=\"far fa-plus\"><\/i><\/a><\/div>\n","protected":false},"author":1,"featured_media":0,"parent":0,"menu_order":0,"comment_status":"closed","ping_status":"closed","template":"","meta":{"_eb_attr":"","footnotes":""},"class_list":["post-2681","page","type-page","status-publish","hentry"],"_links":{"self":[{"href":"https:\/\/valitec.co\/sitioweb\/wp-json\/wp\/v2\/pages\/2681","targetHints":{"allow":["GET"]}}],"collection":[{"href":"https:\/\/valitec.co\/sitioweb\/wp-json\/wp\/v2\/pages"}],"about":[{"href":"https:\/\/valitec.co\/sitioweb\/wp-json\/wp\/v2\/types\/page"}],"author":[{"embeddable":true,"href":"https:\/\/valitec.co\/sitioweb\/wp-json\/wp\/v2\/users\/1"}],"replies":[{"embeddable":true,"href":"https:\/\/valitec.co\/sitioweb\/wp-json\/wp\/v2\/comments?post=2681"}],"version-history":[{"count":5,"href":"https:\/\/valitec.co\/sitioweb\/wp-json\/wp\/v2\/pages\/2681\/revisions"}],"predecessor-version":[{"id":2732,"href":"https:\/\/valitec.co\/sitioweb\/wp-json\/wp\/v2\/pages\/2681\/revisions\/2732"}],"wp:attachment":[{"href":"https:\/\/valitec.co\/sitioweb\/wp-json\/wp\/v2\/media?parent=2681"}],"curies":[{"name":"wp","href":"https:\/\/api.w.org\/{rel}","templated":true}]}}