{"id":2636,"date":"2023-03-13T15:45:36","date_gmt":"2023-03-13T15:45:36","guid":{"rendered":"https:\/\/valitec.co\/sitioweb\/?page_id=2636"},"modified":"2023-03-13T15:50:23","modified_gmt":"2023-03-13T15:50:23","slug":"paletas-caleva","status":"publish","type":"page","link":"https:\/\/valitec.co\/sitioweb\/paletas-caleva\/","title":{"rendered":"paletas Caleva"},"content":{"rendered":"\t\t<div data-elementor-type=\"wp-page\" data-elementor-id=\"2636\" class=\"elementor elementor-2636\" data-elementor-post-type=\"page\">\n\t\t\t\t\t\t<section class=\"elementor-section elementor-top-section elementor-element elementor-element-1da3a63 elementor-section-boxed elementor-section-height-default elementor-section-height-default\" data-id=\"1da3a63\" data-element_type=\"section\" data-e-type=\"section\">\n\t\t\t\t\t\t<div class=\"elementor-container elementor-column-gap-default\">\n\t\t\t\t\t<div class=\"elementor-column elementor-col-100 elementor-top-column elementor-element elementor-element-35af0ab\" data-id=\"35af0ab\" data-element_type=\"column\" data-e-type=\"column\">\n\t\t\t<div class=\"elementor-widget-wrap elementor-element-populated\">\n\t\t\t\t\t\t<div class=\"elementor-element elementor-element-22e795f elementor-position-top elementor-widget elementor-widget-image-box\" data-id=\"22e795f\" data-element_type=\"widget\" data-e-type=\"widget\" data-widget_type=\"image-box.default\">\n\t\t\t\t<div class=\"elementor-widget-container\">\n\t\t\t\t\t<div class=\"elementor-image-box-wrapper\"><figure class=\"elementor-image-box-img\"><img fetchpriority=\"high\" decoding=\"async\" width=\"500\" height=\"333\" src=\"https:\/\/valitec.co\/sitioweb\/wp-content\/uploads\/2023\/03\/paleta-7.jpg\" class=\"attachment-full size-full wp-image-2629\" alt=\"\" srcset=\"https:\/\/valitec.co\/sitioweb\/wp-content\/uploads\/2023\/03\/paleta-7.jpg 500w, https:\/\/valitec.co\/sitioweb\/wp-content\/uploads\/2023\/03\/paleta-7-300x200.jpg 300w, https:\/\/valitec.co\/sitioweb\/wp-content\/uploads\/2023\/03\/paleta-7-81x54.jpg 81w\" sizes=\"(max-width: 500px) 100vw, 500px\" \/><\/figure><div class=\"elementor-image-box-content\"><h3 class=\"elementor-image-box-title\">Compatibles con Caleva<\/h3><\/div><\/div>\t\t\t\t<\/div>\n\t\t\t\t<\/div>\n\t\t\t\t\t<\/div>\n\t\t<\/div>\n\t\t\t\t\t<\/div>\n\t\t<\/section>\n\t\t\t\t<section class=\"elementor-section elementor-top-section elementor-element elementor-element-3d05ac0 elementor-section-boxed elementor-section-height-default elementor-section-height-default\" data-id=\"3d05ac0\" data-element_type=\"section\" data-e-type=\"section\">\n\t\t\t\t\t\t<div class=\"elementor-container elementor-column-gap-default\">\n\t\t\t\t\t<div class=\"elementor-column elementor-col-100 elementor-top-column elementor-element elementor-element-3a8993b\" data-id=\"3a8993b\" data-element_type=\"column\" data-e-type=\"column\">\n\t\t\t<div class=\"elementor-widget-wrap elementor-element-populated\">\n\t\t\t\t\t\t<div class=\"elementor-element elementor-element-afb7cc0 elementor-widget elementor-widget-spacer\" data-id=\"afb7cc0\" data-element_type=\"widget\" data-e-type=\"widget\" data-widget_type=\"spacer.default\">\n\t\t\t\t<div class=\"elementor-widget-container\">\n\t\t\t\t\t\t\t<div class=\"elementor-spacer\">\n\t\t\t<div class=\"elementor-spacer-inner\"><\/div>\n\t\t<\/div>\n\t\t\t\t\t\t<\/div>\n\t\t\t\t<\/div>\n\t\t\t\t\t<\/div>\n\t\t<\/div>\n\t\t\t\t\t<\/div>\n\t\t<\/section>\n\t\t\t\t<section class=\"elementor-section elementor-top-section elementor-element elementor-element-6bf09ef elementor-section-boxed elementor-section-height-default elementor-section-height-default\" data-id=\"6bf09ef\" data-element_type=\"section\" data-e-type=\"section\">\n\t\t\t\t\t\t<div class=\"elementor-container elementor-column-gap-default\">\n\t\t\t\t\t<div class=\"elementor-column elementor-col-100 elementor-top-column elementor-element elementor-element-6a639f5\" data-id=\"6a639f5\" data-element_type=\"column\" data-e-type=\"column\">\n\t\t\t<div class=\"elementor-widget-wrap elementor-element-populated\">\n\t\t\t\t\t\t<div class=\"elementor-element elementor-element-84bc28f elementor-widget elementor-widget-text-editor\" data-id=\"84bc28f\" data-element_type=\"widget\" data-e-type=\"widget\" data-widget_type=\"text-editor.default\">\n\t\t\t\t<div class=\"elementor-widget-container\">\n\t\t\t\t\t\t\t\t\t<p><strong><span>APARATO CALEVA 2 &#8211; USP &lt;711&gt;<\/span><\/strong><span>\u00a0Las paletas equivalentes para el aparato Caleva se serializan individualmente con el n\u00famero de serie impreso con l\u00e1ser en el eje para fines de mantenimiento de registros.\u00a0Las paletas cumplen con las especificaciones de la USP y se fabrican de acuerdo con las especificaciones de Caleva.\u00a0Las paletas son est\u00e1ndar electropulidas, pero tambi\u00e9n est\u00e1n disponibles con diferentes tipos de recubrimientos.<\/span><\/p>\t\t\t\t\t\t\t\t<\/div>\n\t\t\t\t<\/div>\n\t\t\t\t\t<\/div>\n\t\t<\/div>\n\t\t\t\t\t<\/div>\n\t\t<\/section>\n\t\t\t\t<section class=\"elementor-section elementor-top-section elementor-element elementor-element-303b91d elementor-section-boxed elementor-section-height-default elementor-section-height-default\" data-id=\"303b91d\" data-element_type=\"section\" data-e-type=\"section\">\n\t\t\t\t\t\t<div class=\"elementor-container elementor-column-gap-default\">\n\t\t\t\t\t<div class=\"elementor-column elementor-col-100 elementor-top-column elementor-element elementor-element-d8846ed\" data-id=\"d8846ed\" data-element_type=\"column\" data-e-type=\"column\">\n\t\t\t<div class=\"elementor-widget-wrap elementor-element-populated\">\n\t\t\t\t\t\t<div class=\"elementor-element elementor-element-8b3835f elementor-widget elementor-widget-spacer\" data-id=\"8b3835f\" data-element_type=\"widget\" data-e-type=\"widget\" data-widget_type=\"spacer.default\">\n\t\t\t\t<div class=\"elementor-widget-container\">\n\t\t\t\t\t\t\t<div class=\"elementor-spacer\">\n\t\t\t<div class=\"elementor-spacer-inner\"><\/div>\n\t\t<\/div>\n\t\t\t\t\t\t<\/div>\n\t\t\t\t<\/div>\n\t\t\t\t\t<\/div>\n\t\t<\/div>\n\t\t\t\t\t<\/div>\n\t\t<\/section>\n\t\t\t\t<section class=\"elementor-section elementor-top-section elementor-element elementor-element-31aaa9b elementor-section-boxed elementor-section-height-default elementor-section-height-default\" data-id=\"31aaa9b\" data-element_type=\"section\" data-e-type=\"section\">\n\t\t\t\t\t\t<div class=\"elementor-container elementor-column-gap-default\">\n\t\t\t\t\t<div class=\"elementor-column elementor-col-50 elementor-top-column elementor-element elementor-element-f53b2e9\" data-id=\"f53b2e9\" data-element_type=\"column\" data-e-type=\"column\">\n\t\t\t<div class=\"elementor-widget-wrap elementor-element-populated\">\n\t\t\t\t\t\t<div class=\"elementor-element elementor-element-8943ab8 elementor-widget elementor-widget-text-editor\" data-id=\"8943ab8\" data-element_type=\"widget\" data-e-type=\"widget\" data-widget_type=\"text-editor.default\">\n\t\t\t\t<div class=\"elementor-widget-container\">\n\t\t\t\t\t\t\t\t\t<p><strong>PSEPD016-CA<br \/>Paleta electropulida para Caleva<\/strong><\/p><table id=\"kenmerktable\"><tbody><tr><td><strong>N\u00famero de producto \u00a0 \u00a0<\/strong><\/td><td>PSEPD016-CA<\/td><\/tr><tr><td><strong>Referencia OEM \u00a0 \u00a0<\/strong><\/td><td>0810031<\/td><\/tr><tr><td><strong>OEM \u00a0 \u00a0<\/strong><\/td><td>Caleva<\/td><\/tr><tr><td><strong>Material \u00a0 \u00a0<\/strong><\/td><td>Acero inoxidable 316<\/td><\/tr><\/tbody><\/table><p>Fabricante: Dissolution accessories<\/p>\t\t\t\t\t\t\t\t<\/div>\n\t\t\t\t<\/div>\n\t\t\t\t\t<\/div>\n\t\t<\/div>\n\t\t\t\t<div class=\"elementor-column elementor-col-50 elementor-top-column elementor-element elementor-element-b0c1884\" data-id=\"b0c1884\" data-element_type=\"column\" data-e-type=\"column\">\n\t\t\t<div class=\"elementor-widget-wrap elementor-element-populated\">\n\t\t\t\t\t\t<div class=\"elementor-element elementor-element-3d351c6 elementor-widget elementor-widget-text-editor\" data-id=\"3d351c6\" data-element_type=\"widget\" data-e-type=\"widget\" data-widget_type=\"text-editor.default\">\n\t\t\t\t<div class=\"elementor-widget-container\">\n\t\t\t\t\t\t\t\t\t<p><strong>PSGPD016-CA<br \/>Remo chapado en oro para Caleva<\/strong><\/p><table id=\"kenmerktable\"><tbody><tr><td><strong>N\u00famero de producto \u00a0 \u00a0<\/strong><\/td><td>PSGPD016-CA<\/td><\/tr><tr><td><strong>Referencia OEM \u00a0 \u00a0<\/strong><\/td><td>0810033<\/td><\/tr><tr><td><strong>OEM \u00a0 \u00a0<\/strong><\/td><td>Caleva<\/td><\/tr><tr><td><strong>Material \u00a0 \u00a0<\/strong><\/td><td>Acero inoxidable 316<\/td><\/tr><tr><td><strong>Revestimiento \u00a0 \u00a0<\/strong><\/td><td>Oro<\/td><\/tr><\/tbody><\/table><p>Fabricante: Dissolution accessories<\/p>\t\t\t\t\t\t\t\t<\/div>\n\t\t\t\t<\/div>\n\t\t\t\t\t<\/div>\n\t\t<\/div>\n\t\t\t\t\t<\/div>\n\t\t<\/section>\n\t\t\t\t<section class=\"elementor-section elementor-top-section elementor-element elementor-element-ab8fc33 elementor-section-boxed elementor-section-height-default elementor-section-height-default\" data-id=\"ab8fc33\" data-element_type=\"section\" data-e-type=\"section\">\n\t\t\t\t\t\t<div class=\"elementor-container elementor-column-gap-default\">\n\t\t\t\t\t<div class=\"elementor-column elementor-col-50 elementor-top-column elementor-element elementor-element-98a6104\" data-id=\"98a6104\" data-element_type=\"column\" data-e-type=\"column\">\n\t\t\t<div class=\"elementor-widget-wrap elementor-element-populated\">\n\t\t\t\t\t\t<div class=\"elementor-element elementor-element-2ef406e elementor-widget elementor-widget-image\" data-id=\"2ef406e\" data-element_type=\"widget\" data-e-type=\"widget\" data-widget_type=\"image.default\">\n\t\t\t\t<div class=\"elementor-widget-container\">\n\t\t\t\t\t\t\t\t\t\t\t\t\t\t\t<img decoding=\"async\" width=\"300\" height=\"200\" src=\"https:\/\/valitec.co\/sitioweb\/wp-content\/uploads\/2023\/03\/paleta-12-300x200.jpg\" class=\"attachment-medium size-medium wp-image-2638\" alt=\"\" srcset=\"https:\/\/valitec.co\/sitioweb\/wp-content\/uploads\/2023\/03\/paleta-12-300x200.jpg 300w, https:\/\/valitec.co\/sitioweb\/wp-content\/uploads\/2023\/03\/paleta-12-81x54.jpg 81w, https:\/\/valitec.co\/sitioweb\/wp-content\/uploads\/2023\/03\/paleta-12.jpg 500w\" sizes=\"(max-width: 300px) 100vw, 300px\" \/>\t\t\t\t\t\t\t\t\t\t\t\t\t\t\t<\/div>\n\t\t\t\t<\/div>\n\t\t\t\t\t<\/div>\n\t\t<\/div>\n\t\t\t\t<div class=\"elementor-column elementor-col-50 elementor-top-column elementor-element elementor-element-6fb6448\" data-id=\"6fb6448\" data-element_type=\"column\" data-e-type=\"column\">\n\t\t\t<div class=\"elementor-widget-wrap elementor-element-populated\">\n\t\t\t\t\t\t<div class=\"elementor-element elementor-element-72597e5 elementor-widget elementor-widget-image\" data-id=\"72597e5\" data-element_type=\"widget\" data-e-type=\"widget\" data-widget_type=\"image.default\">\n\t\t\t\t<div class=\"elementor-widget-container\">\n\t\t\t\t\t\t\t\t\t\t\t\t\t\t\t<img decoding=\"async\" width=\"300\" height=\"200\" src=\"https:\/\/valitec.co\/sitioweb\/wp-content\/uploads\/2023\/03\/paleta-13-300x200.jpg\" class=\"attachment-medium size-medium wp-image-2639\" alt=\"\" srcset=\"https:\/\/valitec.co\/sitioweb\/wp-content\/uploads\/2023\/03\/paleta-13-300x200.jpg 300w, https:\/\/valitec.co\/sitioweb\/wp-content\/uploads\/2023\/03\/paleta-13-81x54.jpg 81w, https:\/\/valitec.co\/sitioweb\/wp-content\/uploads\/2023\/03\/paleta-13.jpg 500w\" sizes=\"(max-width: 300px) 100vw, 300px\" \/>\t\t\t\t\t\t\t\t\t\t\t\t\t\t\t<\/div>\n\t\t\t\t<\/div>\n\t\t\t\t\t<\/div>\n\t\t<\/div>\n\t\t\t\t\t<\/div>\n\t\t<\/section>\n\t\t\t\t<\/div>\n\t\t","protected":false},"excerpt":{"rendered":"<p>Compatibles con Caleva APARATO CALEVA 2 &#8211; USP &lt;711&gt;\u00a0Las paletas equivalentes para el aparato Caleva se serializan individualmente con el n\u00famero de serie impreso con l\u00e1ser en el eje para fines de mantenimiento de registros.\u00a0Las paletas cumplen con las especificaciones de la USP y se fabrican de acuerdo con las especificaciones de Caleva.\u00a0Las paletas son<\/p>\n<div class=\"klb-readmore\"><a class=\"c-btn\" href=\"https:\/\/valitec.co\/sitioweb\/paletas-caleva\/\">Read More <i class=\"far fa-plus\"><\/i><\/a><\/div>\n","protected":false},"author":1,"featured_media":0,"parent":0,"menu_order":0,"comment_status":"closed","ping_status":"closed","template":"","meta":{"_eb_attr":"","footnotes":""},"class_list":["post-2636","page","type-page","status-publish","hentry"],"_links":{"self":[{"href":"https:\/\/valitec.co\/sitioweb\/wp-json\/wp\/v2\/pages\/2636","targetHints":{"allow":["GET"]}}],"collection":[{"href":"https:\/\/valitec.co\/sitioweb\/wp-json\/wp\/v2\/pages"}],"about":[{"href":"https:\/\/valitec.co\/sitioweb\/wp-json\/wp\/v2\/types\/page"}],"author":[{"embeddable":true,"href":"https:\/\/valitec.co\/sitioweb\/wp-json\/wp\/v2\/users\/1"}],"replies":[{"embeddable":true,"href":"https:\/\/valitec.co\/sitioweb\/wp-json\/wp\/v2\/comments?post=2636"}],"version-history":[{"count":4,"href":"https:\/\/valitec.co\/sitioweb\/wp-json\/wp\/v2\/pages\/2636\/revisions"}],"predecessor-version":[{"id":2642,"href":"https:\/\/valitec.co\/sitioweb\/wp-json\/wp\/v2\/pages\/2636\/revisions\/2642"}],"wp:attachment":[{"href":"https:\/\/valitec.co\/sitioweb\/wp-json\/wp\/v2\/media?parent=2636"}],"curies":[{"name":"wp","href":"https:\/\/api.w.org\/{rel}","templated":true}]}}