{"id":2262,"date":"2023-03-01T21:11:45","date_gmt":"2023-03-01T21:11:45","guid":{"rendered":"https:\/\/valitec.co\/sitioweb\/?page_id=2262"},"modified":"2023-03-01T21:28:07","modified_gmt":"2023-03-01T21:28:07","slug":"ejes-de-canastilla-sotax","status":"publish","type":"page","link":"https:\/\/valitec.co\/sitioweb\/ejes-de-canastilla-sotax\/","title":{"rendered":"Ejes de canastilla Sotax"},"content":{"rendered":"\t\t<div data-elementor-type=\"wp-page\" data-elementor-id=\"2262\" class=\"elementor elementor-2262\" data-elementor-post-type=\"page\">\n\t\t\t\t\t\t<section class=\"elementor-section elementor-top-section elementor-element elementor-element-bbe40bb elementor-section-boxed elementor-section-height-default elementor-section-height-default\" data-id=\"bbe40bb\" data-element_type=\"section\" data-e-type=\"section\">\n\t\t\t\t\t\t<div class=\"elementor-container elementor-column-gap-default\">\n\t\t\t\t\t<div class=\"elementor-column elementor-col-100 elementor-top-column elementor-element elementor-element-e11bd1e\" data-id=\"e11bd1e\" data-element_type=\"column\" data-e-type=\"column\">\n\t\t\t<div class=\"elementor-widget-wrap elementor-element-populated\">\n\t\t\t\t\t\t<div class=\"elementor-element elementor-element-fa92676 elementor-position-top elementor-widget elementor-widget-image-box\" data-id=\"fa92676\" data-element_type=\"widget\" data-e-type=\"widget\" data-settings=\"{&quot;motion_fx_motion_fx_mouse&quot;:&quot;yes&quot;,&quot;motion_fx_tilt_effect&quot;:&quot;yes&quot;,&quot;motion_fx_tilt_direction&quot;:&quot;negative&quot;,&quot;motion_fx_tilt_speed&quot;:{&quot;unit&quot;:&quot;px&quot;,&quot;size&quot;:7.79999999999999982236431605997495353221893310546875,&quot;sizes&quot;:[]}}\" data-widget_type=\"image-box.default\">\n\t\t\t\t<div class=\"elementor-widget-container\">\n\t\t\t\t\t<div class=\"elementor-image-box-wrapper\"><figure class=\"elementor-image-box-img\"><img fetchpriority=\"high\" decoding=\"async\" width=\"500\" height=\"333\" src=\"https:\/\/valitec.co\/sitioweb\/wp-content\/uploads\/2023\/03\/eje-canastilla-3.jpg\" class=\"attachment-full size-full wp-image-2198\" alt=\"\" srcset=\"https:\/\/valitec.co\/sitioweb\/wp-content\/uploads\/2023\/03\/eje-canastilla-3.jpg 500w, https:\/\/valitec.co\/sitioweb\/wp-content\/uploads\/2023\/03\/eje-canastilla-3-300x200.jpg 300w, https:\/\/valitec.co\/sitioweb\/wp-content\/uploads\/2023\/03\/eje-canastilla-3-81x54.jpg 81w\" sizes=\"(max-width: 500px) 100vw, 500px\" \/><\/figure><div class=\"elementor-image-box-content\"><h3 class=\"elementor-image-box-title\">Compatibles con Sotax<\/h3><\/div><\/div>\t\t\t\t<\/div>\n\t\t\t\t<\/div>\n\t\t\t\t\t<\/div>\n\t\t<\/div>\n\t\t\t\t\t<\/div>\n\t\t<\/section>\n\t\t\t\t<section class=\"elementor-section elementor-top-section elementor-element elementor-element-e5b17e2 elementor-section-boxed elementor-section-height-default elementor-section-height-default\" data-id=\"e5b17e2\" data-element_type=\"section\" data-e-type=\"section\">\n\t\t\t\t\t\t<div class=\"elementor-container elementor-column-gap-default\">\n\t\t\t\t\t<div class=\"elementor-column elementor-col-100 elementor-top-column elementor-element elementor-element-be94205\" data-id=\"be94205\" data-element_type=\"column\" data-e-type=\"column\">\n\t\t\t<div class=\"elementor-widget-wrap elementor-element-populated\">\n\t\t\t\t\t\t<div class=\"elementor-element elementor-element-c8f68ab elementor-widget elementor-widget-spacer\" data-id=\"c8f68ab\" data-element_type=\"widget\" data-e-type=\"widget\" data-widget_type=\"spacer.default\">\n\t\t\t\t<div class=\"elementor-widget-container\">\n\t\t\t\t\t\t\t<div class=\"elementor-spacer\">\n\t\t\t<div class=\"elementor-spacer-inner\"><\/div>\n\t\t<\/div>\n\t\t\t\t\t\t<\/div>\n\t\t\t\t<\/div>\n\t\t\t\t\t<\/div>\n\t\t<\/div>\n\t\t\t\t\t<\/div>\n\t\t<\/section>\n\t\t\t\t<section class=\"elementor-section elementor-top-section elementor-element elementor-element-6e1d64b elementor-section-boxed elementor-section-height-default elementor-section-height-default\" data-id=\"6e1d64b\" data-element_type=\"section\" data-e-type=\"section\">\n\t\t\t\t\t\t<div class=\"elementor-container elementor-column-gap-default\">\n\t\t\t\t\t<div class=\"elementor-column elementor-col-100 elementor-top-column elementor-element elementor-element-7b96afd\" data-id=\"7b96afd\" data-element_type=\"column\" data-e-type=\"column\">\n\t\t\t<div class=\"elementor-widget-wrap elementor-element-populated\">\n\t\t\t\t\t\t<div class=\"elementor-element elementor-element-d3d4c4a elementor-widget elementor-widget-text-editor\" data-id=\"d3d4c4a\" data-element_type=\"widget\" data-e-type=\"widget\" data-widget_type=\"text-editor.default\">\n\t\t\t\t<div class=\"elementor-widget-container\">\n\t\t\t\t\t\t\t\t\t<p><strong><span>EJES DE CANASTILLA SOTAX<\/span><\/strong><span>\u00a0Los ejes de cesta equivalentes para m\u00e1quinas Sotax se serializan individualmente con el n\u00famero de serie impreso con l\u00e1ser en el eje para fines de mantenimiento de registros.\u00a0Los ejes de la canastilla cumplen con las especificaciones de la USP que requieren tres clips de resorte de retenci\u00f3n para el Aparato 1 o el estilo de empuje de junta t\u00f3rica. Los ejes se fabrican de acuerdo con las especificaciones de Sotax y est\u00e1n electropulidos est\u00e1ndar, pero tambi\u00e9n est\u00e1n disponibles con diferentes tipos de recubrimientos.<\/span><\/p>\t\t\t\t\t\t\t\t<\/div>\n\t\t\t\t<\/div>\n\t\t\t\t\t<\/div>\n\t\t<\/div>\n\t\t\t\t\t<\/div>\n\t\t<\/section>\n\t\t\t\t<section class=\"elementor-section elementor-top-section elementor-element elementor-element-b68a02b elementor-section-boxed elementor-section-height-default elementor-section-height-default\" data-id=\"b68a02b\" data-element_type=\"section\" data-e-type=\"section\">\n\t\t\t\t\t\t<div class=\"elementor-container elementor-column-gap-default\">\n\t\t\t\t\t<div class=\"elementor-column elementor-col-100 elementor-top-column elementor-element elementor-element-e9cd1b1\" data-id=\"e9cd1b1\" data-element_type=\"column\" data-e-type=\"column\">\n\t\t\t<div class=\"elementor-widget-wrap elementor-element-populated\">\n\t\t\t\t\t\t<div class=\"elementor-element elementor-element-1cc2bd1 elementor-widget elementor-widget-spacer\" data-id=\"1cc2bd1\" data-element_type=\"widget\" data-e-type=\"widget\" data-widget_type=\"spacer.default\">\n\t\t\t\t<div class=\"elementor-widget-container\">\n\t\t\t\t\t\t\t<div class=\"elementor-spacer\">\n\t\t\t<div class=\"elementor-spacer-inner\"><\/div>\n\t\t<\/div>\n\t\t\t\t\t\t<\/div>\n\t\t\t\t<\/div>\n\t\t\t\t\t<\/div>\n\t\t<\/div>\n\t\t\t\t\t<\/div>\n\t\t<\/section>\n\t\t\t\t<section class=\"elementor-section elementor-top-section elementor-element elementor-element-97c14f6 elementor-section-boxed elementor-section-height-default elementor-section-height-default\" data-id=\"97c14f6\" data-element_type=\"section\" data-e-type=\"section\">\n\t\t\t\t\t\t<div class=\"elementor-container elementor-column-gap-default\">\n\t\t\t\t\t<div class=\"elementor-column elementor-col-25 elementor-top-column elementor-element elementor-element-9e7f1c2\" data-id=\"9e7f1c2\" data-element_type=\"column\" data-e-type=\"column\">\n\t\t\t<div class=\"elementor-widget-wrap elementor-element-populated\">\n\t\t\t\t\t\t<div class=\"elementor-element elementor-element-8d753e7 elementor-widget elementor-widget-text-editor\" data-id=\"8d753e7\" data-element_type=\"widget\" data-e-type=\"widget\" data-widget_type=\"text-editor.default\">\n\t\t\t\t<div class=\"elementor-widget-container\">\n\t\t\t\t\t\t\t\t\t<p><strong><span>PSBSKHUB-ST<\/span><br \/><span>Cubo de canasta estilo clip de resorte con abertura de muestreo para Sotax<\/span><\/strong><br \/><br \/><\/p><table id=\"kenmerktable\"><tbody><tr><td><strong><span>N\u00famero de producto \u00a0 \u00a0<\/span><\/strong><\/td><td><span>PSBSKHUB-ST<\/span><\/td><\/tr><tr><td><strong><span>Referencia OEM \u00a0 \u00a0<\/span><\/strong><\/td><td><span>05301<\/span><\/td><\/tr><tr><td><strong><span>OEM \u00a0 \u00a0<\/span><\/strong><\/td><td><span>impuestos sotax<\/span><\/td><\/tr><tr><td><strong><span>Material \u00a0 \u00a0<\/span><\/strong><\/td><td><span>Acero inoxidable 316<\/span><\/td><\/tr><tr><td><strong><span>Clip de resorte \u00a0 \u00a0<\/span><\/strong><\/td><td><span>S\u00ed<\/span><\/td><\/tr><\/tbody><\/table>\t\t\t\t\t\t\t\t<\/div>\n\t\t\t\t<\/div>\n\t\t\t\t\t<\/div>\n\t\t<\/div>\n\t\t\t\t<div class=\"elementor-column elementor-col-25 elementor-top-column elementor-element elementor-element-225b61f\" data-id=\"225b61f\" data-element_type=\"column\" data-e-type=\"column\">\n\t\t\t<div class=\"elementor-widget-wrap elementor-element-populated\">\n\t\t\t\t\t\t<div class=\"elementor-element elementor-element-d6b8e6e elementor-widget elementor-widget-text-editor\" data-id=\"d6b8e6e\" data-element_type=\"widget\" data-e-type=\"widget\" data-widget_type=\"text-editor.default\">\n\t\t\t\t<div class=\"elementor-widget-container\">\n\t\t\t\t\t\t\t\t\t<p><strong><span>PSBSKSHT-AT7<\/span><br \/><span>Cubo de canasta estilo clip de resorte con eje para Sotax AT7(0)<\/span><\/strong><br \/><br \/><\/p><table id=\"kenmerktable\"><tbody><tr><td><strong><span>N\u00famero de producto \u00a0 \u00a0<\/span><\/strong><\/td><td><span>PSBSKSHT-AT7<\/span><\/td><\/tr><tr><td><strong><span>Referencia OEM \u00a0 \u00a0<\/span><\/strong><\/td><td><span>07558<\/span><\/td><\/tr><tr><td><strong><span>OEM \u00a0 \u00a0<\/span><\/strong><\/td><td><span>impuestos sotax<\/span><\/td><\/tr><tr><td><strong><span>Material \u00a0 \u00a0<\/span><\/strong><\/td><td><span>Acero inoxidable 316<\/span><\/td><\/tr><tr><td><strong><span>Clip de resorte \u00a0 \u00a0<\/span><\/strong><\/td><td><span>S\u00ed<\/span><\/td><\/tr><\/tbody><\/table>\t\t\t\t\t\t\t\t<\/div>\n\t\t\t\t<\/div>\n\t\t\t\t\t<\/div>\n\t\t<\/div>\n\t\t\t\t<div class=\"elementor-column elementor-col-25 elementor-top-column elementor-element elementor-element-265ed47\" data-id=\"265ed47\" data-element_type=\"column\" data-e-type=\"column\">\n\t\t\t<div class=\"elementor-widget-wrap elementor-element-populated\">\n\t\t\t\t\t\t<div class=\"elementor-element elementor-element-3ed1461 elementor-widget elementor-widget-text-editor\" data-id=\"3ed1461\" data-element_type=\"widget\" data-e-type=\"widget\" data-widget_type=\"text-editor.default\">\n\t\t\t\t<div class=\"elementor-widget-container\">\n\t\t\t\t\t\t\t\t\t<p><strong><span>PSBSKSHT-AT7DEM<\/span><br \/><span>DEM, eje de canasta estilo clip de resorte giratorio ON\/OFF para Sotax<\/span><\/strong><br \/><br \/><\/p><table id=\"kenmerktable\"><tbody><tr><td><strong><span>N\u00famero de producto \u00a0 \u00a0<\/span><\/strong><\/td><td><span>PSBSKSHT-AT7DEM<\/span><\/td><\/tr><tr><td><strong><span>Referencia OEM \u00a0 \u00a0<\/span><\/strong><\/td><td><span>Accesorios de disoluci\u00f3n producto innovado<\/span><\/td><\/tr><tr><td><strong><span>OEM \u00a0 \u00a0<\/span><\/strong><\/td><td><span>impuestos sotax<\/span><\/td><\/tr><tr><td><strong><span>Material \u00a0 \u00a0<\/span><\/strong><\/td><td><span>Acero inoxidable 316<\/span><\/td><\/tr><tr><td><strong><span>Clip de resorte \u00a0 \u00a0<\/span><\/strong><\/td><td><span>S\u00ed<\/span><\/td><\/tr><tr><td><strong><span>instrumento comp. \u00a0 \u00a0<\/span><\/strong><\/td><td><span>AT Xtend, AT7, AT7 inteligente<\/span><\/td><\/tr><\/tbody><\/table><p><br \/><span>El mesilato de etexilato de dabigatr\u00e1n se prueba en una cesta especial con una abertura de 24,5 mm de ancho.\u00a0Esta es una canasta de malla 40 personalizada y no encaja en los ejes de la canasta est\u00e1ndar.<\/span><\/p>\t\t\t\t\t\t\t\t<\/div>\n\t\t\t\t<\/div>\n\t\t\t\t\t<\/div>\n\t\t<\/div>\n\t\t\t\t<div class=\"elementor-column elementor-col-25 elementor-top-column elementor-element elementor-element-6614a5b\" data-id=\"6614a5b\" data-element_type=\"column\" data-e-type=\"column\">\n\t\t\t<div class=\"elementor-widget-wrap elementor-element-populated\">\n\t\t\t\t\t\t<div class=\"elementor-element elementor-element-d6f557e elementor-widget elementor-widget-text-editor\" data-id=\"d6f557e\" data-element_type=\"widget\" data-e-type=\"widget\" data-widget_type=\"text-editor.default\">\n\t\t\t\t<div class=\"elementor-widget-container\">\n\t\t\t\t\t\t\t\t\t<p><strong><span>PSBSKSHT-AT7G<\/span><br \/><span>Cubo de canasta estilo clip de resorte chapado en oro con eje para Sotax AT7(0)<\/span><\/strong><br \/><br \/><\/p><table id=\"kenmerktable\"><tbody><tr><td><strong><span>N\u00famero de producto \u00a0 \u00a0<\/span><\/strong><\/td><td><span>PSBSKSHT-AT7G<\/span><\/td><\/tr><tr><td><strong><span>Referencia OEM \u00a0 \u00a0<\/span><\/strong><\/td><td><span>07558-3<\/span><\/td><\/tr><tr><td><strong><span>OEM \u00a0 \u00a0<\/span><\/strong><\/td><td><span>impuestos sotax<\/span><\/td><\/tr><tr><td><strong><span>Material \u00a0 \u00a0<\/span><\/strong><\/td><td><span>Acero inoxidable 316<\/span><\/td><\/tr><tr><td><strong><span>Revestimiento \u00a0 \u00a0<\/span><\/strong><\/td><td><span>Oro<\/span><\/td><\/tr><tr><td><strong><span>Clip de resorte \u00a0 \u00a0<\/span><\/strong><\/td><td><span>S\u00ed<\/span><\/td><\/tr><\/tbody><\/table>\t\t\t\t\t\t\t\t<\/div>\n\t\t\t\t<\/div>\n\t\t\t\t\t<\/div>\n\t\t<\/div>\n\t\t\t\t\t<\/div>\n\t\t<\/section>\n\t\t\t\t<section class=\"elementor-section elementor-top-section elementor-element elementor-element-78771ca elementor-section-boxed elementor-section-height-default elementor-section-height-default\" data-id=\"78771ca\" data-element_type=\"section\" data-e-type=\"section\">\n\t\t\t\t\t\t<div class=\"elementor-container elementor-column-gap-default\">\n\t\t\t\t\t<div class=\"elementor-column elementor-col-25 elementor-top-column elementor-element elementor-element-0c300df\" data-id=\"0c300df\" data-element_type=\"column\" data-e-type=\"column\">\n\t\t\t<div class=\"elementor-widget-wrap elementor-element-populated\">\n\t\t\t\t\t\t<div class=\"elementor-element elementor-element-1cdd89c elementor-widget elementor-widget-image\" data-id=\"1cdd89c\" data-element_type=\"widget\" data-e-type=\"widget\" data-widget_type=\"image.default\">\n\t\t\t\t<div class=\"elementor-widget-container\">\n\t\t\t\t\t\t\t\t\t\t\t\t\t\t\t<img decoding=\"async\" width=\"500\" height=\"333\" src=\"https:\/\/valitec.co\/sitioweb\/wp-content\/uploads\/2023\/03\/sotax-1.jpg\" class=\"attachment-large size-large wp-image-2264\" alt=\"\" srcset=\"https:\/\/valitec.co\/sitioweb\/wp-content\/uploads\/2023\/03\/sotax-1.jpg 500w, https:\/\/valitec.co\/sitioweb\/wp-content\/uploads\/2023\/03\/sotax-1-300x200.jpg 300w, https:\/\/valitec.co\/sitioweb\/wp-content\/uploads\/2023\/03\/sotax-1-81x54.jpg 81w\" sizes=\"(max-width: 500px) 100vw, 500px\" \/>\t\t\t\t\t\t\t\t\t\t\t\t\t\t\t<\/div>\n\t\t\t\t<\/div>\n\t\t\t\t\t<\/div>\n\t\t<\/div>\n\t\t\t\t<div class=\"elementor-column elementor-col-25 elementor-top-column elementor-element elementor-element-ee00d51\" data-id=\"ee00d51\" data-element_type=\"column\" data-e-type=\"column\">\n\t\t\t<div class=\"elementor-widget-wrap elementor-element-populated\">\n\t\t\t\t\t\t<div class=\"elementor-element elementor-element-1cd502d elementor-widget elementor-widget-image\" data-id=\"1cd502d\" data-element_type=\"widget\" data-e-type=\"widget\" data-widget_type=\"image.default\">\n\t\t\t\t<div class=\"elementor-widget-container\">\n\t\t\t\t\t\t\t\t\t\t\t\t\t\t\t<img decoding=\"async\" width=\"500\" height=\"333\" src=\"https:\/\/valitec.co\/sitioweb\/wp-content\/uploads\/2023\/03\/sotax-2.jpg\" class=\"attachment-large size-large wp-image-2265\" alt=\"\" srcset=\"https:\/\/valitec.co\/sitioweb\/wp-content\/uploads\/2023\/03\/sotax-2.jpg 500w, https:\/\/valitec.co\/sitioweb\/wp-content\/uploads\/2023\/03\/sotax-2-300x200.jpg 300w, https:\/\/valitec.co\/sitioweb\/wp-content\/uploads\/2023\/03\/sotax-2-81x54.jpg 81w\" sizes=\"(max-width: 500px) 100vw, 500px\" \/>\t\t\t\t\t\t\t\t\t\t\t\t\t\t\t<\/div>\n\t\t\t\t<\/div>\n\t\t\t\t\t<\/div>\n\t\t<\/div>\n\t\t\t\t<div class=\"elementor-column elementor-col-25 elementor-top-column elementor-element elementor-element-5e94d33\" data-id=\"5e94d33\" data-element_type=\"column\" data-e-type=\"column\">\n\t\t\t<div class=\"elementor-widget-wrap elementor-element-populated\">\n\t\t\t\t\t\t<div class=\"elementor-element elementor-element-ff91c33 elementor-widget elementor-widget-image\" data-id=\"ff91c33\" data-element_type=\"widget\" data-e-type=\"widget\" data-widget_type=\"image.default\">\n\t\t\t\t<div class=\"elementor-widget-container\">\n\t\t\t\t\t\t\t\t\t\t\t\t\t\t\t<img loading=\"lazy\" decoding=\"async\" width=\"500\" height=\"333\" src=\"https:\/\/valitec.co\/sitioweb\/wp-content\/uploads\/2023\/03\/sotax-3.jpg\" class=\"attachment-large size-large wp-image-2266\" alt=\"\" srcset=\"https:\/\/valitec.co\/sitioweb\/wp-content\/uploads\/2023\/03\/sotax-3.jpg 500w, https:\/\/valitec.co\/sitioweb\/wp-content\/uploads\/2023\/03\/sotax-3-300x200.jpg 300w, https:\/\/valitec.co\/sitioweb\/wp-content\/uploads\/2023\/03\/sotax-3-81x54.jpg 81w\" sizes=\"(max-width: 500px) 100vw, 500px\" \/>\t\t\t\t\t\t\t\t\t\t\t\t\t\t\t<\/div>\n\t\t\t\t<\/div>\n\t\t\t\t\t<\/div>\n\t\t<\/div>\n\t\t\t\t<div class=\"elementor-column elementor-col-25 elementor-top-column elementor-element elementor-element-5850a20\" data-id=\"5850a20\" data-element_type=\"column\" data-e-type=\"column\">\n\t\t\t<div class=\"elementor-widget-wrap elementor-element-populated\">\n\t\t\t\t\t\t<div class=\"elementor-element elementor-element-b4162c4 elementor-widget elementor-widget-image\" data-id=\"b4162c4\" data-element_type=\"widget\" data-e-type=\"widget\" data-widget_type=\"image.default\">\n\t\t\t\t<div class=\"elementor-widget-container\">\n\t\t\t\t\t\t\t\t\t\t\t\t\t\t\t<img loading=\"lazy\" decoding=\"async\" width=\"500\" height=\"333\" src=\"https:\/\/valitec.co\/sitioweb\/wp-content\/uploads\/2023\/03\/sotax-4.jpg\" class=\"attachment-large size-large wp-image-2267\" alt=\"\" srcset=\"https:\/\/valitec.co\/sitioweb\/wp-content\/uploads\/2023\/03\/sotax-4.jpg 500w, https:\/\/valitec.co\/sitioweb\/wp-content\/uploads\/2023\/03\/sotax-4-300x200.jpg 300w, https:\/\/valitec.co\/sitioweb\/wp-content\/uploads\/2023\/03\/sotax-4-81x54.jpg 81w\" sizes=\"(max-width: 500px) 100vw, 500px\" \/>\t\t\t\t\t\t\t\t\t\t\t\t\t\t\t<\/div>\n\t\t\t\t<\/div>\n\t\t\t\t\t<\/div>\n\t\t<\/div>\n\t\t\t\t\t<\/div>\n\t\t<\/section>\n\t\t\t\t<section class=\"elementor-section elementor-top-section elementor-element elementor-element-325d8df elementor-section-boxed elementor-section-height-default elementor-section-height-default\" data-id=\"325d8df\" data-element_type=\"section\" data-e-type=\"section\">\n\t\t\t\t\t\t<div class=\"elementor-container elementor-column-gap-default\">\n\t\t\t\t\t<div class=\"elementor-column elementor-col-100 elementor-top-column elementor-element elementor-element-04129b7\" data-id=\"04129b7\" data-element_type=\"column\" data-e-type=\"column\">\n\t\t\t<div class=\"elementor-widget-wrap elementor-element-populated\">\n\t\t\t\t\t\t<div class=\"elementor-element elementor-element-ef8c99c elementor-widget elementor-widget-text-editor\" data-id=\"ef8c99c\" data-element_type=\"widget\" data-e-type=\"widget\" data-widget_type=\"text-editor.default\">\n\t\t\t\t<div class=\"elementor-widget-container\">\n\t\t\t\t\t\t\t\t\t<p><strong><span>PSNPDBSK-AT7<\/span><br \/><span>Cubo de canasta estilo clip de resorte con eje para Sotax AT7, recubierto de PTFE<\/span><\/strong><br \/><br \/><\/p><table id=\"kenmerktable\"><tbody><tr><td><strong><span>N\u00famero de producto \u00a0 \u00a0<\/span><\/strong><\/td><td><span>PSNPDBSK-AT7<\/span><\/td><\/tr><tr><td><strong><span>Referencia OEM \u00a0 \u00a0<\/span><\/strong><\/td><td><span>07558-2<\/span><\/td><\/tr><tr><td><strong><span>OEM \u00a0 \u00a0<\/span><\/strong><\/td><td><span>impuestos sotax<\/span><\/td><\/tr><tr><td><strong><span>Material \u00a0 \u00a0<\/span><\/strong><\/td><td><span>Acero inoxidable 316<\/span><\/td><\/tr><tr><td><strong><span>Revestimiento \u00a0 \u00a0<\/span><\/strong><\/td><td><span>PTFE<\/span><\/td><\/tr><tr><td><strong><span>Clip de resorte \u00a0 \u00a0<\/span><\/strong><\/td><td><span>S\u00ed<\/span><\/td><\/tr><\/tbody><\/table>\t\t\t\t\t\t\t\t<\/div>\n\t\t\t\t<\/div>\n\t\t\t\t\t<\/div>\n\t\t<\/div>\n\t\t\t\t\t<\/div>\n\t\t<\/section>\n\t\t\t\t<section class=\"elementor-section elementor-top-section elementor-element elementor-element-ba587dc elementor-section-boxed elementor-section-height-default elementor-section-height-default\" data-id=\"ba587dc\" data-element_type=\"section\" data-e-type=\"section\">\n\t\t\t\t\t\t<div class=\"elementor-container elementor-column-gap-default\">\n\t\t\t\t\t<div class=\"elementor-column elementor-col-100 elementor-top-column elementor-element elementor-element-6214da6\" data-id=\"6214da6\" data-element_type=\"column\" data-e-type=\"column\">\n\t\t\t<div class=\"elementor-widget-wrap elementor-element-populated\">\n\t\t\t\t\t\t<div class=\"elementor-element elementor-element-15c15ec elementor-widget elementor-widget-image\" data-id=\"15c15ec\" data-element_type=\"widget\" data-e-type=\"widget\" data-widget_type=\"image.default\">\n\t\t\t\t<div class=\"elementor-widget-container\">\n\t\t\t\t\t\t\t\t\t\t\t\t\t\t\t<img loading=\"lazy\" decoding=\"async\" width=\"300\" height=\"200\" src=\"https:\/\/valitec.co\/sitioweb\/wp-content\/uploads\/2023\/03\/sotax-5-300x200.jpg\" class=\"attachment-medium size-medium wp-image-2268\" alt=\"\" srcset=\"https:\/\/valitec.co\/sitioweb\/wp-content\/uploads\/2023\/03\/sotax-5-300x200.jpg 300w, https:\/\/valitec.co\/sitioweb\/wp-content\/uploads\/2023\/03\/sotax-5-81x54.jpg 81w, https:\/\/valitec.co\/sitioweb\/wp-content\/uploads\/2023\/03\/sotax-5.jpg 500w\" sizes=\"(max-width: 300px) 100vw, 300px\" \/>\t\t\t\t\t\t\t\t\t\t\t\t\t\t\t<\/div>\n\t\t\t\t<\/div>\n\t\t\t\t\t<\/div>\n\t\t<\/div>\n\t\t\t\t\t<\/div>\n\t\t<\/section>\n\t\t\t\t<\/div>\n\t\t","protected":false},"excerpt":{"rendered":"<p>Compatibles con Sotax EJES DE CANASTILLA SOTAX&nbsp;Los ejes de cesta equivalentes para m\u00e1quinas Sotax se serializan individualmente con el n\u00famero de serie impreso con l\u00e1ser en el eje para fines de mantenimiento de registros.&nbsp;Los ejes de la canastilla cumplen con las especificaciones de la USP que requieren tres clips de resorte de retenci\u00f3n para el<\/p>\n<div class=\"klb-readmore\"><a class=\"c-btn\" href=\"https:\/\/valitec.co\/sitioweb\/ejes-de-canastilla-sotax\/\">Read More <i class=\"far fa-plus\"><\/i><\/a><\/div>\n","protected":false},"author":1,"featured_media":0,"parent":0,"menu_order":0,"comment_status":"closed","ping_status":"closed","template":"","meta":{"_eb_attr":"","footnotes":""},"class_list":["post-2262","page","type-page","status-publish","hentry"],"_links":{"self":[{"href":"https:\/\/valitec.co\/sitioweb\/wp-json\/wp\/v2\/pages\/2262","targetHints":{"allow":["GET"]}}],"collection":[{"href":"https:\/\/valitec.co\/sitioweb\/wp-json\/wp\/v2\/pages"}],"about":[{"href":"https:\/\/valitec.co\/sitioweb\/wp-json\/wp\/v2\/types\/page"}],"author":[{"embeddable":true,"href":"https:\/\/valitec.co\/sitioweb\/wp-json\/wp\/v2\/users\/1"}],"replies":[{"embeddable":true,"href":"https:\/\/valitec.co\/sitioweb\/wp-json\/wp\/v2\/comments?post=2262"}],"version-history":[{"count":5,"href":"https:\/\/valitec.co\/sitioweb\/wp-json\/wp\/v2\/pages\/2262\/revisions"}],"predecessor-version":[{"id":2272,"href":"https:\/\/valitec.co\/sitioweb\/wp-json\/wp\/v2\/pages\/2262\/revisions\/2272"}],"wp:attachment":[{"href":"https:\/\/valitec.co\/sitioweb\/wp-json\/wp\/v2\/media?parent=2262"}],"curies":[{"name":"wp","href":"https:\/\/api.w.org\/{rel}","templated":true}]}}