{"id":2216,"date":"2023-03-01T19:20:31","date_gmt":"2023-03-01T19:20:31","guid":{"rendered":"https:\/\/valitec.co\/sitioweb\/?page_id=2216"},"modified":"2023-03-01T19:34:33","modified_gmt":"2023-03-01T19:34:33","slug":"ejes-de-cesta-electrolab","status":"publish","type":"page","link":"https:\/\/valitec.co\/sitioweb\/ejes-de-cesta-electrolab\/","title":{"rendered":"Ejes de cesta Electrolab"},"content":{"rendered":"\t\t<div data-elementor-type=\"wp-page\" data-elementor-id=\"2216\" class=\"elementor elementor-2216\" data-elementor-post-type=\"page\">\n\t\t\t\t\t\t<section class=\"elementor-section elementor-top-section elementor-element elementor-element-1e10d89 elementor-section-boxed elementor-section-height-default elementor-section-height-default\" data-id=\"1e10d89\" data-element_type=\"section\" data-e-type=\"section\">\n\t\t\t\t\t\t<div class=\"elementor-container elementor-column-gap-default\">\n\t\t\t\t\t<div class=\"elementor-column elementor-col-100 elementor-top-column elementor-element elementor-element-6e30ee9\" data-id=\"6e30ee9\" data-element_type=\"column\" data-e-type=\"column\">\n\t\t\t<div class=\"elementor-widget-wrap elementor-element-populated\">\n\t\t\t\t\t\t<div class=\"elementor-element elementor-element-b9937af elementor-position-top elementor-widget elementor-widget-image-box\" data-id=\"b9937af\" data-element_type=\"widget\" data-e-type=\"widget\" data-settings=\"{&quot;motion_fx_motion_fx_mouse&quot;:&quot;yes&quot;,&quot;motion_fx_tilt_effect&quot;:&quot;yes&quot;,&quot;motion_fx_tilt_direction&quot;:&quot;negative&quot;,&quot;motion_fx_tilt_speed&quot;:{&quot;unit&quot;:&quot;px&quot;,&quot;size&quot;:5.5,&quot;sizes&quot;:[]}}\" data-widget_type=\"image-box.default\">\n\t\t\t\t<div class=\"elementor-widget-container\">\n\t\t\t\t\t<div class=\"elementor-image-box-wrapper\"><figure class=\"elementor-image-box-img\"><img fetchpriority=\"high\" decoding=\"async\" width=\"500\" height=\"333\" src=\"https:\/\/valitec.co\/sitioweb\/wp-content\/uploads\/2023\/03\/eje-de-cesta-3.jpg\" class=\"attachment-full size-full wp-image-2208\" alt=\"\" srcset=\"https:\/\/valitec.co\/sitioweb\/wp-content\/uploads\/2023\/03\/eje-de-cesta-3.jpg 500w, https:\/\/valitec.co\/sitioweb\/wp-content\/uploads\/2023\/03\/eje-de-cesta-3-300x200.jpg 300w, https:\/\/valitec.co\/sitioweb\/wp-content\/uploads\/2023\/03\/eje-de-cesta-3-81x54.jpg 81w\" sizes=\"(max-width: 500px) 100vw, 500px\" \/><\/figure><div class=\"elementor-image-box-content\"><h3 class=\"elementor-image-box-title\">Compatibles con Electrolab<\/h3><\/div><\/div>\t\t\t\t<\/div>\n\t\t\t\t<\/div>\n\t\t\t\t\t<\/div>\n\t\t<\/div>\n\t\t\t\t\t<\/div>\n\t\t<\/section>\n\t\t\t\t<section class=\"elementor-section elementor-top-section elementor-element elementor-element-02f78ad elementor-section-boxed elementor-section-height-default elementor-section-height-default\" data-id=\"02f78ad\" data-element_type=\"section\" data-e-type=\"section\">\n\t\t\t\t\t\t<div class=\"elementor-container elementor-column-gap-default\">\n\t\t\t\t\t<div class=\"elementor-column elementor-col-100 elementor-top-column elementor-element elementor-element-c9337e8\" data-id=\"c9337e8\" data-element_type=\"column\" data-e-type=\"column\">\n\t\t\t<div class=\"elementor-widget-wrap elementor-element-populated\">\n\t\t\t\t\t\t<div class=\"elementor-element elementor-element-685889f elementor-widget elementor-widget-spacer\" data-id=\"685889f\" data-element_type=\"widget\" data-e-type=\"widget\" data-widget_type=\"spacer.default\">\n\t\t\t\t<div class=\"elementor-widget-container\">\n\t\t\t\t\t\t\t<div class=\"elementor-spacer\">\n\t\t\t<div class=\"elementor-spacer-inner\"><\/div>\n\t\t<\/div>\n\t\t\t\t\t\t<\/div>\n\t\t\t\t<\/div>\n\t\t\t\t\t<\/div>\n\t\t<\/div>\n\t\t\t\t\t<\/div>\n\t\t<\/section>\n\t\t\t\t<section class=\"elementor-section elementor-top-section elementor-element elementor-element-13d7ee8 elementor-section-boxed elementor-section-height-default elementor-section-height-default\" data-id=\"13d7ee8\" data-element_type=\"section\" data-e-type=\"section\">\n\t\t\t\t\t\t<div class=\"elementor-container elementor-column-gap-default\">\n\t\t\t\t\t<div class=\"elementor-column elementor-col-100 elementor-top-column elementor-element elementor-element-9cf345c\" data-id=\"9cf345c\" data-element_type=\"column\" data-e-type=\"column\">\n\t\t\t<div class=\"elementor-widget-wrap elementor-element-populated\">\n\t\t\t\t\t\t<div class=\"elementor-element elementor-element-dc9f8a8 elementor-widget elementor-widget-text-editor\" data-id=\"dc9f8a8\" data-element_type=\"widget\" data-e-type=\"widget\" data-widget_type=\"text-editor.default\">\n\t\t\t\t<div class=\"elementor-widget-container\">\n\t\t\t\t\t\t\t\t\t<p><strong><span>EJES DE CANASTILLA ELECTROLAB<\/span><\/strong><span> Los ejes de canastilla equivalentes para m\u00e1quinas Electrolab se serializan individualmente con el n\u00famero de serie impreso con l\u00e1ser en el eje para fines de mantenimiento de registros. Los ejes de la canastilla cumplen con las especificaciones de la USP que requieren tres clips de resorte de retenci\u00f3n para el Aparato 1 o el estilo de empuje de junta t\u00f3rica. Los ejes se fabrican de acuerdo con las especificaciones de Electrolab y est\u00e1n electropulidos est\u00e1ndar, pero tambi\u00e9n est\u00e1n disponibles con diferentes tipos de recubrimientos.<\/span><\/p>\t\t\t\t\t\t\t\t<\/div>\n\t\t\t\t<\/div>\n\t\t\t\t\t<\/div>\n\t\t<\/div>\n\t\t\t\t\t<\/div>\n\t\t<\/section>\n\t\t\t\t<section class=\"elementor-section elementor-top-section elementor-element elementor-element-546e431 elementor-section-boxed elementor-section-height-default elementor-section-height-default\" data-id=\"546e431\" data-element_type=\"section\" data-e-type=\"section\">\n\t\t\t\t\t\t<div class=\"elementor-container elementor-column-gap-default\">\n\t\t\t\t\t<div class=\"elementor-column elementor-col-100 elementor-top-column elementor-element elementor-element-13aa3b3\" data-id=\"13aa3b3\" data-element_type=\"column\" data-e-type=\"column\">\n\t\t\t<div class=\"elementor-widget-wrap elementor-element-populated\">\n\t\t\t\t\t\t<div class=\"elementor-element elementor-element-55ad80e elementor-widget elementor-widget-spacer\" data-id=\"55ad80e\" data-element_type=\"widget\" data-e-type=\"widget\" data-widget_type=\"spacer.default\">\n\t\t\t\t<div class=\"elementor-widget-container\">\n\t\t\t\t\t\t\t<div class=\"elementor-spacer\">\n\t\t\t<div class=\"elementor-spacer-inner\"><\/div>\n\t\t<\/div>\n\t\t\t\t\t\t<\/div>\n\t\t\t\t<\/div>\n\t\t\t\t\t<\/div>\n\t\t<\/div>\n\t\t\t\t\t<\/div>\n\t\t<\/section>\n\t\t\t\t<section class=\"elementor-section elementor-top-section elementor-element elementor-element-315d348 elementor-section-boxed elementor-section-height-default elementor-section-height-default\" data-id=\"315d348\" data-element_type=\"section\" data-e-type=\"section\">\n\t\t\t\t\t\t<div class=\"elementor-container elementor-column-gap-default\">\n\t\t\t\t\t<div class=\"elementor-column elementor-col-33 elementor-top-column elementor-element elementor-element-9f071bf\" data-id=\"9f071bf\" data-element_type=\"column\" data-e-type=\"column\">\n\t\t\t<div class=\"elementor-widget-wrap elementor-element-populated\">\n\t\t\t\t\t\t<div class=\"elementor-element elementor-element-9d694de elementor-widget elementor-widget-text-editor\" data-id=\"9d694de\" data-element_type=\"widget\" data-e-type=\"widget\" data-widget_type=\"text-editor.default\">\n\t\t\t\t<div class=\"elementor-widget-container\">\n\t\t\t\t\t\t\t\t\t<p><strong><span>PSBSDRNG-EL<\/span><br \/><span>Eje de canasta estilo junta t\u00f3rica de 16&#8243; para Electrolab<\/span><\/strong><br \/><br \/><\/p><table id=\"kenmerktable\"><tbody><tr><td><strong><span>N\u00famero de producto \u00a0 \u00a0<\/span><\/strong><\/td><td><span>PSBSDRNG-EL<\/span><\/td><\/tr><tr><td><strong><span>Referencia OEM \u00a0 \u00a0<\/span><\/strong><\/td><td><span>0103A00066<\/span><\/td><\/tr><tr><td><strong><span>OEM \u00a0 \u00a0<\/span><\/strong><\/td><td><span>electrolab<\/span><\/td><\/tr><tr><td><strong><span>Material \u00a0 \u00a0<\/span><\/strong><\/td><td><span>Acero inoxidable 316<\/span><\/td><\/tr><tr><td><strong><span>Tama\u00f1o \u00a0 \u00a0<\/span><\/strong><\/td><td><span>16 pulgadas<\/span><\/td><\/tr><tr><td><strong><span>junta t\u00f3rica \u00a0 \u00a0<\/span><\/strong><\/td><td><span>S\u00ed<\/span><\/td><\/tr><\/tbody><\/table><p><br \/><br \/><\/p>\t\t\t\t\t\t\t\t<\/div>\n\t\t\t\t<\/div>\n\t\t\t\t\t<\/div>\n\t\t<\/div>\n\t\t\t\t<div class=\"elementor-column elementor-col-33 elementor-top-column elementor-element elementor-element-c9a39f0\" data-id=\"c9a39f0\" data-element_type=\"column\" data-e-type=\"column\">\n\t\t\t<div class=\"elementor-widget-wrap elementor-element-populated\">\n\t\t\t\t\t\t<div class=\"elementor-element elementor-element-22cae86 elementor-widget elementor-widget-text-editor\" data-id=\"22cae86\" data-element_type=\"widget\" data-e-type=\"widget\" data-widget_type=\"text-editor.default\">\n\t\t\t\t<div class=\"elementor-widget-container\">\n\t\t\t\t\t\t\t\t\t<p><strong><span>PSBSKSHT16-EL<\/span><br \/><span>Eje de canasta estilo clip de resorte de 16&#8243; para Electrolab<\/span><\/strong><br \/><br \/><\/p><table id=\"kenmerktable\"><tbody><tr><td><strong><span>N\u00famero de producto \u00a0 \u00a0<\/span><\/strong><\/td><td><span>PSBSKSHT16-EL<\/span><\/td><\/tr><tr><td><strong><span>Referencia OEM \u00a0 \u00a0<\/span><\/strong><\/td><td><span>Accesorios de disoluci\u00f3n producto innovado<\/span><\/td><\/tr><tr><td><strong><span>OEM \u00a0 \u00a0<\/span><\/strong><\/td><td><span>electrolab<\/span><\/td><\/tr><tr><td><strong><span>Material \u00a0 \u00a0<\/span><\/strong><\/td><td><span>Acero inoxidable 316<\/span><\/td><\/tr><tr><td><strong><span>Tama\u00f1o \u00a0 \u00a0<\/span><\/strong><\/td><td><span>16 pulgadas<\/span><\/td><\/tr><tr><td><strong><span>Clip de resorte \u00a0 \u00a0<\/span><\/strong><\/td><td><span>S\u00ed<\/span><\/td><\/tr><\/tbody><\/table>\t\t\t\t\t\t\t\t<\/div>\n\t\t\t\t<\/div>\n\t\t\t\t\t<\/div>\n\t\t<\/div>\n\t\t\t\t<div class=\"elementor-column elementor-col-33 elementor-top-column elementor-element elementor-element-0d1600a\" data-id=\"0d1600a\" data-element_type=\"column\" data-e-type=\"column\">\n\t\t\t<div class=\"elementor-widget-wrap elementor-element-populated\">\n\t\t\t\t\t\t<div class=\"elementor-element elementor-element-ee0bf9b elementor-widget elementor-widget-text-editor\" data-id=\"ee0bf9b\" data-element_type=\"widget\" data-e-type=\"widget\" data-widget_type=\"text-editor.default\">\n\t\t\t\t<div class=\"elementor-widget-container\">\n\t\t\t\t\t\t\t\t\t<p><strong><span>PSBSKSHT16-ELG<\/span><br \/><span>Eje de canasta estilo clip de resorte chapado en oro de 16&#8243; Electrolab<\/span><\/strong><br \/><br \/><\/p><table id=\"kenmerktable\"><tbody><tr><td><strong><span>N\u00famero de producto \u00a0 \u00a0<\/span><\/strong><\/td><td><span>PSBSKSHT16-ELG<\/span><\/td><\/tr><tr><td><strong><span>Referencia OEM \u00a0 \u00a0<\/span><\/strong><\/td><td><span>Accesorios de disoluci\u00f3n producto innovado<\/span><\/td><\/tr><tr><td><strong><span>OEM \u00a0 \u00a0<\/span><\/strong><\/td><td><span>electrolab<\/span><\/td><\/tr><tr><td><strong><span>Material \u00a0 \u00a0<\/span><\/strong><\/td><td><span>Acero inoxidable 316<\/span><\/td><\/tr><tr><td><strong><span>Revestimiento \u00a0 \u00a0<\/span><\/strong><\/td><td><span>Oro<\/span><\/td><\/tr><tr><td><strong><span>Tama\u00f1o \u00a0 \u00a0<\/span><\/strong><\/td><td><span>16 pulgadas<\/span><\/td><\/tr><tr><td><strong><span>Clip de resorte \u00a0 \u00a0<\/span><\/strong><\/td><td><span>S\u00ed<\/span><\/td><\/tr><\/tbody><\/table>\t\t\t\t\t\t\t\t<\/div>\n\t\t\t\t<\/div>\n\t\t\t\t\t<\/div>\n\t\t<\/div>\n\t\t\t\t\t<\/div>\n\t\t<\/section>\n\t\t\t\t<section class=\"elementor-section elementor-top-section elementor-element elementor-element-3ac94c5 elementor-section-boxed elementor-section-height-default elementor-section-height-default\" data-id=\"3ac94c5\" data-element_type=\"section\" data-e-type=\"section\">\n\t\t\t\t\t\t<div class=\"elementor-container elementor-column-gap-default\">\n\t\t\t\t\t<div class=\"elementor-column elementor-col-33 elementor-top-column elementor-element elementor-element-df1d60f\" data-id=\"df1d60f\" data-element_type=\"column\" data-e-type=\"column\">\n\t\t\t<div class=\"elementor-widget-wrap elementor-element-populated\">\n\t\t\t\t\t\t<div class=\"elementor-element elementor-element-83a24f6 elementor-widget elementor-widget-image\" data-id=\"83a24f6\" data-element_type=\"widget\" data-e-type=\"widget\" data-widget_type=\"image.default\">\n\t\t\t\t<div class=\"elementor-widget-container\">\n\t\t\t\t\t\t\t\t\t\t\t\t\t\t\t<img decoding=\"async\" width=\"500\" height=\"333\" src=\"https:\/\/valitec.co\/sitioweb\/wp-content\/uploads\/2023\/03\/distek-2.jpg\" class=\"attachment-large size-large wp-image-2207\" alt=\"\" srcset=\"https:\/\/valitec.co\/sitioweb\/wp-content\/uploads\/2023\/03\/distek-2.jpg 500w, https:\/\/valitec.co\/sitioweb\/wp-content\/uploads\/2023\/03\/distek-2-300x200.jpg 300w, https:\/\/valitec.co\/sitioweb\/wp-content\/uploads\/2023\/03\/distek-2-81x54.jpg 81w\" sizes=\"(max-width: 500px) 100vw, 500px\" \/>\t\t\t\t\t\t\t\t\t\t\t\t\t\t\t<\/div>\n\t\t\t\t<\/div>\n\t\t\t\t\t<\/div>\n\t\t<\/div>\n\t\t\t\t<div class=\"elementor-column elementor-col-33 elementor-top-column elementor-element elementor-element-175169c\" data-id=\"175169c\" data-element_type=\"column\" data-e-type=\"column\">\n\t\t\t<div class=\"elementor-widget-wrap elementor-element-populated\">\n\t\t\t\t\t\t<div class=\"elementor-element elementor-element-4acae57 elementor-widget elementor-widget-image\" data-id=\"4acae57\" data-element_type=\"widget\" data-e-type=\"widget\" data-widget_type=\"image.default\">\n\t\t\t\t<div class=\"elementor-widget-container\">\n\t\t\t\t\t\t\t\t\t\t\t\t\t\t\t<img decoding=\"async\" width=\"500\" height=\"333\" src=\"https:\/\/valitec.co\/sitioweb\/wp-content\/uploads\/2023\/03\/EJE-DE-CANASTILLA.jpg\" class=\"attachment-large size-large wp-image-2191\" alt=\"\" srcset=\"https:\/\/valitec.co\/sitioweb\/wp-content\/uploads\/2023\/03\/EJE-DE-CANASTILLA.jpg 500w, https:\/\/valitec.co\/sitioweb\/wp-content\/uploads\/2023\/03\/EJE-DE-CANASTILLA-300x200.jpg 300w, https:\/\/valitec.co\/sitioweb\/wp-content\/uploads\/2023\/03\/EJE-DE-CANASTILLA-81x54.jpg 81w\" sizes=\"(max-width: 500px) 100vw, 500px\" \/>\t\t\t\t\t\t\t\t\t\t\t\t\t\t\t<\/div>\n\t\t\t\t<\/div>\n\t\t\t\t\t<\/div>\n\t\t<\/div>\n\t\t\t\t<div class=\"elementor-column elementor-col-33 elementor-top-column elementor-element elementor-element-ae1edf2\" data-id=\"ae1edf2\" data-element_type=\"column\" data-e-type=\"column\">\n\t\t\t<div class=\"elementor-widget-wrap elementor-element-populated\">\n\t\t\t\t\t\t<div class=\"elementor-element elementor-element-2124449 elementor-widget elementor-widget-image\" data-id=\"2124449\" data-element_type=\"widget\" data-e-type=\"widget\" data-widget_type=\"image.default\">\n\t\t\t\t<div class=\"elementor-widget-container\">\n\t\t\t\t\t\t\t\t\t\t\t\t\t\t\t<img loading=\"lazy\" decoding=\"async\" width=\"500\" height=\"333\" src=\"https:\/\/valitec.co\/sitioweb\/wp-content\/uploads\/2023\/03\/eje-canastilla-3.jpg\" class=\"attachment-large size-large wp-image-2198\" alt=\"\" srcset=\"https:\/\/valitec.co\/sitioweb\/wp-content\/uploads\/2023\/03\/eje-canastilla-3.jpg 500w, https:\/\/valitec.co\/sitioweb\/wp-content\/uploads\/2023\/03\/eje-canastilla-3-300x200.jpg 300w, https:\/\/valitec.co\/sitioweb\/wp-content\/uploads\/2023\/03\/eje-canastilla-3-81x54.jpg 81w\" sizes=\"(max-width: 500px) 100vw, 500px\" \/>\t\t\t\t\t\t\t\t\t\t\t\t\t\t\t<\/div>\n\t\t\t\t<\/div>\n\t\t\t\t\t<\/div>\n\t\t<\/div>\n\t\t\t\t\t<\/div>\n\t\t<\/section>\n\t\t\t\t<\/div>\n\t\t","protected":false},"excerpt":{"rendered":"<p>Compatibles con Electrolab EJES DE CANASTILLA ELECTROLAB Los ejes de canastilla equivalentes para m\u00e1quinas Electrolab se serializan individualmente con el n\u00famero de serie impreso con l\u00e1ser en el eje para fines de mantenimiento de registros. Los ejes de la canastilla cumplen con las especificaciones de la USP que requieren tres clips de resorte de retenci\u00f3n<\/p>\n<div class=\"klb-readmore\"><a class=\"c-btn\" href=\"https:\/\/valitec.co\/sitioweb\/ejes-de-cesta-electrolab\/\">Read More <i class=\"far fa-plus\"><\/i><\/a><\/div>\n","protected":false},"author":1,"featured_media":0,"parent":0,"menu_order":0,"comment_status":"closed","ping_status":"closed","template":"","meta":{"_eb_attr":"","footnotes":""},"class_list":["post-2216","page","type-page","status-publish","hentry"],"_links":{"self":[{"href":"https:\/\/valitec.co\/sitioweb\/wp-json\/wp\/v2\/pages\/2216","targetHints":{"allow":["GET"]}}],"collection":[{"href":"https:\/\/valitec.co\/sitioweb\/wp-json\/wp\/v2\/pages"}],"about":[{"href":"https:\/\/valitec.co\/sitioweb\/wp-json\/wp\/v2\/types\/page"}],"author":[{"embeddable":true,"href":"https:\/\/valitec.co\/sitioweb\/wp-json\/wp\/v2\/users\/1"}],"replies":[{"embeddable":true,"href":"https:\/\/valitec.co\/sitioweb\/wp-json\/wp\/v2\/comments?post=2216"}],"version-history":[{"count":5,"href":"https:\/\/valitec.co\/sitioweb\/wp-json\/wp\/v2\/pages\/2216\/revisions"}],"predecessor-version":[{"id":2221,"href":"https:\/\/valitec.co\/sitioweb\/wp-json\/wp\/v2\/pages\/2216\/revisions\/2221"}],"wp:attachment":[{"href":"https:\/\/valitec.co\/sitioweb\/wp-json\/wp\/v2\/media?parent=2216"}],"curies":[{"name":"wp","href":"https:\/\/api.w.org\/{rel}","templated":true}]}}