{"id":2158,"date":"2023-03-01T15:57:00","date_gmt":"2023-03-01T15:57:00","guid":{"rendered":"https:\/\/valitec.co\/sitioweb\/?page_id=2158"},"modified":"2025-07-17T01:36:08","modified_gmt":"2025-07-17T01:36:08","slug":"acceso","status":"publish","type":"page","link":"https:\/\/valitec.co\/sitioweb\/acceso\/","title":{"rendered":"Accesorios para canastillas de disoluci\u00f3n\u00a0"},"content":{"rendered":"<figure><img loading=\"lazy\" decoding=\"async\" width=\"500\" height=\"333\" src=\"https:\/\/valitec.co\/sitioweb\/wp-content\/uploads\/2023\/03\/acceesorio-3.jpg\" alt=\"\" loading=\"lazy\"><\/figure>\n<h3>Accesorios para canastillas<\/h3>\n<p><strong>Accesorios para canastillas <\/strong>&nbsp;Los accesorios para disoluci\u00f3n proporcionan soluciones para clientes de todo el mundo.&nbsp;Ya sea que se trate de almacenar canastas, verificarlas con los est\u00e1ndares de USP o adjuntarlas a un eje de canasta.<\/p>\n<p><strong>PSBSKHLD-06<br \/>\nPortacestas de 6 posiciones<\/strong><\/p>\n<table id=\"kenmerktable\">\n<tbody>\n<tr>\n<td><strong>N\u00famero de producto &nbsp; &nbsp;<\/strong><\/td>\n<td>PSBSKHLD-06<\/td>\n<\/tr>\n<\/tbody>\n<\/table>\n<p>Caracter\u00edsticas clave:<\/p>\n<ul>\n<li>Compatible con todos los tipos populares (Agilent, Caleva, Distek, Erweka, Hanson, Pharmatest, Sotax, VanKel, Zymark)<\/li>\n<li>Las juntas t\u00f3ricas aseguran que las cestas se sujeten firmemente al soporte.<\/li>\n<li>Almacena hasta 12 cestas.<\/li>\n<li>Totalmente apilable, lo que le permite transportar muchas cestas a la vez.<\/li>\n<li>Bajo costo: \u00a1se paga solo al evitar da\u00f1os en una sola canasta!<\/li>\n<li>Hecho de nailon duradero.<\/li>\n<\/ul>\n<p><strong>PSBSKHLD-12<br \/>\nPortacestas de 12 posiciones<\/strong><\/p>\n<table id=\"kenmerktable\">\n<tbody>\n<tr>\n<td><strong>N\u00famero de producto &nbsp; &nbsp;<\/strong><\/td>\n<td>PSBSKHLD-12<\/td>\n<\/tr>\n<tr>\n<td><strong>OEM &nbsp; &nbsp;<\/strong><\/td>\n<td>Universal<\/td>\n<\/tr>\n<\/tbody>\n<\/table>\n<p>Caracter\u00edsticas clave:<\/p>\n<ul>\n<li>Compatible con todos los tipos populares (Agilent, Caleva, Distek, Erweka, Hanson, Pharmatest, Sotax, VanKel, Zymark)<\/li>\n<li>Las juntas t\u00f3ricas aseguran que las cestas se sujeten firmemente al soporte.<\/li>\n<li>Almacena hasta 12 cestas.<\/li>\n<li>Totalmente apilable, lo que le permite transportar muchas cestas a la vez.<\/li>\n<li>Bajo costo: \u00a1se paga solo al evitar da\u00f1os en una sola canasta!<\/li>\n<li>Hecho de aluminio duradero.<\/li>\n<\/ul>\n<p><strong>PSBSKTOOL<br \/>\nHerramienta para fijar cestas a ejes<\/strong><\/p>\n<table id=\"kenmerktable\">\n<tbody>\n<tr>\n<td><strong>N\u00famero de producto &nbsp; &nbsp;<\/strong><\/td>\n<td>PSBSKTOOL<\/td>\n<\/tr>\n<\/tbody>\n<\/table>\n<p>Prevenga abolladuras y otras formas de da\u00f1o a sus canastas.&nbsp;Montaje y desmontaje f\u00e1cil de las cestas en sus ejes.<\/p>\n<p><strong>PSGNGBSK-UN<br \/>\nMedidor Go-NoGo para aparato USP 1<\/strong><\/p>\n<table id=\"kenmerktable\">\n<tbody>\n<tr>\n<td><strong>N\u00famero de producto &nbsp; &nbsp;<\/strong><\/td>\n<td>PSGNGBSK-ONU<\/td>\n<\/tr>\n<tr>\n<td><strong>OEM &nbsp; &nbsp;<\/strong><\/td>\n<td>Universal<\/td>\n<\/tr>\n<\/tbody>\n<\/table>\n<p>Un dispositivo sencillo, rentable y que ahorra tiempo para comprobar las dimensiones de una cesta.<\/p>\n<p><img loading=\"lazy\" decoding=\"async\" width=\"150\" height=\"150\" src=\"https:\/\/valitec.co\/sitioweb\/wp-content\/uploads\/2023\/03\/acceesorio-3-150x150.jpg\" alt=\"\" loading=\"lazy\" srcset=\"https:\/\/valitec.co\/sitioweb\/wp-content\/uploads\/2023\/03\/acceesorio-3-150x150.jpg 150w, https:\/\/valitec.co\/sitioweb\/wp-content\/uploads\/2023\/03\/acceesorio-3-90x90.jpg 90w\" sizes=\"auto, (max-width: 150px) 100vw, 150px\"><br \/>\n<img loading=\"lazy\" decoding=\"async\" width=\"150\" height=\"150\" src=\"https:\/\/valitec.co\/sitioweb\/wp-content\/uploads\/2023\/03\/accesorio-1-150x150.jpg\" alt=\"\" loading=\"lazy\" srcset=\"https:\/\/valitec.co\/sitioweb\/wp-content\/uploads\/2023\/03\/accesorio-1-150x150.jpg 150w, https:\/\/valitec.co\/sitioweb\/wp-content\/uploads\/2023\/03\/accesorio-1-90x90.jpg 90w\" sizes=\"auto, (max-width: 150px) 100vw, 150px\"><br \/>\n<img loading=\"lazy\" decoding=\"async\" width=\"150\" height=\"150\" src=\"https:\/\/valitec.co\/sitioweb\/wp-content\/uploads\/2023\/03\/Accesorio-4-150x150.jpg\" alt=\"\" loading=\"lazy\" srcset=\"https:\/\/valitec.co\/sitioweb\/wp-content\/uploads\/2023\/03\/Accesorio-4-150x150.jpg 150w, https:\/\/valitec.co\/sitioweb\/wp-content\/uploads\/2023\/03\/Accesorio-4-90x90.jpg 90w\" sizes=\"auto, (max-width: 150px) 100vw, 150px\"><br \/>\n<img loading=\"lazy\" decoding=\"async\" width=\"150\" height=\"150\" src=\"https:\/\/valitec.co\/sitioweb\/wp-content\/uploads\/2023\/03\/accecsorios-para-canastillas-150x150.jpg\" alt=\"\" loading=\"lazy\" srcset=\"https:\/\/valitec.co\/sitioweb\/wp-content\/uploads\/2023\/03\/accecsorios-para-canastillas-150x150.jpg 150w, https:\/\/valitec.co\/sitioweb\/wp-content\/uploads\/2023\/03\/accecsorios-para-canastillas-90x90.jpg 90w\" sizes=\"auto, (max-width: 150px) 100vw, 150px\"><\/p>\n","protected":false},"excerpt":{"rendered":"<p>Accesorios para canastillas Accesorios para canastillas &nbsp;Los accesorios para disoluci\u00f3n proporcionan soluciones para clientes de todo el mundo.&nbsp;Ya sea que se trate de almacenar canastas, verificarlas con los est\u00e1ndares de USP o adjuntarlas a un eje de canasta. PSBSKHLD-06 Portacestas de 6 posiciones N\u00famero de producto &nbsp; &nbsp; PSBSKHLD-06 Caracter\u00edsticas clave: Compatible con todos los<\/p>\n<div class=\"klb-readmore\"><a class=\"c-btn\" href=\"https:\/\/valitec.co\/sitioweb\/acceso\/\">Read More <i class=\"far fa-plus\"><\/i><\/a><\/div>\n","protected":false},"author":1,"featured_media":0,"parent":0,"menu_order":0,"comment_status":"closed","ping_status":"closed","template":"","meta":{"_eb_attr":"","footnotes":""},"class_list":["post-2158","page","type-page","status-publish","hentry"],"_links":{"self":[{"href":"https:\/\/valitec.co\/sitioweb\/wp-json\/wp\/v2\/pages\/2158","targetHints":{"allow":["GET"]}}],"collection":[{"href":"https:\/\/valitec.co\/sitioweb\/wp-json\/wp\/v2\/pages"}],"about":[{"href":"https:\/\/valitec.co\/sitioweb\/wp-json\/wp\/v2\/types\/page"}],"author":[{"embeddable":true,"href":"https:\/\/valitec.co\/sitioweb\/wp-json\/wp\/v2\/users\/1"}],"replies":[{"embeddable":true,"href":"https:\/\/valitec.co\/sitioweb\/wp-json\/wp\/v2\/comments?post=2158"}],"version-history":[{"count":6,"href":"https:\/\/valitec.co\/sitioweb\/wp-json\/wp\/v2\/pages\/2158\/revisions"}],"predecessor-version":[{"id":4775,"href":"https:\/\/valitec.co\/sitioweb\/wp-json\/wp\/v2\/pages\/2158\/revisions\/4775"}],"wp:attachment":[{"href":"https:\/\/valitec.co\/sitioweb\/wp-json\/wp\/v2\/media?parent=2158"}],"curies":[{"name":"wp","href":"https:\/\/api.w.org\/{rel}","templated":true}]}}