{"id":211,"date":"2020-10-03T17:18:39","date_gmt":"2020-10-03T17:18:39","guid":{"rendered":"http:\/\/klbtheme.com\/medibazar\/?page_id=211"},"modified":"2023-02-27T15:29:24","modified_gmt":"2023-02-27T15:29:24","slug":"about","status":"publish","type":"page","link":"https:\/\/valitec.co\/sitioweb\/about\/","title":{"rendered":"Valitec S.A."},"content":{"rendered":"\t\t<div data-elementor-type=\"wp-page\" data-elementor-id=\"211\" class=\"elementor elementor-211\" data-elementor-post-type=\"page\">\n\t\t\t\t\t\t<section class=\"elementor-section elementor-top-section elementor-element elementor-element-561f394 elementor-section-full_width elementor-section-height-default elementor-section-height-default\" data-id=\"561f394\" data-element_type=\"section\" data-e-type=\"section\">\n\t\t\t\t\t\t<div class=\"elementor-container elementor-column-gap-no\">\n\t\t\t\t\t<div class=\"elementor-column elementor-col-100 elementor-top-column elementor-element elementor-element-a322092\" data-id=\"a322092\" data-element_type=\"column\" data-e-type=\"column\">\n\t\t\t<div class=\"elementor-widget-wrap elementor-element-populated\">\n\t\t\t\t\t\t<div class=\"elementor-element elementor-element-c63c006 elementor-widget elementor-widget-medibazar-breadcrumb\" data-id=\"c63c006\" data-element_type=\"widget\" data-e-type=\"widget\" data-widget_type=\"medibazar-breadcrumb.default\">\n\t\t\t\t<div class=\"elementor-widget-container\">\n\t\t\t\t\t<div class=\"breadcrumb-area pt-125 pb-125\" style=\"background-image:url(https:\/\/valitec.co\/sitioweb\/wp-content\/uploads\/2022\/09\/worker-checking-archived-electronic-components-in-2022-03-08-00-22-06-utc-4.jpg)\"><div class=\"container\"><div class=\"klb-breadcrumb-wrapper\"><div class=\"row\"><div class=\"col-xl-12\"><div class=\"breadcrumb-text\"><h1>Sobre nosotros<\/h1><\/div><\/div><ul class=\"breadcrumb-menu\"><li><a  href=\"https:\/\/valitec.co\/sitioweb\" title=\"Home\" rel=\"bookmark\">Home<\/a> <\/li>  <\/ul><\/div><\/div><\/div><\/div>\t\t\t\t<\/div>\n\t\t\t\t<\/div>\n\t\t\t\t\t<\/div>\n\t\t<\/div>\n\t\t\t\t\t<\/div>\n\t\t<\/section>\n\t\t\t\t<section class=\"elementor-section elementor-top-section elementor-element elementor-element-f2b26de elementor-section-content-middle elementor-section-boxed elementor-section-height-default elementor-section-height-default\" data-id=\"f2b26de\" data-element_type=\"section\" data-e-type=\"section\">\n\t\t\t\t\t\t<div class=\"elementor-container elementor-column-gap-default\">\n\t\t\t\t\t<div class=\"elementor-column elementor-col-50 elementor-top-column elementor-element elementor-element-c1520ea\" data-id=\"c1520ea\" data-element_type=\"column\" data-e-type=\"column\">\n\t\t\t<div class=\"elementor-widget-wrap elementor-element-populated\">\n\t\t\t\t\t\t<div class=\"elementor-element elementor-element-cd4c8ac elementor-widget elementor-widget-text-editor\" data-id=\"cd4c8ac\" data-element_type=\"widget\" data-e-type=\"widget\" data-widget_type=\"text-editor.default\">\n\t\t\t\t<div class=\"elementor-widget-container\">\n\t\t\t\t\t\t\t\t\t<h2>La empresa<\/h2><p>\u00a0<\/p><p>Somos una compa\u00f1\u00eda creada con la finalidad de brindar soluciones en el sector farmac\u00e9utico por medio de la comercializaci\u00f3n de equipos, insumos y consumibles. Contamos con alianzas estrat\u00e9gicas que incluyen empresas nacionales e internacionales las cuales cumplen con los est\u00e1ndares de calidad y requerimientos que exigen los procesos anal\u00edticos e industriales en distintos \u00e1mbitos como: biotecnol\u00f3gico, cosm\u00e9tico, biom\u00e9dico, alimenticio e industrias afines.<\/p>\t\t\t\t\t\t\t\t<\/div>\n\t\t\t\t<\/div>\n\t\t\t\t\t<\/div>\n\t\t<\/div>\n\t\t\t\t<div class=\"elementor-column elementor-col-50 elementor-top-column elementor-element elementor-element-52beeb7\" data-id=\"52beeb7\" data-element_type=\"column\" data-e-type=\"column\">\n\t\t\t<div class=\"elementor-widget-wrap elementor-element-populated\">\n\t\t\t\t\t\t<div class=\"elementor-element elementor-element-6f3ea08 elementor-widget elementor-widget-image\" data-id=\"6f3ea08\" data-element_type=\"widget\" data-e-type=\"widget\" data-widget_type=\"image.default\">\n\t\t\t\t<div class=\"elementor-widget-container\">\n\t\t\t\t\t\t\t\t\t\t\t\t\t\t\t<img fetchpriority=\"high\" decoding=\"async\" width=\"773\" height=\"603\" src=\"https:\/\/valitec.co\/sitioweb\/wp-content\/uploads\/2022\/09\/using-laptop-for-working-in-laboratory-2021-09-01-00-19-41-utc-1.png\" class=\"attachment-large size-large wp-image-1305\" alt=\"\" srcset=\"https:\/\/valitec.co\/sitioweb\/wp-content\/uploads\/2022\/09\/using-laptop-for-working-in-laboratory-2021-09-01-00-19-41-utc-1.png 773w, https:\/\/valitec.co\/sitioweb\/wp-content\/uploads\/2022\/09\/using-laptop-for-working-in-laboratory-2021-09-01-00-19-41-utc-1-69x54.png 69w, https:\/\/valitec.co\/sitioweb\/wp-content\/uploads\/2022\/09\/using-laptop-for-working-in-laboratory-2021-09-01-00-19-41-utc-1-600x468.png 600w, https:\/\/valitec.co\/sitioweb\/wp-content\/uploads\/2022\/09\/using-laptop-for-working-in-laboratory-2021-09-01-00-19-41-utc-1-300x234.png 300w, https:\/\/valitec.co\/sitioweb\/wp-content\/uploads\/2022\/09\/using-laptop-for-working-in-laboratory-2021-09-01-00-19-41-utc-1-768x599.png 768w\" sizes=\"(max-width: 773px) 100vw, 773px\" \/>\t\t\t\t\t\t\t\t\t\t\t\t\t\t\t<\/div>\n\t\t\t\t<\/div>\n\t\t\t\t\t<\/div>\n\t\t<\/div>\n\t\t\t\t\t<\/div>\n\t\t<\/section>\n\t\t\t\t<\/div>\n\t\t","protected":false},"excerpt":{"rendered":"<p>Sobre nosotros Home La empresa \u00a0 Somos una compa\u00f1\u00eda creada con la finalidad de brindar soluciones en el sector farmac\u00e9utico por medio de la comercializaci\u00f3n de equipos, insumos y consumibles. Contamos con alianzas estrat\u00e9gicas que incluyen empresas nacionales e internacionales las cuales cumplen con los est\u00e1ndares de calidad y requerimientos que exigen los procesos anal\u00edticos<\/p>\n<div class=\"klb-readmore\"><a class=\"c-btn\" href=\"https:\/\/valitec.co\/sitioweb\/about\/\">Read More <i class=\"far fa-plus\"><\/i><\/a><\/div>\n","protected":false},"author":1,"featured_media":0,"parent":0,"menu_order":0,"comment_status":"closed","ping_status":"closed","template":"","meta":{"_eb_attr":"","footnotes":""},"class_list":["post-211","page","type-page","status-publish","hentry"],"_links":{"self":[{"href":"https:\/\/valitec.co\/sitioweb\/wp-json\/wp\/v2\/pages\/211","targetHints":{"allow":["GET"]}}],"collection":[{"href":"https:\/\/valitec.co\/sitioweb\/wp-json\/wp\/v2\/pages"}],"about":[{"href":"https:\/\/valitec.co\/sitioweb\/wp-json\/wp\/v2\/types\/page"}],"author":[{"embeddable":true,"href":"https:\/\/valitec.co\/sitioweb\/wp-json\/wp\/v2\/users\/1"}],"replies":[{"embeddable":true,"href":"https:\/\/valitec.co\/sitioweb\/wp-json\/wp\/v2\/comments?post=211"}],"version-history":[{"count":38,"href":"https:\/\/valitec.co\/sitioweb\/wp-json\/wp\/v2\/pages\/211\/revisions"}],"predecessor-version":[{"id":2001,"href":"https:\/\/valitec.co\/sitioweb\/wp-json\/wp\/v2\/pages\/211\/revisions\/2001"}],"wp:attachment":[{"href":"https:\/\/valitec.co\/sitioweb\/wp-json\/wp\/v2\/media?parent=211"}],"curies":[{"name":"wp","href":"https:\/\/api.w.org\/{rel}","templated":true}]}}