{"id":1908,"date":"2023-02-22T18:51:22","date_gmt":"2023-02-22T18:51:22","guid":{"rendered":"https:\/\/valitec.co\/sitioweb\/?page_id=1908"},"modified":"2025-07-17T03:53:04","modified_gmt":"2025-07-17T03:53:04","slug":"accesorios-de-disolucion","status":"publish","type":"page","link":"https:\/\/valitec.co\/sitioweb\/accesorios-de-disolucion\/","title":{"rendered":"Accesorios disoluci\u00f3n"},"content":{"rendered":"\t\t<div data-elementor-type=\"wp-page\" data-elementor-id=\"1908\" class=\"elementor elementor-1908\" data-elementor-post-type=\"page\">\n\t\t\t\t\t\t<section class=\"elementor-section elementor-top-section elementor-element elementor-element-e2308a3 elementor-section-boxed elementor-section-height-default elementor-section-height-default\" data-id=\"e2308a3\" data-element_type=\"section\" data-e-type=\"section\">\n\t\t\t\t\t\t<div class=\"elementor-container elementor-column-gap-default\">\n\t\t\t\t\t<div class=\"elementor-column elementor-col-100 elementor-top-column elementor-element elementor-element-8d0ddff\" data-id=\"8d0ddff\" data-element_type=\"column\" data-e-type=\"column\">\n\t\t\t<div class=\"elementor-widget-wrap elementor-element-populated\">\n\t\t\t\t\t\t<div class=\"elementor-element elementor-element-276bfad elementor-widget elementor-widget-spacer\" data-id=\"276bfad\" data-element_type=\"widget\" data-e-type=\"widget\" data-widget_type=\"spacer.default\">\n\t\t\t\t<div class=\"elementor-widget-container\">\n\t\t\t\t\t\t\t<div class=\"elementor-spacer\">\n\t\t\t<div class=\"elementor-spacer-inner\"><\/div>\n\t\t<\/div>\n\t\t\t\t\t\t<\/div>\n\t\t\t\t<\/div>\n\t\t\t\t\t<\/div>\n\t\t<\/div>\n\t\t\t\t\t<\/div>\n\t\t<\/section>\n\t\t\t\t<section class=\"elementor-section elementor-top-section elementor-element elementor-element-6540b50 elementor-section-boxed elementor-section-height-default elementor-section-height-default\" data-id=\"6540b50\" data-element_type=\"section\" data-e-type=\"section\">\n\t\t\t\t\t\t<div class=\"elementor-container elementor-column-gap-default\">\n\t\t\t\t\t<div class=\"elementor-column elementor-col-100 elementor-top-column elementor-element elementor-element-0a55309\" data-id=\"0a55309\" data-element_type=\"column\" data-e-type=\"column\">\n\t\t\t<div class=\"elementor-widget-wrap elementor-element-populated\">\n\t\t\t\t\t\t<div class=\"elementor-element elementor-element-3fb43a5 elementor-widget elementor-widget-medibazar-custom-title\" data-id=\"3fb43a5\" data-element_type=\"widget\" data-e-type=\"widget\" data-widget_type=\"medibazar-custom-title.default\">\n\t\t\t\t<div class=\"elementor-widget-container\">\n\t\t\t\t\t<div class=\"section-title text-center\"><h2>Accesorios para disoluci\u00f3n<\/h2><p><\/p><\/div>\t\t\t\t<\/div>\n\t\t\t\t<\/div>\n\t\t\t\t\t<\/div>\n\t\t<\/div>\n\t\t\t\t\t<\/div>\n\t\t<\/section>\n\t\t\t\t<section class=\"elementor-section elementor-top-section elementor-element elementor-element-660093b elementor-section-boxed elementor-section-height-default elementor-section-height-default\" data-id=\"660093b\" data-element_type=\"section\" data-e-type=\"section\">\n\t\t\t\t\t\t<div class=\"elementor-container elementor-column-gap-default\">\n\t\t\t\t\t<div class=\"elementor-column elementor-col-100 elementor-top-column elementor-element elementor-element-c5bab75\" data-id=\"c5bab75\" data-element_type=\"column\" data-e-type=\"column\">\n\t\t\t<div class=\"elementor-widget-wrap elementor-element-populated\">\n\t\t\t\t\t\t<div class=\"elementor-element elementor-element-8b731e6 elementor-widget elementor-widget-spacer\" data-id=\"8b731e6\" data-element_type=\"widget\" data-e-type=\"widget\" data-widget_type=\"spacer.default\">\n\t\t\t\t<div class=\"elementor-widget-container\">\n\t\t\t\t\t\t\t<div class=\"elementor-spacer\">\n\t\t\t<div class=\"elementor-spacer-inner\"><\/div>\n\t\t<\/div>\n\t\t\t\t\t\t<\/div>\n\t\t\t\t<\/div>\n\t\t\t\t\t<\/div>\n\t\t<\/div>\n\t\t\t\t\t<\/div>\n\t\t<\/section>\n\t\t\t\t<section class=\"elementor-section elementor-top-section elementor-element elementor-element-d46d78c elementor-section-boxed elementor-section-height-default elementor-section-height-default\" data-id=\"d46d78c\" data-element_type=\"section\" data-e-type=\"section\">\n\t\t\t\t\t\t<div class=\"elementor-container elementor-column-gap-default\">\n\t\t\t\t\t<div class=\"elementor-column elementor-col-25 elementor-top-column elementor-element elementor-element-6f28add\" data-id=\"6f28add\" data-element_type=\"column\" data-e-type=\"column\">\n\t\t\t<div class=\"elementor-widget-wrap elementor-element-populated\">\n\t\t\t\t\t\t<div class=\"elementor-element elementor-element-7750c67 elementor-widget elementor-widget-medibazar-image-box\" data-id=\"7750c67\" data-element_type=\"widget\" data-e-type=\"widget\" data-widget_type=\"medibazar-image-box.default\">\n\t\t\t\t<div class=\"elementor-widget-container\">\n\t\t\t\t\t<div class=\"feature-02-wrapper text-center\"><div class=\"p-feature-text\"><h3>Vasos<\/h3><div class=\"feature-02-icon\"><img decoding=\"async\" src=\"https:\/\/valitec.co\/sitioweb\/wp-content\/uploads\/2023\/02\/kg.jpg\" alt=\"\"><\/div><p><\/p><a href=\"https:\/\/valitec.co\/sitioweb\/v\/\" ><i class=\"fal fa-long-arrow-right\"><\/i><\/a><\/div><\/div>\t\t\t\t<\/div>\n\t\t\t\t<\/div>\n\t\t\t\t\t<\/div>\n\t\t<\/div>\n\t\t\t\t<div class=\"elementor-column elementor-col-25 elementor-top-column elementor-element elementor-element-f910b2d\" data-id=\"f910b2d\" data-element_type=\"column\" data-e-type=\"column\">\n\t\t\t<div class=\"elementor-widget-wrap elementor-element-populated\">\n\t\t\t\t\t\t<div class=\"elementor-element elementor-element-a5d63b0 elementor-widget elementor-widget-medibazar-image-box\" data-id=\"a5d63b0\" data-element_type=\"widget\" data-e-type=\"widget\" data-widget_type=\"medibazar-image-box.default\">\n\t\t\t\t<div class=\"elementor-widget-container\">\n\t\t\t\t\t<div class=\"feature-02-wrapper text-center\"><div class=\"p-feature-text\"><h3>Ejes para canastillas<\/h3><div class=\"feature-02-icon\"><img decoding=\"async\" src=\"https:\/\/valitec.co\/sitioweb\/wp-content\/uploads\/2023\/02\/EJE-DE-CANASTILLA.jpg\" alt=\"\"><\/div><p><\/p><a href=\"https:\/\/valitec.co\/sitioweb\/ejes-para-canastillas\/\" ><i class=\"fal fa-long-arrow-right\"><\/i><\/a><\/div><\/div>\t\t\t\t<\/div>\n\t\t\t\t<\/div>\n\t\t\t\t\t<\/div>\n\t\t<\/div>\n\t\t\t\t<div class=\"elementor-column elementor-col-25 elementor-top-column elementor-element elementor-element-fd4b579\" data-id=\"fd4b579\" data-element_type=\"column\" data-e-type=\"column\">\n\t\t\t<div class=\"elementor-widget-wrap elementor-element-populated\">\n\t\t\t\t\t\t<div class=\"elementor-element elementor-element-5ed52e7 elementor-widget elementor-widget-medibazar-image-box\" data-id=\"5ed52e7\" data-element_type=\"widget\" data-e-type=\"widget\" data-widget_type=\"medibazar-image-box.default\">\n\t\t\t\t<div class=\"elementor-widget-container\">\n\t\t\t\t\t<div class=\"feature-02-wrapper text-center\"><div class=\"p-feature-text\"><h3>Canastillas<\/h3><div class=\"feature-02-icon\"><img decoding=\"async\" src=\"https:\/\/valitec.co\/sitioweb\/wp-content\/uploads\/2023\/02\/accesorio-de-disolucio\u00b4n.jpg\" alt=\"\"><\/div><p><\/p><a href=\"https:\/\/valitec.co\/sitioweb\/canastillas\/\" ><i class=\"fal fa-long-arrow-right\"><\/i><\/a><\/div><\/div>\t\t\t\t<\/div>\n\t\t\t\t<\/div>\n\t\t\t\t\t<\/div>\n\t\t<\/div>\n\t\t\t\t<div class=\"elementor-column elementor-col-25 elementor-top-column elementor-element elementor-element-bb38536\" data-id=\"bb38536\" data-element_type=\"column\" data-e-type=\"column\">\n\t\t\t<div class=\"elementor-widget-wrap elementor-element-populated\">\n\t\t\t\t\t\t<div class=\"elementor-element elementor-element-e4de731 elementor-widget elementor-widget-medibazar-image-box\" data-id=\"e4de731\" data-element_type=\"widget\" data-e-type=\"widget\" data-widget_type=\"medibazar-image-box.default\">\n\t\t\t\t<div class=\"elementor-widget-container\">\n\t\t\t\t\t<div class=\"feature-02-wrapper text-center\"><div class=\"p-feature-text\"><h3>Espaciadores de altura y paletas de peque\u00f1o volumen<\/h3><div class=\"feature-02-icon\"><img decoding=\"async\" src=\"https:\/\/valitec.co\/sitioweb\/wp-content\/uploads\/2023\/02\/separador-paleta.jpg\" alt=\"\"><\/div><p><\/p><a href=\"\" ><i class=\"fal fa-long-arrow-right\"><\/i><\/a><\/div><\/div>\t\t\t\t<\/div>\n\t\t\t\t<\/div>\n\t\t\t\t\t<\/div>\n\t\t<\/div>\n\t\t\t\t\t<\/div>\n\t\t<\/section>\n\t\t\t\t<section class=\"elementor-section elementor-top-section elementor-element elementor-element-0abe7fa elementor-section-boxed elementor-section-height-default elementor-section-height-default\" data-id=\"0abe7fa\" data-element_type=\"section\" data-e-type=\"section\">\n\t\t\t\t\t\t<div class=\"elementor-container elementor-column-gap-default\">\n\t\t\t\t\t<div class=\"elementor-column elementor-col-25 elementor-top-column elementor-element elementor-element-ce5d58d\" data-id=\"ce5d58d\" data-element_type=\"column\" data-e-type=\"column\">\n\t\t\t<div class=\"elementor-widget-wrap elementor-element-populated\">\n\t\t\t\t\t\t<div class=\"elementor-element elementor-element-94a14e8 elementor-widget elementor-widget-medibazar-image-box\" data-id=\"94a14e8\" data-element_type=\"widget\" data-e-type=\"widget\" data-widget_type=\"medibazar-image-box.default\">\n\t\t\t\t<div class=\"elementor-widget-container\">\n\t\t\t\t\t<div class=\"feature-02-wrapper text-center\"><div class=\"p-feature-text\"><h3>C\u00e1nulas de muestreo<\/h3><div class=\"feature-02-icon\"><img decoding=\"async\" src=\"https:\/\/valitec.co\/sitioweb\/wp-content\/uploads\/2023\/03\/canula-11-2.jpg\" alt=\"\"><\/div><p><\/p><a href=\"https:\/\/valitec.co\/sitioweb\/canulas-de-muestreo\/\" ><i class=\"fal fa-long-arrow-right\"><\/i><\/a><\/div><\/div>\t\t\t\t<\/div>\n\t\t\t\t<\/div>\n\t\t\t\t\t<\/div>\n\t\t<\/div>\n\t\t\t\t<div class=\"elementor-column elementor-col-25 elementor-top-column elementor-element elementor-element-ab93188\" data-id=\"ab93188\" data-element_type=\"column\" data-e-type=\"column\">\n\t\t\t<div class=\"elementor-widget-wrap elementor-element-populated\">\n\t\t\t\t\t\t<div class=\"elementor-element elementor-element-4639df1 elementor-widget elementor-widget-medibazar-image-box\" data-id=\"4639df1\" data-element_type=\"widget\" data-e-type=\"widget\" data-widget_type=\"medibazar-image-box.default\">\n\t\t\t\t<div class=\"elementor-widget-container\">\n\t\t\t\t\t<div class=\"feature-02-wrapper text-center\"><div class=\"p-feature-text\"><h3>Espaciadores de altura y canastillas de peque\u00f1o volumen<\/h3><div class=\"feature-02-icon\"><img decoding=\"async\" src=\"https:\/\/valitec.co\/sitioweb\/wp-content\/uploads\/2023\/02\/espaciador.jpg\" alt=\"\"><\/div><p><\/p><a href=\"\" ><i class=\"fal fa-long-arrow-right\"><\/i><\/a><\/div><\/div>\t\t\t\t<\/div>\n\t\t\t\t<\/div>\n\t\t\t\t\t<\/div>\n\t\t<\/div>\n\t\t\t\t<div class=\"elementor-column elementor-col-25 elementor-top-column elementor-element elementor-element-068f306\" data-id=\"068f306\" data-element_type=\"column\" data-e-type=\"column\">\n\t\t\t<div class=\"elementor-widget-wrap elementor-element-populated\">\n\t\t\t\t\t\t<div class=\"elementor-element elementor-element-77ed75e elementor-widget elementor-widget-medibazar-image-box\" data-id=\"77ed75e\" data-element_type=\"widget\" data-e-type=\"widget\" data-widget_type=\"medibazar-image-box.default\">\n\t\t\t\t<div class=\"elementor-widget-container\">\n\t\t\t\t\t<div class=\"feature-02-wrapper text-center\"><div class=\"p-feature-text\"><h3>Filtros de c\u00e1nula<\/h3><div class=\"feature-02-icon\"><img decoding=\"async\" src=\"https:\/\/valitec.co\/sitioweb\/wp-content\/uploads\/2023\/02\/canula-filters.jpg\" alt=\"\"><\/div><p><\/p><a href=\"https:\/\/valitec.co\/sitioweb\/canulas\/\" ><i class=\"fal fa-long-arrow-right\"><\/i><\/a><\/div><\/div>\t\t\t\t<\/div>\n\t\t\t\t<\/div>\n\t\t\t\t\t<\/div>\n\t\t<\/div>\n\t\t\t\t<div class=\"elementor-column elementor-col-25 elementor-top-column elementor-element elementor-element-42feb84\" data-id=\"42feb84\" data-element_type=\"column\" data-e-type=\"column\">\n\t\t\t<div class=\"elementor-widget-wrap elementor-element-populated\">\n\t\t\t\t\t\t<div class=\"elementor-element elementor-element-6696d32 elementor-widget elementor-widget-medibazar-image-box\" data-id=\"6696d32\" data-element_type=\"widget\" data-e-type=\"widget\" data-widget_type=\"medibazar-image-box.default\">\n\t\t\t\t<div class=\"elementor-widget-container\">\n\t\t\t\t\t<div class=\"feature-02-wrapper text-center\"><div class=\"p-feature-text\"><h3>Paletas para disolutores<\/h3><div class=\"feature-02-icon\"><img decoding=\"async\" src=\"https:\/\/valitec.co\/sitioweb\/wp-content\/uploads\/2023\/02\/d.jpg\" alt=\"\"><\/div><p><\/p><a href=\"https:\/\/valitec.co\/sitioweb\/paletas\/\" ><i class=\"fal fa-long-arrow-right\"><\/i><\/a><\/div><\/div>\t\t\t\t<\/div>\n\t\t\t\t<\/div>\n\t\t\t\t\t<\/div>\n\t\t<\/div>\n\t\t\t\t\t<\/div>\n\t\t<\/section>\n\t\t\t\t<section class=\"elementor-section elementor-top-section elementor-element elementor-element-aeb7808 elementor-section-boxed elementor-section-height-default elementor-section-height-default\" data-id=\"aeb7808\" data-element_type=\"section\" data-e-type=\"section\">\n\t\t\t\t\t\t<div class=\"elementor-container elementor-column-gap-default\">\n\t\t\t\t\t<div class=\"elementor-column elementor-col-25 elementor-top-column elementor-element elementor-element-c02e94f\" data-id=\"c02e94f\" data-element_type=\"column\" data-e-type=\"column\">\n\t\t\t<div class=\"elementor-widget-wrap elementor-element-populated\">\n\t\t\t\t\t\t<div class=\"elementor-element elementor-element-23953d3 elementor-widget elementor-widget-medibazar-image-box\" data-id=\"23953d3\" data-element_type=\"widget\" data-e-type=\"widget\" data-widget_type=\"medibazar-image-box.default\">\n\t\t\t\t<div class=\"elementor-widget-container\">\n\t\t\t\t\t<div class=\"feature-02-wrapper text-center\"><div class=\"p-feature-text\"><h3>Pruebas de desintegraci\u00f3n<\/h3><div class=\"feature-02-icon\"><img decoding=\"async\" src=\"https:\/\/valitec.co\/sitioweb\/wp-content\/uploads\/2023\/04\/11-1.jpg\" alt=\"\"><\/div><p><\/p><a href=\"https:\/\/valitec.co\/sitioweb\/pru\/#\" ><i class=\"fal fa-long-arrow-right\"><\/i><\/a><\/div><\/div>\t\t\t\t<\/div>\n\t\t\t\t<\/div>\n\t\t\t\t\t<\/div>\n\t\t<\/div>\n\t\t\t\t<div class=\"elementor-column elementor-col-25 elementor-top-column elementor-element elementor-element-ad82a74\" data-id=\"ad82a74\" data-element_type=\"column\" data-e-type=\"column\">\n\t\t\t<div class=\"elementor-widget-wrap elementor-element-populated\">\n\t\t\t\t\t\t<div class=\"elementor-element elementor-element-b50acb8 elementor-widget elementor-widget-medibazar-image-box\" data-id=\"b50acb8\" data-element_type=\"widget\" data-e-type=\"widget\" data-widget_type=\"medibazar-image-box.default\">\n\t\t\t\t<div class=\"elementor-widget-container\">\n\t\t\t\t\t<div class=\"feature-02-wrapper text-center\"><div class=\"p-feature-text\"><h3>Recipientes de alta precisi\u00f3n<\/h3><div class=\"feature-02-icon\"><img decoding=\"async\" src=\"https:\/\/valitec.co\/sitioweb\/wp-content\/uploads\/2023\/04\/15-1.jpg\" alt=\"\"><\/div><p><\/p><a href=\"https:\/\/valitec.co\/sitioweb\/high-precision-vessels\/#\" ><i class=\"fal fa-long-arrow-right\"><\/i><\/a><\/div><\/div>\t\t\t\t<\/div>\n\t\t\t\t<\/div>\n\t\t\t\t\t<\/div>\n\t\t<\/div>\n\t\t\t\t<div class=\"elementor-column elementor-col-25 elementor-top-column elementor-element elementor-element-ea0f34c\" data-id=\"ea0f34c\" data-element_type=\"column\" data-e-type=\"column\">\n\t\t\t<div class=\"elementor-widget-wrap elementor-element-populated\">\n\t\t\t\t\t\t<div class=\"elementor-element elementor-element-f51d274 elementor-widget elementor-widget-medibazar-image-box\" data-id=\"f51d274\" data-element_type=\"widget\" data-e-type=\"widget\" data-widget_type=\"medibazar-image-box.default\">\n\t\t\t\t<div class=\"elementor-widget-container\">\n\t\t\t\t\t<div class=\"feature-02-wrapper text-center\"><div class=\"p-feature-text\"><h3>Vasos de peque\u00f1o volumen<\/h3><div class=\"feature-02-icon\"><img decoding=\"async\" src=\"https:\/\/valitec.co\/sitioweb\/wp-content\/uploads\/2023\/04\/1-29.jpg\" alt=\"\"><\/div><p><\/p><a href=\"https:\/\/valitec.co\/sitioweb\/pequeno-volumen\/\" ><i class=\"fal fa-long-arrow-right\"><\/i><\/a><\/div><\/div>\t\t\t\t<\/div>\n\t\t\t\t<\/div>\n\t\t\t\t\t<\/div>\n\t\t<\/div>\n\t\t\t\t<div class=\"elementor-column elementor-col-25 elementor-top-column elementor-element elementor-element-dbdab12\" data-id=\"dbdab12\" data-element_type=\"column\" data-e-type=\"column\">\n\t\t\t<div class=\"elementor-widget-wrap elementor-element-populated\">\n\t\t\t\t\t\t<div class=\"elementor-element elementor-element-bb41030 elementor-widget elementor-widget-medibazar-image-box\" data-id=\"bb41030\" data-element_type=\"widget\" data-e-type=\"widget\" data-widget_type=\"medibazar-image-box.default\">\n\t\t\t\t<div class=\"elementor-widget-container\">\n\t\t\t\t\t<div class=\"feature-02-wrapper text-center\"><div class=\"p-feature-text\"><h3>Placas de filtro<\/h3><div class=\"feature-02-icon\"><img decoding=\"async\" src=\"https:\/\/valitec.co\/sitioweb\/wp-content\/uploads\/2023\/05\/psfpl-gf25-045-050-02-dissolution-accessories-filter-plates-850-gf25-045-whatman-agilent-250x167-1.jpg\" alt=\"\"><\/div><p><\/p><a href=\"https:\/\/valitec.co\/sitioweb\/placas-de-filtro\/\" ><i class=\"fal fa-long-arrow-right\"><\/i><\/a><\/div><\/div>\t\t\t\t<\/div>\n\t\t\t\t<\/div>\n\t\t\t\t\t<\/div>\n\t\t<\/div>\n\t\t\t\t\t<\/div>\n\t\t<\/section>\n\t\t\t\t<\/div>\n\t\t","protected":false},"excerpt":{"rendered":"<p>Vasos Ejes para canastillas Canastillas Espaciadores de altura y paletas de peque\u00f1o volumen C\u00e1nulas de muestreo Espaciadores de altura y canastillas de peque\u00f1o volumen Filtros de c\u00e1nula Paletas para disolutores Pruebas de desintegraci\u00f3n Recipientes de alta precisi\u00f3n Vasos de peque\u00f1o volumen Placas de filtro<\/p>\n","protected":false},"author":1,"featured_media":0,"parent":0,"menu_order":0,"comment_status":"closed","ping_status":"closed","template":"","meta":{"_eb_attr":"","footnotes":""},"class_list":["post-1908","page","type-page","status-publish","hentry"],"_links":{"self":[{"href":"https:\/\/valitec.co\/sitioweb\/wp-json\/wp\/v2\/pages\/1908","targetHints":{"allow":["GET"]}}],"collection":[{"href":"https:\/\/valitec.co\/sitioweb\/wp-json\/wp\/v2\/pages"}],"about":[{"href":"https:\/\/valitec.co\/sitioweb\/wp-json\/wp\/v2\/types\/page"}],"author":[{"embeddable":true,"href":"https:\/\/valitec.co\/sitioweb\/wp-json\/wp\/v2\/users\/1"}],"replies":[{"embeddable":true,"href":"https:\/\/valitec.co\/sitioweb\/wp-json\/wp\/v2\/comments?post=1908"}],"version-history":[{"count":57,"href":"https:\/\/valitec.co\/sitioweb\/wp-json\/wp\/v2\/pages\/1908\/revisions"}],"predecessor-version":[{"id":4776,"href":"https:\/\/valitec.co\/sitioweb\/wp-json\/wp\/v2\/pages\/1908\/revisions\/4776"}],"wp:attachment":[{"href":"https:\/\/valitec.co\/sitioweb\/wp-json\/wp\/v2\/media?parent=1908"}],"curies":[{"name":"wp","href":"https:\/\/api.w.org\/{rel}","templated":true}]}}