{"id":1898,"date":"2023-02-22T18:13:28","date_gmt":"2023-02-22T18:13:28","guid":{"rendered":"https:\/\/valitec.co\/sitioweb\/?page_id=1898"},"modified":"2023-04-26T18:39:20","modified_gmt":"2023-04-26T18:39:20","slug":"precolumnas-para-columnas-1-8-%c2%b5m","status":"publish","type":"page","link":"https:\/\/valitec.co\/sitioweb\/precolumnas-para-columnas-1-8-%c2%b5m\/","title":{"rendered":"PRECOLUMNAS PARA COLUMNAS 1.8 \u00b5m"},"content":{"rendered":"\t\t<div data-elementor-type=\"wp-page\" data-elementor-id=\"1898\" class=\"elementor elementor-1898\" data-elementor-post-type=\"page\">\n\t\t\t\t\t\t<section class=\"elementor-section elementor-top-section elementor-element elementor-element-8685b99 elementor-section-boxed elementor-section-height-default elementor-section-height-default\" data-id=\"8685b99\" data-element_type=\"section\" data-e-type=\"section\">\n\t\t\t\t\t\t<div class=\"elementor-container elementor-column-gap-default\">\n\t\t\t\t\t<div class=\"elementor-column elementor-col-100 elementor-top-column elementor-element elementor-element-49bb66a\" data-id=\"49bb66a\" data-element_type=\"column\" data-e-type=\"column\">\n\t\t\t<div class=\"elementor-widget-wrap elementor-element-populated\">\n\t\t\t\t\t\t<div class=\"elementor-element elementor-element-3c211e7 elementor-position-top elementor-widget elementor-widget-image-box\" data-id=\"3c211e7\" data-element_type=\"widget\" data-e-type=\"widget\" data-settings=\"{&quot;motion_fx_motion_fx_mouse&quot;:&quot;yes&quot;,&quot;motion_fx_tilt_effect&quot;:&quot;yes&quot;,&quot;motion_fx_tilt_direction&quot;:&quot;negative&quot;,&quot;motion_fx_tilt_speed&quot;:{&quot;unit&quot;:&quot;px&quot;,&quot;size&quot;:6.5999999999999996447286321199499070644378662109375,&quot;sizes&quot;:[]}}\" data-widget_type=\"image-box.default\">\n\t\t\t\t<div class=\"elementor-widget-container\">\n\t\t\t\t\t<div class=\"elementor-image-box-wrapper\"><figure class=\"elementor-image-box-img\"><img fetchpriority=\"high\" decoding=\"async\" width=\"250\" height=\"250\" src=\"https:\/\/valitec.co\/sitioweb\/wp-content\/uploads\/2022\/09\/precolumnas-uhplc.jpg\" class=\"attachment-full size-full wp-image-846\" alt=\"\" srcset=\"https:\/\/valitec.co\/sitioweb\/wp-content\/uploads\/2022\/09\/precolumnas-uhplc.jpg 250w, https:\/\/valitec.co\/sitioweb\/wp-content\/uploads\/2022\/09\/precolumnas-uhplc-90x90.jpg 90w, https:\/\/valitec.co\/sitioweb\/wp-content\/uploads\/2022\/09\/precolumnas-uhplc-54x54.jpg 54w, https:\/\/valitec.co\/sitioweb\/wp-content\/uploads\/2022\/09\/precolumnas-uhplc-150x150.jpg 150w\" sizes=\"(max-width: 250px) 100vw, 250px\" \/><\/figure><\/div>\t\t\t\t<\/div>\n\t\t\t\t<\/div>\n\t\t\t\t\t<\/div>\n\t\t<\/div>\n\t\t\t\t\t<\/div>\n\t\t<\/section>\n\t\t\t\t<section class=\"elementor-section elementor-top-section elementor-element elementor-element-b3eeaee elementor-section-boxed elementor-section-height-default elementor-section-height-default\" data-id=\"b3eeaee\" data-element_type=\"section\" data-e-type=\"section\">\n\t\t\t\t\t\t<div class=\"elementor-container elementor-column-gap-default\">\n\t\t\t\t\t<div class=\"elementor-column elementor-col-50 elementor-top-column elementor-element elementor-element-ba24220\" data-id=\"ba24220\" data-element_type=\"column\" data-e-type=\"column\">\n\t\t\t<div class=\"elementor-widget-wrap elementor-element-populated\">\n\t\t\t\t\t\t<div class=\"elementor-element elementor-element-1223c2e elementor-widget elementor-widget-text-editor\" data-id=\"1223c2e\" data-element_type=\"widget\" data-e-type=\"widget\" data-widget_type=\"text-editor.default\">\n\t\t\t\t<div class=\"elementor-widget-container\">\n\t\t\t\t\t\t\t\t\t<p>Las precolumnas para para los cartuchos UHPLC protege las valiosas columnas anal\u00edticas UHPLC de contaminantes qu\u00edmicos y part\u00edculas. Es un sistema de cartucho f\u00e1cil de usar que incluye un adaptador en el Holder que ofrece un volumen muerto minimizado.<\/p><h5 style=\"text-align: center;\"><a href=\"https:\/\/www.teknokroma.es\/media\/2161\/precolumnas_uhplc_1-8_2-2.pdf\" rel=\"nofollow noopener\" target=\"_blank\"><strong>Descarga el cat\u00e1logo aqu\u00ed<\/strong><\/a><\/h5><h5 style=\"text-align: center;\"><strong>Fabricante<\/strong><\/h5><p><img decoding=\"async\" class=\"size-full wp-image-1764 aligncenter\" src=\"https:\/\/valitec.co\/sitioweb\/wp-content\/uploads\/2022\/11\/recknokroma.png\" alt=\"\" width=\"243\" height=\"66\" srcset=\"https:\/\/valitec.co\/sitioweb\/wp-content\/uploads\/2022\/11\/recknokroma.png 243w, https:\/\/valitec.co\/sitioweb\/wp-content\/uploads\/2022\/11\/recknokroma-90x24.png 90w\" sizes=\"(max-width: 243px) 100vw, 243px\" \/><\/p>\t\t\t\t\t\t\t\t<\/div>\n\t\t\t\t<\/div>\n\t\t\t\t\t<\/div>\n\t\t<\/div>\n\t\t\t\t<div class=\"elementor-column elementor-col-50 elementor-top-column elementor-element elementor-element-eb0c700\" data-id=\"eb0c700\" data-element_type=\"column\" data-e-type=\"column\">\n\t\t\t<div class=\"elementor-widget-wrap elementor-element-populated\">\n\t\t\t\t\t\t<div class=\"elementor-element elementor-element-3d4a92c elementor-widget elementor-widget-text-editor\" data-id=\"3d4a92c\" data-element_type=\"widget\" data-e-type=\"widget\" data-widget_type=\"text-editor.default\">\n\t\t\t\t<div class=\"elementor-widget-container\">\n\t\t\t\t\t\t\t\t\t<p style=\"text-align: center;\"><span style=\"color: #000000;\"><strong>Silica<\/strong><\/span><\/p><p style=\"text-align: center;\">High Purity Spherical Silica Gel<\/p><p style=\"text-align: center;\"><span style=\"color: #000000;\"><strong>Particle Size<\/strong><\/span><\/p><p style=\"text-align: center;\">2 \u00b5m, 3 \u00b5m<\/p><p style=\"text-align: center;\"><span style=\"color: #000000;\"><strong>Max. Operating Pressure<\/strong><\/span><\/p><p style=\"text-align: center;\">80 MPa, 800 Bar<\/p><p style=\"text-align: center;\"><span style=\"color: #000000;\"><strong>Protection for<\/strong><\/span><\/p><p style=\"text-align: center;\">1.0\uff5e3.0 mm I.D. Analytical Columns<\/p>\t\t\t\t\t\t\t\t<\/div>\n\t\t\t\t<\/div>\n\t\t\t\t\t<\/div>\n\t\t<\/div>\n\t\t\t\t\t<\/div>\n\t\t<\/section>\n\t\t\t\t<\/div>\n\t\t","protected":false},"excerpt":{"rendered":"<p>Las precolumnas para para los cartuchos UHPLC protege las valiosas columnas anal\u00edticas UHPLC de contaminantes qu\u00edmicos y part\u00edculas. Es un sistema de cartucho f\u00e1cil de usar que incluye un adaptador en el Holder que ofrece un volumen muerto minimizado. Descarga el cat\u00e1logo aqu\u00ed Fabricante Silica High Purity Spherical Silica Gel Particle Size 2 \u00b5m, 3<\/p>\n<div class=\"klb-readmore\"><a class=\"c-btn\" href=\"https:\/\/valitec.co\/sitioweb\/precolumnas-para-columnas-1-8-%c2%b5m\/\">Read More <i class=\"far fa-plus\"><\/i><\/a><\/div>\n","protected":false},"author":1,"featured_media":0,"parent":0,"menu_order":0,"comment_status":"closed","ping_status":"closed","template":"","meta":{"_eb_attr":"","footnotes":""},"class_list":["post-1898","page","type-page","status-publish","hentry"],"_links":{"self":[{"href":"https:\/\/valitec.co\/sitioweb\/wp-json\/wp\/v2\/pages\/1898","targetHints":{"allow":["GET"]}}],"collection":[{"href":"https:\/\/valitec.co\/sitioweb\/wp-json\/wp\/v2\/pages"}],"about":[{"href":"https:\/\/valitec.co\/sitioweb\/wp-json\/wp\/v2\/types\/page"}],"author":[{"embeddable":true,"href":"https:\/\/valitec.co\/sitioweb\/wp-json\/wp\/v2\/users\/1"}],"replies":[{"embeddable":true,"href":"https:\/\/valitec.co\/sitioweb\/wp-json\/wp\/v2\/comments?post=1898"}],"version-history":[{"count":13,"href":"https:\/\/valitec.co\/sitioweb\/wp-json\/wp\/v2\/pages\/1898\/revisions"}],"predecessor-version":[{"id":4308,"href":"https:\/\/valitec.co\/sitioweb\/wp-json\/wp\/v2\/pages\/1898\/revisions\/4308"}],"wp:attachment":[{"href":"https:\/\/valitec.co\/sitioweb\/wp-json\/wp\/v2\/media?parent=1898"}],"curies":[{"name":"wp","href":"https:\/\/api.w.org\/{rel}","templated":true}]}}