{"id":1888,"date":"2023-02-22T17:50:35","date_gmt":"2023-02-22T17:50:35","guid":{"rendered":"https:\/\/valitec.co\/sitioweb\/?page_id=1888"},"modified":"2023-04-26T18:36:37","modified_gmt":"2023-04-26T18:36:37","slug":"precolumnas-para-cartuchos-novafix","status":"publish","type":"page","link":"https:\/\/valitec.co\/sitioweb\/precolumnas-para-cartuchos-novafix\/","title":{"rendered":"Precolumnas para Cartuchos Novafix\u2122"},"content":{"rendered":"\t\t<div data-elementor-type=\"wp-page\" data-elementor-id=\"1888\" class=\"elementor elementor-1888\" data-elementor-post-type=\"page\">\n\t\t\t\t\t\t<section class=\"elementor-section elementor-top-section elementor-element elementor-element-909933d elementor-section-boxed elementor-section-height-default elementor-section-height-default\" data-id=\"909933d\" data-element_type=\"section\" data-e-type=\"section\">\n\t\t\t\t\t\t<div class=\"elementor-container elementor-column-gap-default\">\n\t\t\t\t\t<div class=\"elementor-column elementor-col-100 elementor-top-column elementor-element elementor-element-5c5beeb\" data-id=\"5c5beeb\" data-element_type=\"column\" data-e-type=\"column\">\n\t\t\t<div class=\"elementor-widget-wrap elementor-element-populated\">\n\t\t\t\t\t\t<div class=\"elementor-element elementor-element-a503a65 elementor-position-top elementor-widget elementor-widget-image-box\" data-id=\"a503a65\" data-element_type=\"widget\" data-e-type=\"widget\" data-settings=\"{&quot;motion_fx_motion_fx_mouse&quot;:&quot;yes&quot;,&quot;motion_fx_tilt_effect&quot;:&quot;yes&quot;,&quot;motion_fx_tilt_direction&quot;:&quot;negative&quot;,&quot;motion_fx_tilt_speed&quot;:{&quot;unit&quot;:&quot;px&quot;,&quot;size&quot;:5.9000000000000003552713678800500929355621337890625,&quot;sizes&quot;:[]}}\" data-widget_type=\"image-box.default\">\n\t\t\t\t<div class=\"elementor-widget-container\">\n\t\t\t\t\t<div class=\"elementor-image-box-wrapper\"><figure class=\"elementor-image-box-img\"><img fetchpriority=\"high\" decoding=\"async\" width=\"250\" height=\"250\" src=\"https:\/\/valitec.co\/sitioweb\/wp-content\/uploads\/2022\/11\/CartuchosNovafix.jpg\" class=\"attachment-full size-full wp-image-1640\" alt=\"\" srcset=\"https:\/\/valitec.co\/sitioweb\/wp-content\/uploads\/2022\/11\/CartuchosNovafix.jpg 250w, https:\/\/valitec.co\/sitioweb\/wp-content\/uploads\/2022\/11\/CartuchosNovafix-150x150.jpg 150w, https:\/\/valitec.co\/sitioweb\/wp-content\/uploads\/2022\/11\/CartuchosNovafix-90x90.jpg 90w, https:\/\/valitec.co\/sitioweb\/wp-content\/uploads\/2022\/11\/CartuchosNovafix-54x54.jpg 54w\" sizes=\"(max-width: 250px) 100vw, 250px\" \/><\/figure><\/div>\t\t\t\t<\/div>\n\t\t\t\t<\/div>\n\t\t\t\t\t<\/div>\n\t\t<\/div>\n\t\t\t\t\t<\/div>\n\t\t<\/section>\n\t\t\t\t<section class=\"elementor-section elementor-top-section elementor-element elementor-element-92c2143 elementor-section-boxed elementor-section-height-default elementor-section-height-default\" data-id=\"92c2143\" data-element_type=\"section\" data-e-type=\"section\">\n\t\t\t\t\t\t<div class=\"elementor-container elementor-column-gap-default\">\n\t\t\t\t\t<div class=\"elementor-column elementor-col-100 elementor-top-column elementor-element elementor-element-1f1d975\" data-id=\"1f1d975\" data-element_type=\"column\" data-e-type=\"column\">\n\t\t\t<div class=\"elementor-widget-wrap elementor-element-populated\">\n\t\t\t\t\t\t<div class=\"elementor-element elementor-element-8a0ea7d elementor-widget elementor-widget-text-editor\" data-id=\"8a0ea7d\" data-element_type=\"widget\" data-e-type=\"widget\" data-widget_type=\"text-editor.default\">\n\t\t\t\t<div class=\"elementor-widget-container\">\n\t\t\t\t\t\t\t\t\t<p>Teknokroma suministra los cartuchos Novafix con una\u00a0amplia gama de configuraciones. Esto incluye los mas\u00a0populares y los mas avanzados rellenos del mercado, con\u00a0multitud de funcionalizaciones, tama\u00f1os de part\u00edcula, longitudes, di\u00e1metros, etc., haciendo del sistema Novafix el\u00a0mas vers\u00e1til del mercado.<\/p><h6 style=\"text-align: center;\"><a href=\"https:\/www.teknokroma.es\/media\/2173\/precolumnas_novafix.pdf\" data-wplink-url-error=\"true\"><span style=\"color: #000000;\"><strong>Descarga el cat\u00e1logo aqu\u00ed<\/strong><\/span><\/a><\/h6><h5 style=\"text-align: center;\"><span style=\"color: #000000;\"><strong>Fabricante<\/strong><\/span><\/h5><p><img decoding=\"async\" class=\"size-full wp-image-1764 aligncenter\" src=\"https:\/\/valitec.co\/sitioweb\/wp-content\/uploads\/2022\/11\/recknokroma.png\" alt=\"\" width=\"243\" height=\"66\" srcset=\"https:\/\/valitec.co\/sitioweb\/wp-content\/uploads\/2022\/11\/recknokroma.png 243w, https:\/\/valitec.co\/sitioweb\/wp-content\/uploads\/2022\/11\/recknokroma-90x24.png 90w\" sizes=\"(max-width: 243px) 100vw, 243px\" \/><\/p>\t\t\t\t\t\t\t\t<\/div>\n\t\t\t\t<\/div>\n\t\t\t\t\t<\/div>\n\t\t<\/div>\n\t\t\t\t\t<\/div>\n\t\t<\/section>\n\t\t\t\t<\/div>\n\t\t","protected":false},"excerpt":{"rendered":"<p>Teknokroma suministra los cartuchos Novafix con una\u00a0amplia gama de configuraciones. Esto incluye los mas\u00a0populares y los mas avanzados rellenos del mercado, con\u00a0multitud de funcionalizaciones, tama\u00f1os de part\u00edcula, longitudes, di\u00e1metros, etc., haciendo del sistema Novafix el\u00a0mas vers\u00e1til del mercado. Descarga el cat\u00e1logo aqu\u00ed Fabricante<\/p>\n","protected":false},"author":1,"featured_media":0,"parent":0,"menu_order":0,"comment_status":"closed","ping_status":"closed","template":"","meta":{"_eb_attr":"","footnotes":""},"class_list":["post-1888","page","type-page","status-publish","hentry"],"_links":{"self":[{"href":"https:\/\/valitec.co\/sitioweb\/wp-json\/wp\/v2\/pages\/1888","targetHints":{"allow":["GET"]}}],"collection":[{"href":"https:\/\/valitec.co\/sitioweb\/wp-json\/wp\/v2\/pages"}],"about":[{"href":"https:\/\/valitec.co\/sitioweb\/wp-json\/wp\/v2\/types\/page"}],"author":[{"embeddable":true,"href":"https:\/\/valitec.co\/sitioweb\/wp-json\/wp\/v2\/users\/1"}],"replies":[{"embeddable":true,"href":"https:\/\/valitec.co\/sitioweb\/wp-json\/wp\/v2\/comments?post=1888"}],"version-history":[{"count":13,"href":"https:\/\/valitec.co\/sitioweb\/wp-json\/wp\/v2\/pages\/1888\/revisions"}],"predecessor-version":[{"id":4305,"href":"https:\/\/valitec.co\/sitioweb\/wp-json\/wp\/v2\/pages\/1888\/revisions\/4305"}],"wp:attachment":[{"href":"https:\/\/valitec.co\/sitioweb\/wp-json\/wp\/v2\/media?parent=1888"}],"curies":[{"name":"wp","href":"https:\/\/api.w.org\/{rel}","templated":true}]}}