{"id":1875,"date":"2023-02-22T17:38:23","date_gmt":"2023-02-22T17:38:23","guid":{"rendered":"https:\/\/valitec.co\/sitioweb\/?page_id=1875"},"modified":"2023-04-26T18:05:32","modified_gmt":"2023-04-26T18:05:32","slug":"precolumnas-hplc-teknokroma","status":"publish","type":"page","link":"https:\/\/valitec.co\/sitioweb\/precolumnas-hplc-teknokroma\/","title":{"rendered":"Precolumnas HPLC Teknokroma"},"content":{"rendered":"\t\t<div data-elementor-type=\"wp-page\" data-elementor-id=\"1875\" class=\"elementor elementor-1875\" data-elementor-post-type=\"page\">\n\t\t\t\t\t\t<section class=\"elementor-section elementor-top-section elementor-element elementor-element-b3788da elementor-section-boxed elementor-section-height-default elementor-section-height-default\" data-id=\"b3788da\" data-element_type=\"section\" data-e-type=\"section\">\n\t\t\t\t\t\t<div class=\"elementor-container elementor-column-gap-default\">\n\t\t\t\t\t<div class=\"elementor-column elementor-col-100 elementor-top-column elementor-element elementor-element-3f23275\" data-id=\"3f23275\" data-element_type=\"column\" data-e-type=\"column\">\n\t\t\t<div class=\"elementor-widget-wrap elementor-element-populated\">\n\t\t\t\t\t\t<div class=\"elementor-element elementor-element-0308a52 elementor-position-top elementor-widget elementor-widget-image-box\" data-id=\"0308a52\" data-element_type=\"widget\" data-e-type=\"widget\" data-settings=\"{&quot;motion_fx_motion_fx_mouse&quot;:&quot;yes&quot;,&quot;motion_fx_tilt_effect&quot;:&quot;yes&quot;,&quot;motion_fx_tilt_direction&quot;:&quot;negative&quot;,&quot;motion_fx_tilt_speed&quot;:{&quot;unit&quot;:&quot;px&quot;,&quot;size&quot;:7.20000000000000017763568394002504646778106689453125,&quot;sizes&quot;:[]}}\" data-widget_type=\"image-box.default\">\n\t\t\t\t<div class=\"elementor-widget-container\">\n\t\t\t\t\t<div class=\"elementor-image-box-wrapper\"><figure class=\"elementor-image-box-img\"><img decoding=\"async\" width=\"150\" height=\"150\" src=\"https:\/\/valitec.co\/sitioweb\/wp-content\/uploads\/2022\/11\/Precolumanteknocroma-e1676042421491.jpg\" class=\"attachment-full size-full wp-image-1638\" alt=\"\" srcset=\"https:\/\/valitec.co\/sitioweb\/wp-content\/uploads\/2022\/11\/Precolumanteknocroma-e1676042421491.jpg 150w, https:\/\/valitec.co\/sitioweb\/wp-content\/uploads\/2022\/11\/Precolumanteknocroma-e1676042421491-90x90.jpg 90w, https:\/\/valitec.co\/sitioweb\/wp-content\/uploads\/2022\/11\/Precolumanteknocroma-e1676042421491-54x54.jpg 54w\" sizes=\"(max-width: 150px) 100vw, 150px\" \/><\/figure><\/div>\t\t\t\t<\/div>\n\t\t\t\t<\/div>\n\t\t\t\t\t<\/div>\n\t\t<\/div>\n\t\t\t\t\t<\/div>\n\t\t<\/section>\n\t\t\t\t<section class=\"elementor-section elementor-top-section elementor-element elementor-element-cbc2ba1 elementor-section-boxed elementor-section-height-default elementor-section-height-default\" data-id=\"cbc2ba1\" data-element_type=\"section\" data-e-type=\"section\">\n\t\t\t\t\t\t<div class=\"elementor-container elementor-column-gap-default\">\n\t\t\t\t\t<div class=\"elementor-column elementor-col-100 elementor-top-column elementor-element elementor-element-e7e2a31\" data-id=\"e7e2a31\" data-element_type=\"column\" data-e-type=\"column\">\n\t\t\t<div class=\"elementor-widget-wrap elementor-element-populated\">\n\t\t\t\t\t\t<div class=\"elementor-element elementor-element-a305453 elementor-widget elementor-widget-text-editor\" data-id=\"a305453\" data-element_type=\"widget\" data-e-type=\"widget\" data-widget_type=\"text-editor.default\">\n\t\t\t\t<div class=\"elementor-widget-container\">\n\t\t\t\t\t\t\t\t\t<h4><strong>Precolumnas tipo Cartucho para columnas anal\u00edticas y microbore<\/strong><\/h4><div><strong>\u00a0<\/strong><\/div><ul><li style=\"text-align: left;\">Intercaladas entre el inyector y la columna alargar\u00e1n la vida de su columna y mejoraran la reproducibilidad de sus resultados.<br \/>\u2022 Empaquetados con los m\u00e1s modernos rellenos de HPLC y Novabond\u2122.<br \/>\u2022 Econ\u00f3micos y f\u00e1cilmente reemplazables.<br \/>\u2022 De uso general en cualquier sistema de HPLC.<br \/>\u2022 Empaquetados a alta presi\u00f3n para m\u00e1xima estabilidad y duraci\u00f3n.<br \/>\u2022 Su uso no implica perdida de eficacia de 3\u03bcm o con columnas microbore de 2mm de I.D.<\/li><li>\u00a0<\/li><\/ul><h6 style=\"text-align: center;\"><a href=\"https:\/\/www.teknokroma.es\/media\/4255\/guard-columns.pdf\" rel=\"nofollow noopener\" target=\"_blank\"><strong>Descarga el cat\u00e1logo aqu\u00ed\u00a0<\/strong><\/a><\/h6><h6 style=\"text-align: center;\">\u00a0<\/h6><h5 style=\"text-align: center;\"><strong>Fabricante<\/strong><\/h5><p><img decoding=\"async\" class=\"size-full wp-image-1764 aligncenter\" src=\"https:\/\/valitec.co\/sitioweb\/wp-content\/uploads\/2022\/11\/recknokroma.png\" alt=\"\" width=\"243\" height=\"66\" srcset=\"https:\/\/valitec.co\/sitioweb\/wp-content\/uploads\/2022\/11\/recknokroma.png 243w, https:\/\/valitec.co\/sitioweb\/wp-content\/uploads\/2022\/11\/recknokroma-90x24.png 90w\" sizes=\"(max-width: 243px) 100vw, 243px\" \/><\/p>\t\t\t\t\t\t\t\t<\/div>\n\t\t\t\t<\/div>\n\t\t\t\t\t<\/div>\n\t\t<\/div>\n\t\t\t\t\t<\/div>\n\t\t<\/section>\n\t\t\t\t<\/div>\n\t\t","protected":false},"excerpt":{"rendered":"<p>Precolumnas tipo Cartucho para columnas anal\u00edticas y microbore \u00a0 Intercaladas entre el inyector y la columna alargar\u00e1n la vida de su columna y mejoraran la reproducibilidad de sus resultados.\u2022 Empaquetados con los m\u00e1s modernos rellenos de HPLC y Novabond\u2122.\u2022 Econ\u00f3micos y f\u00e1cilmente reemplazables.\u2022 De uso general en cualquier sistema de HPLC.\u2022 Empaquetados a alta presi\u00f3n<\/p>\n<div class=\"klb-readmore\"><a class=\"c-btn\" href=\"https:\/\/valitec.co\/sitioweb\/precolumnas-hplc-teknokroma\/\">Read More <i class=\"far fa-plus\"><\/i><\/a><\/div>\n","protected":false},"author":1,"featured_media":0,"parent":0,"menu_order":0,"comment_status":"closed","ping_status":"closed","template":"","meta":{"_eb_attr":"","footnotes":""},"class_list":["post-1875","page","type-page","status-publish","hentry"],"_links":{"self":[{"href":"https:\/\/valitec.co\/sitioweb\/wp-json\/wp\/v2\/pages\/1875","targetHints":{"allow":["GET"]}}],"collection":[{"href":"https:\/\/valitec.co\/sitioweb\/wp-json\/wp\/v2\/pages"}],"about":[{"href":"https:\/\/valitec.co\/sitioweb\/wp-json\/wp\/v2\/types\/page"}],"author":[{"embeddable":true,"href":"https:\/\/valitec.co\/sitioweb\/wp-json\/wp\/v2\/users\/1"}],"replies":[{"embeddable":true,"href":"https:\/\/valitec.co\/sitioweb\/wp-json\/wp\/v2\/comments?post=1875"}],"version-history":[{"count":21,"href":"https:\/\/valitec.co\/sitioweb\/wp-json\/wp\/v2\/pages\/1875\/revisions"}],"predecessor-version":[{"id":4299,"href":"https:\/\/valitec.co\/sitioweb\/wp-json\/wp\/v2\/pages\/1875\/revisions\/4299"}],"wp:attachment":[{"href":"https:\/\/valitec.co\/sitioweb\/wp-json\/wp\/v2\/media?parent=1875"}],"curies":[{"name":"wp","href":"https:\/\/api.w.org\/{rel}","templated":true}]}}