{"id":1861,"date":"2023-02-22T16:17:18","date_gmt":"2023-02-22T16:17:18","guid":{"rendered":"https:\/\/valitec.co\/sitioweb\/?page_id=1861"},"modified":"2023-04-26T18:00:21","modified_gmt":"2023-04-26T18:00:21","slug":"columnas-uhplc-mediterranea","status":"publish","type":"page","link":"https:\/\/valitec.co\/sitioweb\/columnas-uhplc-mediterranea\/","title":{"rendered":"COLUMNAS UHPLC MEDITERRANEA"},"content":{"rendered":"\t\t<div data-elementor-type=\"wp-page\" data-elementor-id=\"1861\" class=\"elementor elementor-1861\" data-elementor-post-type=\"page\">\n\t\t\t\t\t\t<section class=\"elementor-section elementor-top-section elementor-element elementor-element-adca431 elementor-section-boxed elementor-section-height-default elementor-section-height-default\" data-id=\"adca431\" data-element_type=\"section\" data-e-type=\"section\">\n\t\t\t\t\t\t<div class=\"elementor-container elementor-column-gap-default\">\n\t\t\t\t\t<div class=\"elementor-column elementor-col-100 elementor-top-column elementor-element elementor-element-1563e28\" data-id=\"1563e28\" data-element_type=\"column\" data-e-type=\"column\">\n\t\t\t<div class=\"elementor-widget-wrap elementor-element-populated\">\n\t\t\t\t\t\t<div class=\"elementor-element elementor-element-80a4e10 elementor-position-top elementor-widget elementor-widget-image-box\" data-id=\"80a4e10\" data-element_type=\"widget\" data-e-type=\"widget\" data-settings=\"{&quot;motion_fx_motion_fx_mouse&quot;:&quot;yes&quot;,&quot;motion_fx_tilt_effect&quot;:&quot;yes&quot;,&quot;motion_fx_tilt_direction&quot;:&quot;negative&quot;,&quot;motion_fx_tilt_speed&quot;:{&quot;unit&quot;:&quot;px&quot;,&quot;size&quot;:6.5,&quot;sizes&quot;:[]}}\" data-widget_type=\"image-box.default\">\n\t\t\t\t<div class=\"elementor-widget-container\">\n\t\t\t\t\t<div class=\"elementor-image-box-wrapper\"><figure class=\"elementor-image-box-img\"><img decoding=\"async\" width=\"221\" height=\"118\" src=\"https:\/\/valitec.co\/sitioweb\/wp-content\/uploads\/2022\/11\/mediterraneauhpch-e1676641051253.jpg\" class=\"attachment-full size-full wp-image-1633\" alt=\"\" srcset=\"https:\/\/valitec.co\/sitioweb\/wp-content\/uploads\/2022\/11\/mediterraneauhpch-e1676641051253.jpg 221w, https:\/\/valitec.co\/sitioweb\/wp-content\/uploads\/2022\/11\/mediterraneauhpch-e1676641051253-90x48.jpg 90w\" sizes=\"(max-width: 221px) 100vw, 221px\" \/><\/figure><\/div>\t\t\t\t<\/div>\n\t\t\t\t<\/div>\n\t\t\t\t\t<\/div>\n\t\t<\/div>\n\t\t\t\t\t<\/div>\n\t\t<\/section>\n\t\t\t\t<section class=\"elementor-section elementor-top-section elementor-element elementor-element-f10aaec elementor-section-boxed elementor-section-height-default elementor-section-height-default\" data-id=\"f10aaec\" data-element_type=\"section\" data-e-type=\"section\">\n\t\t\t\t\t\t<div class=\"elementor-container elementor-column-gap-default\">\n\t\t\t\t\t<div class=\"elementor-column elementor-col-50 elementor-top-column elementor-element elementor-element-1e4f915\" data-id=\"1e4f915\" data-element_type=\"column\" data-e-type=\"column\">\n\t\t\t<div class=\"elementor-widget-wrap elementor-element-populated\">\n\t\t\t\t\t\t<div class=\"elementor-element elementor-element-990050e elementor-widget elementor-widget-text-editor\" data-id=\"990050e\" data-element_type=\"widget\" data-e-type=\"widget\" data-settings=\"{&quot;motion_fx_motion_fx_mouse&quot;:&quot;yes&quot;}\" data-widget_type=\"text-editor.default\">\n\t\t\t\t<div class=\"elementor-widget-container\">\n\t\t\t\t\t\t\t\t\t<h4 style=\"text-align: center;\"><strong>Mediterranea Sea18 2,2\u03bcm<\/strong><\/h4><p>Mediterranea es una columna de transici\u00f3n compatible con los equipos de HPLC de \u00faltima generaci\u00f3n y equipos de UHPLC, mejorando enormemente el rendimiento del an\u00e1lisis, y reduciendo los tiempos a la mitad.<\/p><p>El material utilizado para el desarrollo de la columna Mediterranea Sea C18 es un relleno de s\u00edlica gel de \u00faltima generaci\u00f3n, ultra pura y libre de metales.<\/p><p>El tama\u00f1o de part\u00edcula es de 2,2 \u03bcm y el tama\u00f1o de poro es de 100 A.<\/p><p>La columna Mediterranea Sea C18 es totalmente libre de silanoles residuales \u201cendcapping\u201c y resistente a valores extremos de pH 1,5 -11.<\/p><p>La columna Sea C18 ha sido desarrollada con el objetivo final de conseguir la m\u00e1s elevada calidad y reproducibilidad.<\/p><h6 style=\"text-align: center;\"><a href=\"https:\/\/www.teknokroma.es\/media\/2081\/mediterranea-dosier-paginado-nac.pdf\" rel=\"nofollow noopener\" target=\"_blank\">Mediterr\u00e1nea UHPLC Brochure<\/a><\/h6><h6 style=\"text-align: center;\"><a href=\"https:\/\/www.teknokroma.es\/media\/4189\/mediterranea_cat.pdf\" rel=\"nofollow noopener\" target=\"_blank\">Mediterr\u00e1nea Cat\u00e1logo<\/a><\/h6>\t\t\t\t\t\t\t\t<\/div>\n\t\t\t\t<\/div>\n\t\t\t\t\t<\/div>\n\t\t<\/div>\n\t\t\t\t<div class=\"elementor-column elementor-col-50 elementor-top-column elementor-element elementor-element-b721481\" data-id=\"b721481\" data-element_type=\"column\" data-e-type=\"column\">\n\t\t\t<div class=\"elementor-widget-wrap elementor-element-populated\">\n\t\t\t\t\t\t<div class=\"elementor-element elementor-element-da7a031 elementor-widget elementor-widget-text-editor\" data-id=\"da7a031\" data-element_type=\"widget\" data-e-type=\"widget\" data-widget_type=\"text-editor.default\">\n\t\t\t\t<div class=\"elementor-widget-container\">\n\t\t\t\t\t\t\t\t\t<h4 style=\"text-align: center;\"><strong>Mediterranea Sea18 1,8\u03bcm<\/strong><\/h4><p>\u00a0<\/p><p>Las columnas de 1,8 \u03bcm han sido desarrolladas partiendo del mismo material que las reconocidas columnas de 5\u03bcm.<\/p><p>El resultado es una alt\u00edsima eficacia, gran fiabilidad y escalabilidad completa desde la Cromatograf\u00eda Anal\u00edtica de UHPLC hasta la Cromatograf\u00eda de Proceso Industrial, desde a\u00a01,8 , 2,2 , 3, 5, 10,\u00a0a 15 \u03bcm.<\/p><p>Por su versatilidad, que permite la separaci\u00f3n tanto de substancias apolares como polares, y su robustez a valores extremos de pH (1,5 &#8211; 11) es la columna ideal para el desarrollo de m\u00e9todos.<\/p><p>Teknokroma controla rigurosamente cada lote de relleno y cada columna.<\/p><p>\u00a0<\/p><h6 style=\"text-align: center;\"><span style=\"color: #000000;\"><strong>Fabricante<\/strong><\/span><\/h6><p>\u00a0<\/p><p><img decoding=\"async\" class=\"size-full wp-image-1764 aligncenter\" src=\"https:\/\/valitec.co\/sitioweb\/wp-content\/uploads\/2022\/11\/recknokroma.png\" alt=\"\" width=\"243\" height=\"66\" srcset=\"https:\/\/valitec.co\/sitioweb\/wp-content\/uploads\/2022\/11\/recknokroma.png 243w, https:\/\/valitec.co\/sitioweb\/wp-content\/uploads\/2022\/11\/recknokroma-90x24.png 90w\" sizes=\"(max-width: 243px) 100vw, 243px\" \/><\/p>\t\t\t\t\t\t\t\t<\/div>\n\t\t\t\t<\/div>\n\t\t\t\t\t<\/div>\n\t\t<\/div>\n\t\t\t\t\t<\/div>\n\t\t<\/section>\n\t\t\t\t<\/div>\n\t\t","protected":false},"excerpt":{"rendered":"<p>Mediterranea Sea18 2,2\u03bcm Mediterranea es una columna de transici\u00f3n compatible con los equipos de HPLC de \u00faltima generaci\u00f3n y equipos de UHPLC, mejorando enormemente el rendimiento del an\u00e1lisis, y reduciendo los tiempos a la mitad. El material utilizado para el desarrollo de la columna Mediterranea Sea C18 es un relleno de s\u00edlica gel de \u00faltima<\/p>\n<div class=\"klb-readmore\"><a class=\"c-btn\" href=\"https:\/\/valitec.co\/sitioweb\/columnas-uhplc-mediterranea\/\">Read More <i class=\"far fa-plus\"><\/i><\/a><\/div>\n","protected":false},"author":1,"featured_media":0,"parent":0,"menu_order":0,"comment_status":"closed","ping_status":"closed","template":"","meta":{"_eb_attr":"","footnotes":""},"class_list":["post-1861","page","type-page","status-publish","hentry"],"_links":{"self":[{"href":"https:\/\/valitec.co\/sitioweb\/wp-json\/wp\/v2\/pages\/1861","targetHints":{"allow":["GET"]}}],"collection":[{"href":"https:\/\/valitec.co\/sitioweb\/wp-json\/wp\/v2\/pages"}],"about":[{"href":"https:\/\/valitec.co\/sitioweb\/wp-json\/wp\/v2\/types\/page"}],"author":[{"embeddable":true,"href":"https:\/\/valitec.co\/sitioweb\/wp-json\/wp\/v2\/users\/1"}],"replies":[{"embeddable":true,"href":"https:\/\/valitec.co\/sitioweb\/wp-json\/wp\/v2\/comments?post=1861"}],"version-history":[{"count":21,"href":"https:\/\/valitec.co\/sitioweb\/wp-json\/wp\/v2\/pages\/1861\/revisions"}],"predecessor-version":[{"id":4293,"href":"https:\/\/valitec.co\/sitioweb\/wp-json\/wp\/v2\/pages\/1861\/revisions\/4293"}],"wp:attachment":[{"href":"https:\/\/valitec.co\/sitioweb\/wp-json\/wp\/v2\/media?parent=1861"}],"curies":[{"name":"wp","href":"https:\/\/api.w.org\/{rel}","templated":true}]}}