{"id":1846,"date":"2023-02-20T20:34:45","date_gmt":"2023-02-20T20:34:45","guid":{"rendered":"https:\/\/valitec.co\/sitioweb\/?page_id=1846"},"modified":"2023-02-20T20:40:48","modified_gmt":"2023-02-20T20:40:48","slug":"columna-europa-hplc","status":"publish","type":"page","link":"https:\/\/valitec.co\/sitioweb\/columna-europa-hplc\/","title":{"rendered":"Columna Europa HPLC"},"content":{"rendered":"\t\t<div data-elementor-type=\"wp-page\" data-elementor-id=\"1846\" class=\"elementor elementor-1846\" data-elementor-post-type=\"page\">\n\t\t\t\t\t\t<section class=\"elementor-section elementor-top-section elementor-element elementor-element-22de357 elementor-section-boxed elementor-section-height-default elementor-section-height-default\" data-id=\"22de357\" data-element_type=\"section\" data-e-type=\"section\">\n\t\t\t\t\t\t<div class=\"elementor-container elementor-column-gap-default\">\n\t\t\t\t\t<div class=\"elementor-column elementor-col-100 elementor-top-column elementor-element elementor-element-1de8709\" data-id=\"1de8709\" data-element_type=\"column\" data-e-type=\"column\">\n\t\t\t<div class=\"elementor-widget-wrap elementor-element-populated\">\n\t\t\t\t\t\t<div class=\"elementor-element elementor-element-03c4e57 elementor-position-top elementor-widget elementor-widget-image-box\" data-id=\"03c4e57\" data-element_type=\"widget\" data-e-type=\"widget\" data-settings=\"{&quot;motion_fx_motion_fx_mouse&quot;:&quot;yes&quot;,&quot;motion_fx_tilt_effect&quot;:&quot;yes&quot;,&quot;motion_fx_tilt_direction&quot;:&quot;negative&quot;,&quot;motion_fx_tilt_speed&quot;:{&quot;unit&quot;:&quot;px&quot;,&quot;size&quot;:8.0999999999999996447286321199499070644378662109375,&quot;sizes&quot;:[]}}\" data-widget_type=\"image-box.default\">\n\t\t\t\t<div class=\"elementor-widget-container\">\n\t\t\t\t\t<div class=\"elementor-image-box-wrapper\"><figure class=\"elementor-image-box-img\"><img fetchpriority=\"high\" decoding=\"async\" width=\"250\" height=\"250\" src=\"https:\/\/valitec.co\/sitioweb\/wp-content\/uploads\/2020\/09\/columnas_europa-e1676473808288.jpg\" class=\"attachment-full size-full wp-image-828\" alt=\"\" srcset=\"https:\/\/valitec.co\/sitioweb\/wp-content\/uploads\/2020\/09\/columnas_europa-e1676473808288.jpg 250w, https:\/\/valitec.co\/sitioweb\/wp-content\/uploads\/2020\/09\/columnas_europa-e1676473808288-90x90.jpg 90w, https:\/\/valitec.co\/sitioweb\/wp-content\/uploads\/2020\/09\/columnas_europa-e1676473808288-54x54.jpg 54w, https:\/\/valitec.co\/sitioweb\/wp-content\/uploads\/2020\/09\/columnas_europa-e1676473808288-150x150.jpg 150w\" sizes=\"(max-width: 250px) 100vw, 250px\" \/><\/figure><\/div>\t\t\t\t<\/div>\n\t\t\t\t<\/div>\n\t\t\t\t\t<\/div>\n\t\t<\/div>\n\t\t\t\t\t<\/div>\n\t\t<\/section>\n\t\t\t\t<section class=\"elementor-section elementor-top-section elementor-element elementor-element-a84a7e0 elementor-section-boxed elementor-section-height-default elementor-section-height-default\" data-id=\"a84a7e0\" data-element_type=\"section\" data-e-type=\"section\">\n\t\t\t\t\t\t<div class=\"elementor-container elementor-column-gap-default\">\n\t\t\t\t\t<div class=\"elementor-column elementor-col-50 elementor-top-column elementor-element elementor-element-5cef323\" data-id=\"5cef323\" data-element_type=\"column\" data-e-type=\"column\">\n\t\t\t<div class=\"elementor-widget-wrap elementor-element-populated\">\n\t\t\t\t\t\t<div class=\"elementor-element elementor-element-3986175 elementor-widget elementor-widget-text-editor\" data-id=\"3986175\" data-element_type=\"widget\" data-e-type=\"widget\" data-widget_type=\"text-editor.default\">\n\t\t\t\t<div class=\"elementor-widget-container\">\n\t\t\t\t\t\t\t\t\t<p>Teknokroma introduce en el mercado la l\u00ednea de columnas de\u00a0<strong>HPLC Europa<\/strong>, una de las mejores columnas en el campo del an\u00e1lisis de biomol\u00e9culas. Las columnas Europa HPLC dise\u00f1adas para p\u00e9ptidos y prote\u00ednas proporcionan un rendimiento, eficacia, fiabilidad y reproducibilidad insuperables.<\/p><p>Teknokroma ha dedicado a\u00f1os de investigaci\u00f3n y desarrollo para obtener la mejor part\u00edcula de s\u00edlice del mercado. La part\u00edcula de s\u00edlice sobre la que se basan las columnas Europa es el resultado de un propietario \u201cproceso de porificaci\u00f3n\u201d optimizado\u00a0<strong>(Surface Enhanced Accessibility, SEA)<\/strong>, partiendo de materiales extremadamente puros con un contenido met\u00e1lico inusualmente bajo, y obteniendo una part\u00edcula perfectamente esf\u00e9rica, r\u00edgida e inerte. Con una alta capacidad de carga, la hace ideal para el procesamiento a escala preparativa<\/p><p>\u00a0<\/p><p style=\"text-align: center;\"><a href=\"https:\/\/www.teknokroma.es\/media\/4235\/europa_cat.pdf\" rel=\"nofollow noopener\" target=\"_blank\"><strong><span style=\"color: #000000;\">Descarga el cat\u00e1logo aqu\u00ed<\/span><\/strong><\/a><\/p>\t\t\t\t\t\t\t\t<\/div>\n\t\t\t\t<\/div>\n\t\t\t\t\t<\/div>\n\t\t<\/div>\n\t\t\t\t<div class=\"elementor-column elementor-col-50 elementor-top-column elementor-element elementor-element-22ad409\" data-id=\"22ad409\" data-element_type=\"column\" data-e-type=\"column\">\n\t\t\t<div class=\"elementor-widget-wrap elementor-element-populated\">\n\t\t\t\t\t\t<div class=\"elementor-element elementor-element-054f8a1 elementor-widget elementor-widget-text-editor\" data-id=\"054f8a1\" data-element_type=\"widget\" data-e-type=\"widget\" data-widget_type=\"text-editor.default\">\n\t\t\t\t<div class=\"elementor-widget-container\">\n\t\t\t\t\t\t\t\t\t<p>Gracias a la nueva\u00a0<strong>desactivaci\u00f3n multifuncional (MED)<\/strong>, las columnas Europa tienen un nivel bajo e inusual de actividad de silanoles, lo que le ayuda a obtener picos sim\u00e9tricos para los compuestos b\u00e1sicos y \u00e1cidos.<\/p><p>La qu\u00edmica de uni\u00f3n Europa C 18 le ayudan a lograr una resistencia extraordinaria y una vida \u00fatil cuando se trabaja a niveles extremos de pH.<\/p><p>La alta densidad bonding y un total encapping las hacen adecuados para separar o purificar compuestos de bajo peso molecular (especialmente p\u00e9ptidos peque\u00f1os cuando se usa la columna Europa Peptide 120 \u00c5) y separar o purificar compuestos de alto peso molecular, especialmente prote\u00ednas cuando se usa la columna Europa Protein 300 \u00c5.<\/p><p>\u00a0<\/p><p style=\"text-align: center;\"><strong><span style=\"color: #000000;\">Fabricante<\/span><\/strong><\/p><p><img decoding=\"async\" class=\"size-full wp-image-1764 aligncenter\" src=\"https:\/\/valitec.co\/sitioweb\/wp-content\/uploads\/2022\/11\/recknokroma.png\" alt=\"\" width=\"243\" height=\"66\" srcset=\"https:\/\/valitec.co\/sitioweb\/wp-content\/uploads\/2022\/11\/recknokroma.png 243w, https:\/\/valitec.co\/sitioweb\/wp-content\/uploads\/2022\/11\/recknokroma-90x24.png 90w\" sizes=\"(max-width: 243px) 100vw, 243px\" \/><\/p>\t\t\t\t\t\t\t\t<\/div>\n\t\t\t\t<\/div>\n\t\t\t\t\t<\/div>\n\t\t<\/div>\n\t\t\t\t\t<\/div>\n\t\t<\/section>\n\t\t\t\t<\/div>\n\t\t","protected":false},"excerpt":{"rendered":"<p>Teknokroma introduce en el mercado la l\u00ednea de columnas de\u00a0HPLC Europa, una de las mejores columnas en el campo del an\u00e1lisis de biomol\u00e9culas. Las columnas Europa HPLC dise\u00f1adas para p\u00e9ptidos y prote\u00ednas proporcionan un rendimiento, eficacia, fiabilidad y reproducibilidad insuperables. Teknokroma ha dedicado a\u00f1os de investigaci\u00f3n y desarrollo para obtener la mejor part\u00edcula de s\u00edlice<\/p>\n<div class=\"klb-readmore\"><a class=\"c-btn\" href=\"https:\/\/valitec.co\/sitioweb\/columna-europa-hplc\/\">Read More <i class=\"far fa-plus\"><\/i><\/a><\/div>\n","protected":false},"author":1,"featured_media":0,"parent":0,"menu_order":0,"comment_status":"closed","ping_status":"closed","template":"","meta":{"_eb_attr":"","footnotes":""},"class_list":["post-1846","page","type-page","status-publish","hentry"],"_links":{"self":[{"href":"https:\/\/valitec.co\/sitioweb\/wp-json\/wp\/v2\/pages\/1846","targetHints":{"allow":["GET"]}}],"collection":[{"href":"https:\/\/valitec.co\/sitioweb\/wp-json\/wp\/v2\/pages"}],"about":[{"href":"https:\/\/valitec.co\/sitioweb\/wp-json\/wp\/v2\/types\/page"}],"author":[{"embeddable":true,"href":"https:\/\/valitec.co\/sitioweb\/wp-json\/wp\/v2\/users\/1"}],"replies":[{"embeddable":true,"href":"https:\/\/valitec.co\/sitioweb\/wp-json\/wp\/v2\/comments?post=1846"}],"version-history":[{"count":4,"href":"https:\/\/valitec.co\/sitioweb\/wp-json\/wp\/v2\/pages\/1846\/revisions"}],"predecessor-version":[{"id":1850,"href":"https:\/\/valitec.co\/sitioweb\/wp-json\/wp\/v2\/pages\/1846\/revisions\/1850"}],"wp:attachment":[{"href":"https:\/\/valitec.co\/sitioweb\/wp-json\/wp\/v2\/media?parent=1846"}],"curies":[{"name":"wp","href":"https:\/\/api.w.org\/{rel}","templated":true}]}}