{"id":1833,"date":"2023-02-20T16:39:03","date_gmt":"2023-02-20T16:39:03","guid":{"rendered":"https:\/\/valitec.co\/sitioweb\/?page_id=1833"},"modified":"2023-02-20T17:25:04","modified_gmt":"2023-02-20T17:25:04","slug":"columnas-de-hplc-hyperpack-ods","status":"publish","type":"page","link":"https:\/\/valitec.co\/sitioweb\/columnas-de-hplc-hyperpack-ods\/","title":{"rendered":"Columnas de HPLC Hyperpack ODS"},"content":{"rendered":"\t\t<div data-elementor-type=\"wp-page\" data-elementor-id=\"1833\" class=\"elementor elementor-1833\" data-elementor-post-type=\"page\">\n\t\t\t\t\t\t<section class=\"elementor-section elementor-top-section elementor-element elementor-element-1ce2328 elementor-section-boxed elementor-section-height-default elementor-section-height-default\" data-id=\"1ce2328\" data-element_type=\"section\" data-e-type=\"section\">\n\t\t\t\t\t\t<div class=\"elementor-container elementor-column-gap-default\">\n\t\t\t\t\t<div class=\"elementor-column elementor-col-100 elementor-top-column elementor-element elementor-element-7b9b673\" data-id=\"7b9b673\" data-element_type=\"column\" data-e-type=\"column\">\n\t\t\t<div class=\"elementor-widget-wrap elementor-element-populated\">\n\t\t\t\t\t\t<div class=\"elementor-element elementor-element-b6c4cce elementor-position-top elementor-widget elementor-widget-image-box\" data-id=\"b6c4cce\" data-element_type=\"widget\" data-e-type=\"widget\" data-settings=\"{&quot;motion_fx_motion_fx_mouse&quot;:&quot;yes&quot;,&quot;motion_fx_tilt_effect&quot;:&quot;yes&quot;,&quot;motion_fx_tilt_direction&quot;:&quot;negative&quot;,&quot;motion_fx_tilt_speed&quot;:{&quot;unit&quot;:&quot;px&quot;,&quot;size&quot;:5.9000000000000003552713678800500929355621337890625,&quot;sizes&quot;:[]}}\" data-widget_type=\"image-box.default\">\n\t\t\t\t<div class=\"elementor-widget-container\">\n\t\t\t\t\t<div class=\"elementor-image-box-wrapper\"><figure class=\"elementor-image-box-img\"><img fetchpriority=\"high\" decoding=\"async\" width=\"250\" height=\"250\" src=\"https:\/\/valitec.co\/sitioweb\/wp-content\/uploads\/2022\/09\/hyperpack_ods.jpg\" class=\"attachment-full size-full wp-image-840\" alt=\"\" srcset=\"https:\/\/valitec.co\/sitioweb\/wp-content\/uploads\/2022\/09\/hyperpack_ods.jpg 250w, https:\/\/valitec.co\/sitioweb\/wp-content\/uploads\/2022\/09\/hyperpack_ods-90x90.jpg 90w, https:\/\/valitec.co\/sitioweb\/wp-content\/uploads\/2022\/09\/hyperpack_ods-54x54.jpg 54w, https:\/\/valitec.co\/sitioweb\/wp-content\/uploads\/2022\/09\/hyperpack_ods-150x150.jpg 150w\" sizes=\"(max-width: 250px) 100vw, 250px\" \/><\/figure><\/div>\t\t\t\t<\/div>\n\t\t\t\t<\/div>\n\t\t\t\t\t<\/div>\n\t\t<\/div>\n\t\t\t\t\t<\/div>\n\t\t<\/section>\n\t\t\t\t<section class=\"elementor-section elementor-top-section elementor-element elementor-element-bea27ff elementor-section-boxed elementor-section-height-default elementor-section-height-default\" data-id=\"bea27ff\" data-element_type=\"section\" data-e-type=\"section\">\n\t\t\t\t\t\t<div class=\"elementor-container elementor-column-gap-default\">\n\t\t\t\t\t<div class=\"elementor-column elementor-col-50 elementor-top-column elementor-element elementor-element-d822072\" data-id=\"d822072\" data-element_type=\"column\" data-e-type=\"column\">\n\t\t\t<div class=\"elementor-widget-wrap elementor-element-populated\">\n\t\t\t\t\t\t<div class=\"elementor-element elementor-element-030368c elementor-widget elementor-widget-text-editor\" data-id=\"030368c\" data-element_type=\"widget\" data-e-type=\"widget\" data-widget_type=\"text-editor.default\">\n\t\t\t\t<div class=\"elementor-widget-container\">\n\t\t\t\t\t\t\t\t\t<p>Columna que por sus caracter\u00edsticas de tama\u00f1o de poro, \u00e1rea superficial, porcentaje de recubrimiento (%C), y tipo de s\u00edlica de que est\u00e1 constituida, es la alternativa id\u00f3nea a los rellenos Hypersil ODS.<\/p><p>Su comportamiento cromatogr\u00e1fico reproduce exactamente el de este popular relleno, pudi\u00e9ndose transferir las met\u00f3dicas cromatogr\u00e1ficas sin ning\u00fan tipo de ajuste.<\/p><h5 style=\"text-align: center;\"><a href=\"https:\/\/www.teknokroma.es\/media\/4241\/hyperpack.pdf\" rel=\"nofollow noopener\" target=\"_blank\"><strong>Descarga aqu\u00ed el cat\u00e1logo<\/strong><\/a><\/h5>\t\t\t\t\t\t\t\t<\/div>\n\t\t\t\t<\/div>\n\t\t\t\t\t<\/div>\n\t\t<\/div>\n\t\t\t\t<div class=\"elementor-column elementor-col-50 elementor-top-column elementor-element elementor-element-e29df1f\" data-id=\"e29df1f\" data-element_type=\"column\" data-e-type=\"column\">\n\t\t\t<div class=\"elementor-widget-wrap elementor-element-populated\">\n\t\t\t\t\t\t<div class=\"elementor-element elementor-element-6d1293b elementor-widget elementor-widget-text-editor\" data-id=\"6d1293b\" data-element_type=\"widget\" data-e-type=\"widget\" data-widget_type=\"text-editor.default\">\n\t\t\t\t<div class=\"elementor-widget-container\">\n\t\t\t\t\t\t\t\t\t<h5 style=\"text-align: center;\"><strong>Fabricante<\/strong><\/h5><p>\u00a0<\/p><p><img decoding=\"async\" class=\"size-full wp-image-1764 aligncenter\" src=\"https:\/\/valitec.co\/sitioweb\/wp-content\/uploads\/2022\/11\/recknokroma.png\" alt=\"\" width=\"243\" height=\"66\" srcset=\"https:\/\/valitec.co\/sitioweb\/wp-content\/uploads\/2022\/11\/recknokroma.png 243w, https:\/\/valitec.co\/sitioweb\/wp-content\/uploads\/2022\/11\/recknokroma-90x24.png 90w\" sizes=\"(max-width: 243px) 100vw, 243px\" \/><\/p>\t\t\t\t\t\t\t\t<\/div>\n\t\t\t\t<\/div>\n\t\t\t\t\t<\/div>\n\t\t<\/div>\n\t\t\t\t\t<\/div>\n\t\t<\/section>\n\t\t\t\t<\/div>\n\t\t","protected":false},"excerpt":{"rendered":"<p>Columna que por sus caracter\u00edsticas de tama\u00f1o de poro, \u00e1rea superficial, porcentaje de recubrimiento (%C), y tipo de s\u00edlica de que est\u00e1 constituida, es la alternativa id\u00f3nea a los rellenos Hypersil ODS. Su comportamiento cromatogr\u00e1fico reproduce exactamente el de este popular relleno, pudi\u00e9ndose transferir las met\u00f3dicas cromatogr\u00e1ficas sin ning\u00fan tipo de ajuste. Descarga aqu\u00ed el<\/p>\n<div class=\"klb-readmore\"><a class=\"c-btn\" href=\"https:\/\/valitec.co\/sitioweb\/columnas-de-hplc-hyperpack-ods\/\">Read More <i class=\"far fa-plus\"><\/i><\/a><\/div>\n","protected":false},"author":1,"featured_media":0,"parent":0,"menu_order":0,"comment_status":"closed","ping_status":"closed","template":"","meta":{"_eb_attr":"","footnotes":""},"class_list":["post-1833","page","type-page","status-publish","hentry"],"_links":{"self":[{"href":"https:\/\/valitec.co\/sitioweb\/wp-json\/wp\/v2\/pages\/1833","targetHints":{"allow":["GET"]}}],"collection":[{"href":"https:\/\/valitec.co\/sitioweb\/wp-json\/wp\/v2\/pages"}],"about":[{"href":"https:\/\/valitec.co\/sitioweb\/wp-json\/wp\/v2\/types\/page"}],"author":[{"embeddable":true,"href":"https:\/\/valitec.co\/sitioweb\/wp-json\/wp\/v2\/users\/1"}],"replies":[{"embeddable":true,"href":"https:\/\/valitec.co\/sitioweb\/wp-json\/wp\/v2\/comments?post=1833"}],"version-history":[{"count":4,"href":"https:\/\/valitec.co\/sitioweb\/wp-json\/wp\/v2\/pages\/1833\/revisions"}],"predecessor-version":[{"id":1837,"href":"https:\/\/valitec.co\/sitioweb\/wp-json\/wp\/v2\/pages\/1833\/revisions\/1837"}],"wp:attachment":[{"href":"https:\/\/valitec.co\/sitioweb\/wp-json\/wp\/v2\/media?parent=1833"}],"curies":[{"name":"wp","href":"https:\/\/api.w.org\/{rel}","templated":true}]}}