{"id":1825,"date":"2023-02-20T16:25:26","date_gmt":"2023-02-20T16:25:26","guid":{"rendered":"https:\/\/valitec.co\/sitioweb\/?page_id=1825"},"modified":"2023-02-20T16:26:43","modified_gmt":"2023-02-20T16:26:43","slug":"columnas-hplc-halo","status":"publish","type":"page","link":"https:\/\/valitec.co\/sitioweb\/columnas-hplc-halo\/","title":{"rendered":"Columnas HPLC Halo"},"content":{"rendered":"\t\t<div data-elementor-type=\"wp-page\" data-elementor-id=\"1825\" class=\"elementor elementor-1825\" data-elementor-post-type=\"page\">\n\t\t\t\t\t\t<section class=\"elementor-section elementor-top-section elementor-element elementor-element-bd55ecc elementor-section-boxed elementor-section-height-default elementor-section-height-default\" data-id=\"bd55ecc\" data-element_type=\"section\" data-e-type=\"section\">\n\t\t\t\t\t\t<div class=\"elementor-container elementor-column-gap-default\">\n\t\t\t\t\t<div class=\"elementor-column elementor-col-100 elementor-top-column elementor-element elementor-element-da4ea68\" data-id=\"da4ea68\" data-element_type=\"column\" data-e-type=\"column\">\n\t\t\t<div class=\"elementor-widget-wrap elementor-element-populated\">\n\t\t\t\t\t\t<div class=\"elementor-element elementor-element-133df3c elementor-position-top elementor-widget elementor-widget-image-box\" data-id=\"133df3c\" data-element_type=\"widget\" data-e-type=\"widget\" data-widget_type=\"image-box.default\">\n\t\t\t\t<div class=\"elementor-widget-container\">\n\t\t\t\t\t<div class=\"elementor-image-box-wrapper\"><figure class=\"elementor-image-box-img\"><img fetchpriority=\"high\" decoding=\"async\" width=\"250\" height=\"250\" src=\"https:\/\/valitec.co\/sitioweb\/wp-content\/uploads\/2022\/09\/hplc_halo_column.jpg\" class=\"attachment-full size-full wp-image-842\" alt=\"\" srcset=\"https:\/\/valitec.co\/sitioweb\/wp-content\/uploads\/2022\/09\/hplc_halo_column.jpg 250w, https:\/\/valitec.co\/sitioweb\/wp-content\/uploads\/2022\/09\/hplc_halo_column-90x90.jpg 90w, https:\/\/valitec.co\/sitioweb\/wp-content\/uploads\/2022\/09\/hplc_halo_column-54x54.jpg 54w, https:\/\/valitec.co\/sitioweb\/wp-content\/uploads\/2022\/09\/hplc_halo_column-150x150.jpg 150w\" sizes=\"(max-width: 250px) 100vw, 250px\" \/><\/figure><\/div>\t\t\t\t<\/div>\n\t\t\t\t<\/div>\n\t\t\t\t\t<\/div>\n\t\t<\/div>\n\t\t\t\t\t<\/div>\n\t\t<\/section>\n\t\t\t\t<section class=\"elementor-section elementor-top-section elementor-element elementor-element-53ef2bc elementor-section-boxed elementor-section-height-default elementor-section-height-default\" data-id=\"53ef2bc\" data-element_type=\"section\" data-e-type=\"section\">\n\t\t\t\t\t\t<div class=\"elementor-container elementor-column-gap-default\">\n\t\t\t\t\t<div class=\"elementor-column elementor-col-50 elementor-top-column elementor-element elementor-element-766bdc7\" data-id=\"766bdc7\" data-element_type=\"column\" data-e-type=\"column\">\n\t\t\t<div class=\"elementor-widget-wrap elementor-element-populated\">\n\t\t\t\t\t\t<div class=\"elementor-element elementor-element-10bd6c1 elementor-widget elementor-widget-text-editor\" data-id=\"10bd6c1\" data-element_type=\"widget\" data-e-type=\"widget\" data-widget_type=\"text-editor.default\">\n\t\t\t\t<div class=\"elementor-widget-container\">\n\t\t\t\t\t\t\t\t\t<p><strong><span style=\"color: #333399;\">Separaciones de alta velocidad<\/span><\/strong><\/p><ul><li>Reducir el tama\u00f1o de la part\u00edcula conduce a altas eficiencias, picos m\u00e1s estrechos y m\u00e1s altos, para una resoluci\u00f3n mejorada y l\u00edmites de detecci\u00f3n m\u00e1s bajos (LODs y LOQs)<\/li><li>El diagrama Deemter plano, y la velocidad lineal m\u00e1s alta permiten velocidades de flujo \u00f3ptimas con una p\u00e9rdida de eficiencia de columna m\u00ednima<\/li><\/ul><p><strong><span style=\"color: #000080;\">Separaciones de alta resoluci\u00f3n<\/span><\/strong><\/p><ul><li>Alta eficiencia con geometr\u00edas m\u00e1s largas (100, 150, 250 mm) proporciona un mayor poder de resoluci\u00f3n para aplicaciones dif\u00edciles.<\/li><li>La contrapresi\u00f3n m\u00e1s baja permite que las columnas se utilicen en serie para las separaciones de UHPLC y HPLC m\u00e1s exigentes.<\/li><\/ul><p>\u00a0<\/p><p>\u00a0<\/p><h5 style=\"text-align: center;\"><a href=\"https:\/\/www.teknokroma.es\/media\/4479\/halo-catalog-amt_oct_final-halo.pdf\" rel=\"nofollow noopener\" target=\"_blank\"><span style=\"color: #000000;\"><strong>Descarga el cat\u00e1logo aqu\u00ed<\/strong><\/span><\/a><\/h5><h5 style=\"text-align: center;\"><a href=\"https:\/\/www.teknokroma.es\/media\/6891\/amt_19_ac_rev_0.pdf\" rel=\"nofollow noopener\" target=\"_blank\"><span style=\"color: #000000;\"><strong>Aplicaciones columna Halo<\/strong><\/span><\/a><\/h5><h5 style=\"text-align: center;\"><a href=\"https:\/\/youtu.be\/e40dnSVTg6A\" rel=\"nofollow noopener\" target=\"_blank\"><span style=\"color: #000000;\"><strong>Video columna Halo<\/strong><\/span><\/a><\/h5>\t\t\t\t\t\t\t\t<\/div>\n\t\t\t\t<\/div>\n\t\t\t\t\t<\/div>\n\t\t<\/div>\n\t\t\t\t<div class=\"elementor-column elementor-col-50 elementor-top-column elementor-element elementor-element-7fc07e9\" data-id=\"7fc07e9\" data-element_type=\"column\" data-e-type=\"column\">\n\t\t\t<div class=\"elementor-widget-wrap elementor-element-populated\">\n\t\t\t\t\t\t<div class=\"elementor-element elementor-element-6554ae7 elementor-widget elementor-widget-text-editor\" data-id=\"6554ae7\" data-element_type=\"widget\" data-e-type=\"widget\" data-widget_type=\"text-editor.default\">\n\t\t\t\t<div class=\"elementor-widget-container\">\n\t\t\t\t\t\t\t\t\t<p><strong><span style=\"color: #333399;\">Excelente robustez y reproducibilidad<\/span><\/strong><\/p><ul><li>Menor obstrucci\u00f3n, mayor vida \u00fatil de la columna y mayor tiempo de actividad gracias a las fritas de porosidad m\u00e1s grandes (frente a las columnas totalmente porosas (sin n\u00facleo) de menos de 2 \u00b5m).<ul><li>Fritados de 2 \u00b5m para HALO 2.7 y HALO 5<\/li><li>Fritados de 1 \u00b5m para HALO 2 frente a fritas de 0,2-0,5 \u00b5m para columnas sin n\u00facleo de menos de 2 \u00b5m<\/li><\/ul><\/li><li>Excelente reproducibilidad de columna a columna y de lote a lote<\/li><\/ul><p>\u00a0<\/p><h5 style=\"text-align: center;\"><strong><span style=\"color: #000000;\">Fabricante<\/span><\/strong><\/h5><p><img decoding=\"async\" class=\"wp-image-1771 aligncenter\" src=\"https:\/\/valitec.co\/sitioweb\/wp-content\/uploads\/2022\/09\/advance.jpg\" alt=\"\" width=\"363\" height=\"73\" srcset=\"https:\/\/valitec.co\/sitioweb\/wp-content\/uploads\/2022\/09\/advance.jpg 700w, https:\/\/valitec.co\/sitioweb\/wp-content\/uploads\/2022\/09\/advance-300x60.jpg 300w, https:\/\/valitec.co\/sitioweb\/wp-content\/uploads\/2022\/09\/advance-600x120.jpg 600w, https:\/\/valitec.co\/sitioweb\/wp-content\/uploads\/2022\/09\/advance-90x18.jpg 90w\" sizes=\"(max-width: 363px) 100vw, 363px\" \/><\/p>\t\t\t\t\t\t\t\t<\/div>\n\t\t\t\t<\/div>\n\t\t\t\t\t<\/div>\n\t\t<\/div>\n\t\t\t\t\t<\/div>\n\t\t<\/section>\n\t\t\t\t<\/div>\n\t\t","protected":false},"excerpt":{"rendered":"<p>Separaciones de alta velocidad Reducir el tama\u00f1o de la part\u00edcula conduce a altas eficiencias, picos m\u00e1s estrechos y m\u00e1s altos, para una resoluci\u00f3n mejorada y l\u00edmites de detecci\u00f3n m\u00e1s bajos (LODs y LOQs) El diagrama Deemter plano, y la velocidad lineal m\u00e1s alta permiten velocidades de flujo \u00f3ptimas con una p\u00e9rdida de eficiencia de columna<\/p>\n<div class=\"klb-readmore\"><a class=\"c-btn\" href=\"https:\/\/valitec.co\/sitioweb\/columnas-hplc-halo\/\">Read More <i class=\"far fa-plus\"><\/i><\/a><\/div>\n","protected":false},"author":1,"featured_media":0,"parent":0,"menu_order":0,"comment_status":"closed","ping_status":"closed","template":"","meta":{"_eb_attr":"","footnotes":""},"class_list":["post-1825","page","type-page","status-publish","hentry"],"_links":{"self":[{"href":"https:\/\/valitec.co\/sitioweb\/wp-json\/wp\/v2\/pages\/1825","targetHints":{"allow":["GET"]}}],"collection":[{"href":"https:\/\/valitec.co\/sitioweb\/wp-json\/wp\/v2\/pages"}],"about":[{"href":"https:\/\/valitec.co\/sitioweb\/wp-json\/wp\/v2\/types\/page"}],"author":[{"embeddable":true,"href":"https:\/\/valitec.co\/sitioweb\/wp-json\/wp\/v2\/users\/1"}],"replies":[{"embeddable":true,"href":"https:\/\/valitec.co\/sitioweb\/wp-json\/wp\/v2\/comments?post=1825"}],"version-history":[{"count":7,"href":"https:\/\/valitec.co\/sitioweb\/wp-json\/wp\/v2\/pages\/1825\/revisions"}],"predecessor-version":[{"id":1832,"href":"https:\/\/valitec.co\/sitioweb\/wp-json\/wp\/v2\/pages\/1825\/revisions\/1832"}],"wp:attachment":[{"href":"https:\/\/valitec.co\/sitioweb\/wp-json\/wp\/v2\/media?parent=1825"}],"curies":[{"name":"wp","href":"https:\/\/api.w.org\/{rel}","templated":true}]}}