{"id":1820,"date":"2023-02-20T15:32:50","date_gmt":"2023-02-20T15:32:50","guid":{"rendered":"https:\/\/valitec.co\/sitioweb\/?page_id=1820"},"modified":"2023-04-17T15:43:16","modified_gmt":"2023-04-17T15:43:16","slug":"columnas-de-hplc-tracer-extrasil","status":"publish","type":"page","link":"https:\/\/valitec.co\/sitioweb\/columnas-de-hplc-tracer-extrasil\/","title":{"rendered":"COLUMNAS DE HPLC TRACER EXTRASIL"},"content":{"rendered":"\t\t<div data-elementor-type=\"wp-page\" data-elementor-id=\"1820\" class=\"elementor elementor-1820\" data-elementor-post-type=\"page\">\n\t\t\t\t\t\t<section class=\"elementor-section elementor-top-section elementor-element elementor-element-4077432 elementor-section-boxed elementor-section-height-default elementor-section-height-default\" data-id=\"4077432\" data-element_type=\"section\" data-e-type=\"section\">\n\t\t\t\t\t\t<div class=\"elementor-container elementor-column-gap-default\">\n\t\t\t\t\t<div class=\"elementor-column elementor-col-100 elementor-top-column elementor-element elementor-element-d9c74ea\" data-id=\"d9c74ea\" data-element_type=\"column\" data-e-type=\"column\">\n\t\t\t<div class=\"elementor-widget-wrap elementor-element-populated\">\n\t\t\t\t\t\t<div class=\"elementor-element elementor-element-74b51df elementor-position-top elementor-widget elementor-widget-image-box\" data-id=\"74b51df\" data-element_type=\"widget\" data-e-type=\"widget\" data-widget_type=\"image-box.default\">\n\t\t\t\t<div class=\"elementor-widget-container\">\n\t\t\t\t\t<div class=\"elementor-image-box-wrapper\"><figure class=\"elementor-image-box-img\"><img fetchpriority=\"high\" decoding=\"async\" width=\"250\" height=\"250\" src=\"https:\/\/valitec.co\/sitioweb\/wp-content\/uploads\/2022\/11\/columnas_tracer_excel.jpg\" class=\"attachment-full size-full wp-image-1614\" alt=\"\" srcset=\"https:\/\/valitec.co\/sitioweb\/wp-content\/uploads\/2022\/11\/columnas_tracer_excel.jpg 250w, https:\/\/valitec.co\/sitioweb\/wp-content\/uploads\/2022\/11\/columnas_tracer_excel-150x150.jpg 150w, https:\/\/valitec.co\/sitioweb\/wp-content\/uploads\/2022\/11\/columnas_tracer_excel-90x90.jpg 90w, https:\/\/valitec.co\/sitioweb\/wp-content\/uploads\/2022\/11\/columnas_tracer_excel-54x54.jpg 54w\" sizes=\"(max-width: 250px) 100vw, 250px\" \/><\/figure><\/div>\t\t\t\t<\/div>\n\t\t\t\t<\/div>\n\t\t\t\t\t<\/div>\n\t\t<\/div>\n\t\t\t\t\t<\/div>\n\t\t<\/section>\n\t\t\t\t<section class=\"elementor-section elementor-top-section elementor-element elementor-element-f8b05ae elementor-section-boxed elementor-section-height-default elementor-section-height-default\" data-id=\"f8b05ae\" data-element_type=\"section\" data-e-type=\"section\">\n\t\t\t\t\t\t<div class=\"elementor-container elementor-column-gap-default\">\n\t\t\t\t\t<div class=\"elementor-column elementor-col-50 elementor-top-column elementor-element elementor-element-90626ac\" data-id=\"90626ac\" data-element_type=\"column\" data-e-type=\"column\">\n\t\t\t<div class=\"elementor-widget-wrap elementor-element-populated\">\n\t\t\t\t\t\t<div class=\"elementor-element elementor-element-14d0189 elementor-widget elementor-widget-text-editor\" data-id=\"14d0189\" data-element_type=\"widget\" data-e-type=\"widget\" data-widget_type=\"text-editor.default\">\n\t\t\t\t<div class=\"elementor-widget-container\">\n\t\t\t\t\t\t\t\t\t<p>La gama de rellenos Tracer Extrasil ha sido especialmente desarrollada para reemplazar a uno de los m\u00e1s populares rellenos del mercado (WS).<\/p><p>Todos los par\u00e1metros f\u00edsicos y cromatogr\u00e1ficos evaluados muestran una total equivalencia entre ambos rellenos, y lo que es m\u00e1s importante, esto tambi\u00e9n ha sido certificado por los buenos resultados obtenidos por los muchos usuarios que hasta ahora han probado este relleno.<\/p><p><strong><span style=\"color: #333399;\">Econom\u00eda<\/span><\/strong><\/p><p>Tracer Extrasil representa la alternativa m\u00e1s econ\u00f3mica dentro de los rellenos de HPLC.<\/p><p><strong><span style=\"color: #333399;\">Reproducibilidad<\/span><\/strong><\/p><p>Un avanzado proceso de fabricaci\u00f3n y un estricto control de cada uno de los pasos del mismo aseguran una m\u00e1xima reproducibilidad y eficacia en cada una de las columnas.<\/p><p>\u00a0<\/p><h6 style=\"text-align: center;\"><a href=\"https:\/\/www.teknokroma.es\/media\/4239\/tracer-extrasil.pdf\" rel=\"nofollow noopener\" target=\"_blank\"><strong>Descarga el cat\u00e1logo aqu\u00ed<\/strong><\/a>\u00a0<\/h6>\t\t\t\t\t\t\t\t<\/div>\n\t\t\t\t<\/div>\n\t\t\t\t\t<\/div>\n\t\t<\/div>\n\t\t\t\t<div class=\"elementor-column elementor-col-50 elementor-top-column elementor-element elementor-element-60a3fae\" data-id=\"60a3fae\" data-element_type=\"column\" data-e-type=\"column\">\n\t\t\t<div class=\"elementor-widget-wrap elementor-element-populated\">\n\t\t\t\t\t\t<div class=\"elementor-element elementor-element-e7bad36 elementor-widget elementor-widget-text-editor\" data-id=\"e7bad36\" data-element_type=\"widget\" data-e-type=\"widget\" data-widget_type=\"text-editor.default\">\n\t\t\t\t<div class=\"elementor-widget-container\">\n\t\t\t\t\t\t\t\t\t<p><strong><span style=\"color: #000080;\">Garant\u00eda<\/span><\/strong><\/p><p>La confianza que tenemos en nuestro producto nos permite ofrecer una total garant\u00eda en estas columnas.<\/p><p><strong><span style=\"color: #000080;\">Caracter\u00edsticas del material<\/span><\/strong><\/p><p>El nuevo relleno Tracer Extrasil es perfectamente equivalente al material de referencia en todas sus caracter\u00edsticas fisicoqu\u00edmicas.<\/p><h5 style=\"text-align: center;\">\u00a0<\/h5><p>\u00a0<\/p><h5 style=\"text-align: center;\">Fabricante<\/h5><p>\u00a0<\/p><p><img decoding=\"async\" class=\"size-full wp-image-1764 aligncenter\" src=\"https:\/\/valitec.co\/sitioweb\/wp-content\/uploads\/2022\/11\/recknokroma.png\" alt=\"\" width=\"243\" height=\"66\" srcset=\"https:\/\/valitec.co\/sitioweb\/wp-content\/uploads\/2022\/11\/recknokroma.png 243w, https:\/\/valitec.co\/sitioweb\/wp-content\/uploads\/2022\/11\/recknokroma-90x24.png 90w\" sizes=\"(max-width: 243px) 100vw, 243px\" \/><\/p>\t\t\t\t\t\t\t\t<\/div>\n\t\t\t\t<\/div>\n\t\t\t\t\t<\/div>\n\t\t<\/div>\n\t\t\t\t\t<\/div>\n\t\t<\/section>\n\t\t\t\t<\/div>\n\t\t","protected":false},"excerpt":{"rendered":"<p>La gama de rellenos Tracer Extrasil ha sido especialmente desarrollada para reemplazar a uno de los m\u00e1s populares rellenos del mercado (WS). Todos los par\u00e1metros f\u00edsicos y cromatogr\u00e1ficos evaluados muestran una total equivalencia entre ambos rellenos, y lo que es m\u00e1s importante, esto tambi\u00e9n ha sido certificado por los buenos resultados obtenidos por los muchos<\/p>\n<div class=\"klb-readmore\"><a class=\"c-btn\" href=\"https:\/\/valitec.co\/sitioweb\/columnas-de-hplc-tracer-extrasil\/\">Read More <i class=\"far fa-plus\"><\/i><\/a><\/div>\n","protected":false},"author":1,"featured_media":0,"parent":0,"menu_order":0,"comment_status":"closed","ping_status":"closed","template":"","meta":{"_eb_attr":"","footnotes":""},"class_list":["post-1820","page","type-page","status-publish","hentry"],"_links":{"self":[{"href":"https:\/\/valitec.co\/sitioweb\/wp-json\/wp\/v2\/pages\/1820","targetHints":{"allow":["GET"]}}],"collection":[{"href":"https:\/\/valitec.co\/sitioweb\/wp-json\/wp\/v2\/pages"}],"about":[{"href":"https:\/\/valitec.co\/sitioweb\/wp-json\/wp\/v2\/types\/page"}],"author":[{"embeddable":true,"href":"https:\/\/valitec.co\/sitioweb\/wp-json\/wp\/v2\/users\/1"}],"replies":[{"embeddable":true,"href":"https:\/\/valitec.co\/sitioweb\/wp-json\/wp\/v2\/comments?post=1820"}],"version-history":[{"count":7,"href":"https:\/\/valitec.co\/sitioweb\/wp-json\/wp\/v2\/pages\/1820\/revisions"}],"predecessor-version":[{"id":3873,"href":"https:\/\/valitec.co\/sitioweb\/wp-json\/wp\/v2\/pages\/1820\/revisions\/3873"}],"wp:attachment":[{"href":"https:\/\/valitec.co\/sitioweb\/wp-json\/wp\/v2\/media?parent=1820"}],"curies":[{"name":"wp","href":"https:\/\/api.w.org\/{rel}","templated":true}]}}