{"id":1815,"date":"2023-02-20T15:18:50","date_gmt":"2023-02-20T15:18:50","guid":{"rendered":"https:\/\/valitec.co\/sitioweb\/?page_id=1815"},"modified":"2023-04-17T15:41:36","modified_gmt":"2023-04-17T15:41:36","slug":"columnas-de-hplc-tracer-carbohydrates","status":"publish","type":"page","link":"https:\/\/valitec.co\/sitioweb\/columnas-de-hplc-tracer-carbohydrates\/","title":{"rendered":"Columnas de HPLC Tracer Carbohydrates"},"content":{"rendered":"\t\t<div data-elementor-type=\"wp-page\" data-elementor-id=\"1815\" class=\"elementor elementor-1815\" data-elementor-post-type=\"page\">\n\t\t\t\t\t\t<section class=\"elementor-section elementor-top-section elementor-element elementor-element-863d389 elementor-section-boxed elementor-section-height-default elementor-section-height-default\" data-id=\"863d389\" data-element_type=\"section\" data-e-type=\"section\">\n\t\t\t\t\t\t<div class=\"elementor-container elementor-column-gap-default\">\n\t\t\t\t\t<div class=\"elementor-column elementor-col-100 elementor-top-column elementor-element elementor-element-bd5e99b\" data-id=\"bd5e99b\" data-element_type=\"column\" data-e-type=\"column\">\n\t\t\t<div class=\"elementor-widget-wrap elementor-element-populated\">\n\t\t\t\t\t\t<div class=\"elementor-element elementor-element-200b375 elementor-position-top elementor-widget elementor-widget-image-box\" data-id=\"200b375\" data-element_type=\"widget\" data-e-type=\"widget\" data-widget_type=\"image-box.default\">\n\t\t\t\t<div class=\"elementor-widget-container\">\n\t\t\t\t\t<div class=\"elementor-image-box-wrapper\"><figure class=\"elementor-image-box-img\"><img fetchpriority=\"high\" decoding=\"async\" width=\"250\" height=\"250\" src=\"https:\/\/valitec.co\/sitioweb\/wp-content\/uploads\/2022\/11\/tracer-carbohydrates.jpg\" class=\"attachment-full size-full wp-image-1616\" alt=\"\" srcset=\"https:\/\/valitec.co\/sitioweb\/wp-content\/uploads\/2022\/11\/tracer-carbohydrates.jpg 250w, https:\/\/valitec.co\/sitioweb\/wp-content\/uploads\/2022\/11\/tracer-carbohydrates-150x150.jpg 150w, https:\/\/valitec.co\/sitioweb\/wp-content\/uploads\/2022\/11\/tracer-carbohydrates-90x90.jpg 90w, https:\/\/valitec.co\/sitioweb\/wp-content\/uploads\/2022\/11\/tracer-carbohydrates-54x54.jpg 54w\" sizes=\"(max-width: 250px) 100vw, 250px\" \/><\/figure><\/div>\t\t\t\t<\/div>\n\t\t\t\t<\/div>\n\t\t\t\t\t<\/div>\n\t\t<\/div>\n\t\t\t\t\t<\/div>\n\t\t<\/section>\n\t\t\t\t<section class=\"elementor-section elementor-top-section elementor-element elementor-element-97c2603 elementor-section-boxed elementor-section-height-default elementor-section-height-default\" data-id=\"97c2603\" data-element_type=\"section\" data-e-type=\"section\">\n\t\t\t\t\t\t<div class=\"elementor-container elementor-column-gap-default\">\n\t\t\t\t\t<div class=\"elementor-column elementor-col-50 elementor-top-column elementor-element elementor-element-4aa6e0d\" data-id=\"4aa6e0d\" data-element_type=\"column\" data-e-type=\"column\">\n\t\t\t<div class=\"elementor-widget-wrap elementor-element-populated\">\n\t\t\t\t\t\t<div class=\"elementor-element elementor-element-10206d4 elementor-widget elementor-widget-text-editor\" data-id=\"10206d4\" data-element_type=\"widget\" data-e-type=\"widget\" data-widget_type=\"text-editor.default\">\n\t\t\t\t<div class=\"elementor-widget-container\">\n\t\t\t\t\t\t\t\t\t<p>La columna Tracer Carbohydrates se basa en un recubrimiento polim\u00e9rico con base de s\u00edlica, que incluye en su estructura grupos amino primarios enlazados qu\u00edmicamente.<\/p><p>Este recubrimiento polim\u00e9rico protege la superf\u00edcie de s\u00edlica contra las agresiones procedentes de las fases m\u00f3viles acuosas \/ org\u00e1nicas utilizadas en la separaci\u00f3n de los az\u00facares, manteniendo as\u00ed la selectividad de una columna convencional NH2.<\/p><p>La columna Tracer Carbohydrates tiene una vida \u00fatil m\u00e1s larga que una amino convencional.<\/p><p>\u00a0<\/p><p>\u00a0<\/p><h6 style=\"text-align: center;\"><a href=\"https:\/\/www.teknokroma.es\/media\/4247\/carbohydrates.pdf\" rel=\"nofollow noopener\" target=\"_blank\"><strong><span style=\"color: #000000;\">Descarga el cat\u00e1logo aqu\u00ed<\/span><\/strong><\/a><\/h6><p>\u00a0<\/p>\t\t\t\t\t\t\t\t<\/div>\n\t\t\t\t<\/div>\n\t\t\t\t\t<\/div>\n\t\t<\/div>\n\t\t\t\t<div class=\"elementor-column elementor-col-50 elementor-top-column elementor-element elementor-element-6af990a\" data-id=\"6af990a\" data-element_type=\"column\" data-e-type=\"column\">\n\t\t\t<div class=\"elementor-widget-wrap elementor-element-populated\">\n\t\t\t\t\t\t<div class=\"elementor-element elementor-element-f0139c4 elementor-widget elementor-widget-text-editor\" data-id=\"f0139c4\" data-element_type=\"widget\" data-e-type=\"widget\" data-widget_type=\"text-editor.default\">\n\t\t\t\t<div class=\"elementor-widget-container\">\n\t\t\t\t\t\t\t\t\t<p>Esta columna tambi\u00e9n se puede lavar con eluyentes ligeramente b\u00e1sicos para eliminar impurezas \u00e1cidas irreversibles ligadas al\u00a0relleno, que degradan muy r\u00e1pidamente cualquier columna est\u00e1ndar NH2.<\/p><p>Mayor estabilidad<\/p><ul><li>Mejor resoluci\u00f3n en el an\u00e1lisis de disac\u00e1ridos<\/li><li>\u00a0<\/li><li>\u00a0<\/li><li><h6 style=\"text-align: center;\">Fabricante<\/h6><\/li><\/ul><p>\u00a0<\/p><p><img decoding=\"async\" class=\"alignnone size-full wp-image-1764 aligncenter\" src=\"https:\/\/valitec.co\/sitioweb\/wp-content\/uploads\/2022\/11\/recknokroma.png\" alt=\"\" width=\"243\" height=\"66\" srcset=\"https:\/\/valitec.co\/sitioweb\/wp-content\/uploads\/2022\/11\/recknokroma.png 243w, https:\/\/valitec.co\/sitioweb\/wp-content\/uploads\/2022\/11\/recknokroma-90x24.png 90w\" sizes=\"(max-width: 243px) 100vw, 243px\" \/><\/p>\t\t\t\t\t\t\t\t<\/div>\n\t\t\t\t<\/div>\n\t\t\t\t\t<\/div>\n\t\t<\/div>\n\t\t\t\t\t<\/div>\n\t\t<\/section>\n\t\t\t\t<\/div>\n\t\t","protected":false},"excerpt":{"rendered":"<p>La columna Tracer Carbohydrates se basa en un recubrimiento polim\u00e9rico con base de s\u00edlica, que incluye en su estructura grupos amino primarios enlazados qu\u00edmicamente. Este recubrimiento polim\u00e9rico protege la superf\u00edcie de s\u00edlica contra las agresiones procedentes de las fases m\u00f3viles acuosas \/ org\u00e1nicas utilizadas en la separaci\u00f3n de los az\u00facares, manteniendo as\u00ed la selectividad de<\/p>\n<div class=\"klb-readmore\"><a class=\"c-btn\" href=\"https:\/\/valitec.co\/sitioweb\/columnas-de-hplc-tracer-carbohydrates\/\">Read More <i class=\"far fa-plus\"><\/i><\/a><\/div>\n","protected":false},"author":1,"featured_media":0,"parent":0,"menu_order":0,"comment_status":"closed","ping_status":"closed","template":"","meta":{"_eb_attr":"","footnotes":""},"class_list":["post-1815","page","type-page","status-publish","hentry"],"_links":{"self":[{"href":"https:\/\/valitec.co\/sitioweb\/wp-json\/wp\/v2\/pages\/1815","targetHints":{"allow":["GET"]}}],"collection":[{"href":"https:\/\/valitec.co\/sitioweb\/wp-json\/wp\/v2\/pages"}],"about":[{"href":"https:\/\/valitec.co\/sitioweb\/wp-json\/wp\/v2\/types\/page"}],"author":[{"embeddable":true,"href":"https:\/\/valitec.co\/sitioweb\/wp-json\/wp\/v2\/users\/1"}],"replies":[{"embeddable":true,"href":"https:\/\/valitec.co\/sitioweb\/wp-json\/wp\/v2\/comments?post=1815"}],"version-history":[{"count":7,"href":"https:\/\/valitec.co\/sitioweb\/wp-json\/wp\/v2\/pages\/1815\/revisions"}],"predecessor-version":[{"id":3870,"href":"https:\/\/valitec.co\/sitioweb\/wp-json\/wp\/v2\/pages\/1815\/revisions\/3870"}],"wp:attachment":[{"href":"https:\/\/valitec.co\/sitioweb\/wp-json\/wp\/v2\/media?parent=1815"}],"curies":[{"name":"wp","href":"https:\/\/api.w.org\/{rel}","templated":true}]}}