{"id":1810,"date":"2023-02-20T15:09:36","date_gmt":"2023-02-20T15:09:36","guid":{"rendered":"https:\/\/valitec.co\/sitioweb\/?page_id=1810"},"modified":"2023-04-17T15:39:30","modified_gmt":"2023-04-17T15:39:30","slug":"columnas-de-hplc-brisa-lc","status":"publish","type":"page","link":"https:\/\/valitec.co\/sitioweb\/columnas-de-hplc-brisa-lc\/","title":{"rendered":"Columnas de HPLC Brisa LC"},"content":{"rendered":"\t\t<div data-elementor-type=\"wp-page\" data-elementor-id=\"1810\" class=\"elementor elementor-1810\" data-elementor-post-type=\"page\">\n\t\t\t\t\t\t<section class=\"elementor-section elementor-top-section elementor-element elementor-element-c0cbed6 elementor-section-boxed elementor-section-height-default elementor-section-height-default\" data-id=\"c0cbed6\" data-element_type=\"section\" data-e-type=\"section\">\n\t\t\t\t\t\t<div class=\"elementor-container elementor-column-gap-default\">\n\t\t\t\t\t<div class=\"elementor-column elementor-col-100 elementor-top-column elementor-element elementor-element-2f41390\" data-id=\"2f41390\" data-element_type=\"column\" data-e-type=\"column\">\n\t\t\t<div class=\"elementor-widget-wrap elementor-element-populated\">\n\t\t\t\t\t\t<div class=\"elementor-element elementor-element-ff8b01d elementor-position-top elementor-widget elementor-widget-image-box\" data-id=\"ff8b01d\" data-element_type=\"widget\" data-e-type=\"widget\" data-widget_type=\"image-box.default\">\n\t\t\t\t<div class=\"elementor-widget-container\">\n\t\t\t\t\t<div class=\"elementor-image-box-wrapper\"><figure class=\"elementor-image-box-img\"><img fetchpriority=\"high\" decoding=\"async\" width=\"375\" height=\"272\" src=\"https:\/\/valitec.co\/sitioweb\/wp-content\/uploads\/2022\/11\/brisa.jpg\" class=\"attachment-full size-full wp-image-1618\" alt=\"\" srcset=\"https:\/\/valitec.co\/sitioweb\/wp-content\/uploads\/2022\/11\/brisa.jpg 375w, https:\/\/valitec.co\/sitioweb\/wp-content\/uploads\/2022\/11\/brisa-300x218.jpg 300w, https:\/\/valitec.co\/sitioweb\/wp-content\/uploads\/2022\/11\/brisa-74x54.jpg 74w\" sizes=\"(max-width: 375px) 100vw, 375px\" \/><\/figure><\/div>\t\t\t\t<\/div>\n\t\t\t\t<\/div>\n\t\t\t\t\t<\/div>\n\t\t<\/div>\n\t\t\t\t\t<\/div>\n\t\t<\/section>\n\t\t\t\t<section class=\"elementor-section elementor-top-section elementor-element elementor-element-866a99f elementor-section-boxed elementor-section-height-default elementor-section-height-default\" data-id=\"866a99f\" data-element_type=\"section\" data-e-type=\"section\">\n\t\t\t\t\t\t<div class=\"elementor-container elementor-column-gap-default\">\n\t\t\t\t\t<div class=\"elementor-column elementor-col-50 elementor-top-column elementor-element elementor-element-e0181de\" data-id=\"e0181de\" data-element_type=\"column\" data-e-type=\"column\">\n\t\t\t<div class=\"elementor-widget-wrap elementor-element-populated\">\n\t\t\t\t\t\t<div class=\"elementor-element elementor-element-7e0d7d3 elementor-widget elementor-widget-text-editor\" data-id=\"7e0d7d3\" data-element_type=\"widget\" data-e-type=\"widget\" data-widget_type=\"text-editor.default\">\n\t\t\t\t<div class=\"elementor-widget-container\">\n\t\t\t\t\t\t\t\t\t<p>Brisa\u00a0\u201cLC\u00b2\u201d Limited Cost x Liquid Chromatography<\/p><p>S\u00edlica ultrapura de \u00faltima generaci\u00f3n<\/p><p>Optimiza el coste por an\u00e1lisis<\/p><p>Entrega Inmediata<\/p><p>Brisa \u00abLC\u00b2\u00bb ha sido dise\u00f1ada para obtener la m\u00e1xima reproducibilidad y calidad.<br \/>El material utilizado para el desarrollo de la columna Brisa \u201cLC\u00b2\u201d es un relleno de s\u00edlica gel de \u00faltima generaci\u00f3n, ultra pura y libre de metales. El tama\u00f1o de part\u00edcula es de 3 y 5\u00a0\u00b5m\u00a0y el tama\u00f1o de poro es de 120\u00a0\u00c5.<\/p><p>\u00a0<\/p><p>\u00a0<\/p><h6 style=\"text-align: center;\"><strong><a href=\"https:\/\/www.teknokroma.es\/media\/4251\/brisa_lc2.pdf\" rel=\"nofollow noopener\" target=\"_blank\"><span style=\"color: #000000;\">Descarga aqu\u00ed el cat\u00e1logo<\/span><\/a><\/strong><\/h6>\t\t\t\t\t\t\t\t<\/div>\n\t\t\t\t<\/div>\n\t\t\t\t\t<\/div>\n\t\t<\/div>\n\t\t\t\t<div class=\"elementor-column elementor-col-50 elementor-top-column elementor-element elementor-element-c5f9beb\" data-id=\"c5f9beb\" data-element_type=\"column\" data-e-type=\"column\">\n\t\t\t<div class=\"elementor-widget-wrap elementor-element-populated\">\n\t\t\t\t\t\t<div class=\"elementor-element elementor-element-b6351ac elementor-widget elementor-widget-text-editor\" data-id=\"b6351ac\" data-element_type=\"widget\" data-e-type=\"widget\" data-widget_type=\"text-editor.default\">\n\t\t\t\t<div class=\"elementor-widget-container\">\n\t\t\t\t\t\t\t\t\t<p>La columna Brisa \u201cLC\u00b2\u201d es totalmente libre de silanoles residuales \u201cendcapped\u201cy resistente a valores extremos de pH 2 -11.<br \/>La columna Brisa \u201cLC\u00b2\u201d ha sido desarrollada con el objetivo final de conseguir la m\u00e1s elevada calidad y reproducibilidad.<br \/>Teknokroma controla rigurosamente cada lote de relleno y cada columna.<\/p><p>\u00a0<\/p><p>\u00a0<\/p><h6 style=\"text-align: center;\">Fabricante<\/h6><p><img decoding=\"async\" class=\"size-full wp-image-1764 aligncenter\" src=\"https:\/\/valitec.co\/sitioweb\/wp-content\/uploads\/2022\/11\/recknokroma.png\" alt=\"\" width=\"243\" height=\"66\" srcset=\"https:\/\/valitec.co\/sitioweb\/wp-content\/uploads\/2022\/11\/recknokroma.png 243w, https:\/\/valitec.co\/sitioweb\/wp-content\/uploads\/2022\/11\/recknokroma-90x24.png 90w\" sizes=\"(max-width: 243px) 100vw, 243px\" \/><\/p>\t\t\t\t\t\t\t\t<\/div>\n\t\t\t\t<\/div>\n\t\t\t\t\t<\/div>\n\t\t<\/div>\n\t\t\t\t\t<\/div>\n\t\t<\/section>\n\t\t\t\t<\/div>\n\t\t","protected":false},"excerpt":{"rendered":"<p>Brisa\u00a0\u201cLC\u00b2\u201d Limited Cost x Liquid Chromatography S\u00edlica ultrapura de \u00faltima generaci\u00f3n Optimiza el coste por an\u00e1lisis Entrega Inmediata Brisa \u00abLC\u00b2\u00bb ha sido dise\u00f1ada para obtener la m\u00e1xima reproducibilidad y calidad.El material utilizado para el desarrollo de la columna Brisa \u201cLC\u00b2\u201d es un relleno de s\u00edlica gel de \u00faltima generaci\u00f3n, ultra pura y libre de metales.<\/p>\n<div class=\"klb-readmore\"><a class=\"c-btn\" href=\"https:\/\/valitec.co\/sitioweb\/columnas-de-hplc-brisa-lc\/\">Read More <i class=\"far fa-plus\"><\/i><\/a><\/div>\n","protected":false},"author":1,"featured_media":0,"parent":0,"menu_order":0,"comment_status":"closed","ping_status":"closed","template":"","meta":{"_eb_attr":"","footnotes":""},"class_list":["post-1810","page","type-page","status-publish","hentry"],"_links":{"self":[{"href":"https:\/\/valitec.co\/sitioweb\/wp-json\/wp\/v2\/pages\/1810","targetHints":{"allow":["GET"]}}],"collection":[{"href":"https:\/\/valitec.co\/sitioweb\/wp-json\/wp\/v2\/pages"}],"about":[{"href":"https:\/\/valitec.co\/sitioweb\/wp-json\/wp\/v2\/types\/page"}],"author":[{"embeddable":true,"href":"https:\/\/valitec.co\/sitioweb\/wp-json\/wp\/v2\/users\/1"}],"replies":[{"embeddable":true,"href":"https:\/\/valitec.co\/sitioweb\/wp-json\/wp\/v2\/comments?post=1810"}],"version-history":[{"count":17,"href":"https:\/\/valitec.co\/sitioweb\/wp-json\/wp\/v2\/pages\/1810\/revisions"}],"predecessor-version":[{"id":3867,"href":"https:\/\/valitec.co\/sitioweb\/wp-json\/wp\/v2\/pages\/1810\/revisions\/3867"}],"wp:attachment":[{"href":"https:\/\/valitec.co\/sitioweb\/wp-json\/wp\/v2\/media?parent=1810"}],"curies":[{"name":"wp","href":"https:\/\/api.w.org\/{rel}","templated":true}]}}