{"id":1800,"date":"2023-02-20T14:31:42","date_gmt":"2023-02-20T14:31:42","guid":{"rendered":"https:\/\/valitec.co\/sitioweb\/?page_id=1800"},"modified":"2023-04-17T15:21:31","modified_gmt":"2023-04-17T15:21:31","slug":"columnas-de-hplc-nucleosi","status":"publish","type":"page","link":"https:\/\/valitec.co\/sitioweb\/columnas-de-hplc-nucleosi\/","title":{"rendered":"Columnas de HPLC Nucleosi"},"content":{"rendered":"\t\t<div data-elementor-type=\"wp-page\" data-elementor-id=\"1800\" class=\"elementor elementor-1800\" data-elementor-post-type=\"page\">\n\t\t\t\t\t\t<section class=\"elementor-section elementor-top-section elementor-element elementor-element-c9439bb elementor-section-boxed elementor-section-height-default elementor-section-height-default\" data-id=\"c9439bb\" data-element_type=\"section\" data-e-type=\"section\">\n\t\t\t\t\t\t<div class=\"elementor-container elementor-column-gap-default\">\n\t\t\t\t\t<div class=\"elementor-column elementor-col-100 elementor-top-column elementor-element elementor-element-b787531\" data-id=\"b787531\" data-element_type=\"column\" data-e-type=\"column\">\n\t\t\t<div class=\"elementor-widget-wrap elementor-element-populated\">\n\t\t\t\t\t\t<div class=\"elementor-element elementor-element-8a99321 elementor-position-top elementor-widget elementor-widget-image-box\" data-id=\"8a99321\" data-element_type=\"widget\" data-e-type=\"widget\" data-widget_type=\"image-box.default\">\n\t\t\t\t<div class=\"elementor-widget-container\">\n\t\t\t\t\t<div class=\"elementor-image-box-wrapper\"><figure class=\"elementor-image-box-img\"><img fetchpriority=\"high\" decoding=\"async\" width=\"250\" height=\"200\" src=\"https:\/\/valitec.co\/sitioweb\/wp-content\/uploads\/2022\/11\/nucleosil.jpg\" class=\"attachment-full size-full wp-image-1622\" alt=\"\" srcset=\"https:\/\/valitec.co\/sitioweb\/wp-content\/uploads\/2022\/11\/nucleosil.jpg 250w, https:\/\/valitec.co\/sitioweb\/wp-content\/uploads\/2022\/11\/nucleosil-68x54.jpg 68w\" sizes=\"(max-width: 250px) 100vw, 250px\" \/><\/figure><\/div>\t\t\t\t<\/div>\n\t\t\t\t<\/div>\n\t\t\t\t\t<\/div>\n\t\t<\/div>\n\t\t\t\t\t<\/div>\n\t\t<\/section>\n\t\t\t\t<section class=\"elementor-section elementor-top-section elementor-element elementor-element-219ae81 elementor-section-boxed elementor-section-height-default elementor-section-height-default\" data-id=\"219ae81\" data-element_type=\"section\" data-e-type=\"section\">\n\t\t\t\t\t\t<div class=\"elementor-container elementor-column-gap-default\">\n\t\t\t\t\t<div class=\"elementor-column elementor-col-50 elementor-top-column elementor-element elementor-element-253b646\" data-id=\"253b646\" data-element_type=\"column\" data-e-type=\"column\">\n\t\t\t<div class=\"elementor-widget-wrap elementor-element-populated\">\n\t\t\t\t\t\t<div class=\"elementor-element elementor-element-d2fc675 elementor-widget elementor-widget-text-editor\" data-id=\"d2fc675\" data-element_type=\"widget\" data-e-type=\"widget\" data-widget_type=\"text-editor.default\">\n\t\t\t\t<div class=\"elementor-widget-container\">\n\t\t\t\t\t\t\t\t\t<p>Nucleosil es un relleno de s\u00edlice totalmente porosa, que se presenta con una amplia gama de funcionalizaciones. Por su elevado nivel de calidad ha llegado a ser uno de los m\u00e1s populares rellenos de HPLC.<\/p><p>Se presenta en una gran variedad de tama\u00f1os de part\u00edcula, por lo que cubre pr\u00e1cticamente todo el campo de la cromatograf\u00eda, desde las columnas ultrarr\u00e1pidas con rellenos de 3 \u03bcm, hasta la escala preparativa, manteniendo siempre la misma selectividad.<\/p><p>\u00a0<\/p><h6 style=\"text-align: center;\"><a href=\"https:\/\/www.teknokroma.es\/media\/2185\/columnas_nucleosil.pdf\" rel=\"nofollow noopener\" target=\"_blank\"><strong><span style=\"color: #000000;\">Descarga el cat\u00e1logo aqu\u00ed<\/span><\/strong><\/a><\/h6>\t\t\t\t\t\t\t\t<\/div>\n\t\t\t\t<\/div>\n\t\t\t\t\t<\/div>\n\t\t<\/div>\n\t\t\t\t<div class=\"elementor-column elementor-col-50 elementor-top-column elementor-element elementor-element-f450373\" data-id=\"f450373\" data-element_type=\"column\" data-e-type=\"column\">\n\t\t\t<div class=\"elementor-widget-wrap elementor-element-populated\">\n\t\t\t\t\t\t<div class=\"elementor-element elementor-element-4b41f9f elementor-widget elementor-widget-text-editor\" data-id=\"4b41f9f\" data-element_type=\"widget\" data-e-type=\"widget\" data-widget_type=\"text-editor.default\">\n\t\t\t\t<div class=\"elementor-widget-container\">\n\t\t\t\t\t\t\t\t\t<p>Los rellenos Nucleosil se distinguen tambi\u00e9n de la mayor\u00eda de rellenos del mercado por su gran estabilidad frente a valores extremos de pH, pudiendo trabajar entre pH 1 y 9.<\/p><p>Los rellenos de 3,5 y 10 \u03bcm se caracterizan por su ajustada distribuci\u00f3n de tama\u00f1os de part\u00edcula, lo cual se traduce en una elevada eficacia y una gran estabilidad de las columnas de HPLC.<\/p><p>\u00a0<\/p><h6 style=\"text-align: center;\">FABRICANTE<\/h6><p>\u00a0<\/p><p><img decoding=\"async\" class=\"size-full wp-image-1764 aligncenter\" src=\"https:\/\/valitec.co\/sitioweb\/wp-content\/uploads\/2022\/11\/recknokroma.png\" alt=\"\" width=\"243\" height=\"66\" srcset=\"https:\/\/valitec.co\/sitioweb\/wp-content\/uploads\/2022\/11\/recknokroma.png 243w, https:\/\/valitec.co\/sitioweb\/wp-content\/uploads\/2022\/11\/recknokroma-90x24.png 90w\" sizes=\"(max-width: 243px) 100vw, 243px\" \/><\/p>\t\t\t\t\t\t\t\t<\/div>\n\t\t\t\t<\/div>\n\t\t\t\t\t<\/div>\n\t\t<\/div>\n\t\t\t\t\t<\/div>\n\t\t<\/section>\n\t\t\t\t<\/div>\n\t\t","protected":false},"excerpt":{"rendered":"<p>Nucleosil es un relleno de s\u00edlice totalmente porosa, que se presenta con una amplia gama de funcionalizaciones. Por su elevado nivel de calidad ha llegado a ser uno de los m\u00e1s populares rellenos de HPLC. Se presenta en una gran variedad de tama\u00f1os de part\u00edcula, por lo que cubre pr\u00e1cticamente todo el campo de la<\/p>\n<div class=\"klb-readmore\"><a class=\"c-btn\" href=\"https:\/\/valitec.co\/sitioweb\/columnas-de-hplc-nucleosi\/\">Read More <i class=\"far fa-plus\"><\/i><\/a><\/div>\n","protected":false},"author":1,"featured_media":0,"parent":0,"menu_order":0,"comment_status":"closed","ping_status":"closed","template":"","meta":{"_eb_attr":"","footnotes":""},"class_list":["post-1800","page","type-page","status-publish","hentry"],"_links":{"self":[{"href":"https:\/\/valitec.co\/sitioweb\/wp-json\/wp\/v2\/pages\/1800","targetHints":{"allow":["GET"]}}],"collection":[{"href":"https:\/\/valitec.co\/sitioweb\/wp-json\/wp\/v2\/pages"}],"about":[{"href":"https:\/\/valitec.co\/sitioweb\/wp-json\/wp\/v2\/types\/page"}],"author":[{"embeddable":true,"href":"https:\/\/valitec.co\/sitioweb\/wp-json\/wp\/v2\/users\/1"}],"replies":[{"embeddable":true,"href":"https:\/\/valitec.co\/sitioweb\/wp-json\/wp\/v2\/comments?post=1800"}],"version-history":[{"count":16,"href":"https:\/\/valitec.co\/sitioweb\/wp-json\/wp\/v2\/pages\/1800\/revisions"}],"predecessor-version":[{"id":3854,"href":"https:\/\/valitec.co\/sitioweb\/wp-json\/wp\/v2\/pages\/1800\/revisions\/3854"}],"wp:attachment":[{"href":"https:\/\/valitec.co\/sitioweb\/wp-json\/wp\/v2\/media?parent=1800"}],"curies":[{"name":"wp","href":"https:\/\/api.w.org\/{rel}","templated":true}]}}