{"id":1795,"date":"2023-02-20T14:01:27","date_gmt":"2023-02-20T14:01:27","guid":{"rendered":"https:\/\/valitec.co\/sitioweb\/?page_id=1795"},"modified":"2023-04-17T15:17:10","modified_gmt":"2023-04-17T15:17:10","slug":"columnas-de-hplc-lichrosorb","status":"publish","type":"page","link":"https:\/\/valitec.co\/sitioweb\/columnas-de-hplc-lichrosorb\/","title":{"rendered":"Columnas de HPLC Lichrosorb"},"content":{"rendered":"\t\t<div data-elementor-type=\"wp-page\" data-elementor-id=\"1795\" class=\"elementor elementor-1795\" data-elementor-post-type=\"page\">\n\t\t\t\t\t\t<section class=\"elementor-section elementor-top-section elementor-element elementor-element-511ab13 elementor-section-boxed elementor-section-height-default elementor-section-height-default\" data-id=\"511ab13\" data-element_type=\"section\" data-e-type=\"section\">\n\t\t\t\t\t\t<div class=\"elementor-container elementor-column-gap-default\">\n\t\t\t\t\t<div class=\"elementor-column elementor-col-100 elementor-top-column elementor-element elementor-element-4797a0e\" data-id=\"4797a0e\" data-element_type=\"column\" data-e-type=\"column\">\n\t\t\t<div class=\"elementor-widget-wrap elementor-element-populated\">\n\t\t\t\t\t\t<div class=\"elementor-element elementor-element-d9c5de9 elementor-position-top elementor-widget elementor-widget-image-box\" data-id=\"d9c5de9\" data-element_type=\"widget\" data-e-type=\"widget\" data-settings=\"{&quot;motion_fx_motion_fx_scrolling&quot;:&quot;yes&quot;,&quot;motion_fx_scale_effect&quot;:&quot;yes&quot;,&quot;motion_fx_scale_direction&quot;:&quot;in-out&quot;,&quot;motion_fx_scale_speed&quot;:{&quot;unit&quot;:&quot;px&quot;,&quot;size&quot;:5,&quot;sizes&quot;:[]},&quot;motion_fx_scale_range&quot;:{&quot;unit&quot;:&quot;%&quot;,&quot;size&quot;:&quot;&quot;,&quot;sizes&quot;:{&quot;start&quot;:20,&quot;end&quot;:80}},&quot;motion_fx_devices&quot;:[&quot;desktop&quot;,&quot;tablet&quot;,&quot;mobile&quot;]}\" data-widget_type=\"image-box.default\">\n\t\t\t\t<div class=\"elementor-widget-container\">\n\t\t\t\t\t<div class=\"elementor-image-box-wrapper\"><figure class=\"elementor-image-box-img\"><img fetchpriority=\"high\" decoding=\"async\" width=\"250\" height=\"200\" src=\"https:\/\/valitec.co\/sitioweb\/wp-content\/uploads\/2022\/11\/lchrosorb.jpg\" class=\"attachment-full size-full wp-image-1625\" alt=\"\" srcset=\"https:\/\/valitec.co\/sitioweb\/wp-content\/uploads\/2022\/11\/lchrosorb.jpg 250w, https:\/\/valitec.co\/sitioweb\/wp-content\/uploads\/2022\/11\/lchrosorb-68x54.jpg 68w\" sizes=\"(max-width: 250px) 100vw, 250px\" \/><\/figure><\/div>\t\t\t\t<\/div>\n\t\t\t\t<\/div>\n\t\t\t\t\t<\/div>\n\t\t<\/div>\n\t\t\t\t\t<\/div>\n\t\t<\/section>\n\t\t\t\t<section class=\"elementor-section elementor-top-section elementor-element elementor-element-6194279 elementor-section-boxed elementor-section-height-default elementor-section-height-default\" data-id=\"6194279\" data-element_type=\"section\" data-e-type=\"section\">\n\t\t\t\t\t\t<div class=\"elementor-container elementor-column-gap-default\">\n\t\t\t\t\t<div class=\"elementor-column elementor-col-100 elementor-top-column elementor-element elementor-element-62fdb14\" data-id=\"62fdb14\" data-element_type=\"column\" data-e-type=\"column\">\n\t\t\t<div class=\"elementor-widget-wrap\">\n\t\t\t\t\t\t\t<\/div>\n\t\t<\/div>\n\t\t\t\t\t<\/div>\n\t\t<\/section>\n\t\t\t\t<section class=\"elementor-section elementor-top-section elementor-element elementor-element-b4048ed elementor-section-boxed elementor-section-height-default elementor-section-height-default\" data-id=\"b4048ed\" data-element_type=\"section\" data-e-type=\"section\">\n\t\t\t\t\t\t<div class=\"elementor-container elementor-column-gap-default\">\n\t\t\t\t\t<div class=\"elementor-column elementor-col-50 elementor-top-column elementor-element elementor-element-614fc56\" data-id=\"614fc56\" data-element_type=\"column\" data-e-type=\"column\">\n\t\t\t<div class=\"elementor-widget-wrap elementor-element-populated\">\n\t\t\t\t\t\t<div class=\"elementor-element elementor-element-4a5a1ee elementor-widget elementor-widget-text-editor\" data-id=\"4a5a1ee\" data-element_type=\"widget\" data-e-type=\"widget\" data-widget_type=\"text-editor.default\">\n\t\t\t\t<div class=\"elementor-widget-container\">\n\t\t\t\t\t\t\t\t\t<p>Este tradicional relleno irregular es empaquetado seg\u00fan met\u00f3dicas perfectamente optimizadas, asegurando la m\u00e1xima eficacia, estabilidad y reproducibilidad en todas las columnas.<br \/>Con este relleno irregular, las eficacias normalmente obtenidas son de 30-40.000 N\/m\u00a0para los rellenos de 10 \u03bcm y de 50-70.000 N\/m para los rellenos de 5 \u03bcm.<\/p><p>\u00a0<\/p><h6 style=\"text-align: center;\"><a href=\"https:\/\/www.teknokroma.es\/media\/4243\/lichrosorb.pdf\" rel=\"nofollow noopener\" target=\"_blank\"><strong>Descarga aqu\u00ed el cat\u00e1logo<\/strong><\/a><\/h6>\t\t\t\t\t\t\t\t<\/div>\n\t\t\t\t<\/div>\n\t\t\t\t\t<\/div>\n\t\t<\/div>\n\t\t\t\t<div class=\"elementor-column elementor-col-50 elementor-top-column elementor-element elementor-element-ae0c967\" data-id=\"ae0c967\" data-element_type=\"column\" data-e-type=\"column\">\n\t\t\t<div class=\"elementor-widget-wrap elementor-element-populated\">\n\t\t\t\t\t\t<div class=\"elementor-element elementor-element-0cae837 elementor-widget elementor-widget-text-editor\" data-id=\"0cae837\" data-element_type=\"widget\" data-e-type=\"widget\" data-widget_type=\"text-editor.default\">\n\t\t\t\t<div class=\"elementor-widget-container\">\n\t\t\t\t\t\t\t\t\t<h6 style=\"text-align: center;\">FABRICANTE<\/h6><p>\u00a0<\/p><p><img decoding=\"async\" class=\"alignnone size-full wp-image-1764 aligncenter\" src=\"https:\/\/valitec.co\/sitioweb\/wp-content\/uploads\/2022\/11\/recknokroma.png\" alt=\"\" width=\"243\" height=\"66\" srcset=\"https:\/\/valitec.co\/sitioweb\/wp-content\/uploads\/2022\/11\/recknokroma.png 243w, https:\/\/valitec.co\/sitioweb\/wp-content\/uploads\/2022\/11\/recknokroma-90x24.png 90w\" sizes=\"(max-width: 243px) 100vw, 243px\" \/><\/p>\t\t\t\t\t\t\t\t<\/div>\n\t\t\t\t<\/div>\n\t\t\t\t\t<\/div>\n\t\t<\/div>\n\t\t\t\t\t<\/div>\n\t\t<\/section>\n\t\t\t\t<\/div>\n\t\t","protected":false},"excerpt":{"rendered":"<p>Este tradicional relleno irregular es empaquetado seg\u00fan met\u00f3dicas perfectamente optimizadas, asegurando la m\u00e1xima eficacia, estabilidad y reproducibilidad en todas las columnas.Con este relleno irregular, las eficacias normalmente obtenidas son de 30-40.000 N\/m\u00a0para los rellenos de 10 \u03bcm y de 50-70.000 N\/m para los rellenos de 5 \u03bcm. \u00a0 Descarga aqu\u00ed el cat\u00e1logo FABRICANTE \u00a0<\/p>\n","protected":false},"author":1,"featured_media":0,"parent":0,"menu_order":0,"comment_status":"closed","ping_status":"closed","template":"","meta":{"_eb_attr":"","footnotes":""},"class_list":["post-1795","page","type-page","status-publish","hentry"],"_links":{"self":[{"href":"https:\/\/valitec.co\/sitioweb\/wp-json\/wp\/v2\/pages\/1795","targetHints":{"allow":["GET"]}}],"collection":[{"href":"https:\/\/valitec.co\/sitioweb\/wp-json\/wp\/v2\/pages"}],"about":[{"href":"https:\/\/valitec.co\/sitioweb\/wp-json\/wp\/v2\/types\/page"}],"author":[{"embeddable":true,"href":"https:\/\/valitec.co\/sitioweb\/wp-json\/wp\/v2\/users\/1"}],"replies":[{"embeddable":true,"href":"https:\/\/valitec.co\/sitioweb\/wp-json\/wp\/v2\/comments?post=1795"}],"version-history":[{"count":7,"href":"https:\/\/valitec.co\/sitioweb\/wp-json\/wp\/v2\/pages\/1795\/revisions"}],"predecessor-version":[{"id":3842,"href":"https:\/\/valitec.co\/sitioweb\/wp-json\/wp\/v2\/pages\/1795\/revisions\/3842"}],"wp:attachment":[{"href":"https:\/\/valitec.co\/sitioweb\/wp-json\/wp\/v2\/media?parent=1795"}],"curies":[{"name":"wp","href":"https:\/\/api.w.org\/{rel}","templated":true}]}}