{"id":1790,"date":"2023-02-17T15:37:11","date_gmt":"2023-02-17T15:37:11","guid":{"rendered":"https:\/\/valitec.co\/sitioweb\/?page_id=1790"},"modified":"2023-04-17T15:15:50","modified_gmt":"2023-04-17T15:15:50","slug":"columnas-de-hplc-lichrospher","status":"publish","type":"page","link":"https:\/\/valitec.co\/sitioweb\/columnas-de-hplc-lichrospher\/","title":{"rendered":"Columnas de HPLC Lichrospher"},"content":{"rendered":"\t\t<div data-elementor-type=\"wp-page\" data-elementor-id=\"1790\" class=\"elementor elementor-1790\" data-elementor-post-type=\"page\">\n\t\t\t\t\t\t<section class=\"elementor-section elementor-top-section elementor-element elementor-element-fb03ccc elementor-section-boxed elementor-section-height-default elementor-section-height-default\" data-id=\"fb03ccc\" data-element_type=\"section\" data-e-type=\"section\">\n\t\t\t\t\t\t<div class=\"elementor-container elementor-column-gap-default\">\n\t\t\t\t\t<div class=\"elementor-column elementor-col-100 elementor-top-column elementor-element elementor-element-945b936\" data-id=\"945b936\" data-element_type=\"column\" data-e-type=\"column\">\n\t\t\t<div class=\"elementor-widget-wrap elementor-element-populated\">\n\t\t\t\t\t\t<div class=\"elementor-element elementor-element-c295912 e-transform animated-slow elementor-position-top elementor-widget elementor-widget-image-box\" data-id=\"c295912\" data-element_type=\"widget\" data-e-type=\"widget\" data-settings=\"{&quot;_transform_translateX_effect_hover&quot;:{&quot;unit&quot;:&quot;px&quot;,&quot;size&quot;:-238,&quot;sizes&quot;:[]},&quot;_animation&quot;:&quot;none&quot;,&quot;_transform_translateX_effect_hover_tablet&quot;:{&quot;unit&quot;:&quot;px&quot;,&quot;size&quot;:&quot;&quot;,&quot;sizes&quot;:[]},&quot;_transform_translateX_effect_hover_mobile&quot;:{&quot;unit&quot;:&quot;px&quot;,&quot;size&quot;:&quot;&quot;,&quot;sizes&quot;:[]},&quot;_transform_translateY_effect_hover&quot;:{&quot;unit&quot;:&quot;px&quot;,&quot;size&quot;:&quot;&quot;,&quot;sizes&quot;:[]},&quot;_transform_translateY_effect_hover_tablet&quot;:{&quot;unit&quot;:&quot;px&quot;,&quot;size&quot;:&quot;&quot;,&quot;sizes&quot;:[]},&quot;_transform_translateY_effect_hover_mobile&quot;:{&quot;unit&quot;:&quot;px&quot;,&quot;size&quot;:&quot;&quot;,&quot;sizes&quot;:[]}}\" data-widget_type=\"image-box.default\">\n\t\t\t\t<div class=\"elementor-widget-container\">\n\t\t\t\t\t<div class=\"elementor-image-box-wrapper\"><figure class=\"elementor-image-box-img\"><img fetchpriority=\"high\" decoding=\"async\" width=\"250\" height=\"200\" src=\"https:\/\/valitec.co\/sitioweb\/wp-content\/uploads\/2022\/11\/lchrosopher.jpg\" class=\"attachment-full size-full wp-image-1628\" alt=\"\" srcset=\"https:\/\/valitec.co\/sitioweb\/wp-content\/uploads\/2022\/11\/lchrosopher.jpg 250w, https:\/\/valitec.co\/sitioweb\/wp-content\/uploads\/2022\/11\/lchrosopher-68x54.jpg 68w\" sizes=\"(max-width: 250px) 100vw, 250px\" \/><\/figure><\/div>\t\t\t\t<\/div>\n\t\t\t\t<\/div>\n\t\t\t\t\t<\/div>\n\t\t<\/div>\n\t\t\t\t\t<\/div>\n\t\t<\/section>\n\t\t\t\t<section class=\"elementor-section elementor-top-section elementor-element elementor-element-a44d719 elementor-section-boxed elementor-section-height-default elementor-section-height-default\" data-id=\"a44d719\" data-element_type=\"section\" data-e-type=\"section\">\n\t\t\t\t\t\t<div class=\"elementor-container elementor-column-gap-default\">\n\t\t\t\t\t<div class=\"elementor-column elementor-col-50 elementor-top-column elementor-element elementor-element-b554a3f\" data-id=\"b554a3f\" data-element_type=\"column\" data-e-type=\"column\">\n\t\t\t<div class=\"elementor-widget-wrap elementor-element-populated\">\n\t\t\t\t\t\t<div class=\"elementor-element elementor-element-48fcbf4 elementor-widget elementor-widget-text-editor\" data-id=\"48fcbf4\" data-element_type=\"widget\" data-e-type=\"widget\" data-settings=\"{&quot;motion_fx_motion_fx_scrolling&quot;:&quot;yes&quot;,&quot;motion_fx_motion_fx_mouse&quot;:&quot;yes&quot;,&quot;motion_fx_mouseTrack_effect&quot;:&quot;yes&quot;,&quot;motion_fx_mouseTrack_speed&quot;:{&quot;unit&quot;:&quot;px&quot;,&quot;size&quot;:0.1000000000000000055511151231257827021181583404541015625,&quot;sizes&quot;:[]},&quot;motion_fx_devices&quot;:[&quot;desktop&quot;,&quot;tablet&quot;,&quot;mobile&quot;]}\" data-widget_type=\"text-editor.default\">\n\t\t\t\t<div class=\"elementor-widget-container\">\n\t\t\t\t\t\t\t\t\t<p>Relleno esf\u00e9rico de 5 y 10 \u03bcm de tama\u00f1o de part\u00edcula, presenta todas las ventajas que son comunes a todos los rellenos esf\u00e9ricos: elevada permeabilidad, alta eficacia y excelente estabilidad de las columnas.<\/p><p>\u00a0<\/p><h6 style=\"text-align: center;\"><a href=\"https:\/\/www.teknokroma.es\/media\/4245\/lichrospher.pdf\" rel=\"nofollow noopener\" target=\"_blank\"><strong>Descarga aqu\u00ed cat\u00e1logo<\/strong><\/a><\/h6>\t\t\t\t\t\t\t\t<\/div>\n\t\t\t\t<\/div>\n\t\t\t\t\t<\/div>\n\t\t<\/div>\n\t\t\t\t<div class=\"elementor-column elementor-col-50 elementor-top-column elementor-element elementor-element-2ba7a09\" data-id=\"2ba7a09\" data-element_type=\"column\" data-e-type=\"column\">\n\t\t\t<div class=\"elementor-widget-wrap elementor-element-populated\">\n\t\t\t\t\t\t<div class=\"elementor-element elementor-element-390541b elementor-widget elementor-widget-text-editor\" data-id=\"390541b\" data-element_type=\"widget\" data-e-type=\"widget\" data-settings=\"{&quot;motion_fx_motion_fx_scrolling&quot;:&quot;yes&quot;,&quot;motion_fx_motion_fx_mouse&quot;:&quot;yes&quot;,&quot;motion_fx_mouseTrack_effect&quot;:&quot;yes&quot;,&quot;motion_fx_mouseTrack_direction&quot;:&quot;negative&quot;,&quot;motion_fx_mouseTrack_speed&quot;:{&quot;unit&quot;:&quot;px&quot;,&quot;size&quot;:0,&quot;sizes&quot;:[]},&quot;motion_fx_devices&quot;:[&quot;desktop&quot;,&quot;tablet&quot;,&quot;mobile&quot;]}\" data-widget_type=\"text-editor.default\">\n\t\t\t\t<div class=\"elementor-widget-container\">\n\t\t\t\t\t\t\t\t\t<p style=\"text-align: center;\"><span style=\"color: #000000;\">FABRICANTE<\/span><\/p><p>\u00a0<\/p><p><img decoding=\"async\" class=\"size-full wp-image-1764 aligncenter\" src=\"https:\/\/valitec.co\/sitioweb\/wp-content\/uploads\/2022\/11\/recknokroma.png\" alt=\"\" width=\"243\" height=\"66\" srcset=\"https:\/\/valitec.co\/sitioweb\/wp-content\/uploads\/2022\/11\/recknokroma.png 243w, https:\/\/valitec.co\/sitioweb\/wp-content\/uploads\/2022\/11\/recknokroma-90x24.png 90w\" sizes=\"(max-width: 243px) 100vw, 243px\" \/><\/p>\t\t\t\t\t\t\t\t<\/div>\n\t\t\t\t<\/div>\n\t\t\t\t\t<\/div>\n\t\t<\/div>\n\t\t\t\t\t<\/div>\n\t\t<\/section>\n\t\t\t\t<\/div>\n\t\t","protected":false},"excerpt":{"rendered":"<p>Relleno esf\u00e9rico de 5 y 10 \u03bcm de tama\u00f1o de part\u00edcula, presenta todas las ventajas que son comunes a todos los rellenos esf\u00e9ricos: elevada permeabilidad, alta eficacia y excelente estabilidad de las columnas. \u00a0 Descarga aqu\u00ed cat\u00e1logo FABRICANTE \u00a0<\/p>\n","protected":false},"author":1,"featured_media":0,"parent":0,"menu_order":0,"comment_status":"closed","ping_status":"closed","template":"","meta":{"_eb_attr":"","footnotes":""},"class_list":["post-1790","page","type-page","status-publish","hentry"],"_links":{"self":[{"href":"https:\/\/valitec.co\/sitioweb\/wp-json\/wp\/v2\/pages\/1790","targetHints":{"allow":["GET"]}}],"collection":[{"href":"https:\/\/valitec.co\/sitioweb\/wp-json\/wp\/v2\/pages"}],"about":[{"href":"https:\/\/valitec.co\/sitioweb\/wp-json\/wp\/v2\/types\/page"}],"author":[{"embeddable":true,"href":"https:\/\/valitec.co\/sitioweb\/wp-json\/wp\/v2\/users\/1"}],"replies":[{"embeddable":true,"href":"https:\/\/valitec.co\/sitioweb\/wp-json\/wp\/v2\/comments?post=1790"}],"version-history":[{"count":13,"href":"https:\/\/valitec.co\/sitioweb\/wp-json\/wp\/v2\/pages\/1790\/revisions"}],"predecessor-version":[{"id":3839,"href":"https:\/\/valitec.co\/sitioweb\/wp-json\/wp\/v2\/pages\/1790\/revisions\/3839"}],"wp:attachment":[{"href":"https:\/\/valitec.co\/sitioweb\/wp-json\/wp\/v2\/media?parent=1790"}],"curies":[{"name":"wp","href":"https:\/\/api.w.org\/{rel}","templated":true}]}}