{"id":1720,"date":"2023-02-13T21:15:32","date_gmt":"2023-02-13T21:15:32","guid":{"rendered":"https:\/\/valitec.co\/sitioweb\/?page_id=1720"},"modified":"2025-08-18T05:08:27","modified_gmt":"2025-08-18T05:08:27","slug":"productos-n","status":"publish","type":"page","link":"https:\/\/valitec.co\/sitioweb\/productos-n\/","title":{"rendered":"Productos"},"content":{"rendered":"\t\t<div data-elementor-type=\"wp-page\" data-elementor-id=\"1720\" class=\"elementor elementor-1720\" data-elementor-post-type=\"page\">\n\t\t\t\t\t\t<section class=\"elementor-section elementor-top-section elementor-element elementor-element-b9a87ff elementor-section-full_width elementor-section-height-default elementor-section-height-default\" data-id=\"b9a87ff\" data-element_type=\"section\" data-e-type=\"section\">\n\t\t\t\t\t\t<div class=\"elementor-container elementor-column-gap-no\">\n\t\t\t\t\t<div class=\"elementor-column elementor-col-100 elementor-top-column elementor-element elementor-element-4109653\" data-id=\"4109653\" data-element_type=\"column\" data-e-type=\"column\">\n\t\t\t<div class=\"elementor-widget-wrap elementor-element-populated\">\n\t\t\t\t\t\t<div class=\"elementor-element elementor-element-dbe4344 elementor-widget elementor-widget-medibazar-breadcrumb\" data-id=\"dbe4344\" data-element_type=\"widget\" data-e-type=\"widget\" data-widget_type=\"medibazar-breadcrumb.default\">\n\t\t\t\t<div class=\"elementor-widget-container\">\n\t\t\t\t\t<div class=\"breadcrumb-area pt-125 pb-125\" style=\"background-image:url(https:\/\/valitec.co\/sitioweb\/wp-content\/uploads\/2022\/08\/female-in-medical-suit-working-in-laboratory-2022-03-08-22-58-49-utc-scaled.jpg)\"><div class=\"container\"><div class=\"klb-breadcrumb-wrapper\"><div class=\"row\"><div class=\"col-xl-12\"><div class=\"breadcrumb-text\"><h1>Productos<\/h1><\/div><\/div><ul class=\"breadcrumb-menu\"><li><a  href=\"https:\/\/valitec.co\/sitioweb\" title=\"Home\" rel=\"bookmark\">Home<\/a> <\/li>  <\/ul><\/div><\/div><\/div><\/div>\t\t\t\t<\/div>\n\t\t\t\t<\/div>\n\t\t\t\t\t<\/div>\n\t\t<\/div>\n\t\t\t\t\t<\/div>\n\t\t<\/section>\n\t\t\t\t<section class=\"elementor-section elementor-top-section elementor-element elementor-element-36cd965 elementor-section-boxed elementor-section-height-default elementor-section-height-default\" data-id=\"36cd965\" data-element_type=\"section\" data-e-type=\"section\" data-settings=\"{&quot;background_background&quot;:&quot;classic&quot;}\">\n\t\t\t\t\t\t<div class=\"elementor-container elementor-column-gap-default\">\n\t\t\t\t\t<div class=\"elementor-column elementor-col-100 elementor-top-column elementor-element elementor-element-9f07f3f\" data-id=\"9f07f3f\" data-element_type=\"column\" data-e-type=\"column\">\n\t\t\t<div class=\"elementor-widget-wrap elementor-element-populated\">\n\t\t\t\t\t\t<div class=\"elementor-element elementor-element-9a46fba elementor-widget elementor-widget-spacer\" data-id=\"9a46fba\" data-element_type=\"widget\" data-e-type=\"widget\" data-widget_type=\"spacer.default\">\n\t\t\t\t<div class=\"elementor-widget-container\">\n\t\t\t\t\t\t\t<div class=\"elementor-spacer\">\n\t\t\t<div class=\"elementor-spacer-inner\"><\/div>\n\t\t<\/div>\n\t\t\t\t\t\t<\/div>\n\t\t\t\t<\/div>\n\t\t\t\t<div class=\"elementor-element elementor-element-b8b2fe9 elementor-button-info elementor-widget elementor-widget-button\" data-id=\"b8b2fe9\" data-element_type=\"widget\" data-e-type=\"widget\" data-widget_type=\"button.default\">\n\t\t\t\t<div class=\"elementor-widget-container\">\n\t\t\t\t\t\t\t\t\t<div class=\"elementor-button-wrapper\">\n\t\t\t\t\t<a class=\"elementor-button elementor-button-link elementor-size-sm\" href=\"https:\/\/valitec.co\/sitioweb\/\">\n\t\t\t\t\t\t<span class=\"elementor-button-content-wrapper\">\n\t\t\t\t\t\t\t\t\t<span class=\"elementor-button-text\">Atr\u00e1s<\/span>\n\t\t\t\t\t<\/span>\n\t\t\t\t\t<\/a>\n\t\t\t\t<\/div>\n\t\t\t\t\t\t\t\t<\/div>\n\t\t\t\t<\/div>\n\t\t\t\t\t<\/div>\n\t\t<\/div>\n\t\t\t\t\t<\/div>\n\t\t<\/section>\n\t\t\t\t<section class=\"elementor-section elementor-top-section elementor-element elementor-element-994d0bc elementor-section-boxed elementor-section-height-default elementor-section-height-default\" data-id=\"994d0bc\" data-element_type=\"section\" data-e-type=\"section\">\n\t\t\t\t\t\t<div class=\"elementor-container elementor-column-gap-default\">\n\t\t\t\t\t<div class=\"elementor-column elementor-col-33 elementor-top-column elementor-element elementor-element-ba0689f\" data-id=\"ba0689f\" data-element_type=\"column\" data-e-type=\"column\">\n\t\t\t<div class=\"elementor-widget-wrap elementor-element-populated\">\n\t\t\t\t\t\t<div class=\"elementor-element elementor-element-02967d6 elementor-widget__width-initial elementor-widget elementor-widget-medibazar-image-box\" data-id=\"02967d6\" data-element_type=\"widget\" data-e-type=\"widget\" data-widget_type=\"medibazar-image-box.default\">\n\t\t\t\t<div class=\"elementor-widget-container\">\n\t\t\t\t\t<div class=\"feature-02-wrapper text-center\"><div class=\"p-feature-text\"><h3>Cromatograf\u00eda l\u00edquida<\/h3><div class=\"feature-02-icon\"><img decoding=\"async\" src=\"https:\/\/valitec.co\/sitioweb\/wp-content\/uploads\/2023\/04\/Diseno-sin-titulo-1-e1754102618793.png\" alt=\"\"><\/div><p><\/p><a href=\"https:\/\/valitec.co\/sitioweb\/?page_id=1706&#038;preview=true\" ><i class=\"fal fa-long-arrow-right\"><\/i><\/a><\/div><\/div>\t\t\t\t<\/div>\n\t\t\t\t<\/div>\n\t\t\t\t<div class=\"elementor-element elementor-element-4653aa3 elementor-widget elementor-widget-medibazar-image-box\" data-id=\"4653aa3\" data-element_type=\"widget\" data-e-type=\"widget\" data-widget_type=\"medibazar-image-box.default\">\n\t\t\t\t<div class=\"elementor-widget-container\">\n\t\t\t\t\t<div class=\"feature-02-wrapper text-center\"><div class=\"p-feature-text\"><h3>Accesorios para disolutores<\/h3><div class=\"feature-02-icon\"><img decoding=\"async\" src=\"https:\/\/valitec.co\/sitioweb\/wp-content\/uploads\/2025\/07\/dissolution_accessories_cover-scaled.jpg\" alt=\"\"><\/div><p><\/p><a href=\"https:\/\/valitec.co\/sitioweb\/accesorios-de-disolucion\/\" ><i class=\"fal fa-long-arrow-right\"><\/i><\/a><\/div><\/div>\t\t\t\t<\/div>\n\t\t\t\t<\/div>\n\t\t\t\t<div class=\"elementor-element elementor-element-7296bfa elementor-widget elementor-widget-medibazar-image-box\" data-id=\"7296bfa\" data-element_type=\"widget\" data-e-type=\"widget\" data-widget_type=\"medibazar-image-box.default\">\n\t\t\t\t<div class=\"elementor-widget-container\">\n\t\t\t\t\t<div class=\"feature-02-wrapper text-center\"><div class=\"p-feature-text\"><h3>Preparaci\u00f3n de muestras<\/h3><div class=\"feature-02-icon\"><img decoding=\"async\" src=\"https:\/\/valitec.co\/sitioweb\/wp-content\/uploads\/2023\/04\/Diseno-sin-titulo.png\" alt=\"\"><\/div><p><\/p><a href=\"https:\/\/valitec.co\/sitioweb\/preparacion-de-muestras\/\" ><i class=\"fal fa-long-arrow-right\"><\/i><\/a><\/div><\/div>\t\t\t\t<\/div>\n\t\t\t\t<\/div>\n\t\t\t\t\t<\/div>\n\t\t<\/div>\n\t\t\t\t<div class=\"elementor-column elementor-col-33 elementor-top-column elementor-element elementor-element-d7701fa\" data-id=\"d7701fa\" data-element_type=\"column\" data-e-type=\"column\">\n\t\t\t<div class=\"elementor-widget-wrap elementor-element-populated\">\n\t\t\t\t\t\t<div class=\"elementor-element elementor-element-14d9670 elementor-widget elementor-widget-medibazar-image-box\" data-id=\"14d9670\" data-element_type=\"widget\" data-e-type=\"widget\" data-widget_type=\"medibazar-image-box.default\">\n\t\t\t\t<div class=\"elementor-widget-container\">\n\t\t\t\t\t<div class=\"feature-02-wrapper text-center\"><div class=\"p-feature-text\"><h3>Cromatograf\u00eda de gases<\/h3><div class=\"feature-02-icon\"><img decoding=\"async\" src=\"https:\/\/valitec.co\/sitioweb\/wp-content\/uploads\/2023\/04\/ACCESORIOS.jpg\" alt=\"\"><\/div><p><\/p><a href=\"https:\/\/valitec.co\/sitioweb\/cromatografia-de-gases\/\" ><i class=\"fal fa-long-arrow-right\"><\/i><\/a><\/div><\/div>\t\t\t\t<\/div>\n\t\t\t\t<\/div>\n\t\t\t\t<div class=\"elementor-element elementor-element-df1856f elementor-widget elementor-widget-medibazar-image-box\" data-id=\"df1856f\" data-element_type=\"widget\" data-e-type=\"widget\" data-widget_type=\"medibazar-image-box.default\">\n\t\t\t\t<div class=\"elementor-widget-container\">\n\t\t\t\t\t<div class=\"feature-02-wrapper text-center\"><div class=\"p-feature-text\"><h3>Equipos para pretratamiento de muestras<\/h3><div class=\"feature-02-icon\"><img decoding=\"async\" src=\"https:\/\/valitec.co\/sitioweb\/wp-content\/uploads\/2022\/09\/worker-checking-archived-electronic-components-in-2022-03-08-00-22-06-utc-1-e1676043222994.jpg\" alt=\"\"><\/div><p><\/p><a href=\"\" ><i class=\"fal fa-long-arrow-right\"><\/i><\/a><\/div><\/div>\t\t\t\t<\/div>\n\t\t\t\t<\/div>\n\t\t\t\t<div class=\"elementor-element elementor-element-3e70846 elementor-widget__width-initial elementor-widget elementor-widget-medibazar-image-box\" data-id=\"3e70846\" data-element_type=\"widget\" data-e-type=\"widget\" data-widget_type=\"medibazar-image-box.default\">\n\t\t\t\t<div class=\"elementor-widget-container\">\n\t\t\t\t\t<div class=\"feature-02-wrapper text-center\"><div class=\"p-feature-text\"><h3><\/h3><div class=\"feature-02-icon\"><img decoding=\"async\" src=\"https:\/\/valitec.co\/sitioweb\/wp-content\/uploads\/2025\/08\/Merel-dissoGUARD-7-scaled-1-e1754103898742.jpg\" alt=\"\"><\/div><p><\/p><a href=\"\" ><i class=\"fal fa-long-arrow-right\"><\/i><\/a><\/div><\/div>\t\t\t\t<\/div>\n\t\t\t\t<\/div>\n\t\t\t\t\t<\/div>\n\t\t<\/div>\n\t\t\t\t<div class=\"elementor-column elementor-col-33 elementor-top-column elementor-element elementor-element-e3cb450\" data-id=\"e3cb450\" data-element_type=\"column\" data-e-type=\"column\">\n\t\t\t<div class=\"elementor-widget-wrap elementor-element-populated\">\n\t\t\t\t\t\t<div class=\"elementor-element elementor-element-42a2df5 elementor-widget elementor-widget-medibazar-image-box\" data-id=\"42a2df5\" data-element_type=\"widget\" data-e-type=\"widget\" data-widget_type=\"medibazar-image-box.default\">\n\t\t\t\t<div class=\"elementor-widget-container\">\n\t\t\t\t\t<div class=\"feature-02-wrapper text-center\"><div class=\"p-feature-text\"><h3>Manipulaci\u00f3n de muestras<\/h3><div class=\"feature-02-icon\"><img decoding=\"async\" src=\"https:\/\/valitec.co\/sitioweb\/wp-content\/uploads\/2022\/09\/health-care-researchers-working-in-life-science-la-2021-09-02-06-48-39-utc-e1676042822861.jpg\" alt=\"\"><\/div><p><\/p><a href=\"https:\/\/valitec.co\/sitioweb\/manipulacion-de-muestras\/\" ><i class=\"fal fa-long-arrow-right\"><\/i><\/a><\/div><\/div>\t\t\t\t<\/div>\n\t\t\t\t<\/div>\n\t\t\t\t<div class=\"elementor-element elementor-element-460673c elementor-widget elementor-widget-medibazar-image-box\" data-id=\"460673c\" data-element_type=\"widget\" data-e-type=\"widget\" data-widget_type=\"medibazar-image-box.default\">\n\t\t\t\t<div class=\"elementor-widget-container\">\n\t\t\t\t\t<div class=\"feature-02-wrapper text-center\"><div class=\"p-feature-text\"><h3>Equipamiento y dotaci\u00f3n para laboratorios <\/h3><div class=\"feature-02-icon\"><img decoding=\"async\" src=\"https:\/\/valitec.co\/sitioweb\/wp-content\/uploads\/2022\/11\/instrumental-e1676043311879.jpg\" alt=\"\"><\/div><p><\/p><a href=\"\" ><i class=\"fal fa-long-arrow-right\"><\/i><\/a><\/div><\/div>\t\t\t\t<\/div>\n\t\t\t\t<\/div>\n\t\t\t\t\t<\/div>\n\t\t<\/div>\n\t\t\t\t\t<\/div>\n\t\t<\/section>\n\t\t\t\t<\/div>\n\t\t","protected":false},"excerpt":{"rendered":"<p>Productos Home Atr\u00e1s Cromatograf\u00eda l\u00edquida Accesorios para disolutores Preparaci\u00f3n de muestras Cromatograf\u00eda de gases Equipos para pretratamiento de muestras Manipulaci\u00f3n de muestras Equipamiento y dotaci\u00f3n para laboratorios<\/p>\n","protected":false},"author":1,"featured_media":0,"parent":0,"menu_order":0,"comment_status":"closed","ping_status":"closed","template":"","meta":{"_eb_attr":"","footnotes":""},"class_list":["post-1720","page","type-page","status-publish","hentry"],"_links":{"self":[{"href":"https:\/\/valitec.co\/sitioweb\/wp-json\/wp\/v2\/pages\/1720","targetHints":{"allow":["GET"]}}],"collection":[{"href":"https:\/\/valitec.co\/sitioweb\/wp-json\/wp\/v2\/pages"}],"about":[{"href":"https:\/\/valitec.co\/sitioweb\/wp-json\/wp\/v2\/types\/page"}],"author":[{"embeddable":true,"href":"https:\/\/valitec.co\/sitioweb\/wp-json\/wp\/v2\/users\/1"}],"replies":[{"embeddable":true,"href":"https:\/\/valitec.co\/sitioweb\/wp-json\/wp\/v2\/comments?post=1720"}],"version-history":[{"count":68,"href":"https:\/\/valitec.co\/sitioweb\/wp-json\/wp\/v2\/pages\/1720\/revisions"}],"predecessor-version":[{"id":4839,"href":"https:\/\/valitec.co\/sitioweb\/wp-json\/wp\/v2\/pages\/1720\/revisions\/4839"}],"wp:attachment":[{"href":"https:\/\/valitec.co\/sitioweb\/wp-json\/wp\/v2\/media?parent=1720"}],"curies":[{"name":"wp","href":"https:\/\/api.w.org\/{rel}","templated":true}]}}