{"id":1065,"date":"2022-09-02T18:48:05","date_gmt":"2022-09-02T18:48:05","guid":{"rendered":"https:\/\/valitec.co\/sitioweb\/?page_id=1065"},"modified":"2023-02-27T17:15:48","modified_gmt":"2023-02-27T17:15:48","slug":"equipos-o-procesos-a-la-medida-customized","status":"publish","type":"page","link":"https:\/\/valitec.co\/sitioweb\/equipos-o-procesos-a-la-medida-customized\/","title":{"rendered":"Equipos o procesos a la medida \u201cCUSTOMIZED\u201d"},"content":{"rendered":"\t\t<div data-elementor-type=\"wp-page\" data-elementor-id=\"1065\" class=\"elementor elementor-1065\" data-elementor-post-type=\"page\">\n\t\t\t\t\t\t<section class=\"elementor-section elementor-top-section elementor-element elementor-element-b9a87ff elementor-section-full_width elementor-section-height-default elementor-section-height-default\" data-id=\"b9a87ff\" data-element_type=\"section\" data-e-type=\"section\">\n\t\t\t\t\t\t<div class=\"elementor-container elementor-column-gap-no\">\n\t\t\t\t\t<div class=\"elementor-column elementor-col-100 elementor-top-column elementor-element elementor-element-4109653\" data-id=\"4109653\" data-element_type=\"column\" data-e-type=\"column\">\n\t\t\t<div class=\"elementor-widget-wrap elementor-element-populated\">\n\t\t\t\t\t\t<div class=\"elementor-element elementor-element-dbe4344 elementor-widget elementor-widget-medibazar-breadcrumb\" data-id=\"dbe4344\" data-element_type=\"widget\" data-e-type=\"widget\" data-widget_type=\"medibazar-breadcrumb.default\">\n\t\t\t\t<div class=\"elementor-widget-container\">\n\t\t\t\t\t<div class=\"breadcrumb-area pt-125 pb-125\" style=\"background-image:url(https:\/\/valitec.co\/sitioweb\/wp-content\/uploads\/2022\/11\/Valitec.jpg)\"><div class=\"container\"><div class=\"klb-breadcrumb-wrapper\"><div class=\"row\"><div class=\"col-xl-12\"><div class=\"breadcrumb-text\"><h1>Servicios<\/h1><\/div><\/div><ul class=\"breadcrumb-menu\"><li><a  href=\"https:\/\/valitec.co\/sitioweb\" title=\"Home\" rel=\"bookmark\">Home<\/a> <\/li>  <\/ul><\/div><\/div><\/div><\/div>\t\t\t\t<\/div>\n\t\t\t\t<\/div>\n\t\t\t\t\t<\/div>\n\t\t<\/div>\n\t\t\t\t\t<\/div>\n\t\t<\/section>\n\t\t\t\t<section class=\"elementor-section elementor-top-section elementor-element elementor-element-a2ea503 elementor-section-content-middle elementor-section-boxed elementor-section-height-default elementor-section-height-default\" data-id=\"a2ea503\" data-element_type=\"section\" data-e-type=\"section\">\n\t\t\t\t\t\t<div class=\"elementor-container elementor-column-gap-default\">\n\t\t\t\t\t<div class=\"elementor-column elementor-col-50 elementor-top-column elementor-element elementor-element-555ff97\" data-id=\"555ff97\" data-element_type=\"column\" data-e-type=\"column\">\n\t\t\t<div class=\"elementor-widget-wrap elementor-element-populated\">\n\t\t\t\t\t\t<div class=\"elementor-element elementor-element-2e89a4b elementor-widget elementor-widget-image\" data-id=\"2e89a4b\" data-element_type=\"widget\" data-e-type=\"widget\" data-widget_type=\"image.default\">\n\t\t\t\t<div class=\"elementor-widget-container\">\n\t\t\t\t\t\t\t\t\t\t\t\t\t\t\t<img fetchpriority=\"high\" decoding=\"async\" width=\"905\" height=\"604\" src=\"https:\/\/valitec.co\/sitioweb\/wp-content\/uploads\/2022\/11\/equiposcustomized.jpg\" class=\"attachment-large size-large wp-image-1584\" alt=\"\" srcset=\"https:\/\/valitec.co\/sitioweb\/wp-content\/uploads\/2022\/11\/equiposcustomized.jpg 905w, https:\/\/valitec.co\/sitioweb\/wp-content\/uploads\/2022\/11\/equiposcustomized-300x200.jpg 300w, https:\/\/valitec.co\/sitioweb\/wp-content\/uploads\/2022\/11\/equiposcustomized-768x513.jpg 768w, https:\/\/valitec.co\/sitioweb\/wp-content\/uploads\/2022\/11\/equiposcustomized-600x400.jpg 600w, https:\/\/valitec.co\/sitioweb\/wp-content\/uploads\/2022\/11\/equiposcustomized-81x54.jpg 81w\" sizes=\"(max-width: 905px) 100vw, 905px\" \/>\t\t\t\t\t\t\t\t\t\t\t\t\t\t\t<\/div>\n\t\t\t\t<\/div>\n\t\t\t\t\t<\/div>\n\t\t<\/div>\n\t\t\t\t<div class=\"elementor-column elementor-col-50 elementor-top-column elementor-element elementor-element-5d1268c\" data-id=\"5d1268c\" data-element_type=\"column\" data-e-type=\"column\">\n\t\t\t<div class=\"elementor-widget-wrap elementor-element-populated\">\n\t\t\t\t\t\t<div class=\"elementor-element elementor-element-caf29c6 elementor-widget elementor-widget-spacer\" data-id=\"caf29c6\" data-element_type=\"widget\" data-e-type=\"widget\" data-widget_type=\"spacer.default\">\n\t\t\t\t<div class=\"elementor-widget-container\">\n\t\t\t\t\t\t\t<div class=\"elementor-spacer\">\n\t\t\t<div class=\"elementor-spacer-inner\"><\/div>\n\t\t<\/div>\n\t\t\t\t\t\t<\/div>\n\t\t\t\t<\/div>\n\t\t\t\t<div class=\"elementor-element elementor-element-2485cd6 elementor-widget elementor-widget-medibazar-block-list\" data-id=\"2485cd6\" data-element_type=\"widget\" data-e-type=\"widget\" data-widget_type=\"medibazar-block-list.default\">\n\t\t\t\t<div class=\"elementor-widget-container\">\n\t\t\t\t\t<div class=\"section-title mb-40\"><h2>Equipos o procesos a la medida \u201cCUSTOMIZED\u201d <\/h2><p>Se desarrollan protocolos espec\u00edficos o a la medida de otros equipos y procesos mediante la recopilaci\u00f3n de datos en las variables susceptibles de control y seguimiento para concluir que es apto para su aplicaci\u00f3n o uso.\nAsesor\u00eda en gesti\u00f3n de mantenimiento y metrolog\u00eda.<\/p><\/div><div class=\"about-item\"><ul><li><div class=\"about-text\"><h4><\/h4><p><\/p><\/div><\/li><\/ul><\/div>\t\t\t\t<\/div>\n\t\t\t\t<\/div>\n\t\t\t\t\t<\/div>\n\t\t<\/div>\n\t\t\t\t\t<\/div>\n\t\t<\/section>\n\t\t\t\t<section class=\"elementor-section elementor-top-section elementor-element elementor-element-31a124e elementor-section-boxed elementor-section-height-default elementor-section-height-default\" data-id=\"31a124e\" data-element_type=\"section\" data-e-type=\"section\">\n\t\t\t\t\t\t<div class=\"elementor-container elementor-column-gap-default\">\n\t\t\t\t\t<div class=\"elementor-column elementor-col-100 elementor-top-column elementor-element elementor-element-5ebcb72\" data-id=\"5ebcb72\" data-element_type=\"column\" data-e-type=\"column\">\n\t\t\t<div class=\"elementor-widget-wrap elementor-element-populated\">\n\t\t\t\t\t\t<div class=\"elementor-element elementor-element-bc4331a elementor-align-center elementor-widget elementor-widget-button\" data-id=\"bc4331a\" data-element_type=\"widget\" data-e-type=\"widget\" data-widget_type=\"button.default\">\n\t\t\t\t<div class=\"elementor-widget-container\">\n\t\t\t\t\t\t\t\t\t<div class=\"elementor-button-wrapper\">\n\t\t\t\t\t<a class=\"elementor-button elementor-button-link elementor-size-sm\" href=\"https:\/\/valitec.co\/sitioweb\/calificacion-de-autoclaves-y-esterilizadores-de-vapor\/\">\n\t\t\t\t\t\t<span class=\"elementor-button-content-wrapper\">\n\t\t\t\t\t\t\t\t\t<span class=\"elementor-button-text\">Regresar a Servicios<\/span>\n\t\t\t\t\t<\/span>\n\t\t\t\t\t<\/a>\n\t\t\t\t<\/div>\n\t\t\t\t\t\t\t\t<\/div>\n\t\t\t\t<\/div>\n\t\t\t\t<div class=\"elementor-element elementor-element-e5baf40 elementor-widget elementor-widget-spacer\" data-id=\"e5baf40\" data-element_type=\"widget\" data-e-type=\"widget\" data-widget_type=\"spacer.default\">\n\t\t\t\t<div class=\"elementor-widget-container\">\n\t\t\t\t\t\t\t<div class=\"elementor-spacer\">\n\t\t\t<div class=\"elementor-spacer-inner\"><\/div>\n\t\t<\/div>\n\t\t\t\t\t\t<\/div>\n\t\t\t\t<\/div>\n\t\t\t\t\t<\/div>\n\t\t<\/div>\n\t\t\t\t\t<\/div>\n\t\t<\/section>\n\t\t\t\t<\/div>\n\t\t","protected":false},"excerpt":{"rendered":"<p>Servicios Home Equipos o procesos a la medida \u201cCUSTOMIZED\u201d Se desarrollan protocolos espec\u00edficos o a la medida de otros equipos y procesos mediante la recopilaci\u00f3n de datos en las variables susceptibles de control y seguimiento para concluir que es apto para su aplicaci\u00f3n o uso. Asesor\u00eda en gesti\u00f3n de mantenimiento y metrolog\u00eda. Regresar a Servicios<\/p>\n","protected":false},"author":1,"featured_media":0,"parent":0,"menu_order":0,"comment_status":"closed","ping_status":"closed","template":"","meta":{"_eb_attr":"","footnotes":""},"class_list":["post-1065","page","type-page","status-publish","hentry"],"_links":{"self":[{"href":"https:\/\/valitec.co\/sitioweb\/wp-json\/wp\/v2\/pages\/1065","targetHints":{"allow":["GET"]}}],"collection":[{"href":"https:\/\/valitec.co\/sitioweb\/wp-json\/wp\/v2\/pages"}],"about":[{"href":"https:\/\/valitec.co\/sitioweb\/wp-json\/wp\/v2\/types\/page"}],"author":[{"embeddable":true,"href":"https:\/\/valitec.co\/sitioweb\/wp-json\/wp\/v2\/users\/1"}],"replies":[{"embeddable":true,"href":"https:\/\/valitec.co\/sitioweb\/wp-json\/wp\/v2\/comments?post=1065"}],"version-history":[{"count":13,"href":"https:\/\/valitec.co\/sitioweb\/wp-json\/wp\/v2\/pages\/1065\/revisions"}],"predecessor-version":[{"id":2057,"href":"https:\/\/valitec.co\/sitioweb\/wp-json\/wp\/v2\/pages\/1065\/revisions\/2057"}],"wp:attachment":[{"href":"https:\/\/valitec.co\/sitioweb\/wp-json\/wp\/v2\/media?parent=1065"}],"curies":[{"name":"wp","href":"https:\/\/api.w.org\/{rel}","templated":true}]}}