{"id":1063,"date":"2022-09-02T18:47:06","date_gmt":"2022-09-02T18:47:06","guid":{"rendered":"https:\/\/valitec.co\/sitioweb\/?page_id=1063"},"modified":"2022-11-24T16:05:39","modified_gmt":"2022-11-24T16:05:39","slug":"equipos-de-rotacion-frecuencia-desintegradores-centrifugas-con-y-sin-refrigeracion-entre-otros","status":"publish","type":"page","link":"https:\/\/valitec.co\/sitioweb\/equipos-de-rotacion-frecuencia-desintegradores-centrifugas-con-y-sin-refrigeracion-entre-otros\/","title":{"rendered":"Equipos de rotaci\u00f3n, frecuencia, desintegradores, Centrifugas con y sin refrigeraci\u00f3n, entre otros"},"content":{"rendered":"\t\t<div data-elementor-type=\"wp-page\" data-elementor-id=\"1063\" class=\"elementor elementor-1063\" data-elementor-post-type=\"page\">\n\t\t\t\t\t\t<section class=\"elementor-section elementor-top-section elementor-element elementor-element-b9a87ff elementor-section-full_width elementor-section-height-default elementor-section-height-default\" data-id=\"b9a87ff\" data-element_type=\"section\" data-e-type=\"section\">\n\t\t\t\t\t\t<div class=\"elementor-container elementor-column-gap-no\">\n\t\t\t\t\t<div class=\"elementor-column elementor-col-100 elementor-top-column elementor-element elementor-element-4109653\" data-id=\"4109653\" data-element_type=\"column\" data-e-type=\"column\">\n\t\t\t<div class=\"elementor-widget-wrap elementor-element-populated\">\n\t\t\t\t\t\t<div class=\"elementor-element elementor-element-dbe4344 elementor-widget elementor-widget-medibazar-breadcrumb\" data-id=\"dbe4344\" data-element_type=\"widget\" data-e-type=\"widget\" data-widget_type=\"medibazar-breadcrumb.default\">\n\t\t\t\t<div class=\"elementor-widget-container\">\n\t\t\t\t\t<div class=\"breadcrumb-area pt-125 pb-125\" style=\"background-image:url(https:\/\/valitec.co\/sitioweb\/wp-content\/uploads\/2022\/11\/Valitec.jpg)\"><div class=\"container\"><div class=\"klb-breadcrumb-wrapper\"><div class=\"row\"><div class=\"col-xl-12\"><div class=\"breadcrumb-text\"><h1>Servicios<\/h1><\/div><\/div><ul class=\"breadcrumb-menu\"><li><a  href=\"https:\/\/valitec.co\/sitioweb\" title=\"Home\" rel=\"bookmark\">Home<\/a> <\/li>  <\/ul><\/div><\/div><\/div><\/div>\t\t\t\t<\/div>\n\t\t\t\t<\/div>\n\t\t\t\t\t<\/div>\n\t\t<\/div>\n\t\t\t\t\t<\/div>\n\t\t<\/section>\n\t\t\t\t<section class=\"elementor-section elementor-top-section elementor-element elementor-element-da771e5 elementor-section-content-middle elementor-section-boxed elementor-section-height-default elementor-section-height-default\" data-id=\"da771e5\" data-element_type=\"section\" data-e-type=\"section\">\n\t\t\t\t\t\t<div class=\"elementor-container elementor-column-gap-default\">\n\t\t\t\t\t<div class=\"elementor-column elementor-col-50 elementor-top-column elementor-element elementor-element-3e08fbc\" data-id=\"3e08fbc\" data-element_type=\"column\" data-e-type=\"column\">\n\t\t\t<div class=\"elementor-widget-wrap elementor-element-populated\">\n\t\t\t\t\t\t<div class=\"elementor-element elementor-element-630d670 elementor-widget elementor-widget-image\" data-id=\"630d670\" data-element_type=\"widget\" data-e-type=\"widget\" data-widget_type=\"image.default\">\n\t\t\t\t<div class=\"elementor-widget-container\">\n\t\t\t\t\t\t\t\t\t\t\t\t\t\t\t<img fetchpriority=\"high\" decoding=\"async\" width=\"905\" height=\"820\" src=\"https:\/\/valitec.co\/sitioweb\/wp-content\/uploads\/2022\/11\/rotacion-1.jpg\" class=\"attachment-large size-large wp-image-1580\" alt=\"\" srcset=\"https:\/\/valitec.co\/sitioweb\/wp-content\/uploads\/2022\/11\/rotacion-1.jpg 905w, https:\/\/valitec.co\/sitioweb\/wp-content\/uploads\/2022\/11\/rotacion-1-300x272.jpg 300w, https:\/\/valitec.co\/sitioweb\/wp-content\/uploads\/2022\/11\/rotacion-1-768x696.jpg 768w, https:\/\/valitec.co\/sitioweb\/wp-content\/uploads\/2022\/11\/rotacion-1-600x544.jpg 600w, https:\/\/valitec.co\/sitioweb\/wp-content\/uploads\/2022\/11\/rotacion-1-60x54.jpg 60w\" sizes=\"(max-width: 905px) 100vw, 905px\" \/>\t\t\t\t\t\t\t\t\t\t\t\t\t\t\t<\/div>\n\t\t\t\t<\/div>\n\t\t\t\t\t<\/div>\n\t\t<\/div>\n\t\t\t\t<div class=\"elementor-column elementor-col-50 elementor-top-column elementor-element elementor-element-b18ab9d\" data-id=\"b18ab9d\" data-element_type=\"column\" data-e-type=\"column\">\n\t\t\t<div class=\"elementor-widget-wrap elementor-element-populated\">\n\t\t\t\t\t\t<div class=\"elementor-element elementor-element-0ea5b5b elementor-widget elementor-widget-spacer\" data-id=\"0ea5b5b\" data-element_type=\"widget\" data-e-type=\"widget\" data-widget_type=\"spacer.default\">\n\t\t\t\t<div class=\"elementor-widget-container\">\n\t\t\t\t\t\t\t<div class=\"elementor-spacer\">\n\t\t\t<div class=\"elementor-spacer-inner\"><\/div>\n\t\t<\/div>\n\t\t\t\t\t\t<\/div>\n\t\t\t\t<\/div>\n\t\t\t\t<div class=\"elementor-element elementor-element-7359119 elementor-widget elementor-widget-medibazar-block-list\" data-id=\"7359119\" data-element_type=\"widget\" data-e-type=\"widget\" data-widget_type=\"medibazar-block-list.default\">\n\t\t\t\t<div class=\"elementor-widget-container\">\n\t\t\t\t\t<div class=\"section-title mb-40\"><h2>Equipos de rotaci\u00f3n, frecuencia, desintegradores, Centrifugas con y sin refrigeraci\u00f3n, entre otros<\/h2><p>A trav\u00e9s de un tac\u00f3metro o medidor de frecuencia digital con sistema de recolecci\u00f3n de datos tipo Data Logger, se han desarrollado protocolos de calificaci\u00f3n (IQ, OQ, PQ) que, complementados con otras variables, validan procesos y operaciones donde intervienen equipos de rotaci\u00f3n, temperatura, u otra magnitud de manera simult\u00e1nea. \nEste proceso es apropiado para equipos como: centrifugas refrigeradas, desintegradores de formas farmac\u00e9uticas, bombas perist\u00e1lticas, tanques de agitaci\u00f3n con propela y otros tipos de equipos donde las variables de frecuencia en RPM est\u00e1n presentes en su operaci\u00f3n.\n<\/p><\/div><div class=\"about-item\"><ul><li><div class=\"about-text\"><h4><\/h4><p><\/p><\/div><\/li><\/ul><\/div>\t\t\t\t<\/div>\n\t\t\t\t<\/div>\n\t\t\t\t\t<\/div>\n\t\t<\/div>\n\t\t\t\t\t<\/div>\n\t\t<\/section>\n\t\t\t\t<section class=\"elementor-section elementor-top-section elementor-element elementor-element-de295ee elementor-section-boxed elementor-section-height-default elementor-section-height-default\" data-id=\"de295ee\" data-element_type=\"section\" data-e-type=\"section\">\n\t\t\t\t\t\t<div class=\"elementor-container elementor-column-gap-default\">\n\t\t\t\t\t<div class=\"elementor-column elementor-col-100 elementor-top-column elementor-element elementor-element-8b242e9\" data-id=\"8b242e9\" data-element_type=\"column\" data-e-type=\"column\">\n\t\t\t<div class=\"elementor-widget-wrap elementor-element-populated\">\n\t\t\t\t\t\t<div class=\"elementor-element elementor-element-2819daf elementor-align-center elementor-widget elementor-widget-button\" data-id=\"2819daf\" data-element_type=\"widget\" data-e-type=\"widget\" data-widget_type=\"button.default\">\n\t\t\t\t<div class=\"elementor-widget-container\">\n\t\t\t\t\t\t\t\t\t<div class=\"elementor-button-wrapper\">\n\t\t\t\t\t<a class=\"elementor-button elementor-button-link elementor-size-sm\" href=\"https:\/\/valitec.co\/sitioweb\/calificacion-de-autoclaves-y-esterilizadores-de-vapor\/\">\n\t\t\t\t\t\t<span class=\"elementor-button-content-wrapper\">\n\t\t\t\t\t\t\t\t\t<span class=\"elementor-button-text\">Regresar a Servicios<\/span>\n\t\t\t\t\t<\/span>\n\t\t\t\t\t<\/a>\n\t\t\t\t<\/div>\n\t\t\t\t\t\t\t\t<\/div>\n\t\t\t\t<\/div>\n\t\t\t\t<div class=\"elementor-element elementor-element-a186900 elementor-widget elementor-widget-spacer\" data-id=\"a186900\" data-element_type=\"widget\" data-e-type=\"widget\" data-widget_type=\"spacer.default\">\n\t\t\t\t<div class=\"elementor-widget-container\">\n\t\t\t\t\t\t\t<div class=\"elementor-spacer\">\n\t\t\t<div class=\"elementor-spacer-inner\"><\/div>\n\t\t<\/div>\n\t\t\t\t\t\t<\/div>\n\t\t\t\t<\/div>\n\t\t\t\t\t<\/div>\n\t\t<\/div>\n\t\t\t\t\t<\/div>\n\t\t<\/section>\n\t\t\t\t<\/div>\n\t\t","protected":false},"excerpt":{"rendered":"<p>Servicios Home Equipos de rotaci\u00f3n, frecuencia, desintegradores, Centrifugas con y sin refrigeraci\u00f3n, entre otros A trav\u00e9s de un tac\u00f3metro o medidor de frecuencia digital con sistema de recolecci\u00f3n de datos tipo Data Logger, se han desarrollado protocolos de calificaci\u00f3n (IQ, OQ, PQ) que, complementados con otras variables, validan procesos y operaciones donde intervienen equipos de<\/p>\n<div class=\"klb-readmore\"><a class=\"c-btn\" href=\"https:\/\/valitec.co\/sitioweb\/equipos-de-rotacion-frecuencia-desintegradores-centrifugas-con-y-sin-refrigeracion-entre-otros\/\">Read More <i class=\"far fa-plus\"><\/i><\/a><\/div>\n","protected":false},"author":1,"featured_media":0,"parent":0,"menu_order":0,"comment_status":"closed","ping_status":"closed","template":"","meta":{"_eb_attr":"","footnotes":""},"class_list":["post-1063","page","type-page","status-publish","hentry"],"_links":{"self":[{"href":"https:\/\/valitec.co\/sitioweb\/wp-json\/wp\/v2\/pages\/1063","targetHints":{"allow":["GET"]}}],"collection":[{"href":"https:\/\/valitec.co\/sitioweb\/wp-json\/wp\/v2\/pages"}],"about":[{"href":"https:\/\/valitec.co\/sitioweb\/wp-json\/wp\/v2\/types\/page"}],"author":[{"embeddable":true,"href":"https:\/\/valitec.co\/sitioweb\/wp-json\/wp\/v2\/users\/1"}],"replies":[{"embeddable":true,"href":"https:\/\/valitec.co\/sitioweb\/wp-json\/wp\/v2\/comments?post=1063"}],"version-history":[{"count":10,"href":"https:\/\/valitec.co\/sitioweb\/wp-json\/wp\/v2\/pages\/1063\/revisions"}],"predecessor-version":[{"id":1583,"href":"https:\/\/valitec.co\/sitioweb\/wp-json\/wp\/v2\/pages\/1063\/revisions\/1583"}],"wp:attachment":[{"href":"https:\/\/valitec.co\/sitioweb\/wp-json\/wp\/v2\/media?parent=1063"}],"curies":[{"name":"wp","href":"https:\/\/api.w.org\/{rel}","templated":true}]}}