{"id":1057,"date":"2022-09-02T18:44:31","date_gmt":"2022-09-02T18:44:31","guid":{"rendered":"https:\/\/valitec.co\/sitioweb\/?page_id=1057"},"modified":"2023-02-27T16:30:11","modified_gmt":"2023-02-27T16:30:11","slug":"calificacion-de-hornos-de-vacio","status":"publish","type":"page","link":"https:\/\/valitec.co\/sitioweb\/calificacion-de-hornos-de-vacio\/","title":{"rendered":"Calificaci\u00f3n de Hornos de vac\u00edo"},"content":{"rendered":"\t\t<div data-elementor-type=\"wp-page\" data-elementor-id=\"1057\" class=\"elementor elementor-1057\" data-elementor-post-type=\"page\">\n\t\t\t\t\t\t<section class=\"elementor-section elementor-top-section elementor-element elementor-element-b9a87ff elementor-section-full_width elementor-section-height-default elementor-section-height-default\" data-id=\"b9a87ff\" data-element_type=\"section\" data-e-type=\"section\">\n\t\t\t\t\t\t<div class=\"elementor-container elementor-column-gap-no\">\n\t\t\t\t\t<div class=\"elementor-column elementor-col-100 elementor-top-column elementor-element elementor-element-4109653\" data-id=\"4109653\" data-element_type=\"column\" data-e-type=\"column\">\n\t\t\t<div class=\"elementor-widget-wrap elementor-element-populated\">\n\t\t\t\t\t\t<div class=\"elementor-element elementor-element-dbe4344 elementor-widget elementor-widget-medibazar-breadcrumb\" data-id=\"dbe4344\" data-element_type=\"widget\" data-e-type=\"widget\" data-widget_type=\"medibazar-breadcrumb.default\">\n\t\t\t\t<div class=\"elementor-widget-container\">\n\t\t\t\t\t<div class=\"breadcrumb-area pt-125 pb-125\" style=\"background-image:url(https:\/\/valitec.co\/sitioweb\/wp-content\/uploads\/2022\/11\/Valitec.jpg)\"><div class=\"container\"><div class=\"klb-breadcrumb-wrapper\"><div class=\"row\"><div class=\"col-xl-12\"><div class=\"breadcrumb-text\"><h1>Servicios<\/h1><\/div><\/div><ul class=\"breadcrumb-menu\"><li><a  href=\"https:\/\/valitec.co\/sitioweb\" title=\"Home\" rel=\"bookmark\">Home<\/a> <\/li>  <\/ul><\/div><\/div><\/div><\/div>\t\t\t\t<\/div>\n\t\t\t\t<\/div>\n\t\t\t\t\t<\/div>\n\t\t<\/div>\n\t\t\t\t\t<\/div>\n\t\t<\/section>\n\t\t\t\t<section class=\"elementor-section elementor-top-section elementor-element elementor-element-b3a138a elementor-section-content-middle elementor-section-boxed elementor-section-height-default elementor-section-height-default\" data-id=\"b3a138a\" data-element_type=\"section\" data-e-type=\"section\">\n\t\t\t\t\t\t<div class=\"elementor-container elementor-column-gap-default\">\n\t\t\t\t\t<div class=\"elementor-column elementor-col-50 elementor-top-column elementor-element elementor-element-d3785a9\" data-id=\"d3785a9\" data-element_type=\"column\" data-e-type=\"column\">\n\t\t\t<div class=\"elementor-widget-wrap elementor-element-populated\">\n\t\t\t\t\t\t<div class=\"elementor-element elementor-element-dbf16fe elementor-widget elementor-widget-image\" data-id=\"dbf16fe\" data-element_type=\"widget\" data-e-type=\"widget\" data-widget_type=\"image.default\">\n\t\t\t\t<div class=\"elementor-widget-container\">\n\t\t\t\t\t\t\t\t\t\t\t\t\t\t\t<img fetchpriority=\"high\" decoding=\"async\" width=\"905\" height=\"604\" src=\"https:\/\/valitec.co\/sitioweb\/wp-content\/uploads\/2022\/11\/esterilizador.jpg\" class=\"attachment-large size-large wp-image-1552\" alt=\"\" srcset=\"https:\/\/valitec.co\/sitioweb\/wp-content\/uploads\/2022\/11\/esterilizador.jpg 905w, https:\/\/valitec.co\/sitioweb\/wp-content\/uploads\/2022\/11\/esterilizador-300x200.jpg 300w, https:\/\/valitec.co\/sitioweb\/wp-content\/uploads\/2022\/11\/esterilizador-768x513.jpg 768w, https:\/\/valitec.co\/sitioweb\/wp-content\/uploads\/2022\/11\/esterilizador-600x400.jpg 600w, https:\/\/valitec.co\/sitioweb\/wp-content\/uploads\/2022\/11\/esterilizador-81x54.jpg 81w\" sizes=\"(max-width: 905px) 100vw, 905px\" \/>\t\t\t\t\t\t\t\t\t\t\t\t\t\t\t<\/div>\n\t\t\t\t<\/div>\n\t\t\t\t\t<\/div>\n\t\t<\/div>\n\t\t\t\t<div class=\"elementor-column elementor-col-50 elementor-top-column elementor-element elementor-element-c01872d\" data-id=\"c01872d\" data-element_type=\"column\" data-e-type=\"column\">\n\t\t\t<div class=\"elementor-widget-wrap elementor-element-populated\">\n\t\t\t\t\t\t<div class=\"elementor-element elementor-element-6570702 elementor-widget elementor-widget-spacer\" data-id=\"6570702\" data-element_type=\"widget\" data-e-type=\"widget\" data-widget_type=\"spacer.default\">\n\t\t\t\t<div class=\"elementor-widget-container\">\n\t\t\t\t\t\t\t<div class=\"elementor-spacer\">\n\t\t\t<div class=\"elementor-spacer-inner\"><\/div>\n\t\t<\/div>\n\t\t\t\t\t\t<\/div>\n\t\t\t\t<\/div>\n\t\t\t\t<div class=\"elementor-element elementor-element-fe67f8b elementor-widget elementor-widget-medibazar-block-list\" data-id=\"fe67f8b\" data-element_type=\"widget\" data-e-type=\"widget\" data-widget_type=\"medibazar-block-list.default\">\n\t\t\t\t<div class=\"elementor-widget-container\">\n\t\t\t\t\t<div class=\"section-title mb-40\"><h2>Calificaci\u00f3n de Hornos de vac\u00edo <\/h2><p>\n\n\nEn industrias como la farmac\u00e9utica, cosm\u00e9tica, alimenticia y \u00e1reas afines, los hornos de vac\u00edo son equipos fundamentales en laboratorios de ensayo y control de calidad, estos necesitan de protocolos de validaci\u00f3n en los cuales se realiza la calificaci\u00f3n de instalaci\u00f3n con la finalidad de darle cumplimiento a las especificaciones de fabricaci\u00f3n del equipo en cuanto a la documentaci\u00f3n, registro de datos, alarmas y el cumplimiento del correcto funcionamiento seg\u00fan la marca y el modelo.\n\nPor otra parte se realizan pruebas de calificaci\u00f3n de operaci\u00f3n y desempe\u00f1o con la finalidad de verificar que se cumple con los criterios establecidos para operar de forma segura y eficiente, asegurando que las condiciones internas en las que los medios y productos son almacenados se conserven en el programa de temperatura y vac\u00edo definido por el usuario a trav\u00e9s de sensores registradores de temperatura y vac\u00edo de alta respuesta, teniendo como resultado toda la informaci\u00f3n y datos pertinentes para demostrar que funciona seg\u00fan lo previsto.\n<\/p><\/div><div class=\"about-item\"><ul><li><div class=\"about-text\"><h4><\/h4><p><\/p><\/div><\/li><\/ul><\/div>\t\t\t\t<\/div>\n\t\t\t\t<\/div>\n\t\t\t\t\t<\/div>\n\t\t<\/div>\n\t\t\t\t\t<\/div>\n\t\t<\/section>\n\t\t\t\t<section class=\"elementor-section elementor-top-section elementor-element elementor-element-f50fd9e elementor-section-boxed elementor-section-height-default elementor-section-height-default\" data-id=\"f50fd9e\" data-element_type=\"section\" data-e-type=\"section\">\n\t\t\t\t\t\t<div class=\"elementor-container elementor-column-gap-default\">\n\t\t\t\t\t<div class=\"elementor-column elementor-col-100 elementor-top-column elementor-element elementor-element-511ab4e\" data-id=\"511ab4e\" data-element_type=\"column\" data-e-type=\"column\">\n\t\t\t<div class=\"elementor-widget-wrap elementor-element-populated\">\n\t\t\t\t\t\t<div class=\"elementor-element elementor-element-42af5dc elementor-align-center elementor-widget elementor-widget-button\" data-id=\"42af5dc\" data-element_type=\"widget\" data-e-type=\"widget\" data-widget_type=\"button.default\">\n\t\t\t\t<div class=\"elementor-widget-container\">\n\t\t\t\t\t\t\t\t\t<div class=\"elementor-button-wrapper\">\n\t\t\t\t\t<a class=\"elementor-button elementor-button-link elementor-size-sm\" href=\"https:\/\/valitec.co\/sitioweb\/calificacion-de-autoclaves-y-esterilizadores-de-vapor\/\">\n\t\t\t\t\t\t<span class=\"elementor-button-content-wrapper\">\n\t\t\t\t\t\t\t\t\t<span class=\"elementor-button-text\">Regresar a Servicios<\/span>\n\t\t\t\t\t<\/span>\n\t\t\t\t\t<\/a>\n\t\t\t\t<\/div>\n\t\t\t\t\t\t\t\t<\/div>\n\t\t\t\t<\/div>\n\t\t\t\t<div class=\"elementor-element elementor-element-7a49d2d elementor-widget elementor-widget-spacer\" data-id=\"7a49d2d\" data-element_type=\"widget\" data-e-type=\"widget\" data-widget_type=\"spacer.default\">\n\t\t\t\t<div class=\"elementor-widget-container\">\n\t\t\t\t\t\t\t<div class=\"elementor-spacer\">\n\t\t\t<div class=\"elementor-spacer-inner\"><\/div>\n\t\t<\/div>\n\t\t\t\t\t\t<\/div>\n\t\t\t\t<\/div>\n\t\t\t\t\t<\/div>\n\t\t<\/div>\n\t\t\t\t\t<\/div>\n\t\t<\/section>\n\t\t\t\t<\/div>\n\t\t","protected":false},"excerpt":{"rendered":"<p>Servicios Home Calificaci\u00f3n de Hornos de vac\u00edo En industrias como la farmac\u00e9utica, cosm\u00e9tica, alimenticia y \u00e1reas afines, los hornos de vac\u00edo son equipos fundamentales en laboratorios de ensayo y control de calidad, estos necesitan de protocolos de validaci\u00f3n en los cuales se realiza la calificaci\u00f3n de instalaci\u00f3n con la finalidad de darle cumplimiento a las<\/p>\n<div class=\"klb-readmore\"><a class=\"c-btn\" href=\"https:\/\/valitec.co\/sitioweb\/calificacion-de-hornos-de-vacio\/\">Read More <i class=\"far fa-plus\"><\/i><\/a><\/div>\n","protected":false},"author":1,"featured_media":0,"parent":0,"menu_order":0,"comment_status":"closed","ping_status":"closed","template":"","meta":{"_eb_attr":"","footnotes":""},"class_list":["post-1057","page","type-page","status-publish","hentry"],"_links":{"self":[{"href":"https:\/\/valitec.co\/sitioweb\/wp-json\/wp\/v2\/pages\/1057","targetHints":{"allow":["GET"]}}],"collection":[{"href":"https:\/\/valitec.co\/sitioweb\/wp-json\/wp\/v2\/pages"}],"about":[{"href":"https:\/\/valitec.co\/sitioweb\/wp-json\/wp\/v2\/types\/page"}],"author":[{"embeddable":true,"href":"https:\/\/valitec.co\/sitioweb\/wp-json\/wp\/v2\/users\/1"}],"replies":[{"embeddable":true,"href":"https:\/\/valitec.co\/sitioweb\/wp-json\/wp\/v2\/comments?post=1057"}],"version-history":[{"count":13,"href":"https:\/\/valitec.co\/sitioweb\/wp-json\/wp\/v2\/pages\/1057\/revisions"}],"predecessor-version":[{"id":2023,"href":"https:\/\/valitec.co\/sitioweb\/wp-json\/wp\/v2\/pages\/1057\/revisions\/2023"}],"wp:attachment":[{"href":"https:\/\/valitec.co\/sitioweb\/wp-json\/wp\/v2\/media?parent=1057"}],"curies":[{"name":"wp","href":"https:\/\/api.w.org\/{rel}","templated":true}]}}