{"id":1053,"date":"2022-09-02T18:42:59","date_gmt":"2022-09-02T18:42:59","guid":{"rendered":"https:\/\/valitec.co\/sitioweb\/?page_id=1053"},"modified":"2023-02-27T16:23:17","modified_gmt":"2023-02-27T16:23:17","slug":"validacion-de-otros-equipos-de-temperatura","status":"publish","type":"page","link":"https:\/\/valitec.co\/sitioweb\/validacion-de-otros-equipos-de-temperatura\/","title":{"rendered":"Validaci\u00f3n de equipos de temperatura"},"content":{"rendered":"\t\t<div data-elementor-type=\"wp-page\" data-elementor-id=\"1053\" class=\"elementor elementor-1053\" data-elementor-post-type=\"page\">\n\t\t\t\t\t\t<section class=\"elementor-section elementor-top-section elementor-element elementor-element-b9a87ff elementor-section-full_width elementor-section-height-default elementor-section-height-default\" data-id=\"b9a87ff\" data-element_type=\"section\" data-e-type=\"section\">\n\t\t\t\t\t\t<div class=\"elementor-container elementor-column-gap-no\">\n\t\t\t\t\t<div class=\"elementor-column elementor-col-100 elementor-top-column elementor-element elementor-element-4109653\" data-id=\"4109653\" data-element_type=\"column\" data-e-type=\"column\">\n\t\t\t<div class=\"elementor-widget-wrap elementor-element-populated\">\n\t\t\t\t\t\t<div class=\"elementor-element elementor-element-dbe4344 elementor-widget elementor-widget-medibazar-breadcrumb\" data-id=\"dbe4344\" data-element_type=\"widget\" data-e-type=\"widget\" data-widget_type=\"medibazar-breadcrumb.default\">\n\t\t\t\t<div class=\"elementor-widget-container\">\n\t\t\t\t\t<div class=\"breadcrumb-area pt-125 pb-125\" style=\"background-image:url(https:\/\/valitec.co\/sitioweb\/wp-content\/uploads\/2022\/11\/Valitec.jpg)\"><div class=\"container\"><div class=\"klb-breadcrumb-wrapper\"><div class=\"row\"><div class=\"col-xl-12\"><div class=\"breadcrumb-text\"><h1>Servicios<\/h1><\/div><\/div><ul class=\"breadcrumb-menu\"><li><a  href=\"https:\/\/valitec.co\/sitioweb\" title=\"Home\" rel=\"bookmark\">Home<\/a> <\/li>  <\/ul><\/div><\/div><\/div><\/div>\t\t\t\t<\/div>\n\t\t\t\t<\/div>\n\t\t\t\t\t<\/div>\n\t\t<\/div>\n\t\t\t\t\t<\/div>\n\t\t<\/section>\n\t\t\t\t<section class=\"elementor-section elementor-top-section elementor-element elementor-element-31eab89 elementor-section-content-middle elementor-section-boxed elementor-section-height-default elementor-section-height-default\" data-id=\"31eab89\" data-element_type=\"section\" data-e-type=\"section\">\n\t\t\t\t\t\t<div class=\"elementor-container elementor-column-gap-default\">\n\t\t\t\t\t<div class=\"elementor-column elementor-col-50 elementor-top-column elementor-element elementor-element-3d7230d\" data-id=\"3d7230d\" data-element_type=\"column\" data-e-type=\"column\">\n\t\t\t<div class=\"elementor-widget-wrap elementor-element-populated\">\n\t\t\t\t\t\t<div class=\"elementor-element elementor-element-244d205 elementor-widget elementor-widget-image\" data-id=\"244d205\" data-element_type=\"widget\" data-e-type=\"widget\" data-widget_type=\"image.default\">\n\t\t\t\t<div class=\"elementor-widget-container\">\n\t\t\t\t\t\t\t\t\t\t\t\t\t\t\t<img fetchpriority=\"high\" decoding=\"async\" width=\"905\" height=\"820\" src=\"https:\/\/valitec.co\/sitioweb\/wp-content\/uploads\/2022\/11\/Camaras_Climaticas.jpg\" class=\"attachment-large size-large wp-image-1548\" alt=\"\" srcset=\"https:\/\/valitec.co\/sitioweb\/wp-content\/uploads\/2022\/11\/Camaras_Climaticas.jpg 905w, https:\/\/valitec.co\/sitioweb\/wp-content\/uploads\/2022\/11\/Camaras_Climaticas-300x272.jpg 300w, https:\/\/valitec.co\/sitioweb\/wp-content\/uploads\/2022\/11\/Camaras_Climaticas-768x696.jpg 768w, https:\/\/valitec.co\/sitioweb\/wp-content\/uploads\/2022\/11\/Camaras_Climaticas-600x544.jpg 600w, https:\/\/valitec.co\/sitioweb\/wp-content\/uploads\/2022\/11\/Camaras_Climaticas-60x54.jpg 60w\" sizes=\"(max-width: 905px) 100vw, 905px\" \/>\t\t\t\t\t\t\t\t\t\t\t\t\t\t\t<\/div>\n\t\t\t\t<\/div>\n\t\t\t\t\t<\/div>\n\t\t<\/div>\n\t\t\t\t<div class=\"elementor-column elementor-col-50 elementor-top-column elementor-element elementor-element-15bf421\" data-id=\"15bf421\" data-element_type=\"column\" data-e-type=\"column\">\n\t\t\t<div class=\"elementor-widget-wrap elementor-element-populated\">\n\t\t\t\t\t\t<div class=\"elementor-element elementor-element-fb650f9 elementor-widget elementor-widget-spacer\" data-id=\"fb650f9\" data-element_type=\"widget\" data-e-type=\"widget\" data-widget_type=\"spacer.default\">\n\t\t\t\t<div class=\"elementor-widget-container\">\n\t\t\t\t\t\t\t<div class=\"elementor-spacer\">\n\t\t\t<div class=\"elementor-spacer-inner\"><\/div>\n\t\t<\/div>\n\t\t\t\t\t\t<\/div>\n\t\t\t\t<\/div>\n\t\t\t\t<div class=\"elementor-element elementor-element-164987f elementor-widget elementor-widget-medibazar-block-list\" data-id=\"164987f\" data-element_type=\"widget\" data-e-type=\"widget\" data-widget_type=\"medibazar-block-list.default\">\n\t\t\t\t<div class=\"elementor-widget-container\">\n\t\t\t\t\t<div class=\"section-title mb-40\"><h2>Validaci\u00f3n de Incubadoras, hornos, ba\u00f1os termost\u00e1ticos, refrigeradores, congeladores, cavas, neveras de transporte y otros equipos de temperatura<\/h2><p>Consiste en evaluar que el equipo o sistema cumpla con los requisitos establecidos por el usuario en operaci\u00f3n, para esto se recolectan datos durante un tiempo determinado a trav\u00e9s de la instalaci\u00f3n uniforme de sensores de temperatura los cuales dependen del volumen y tama\u00f1o del equipo o \u00e1rea a evaluar.\n\n<\/p><\/div><div class=\"about-item\"><ul><li><div class=\"about-text\"><h4><\/h4><p><\/p><\/div><\/li><\/ul><\/div>\t\t\t\t<\/div>\n\t\t\t\t<\/div>\n\t\t\t\t\t<\/div>\n\t\t<\/div>\n\t\t\t\t\t<\/div>\n\t\t<\/section>\n\t\t\t\t<section class=\"elementor-section elementor-top-section elementor-element elementor-element-32eb871 elementor-section-boxed elementor-section-height-default elementor-section-height-default\" data-id=\"32eb871\" data-element_type=\"section\" data-e-type=\"section\">\n\t\t\t\t\t\t<div class=\"elementor-container elementor-column-gap-default\">\n\t\t\t\t\t<div class=\"elementor-column elementor-col-33 elementor-top-column elementor-element elementor-element-799b354\" data-id=\"799b354\" data-element_type=\"column\" data-e-type=\"column\">\n\t\t\t<div class=\"elementor-widget-wrap elementor-element-populated\">\n\t\t\t\t\t\t<div class=\"elementor-element elementor-element-149640b elementor-widget elementor-widget-medibazar-icon-box\" data-id=\"149640b\" data-element_type=\"widget\" data-e-type=\"widget\" data-widget_type=\"medibazar-icon-box.default\">\n\t\t\t\t<div class=\"elementor-widget-container\">\n\t\t\t\t\t<div class=\"features-wrapper\"><div class=\"features-icon fe-1 f-left\" style=\"color:#4e97fd\"><i aria-hidden=\"false\" class=\"far fa-check-circle\"><\/i><\/div><div class=\"features-text\"><h3>Calificaci\u00f3n de instalaci\u00f3n<\/h3><p>Demuestra el cumplimiento con las especificaciones de fabricaci\u00f3n del equipo despu\u00e9s de la instalaci\u00f3n, la documentaci\u00f3n del equipo, el cumplimiento con las especificaciones de funcionamiento, registro de datos, alarmas y de m\u00e1s variables que pueda tener el equipo seg\u00fan marca y modelo.\n\n<\/p><\/div><\/div>\t\t\t\t<\/div>\n\t\t\t\t<\/div>\n\t\t\t\t\t<\/div>\n\t\t<\/div>\n\t\t\t\t<div class=\"elementor-column elementor-col-33 elementor-top-column elementor-element elementor-element-15cc7af\" data-id=\"15cc7af\" data-element_type=\"column\" data-e-type=\"column\">\n\t\t\t<div class=\"elementor-widget-wrap elementor-element-populated\">\n\t\t\t\t\t\t<div class=\"elementor-element elementor-element-7c48e2f elementor-widget elementor-widget-medibazar-icon-box\" data-id=\"7c48e2f\" data-element_type=\"widget\" data-e-type=\"widget\" data-widget_type=\"medibazar-icon-box.default\">\n\t\t\t\t<div class=\"elementor-widget-container\">\n\t\t\t\t\t<div class=\"features-wrapper\"><div class=\"features-icon fe-1 f-left\" style=\"color:#4e97fd\"><i aria-hidden=\"false\" class=\"far fa-sun\"><\/i><\/div><div class=\"features-text\"><h3>Calificaci\u00f3n de operaci\u00f3n<\/h3><p>En la prueba de calificaci\u00f3n de operaci\u00f3n se aplican las pruebas para evaluar el tiempo de recuperaci\u00f3n de la temperatura al encender el equipo, la estabilidad y distribuci\u00f3n de la misma, el sistema de control y la exactitud del indicador se da a trav\u00e9s de un patr\u00f3n debidamente calibrado y acreditado. Esta prueba puede realizarse con o sin carga simulada.<\/p><\/div><\/div>\t\t\t\t<\/div>\n\t\t\t\t<\/div>\n\t\t\t\t\t<\/div>\n\t\t<\/div>\n\t\t\t\t<div class=\"elementor-column elementor-col-33 elementor-top-column elementor-element elementor-element-3e89e4a\" data-id=\"3e89e4a\" data-element_type=\"column\" data-e-type=\"column\">\n\t\t\t<div class=\"elementor-widget-wrap elementor-element-populated\">\n\t\t\t\t\t\t<div class=\"elementor-element elementor-element-c601c50 elementor-widget elementor-widget-medibazar-icon-box\" data-id=\"c601c50\" data-element_type=\"widget\" data-e-type=\"widget\" data-widget_type=\"medibazar-icon-box.default\">\n\t\t\t\t<div class=\"elementor-widget-container\">\n\t\t\t\t\t<div class=\"features-wrapper\"><div class=\"features-icon fe-1 f-left\" style=\"color:#4e97fd\"><i aria-hidden=\"false\" class=\"far fa-chart-bar\"><\/i><\/div><div class=\"features-text\"><h3>Calificaci\u00f3n de Desempe\u00f1o<\/h3><p>En la prueba de calificaci\u00f3n de desempe\u00f1o se aplican pruebas para evaluar la estabilidad y la distribuci\u00f3n de la temperatura, el sistema de control, tiempo de recuperaci\u00f3n en el reto de desconexi\u00f3n el\u00e9ctrica y la apertura en el punto de temperatura programada y la verificaci\u00f3n de las alarmas.\n\n<\/p><\/div><\/div>\t\t\t\t<\/div>\n\t\t\t\t<\/div>\n\t\t\t\t\t<\/div>\n\t\t<\/div>\n\t\t\t\t\t<\/div>\n\t\t<\/section>\n\t\t\t\t<section class=\"elementor-section elementor-top-section elementor-element elementor-element-8d5a89e elementor-section-boxed elementor-section-height-default elementor-section-height-default\" data-id=\"8d5a89e\" data-element_type=\"section\" data-e-type=\"section\">\n\t\t\t\t\t\t<div class=\"elementor-container elementor-column-gap-default\">\n\t\t\t\t\t<div class=\"elementor-column elementor-col-100 elementor-top-column elementor-element elementor-element-c2782b1\" data-id=\"c2782b1\" data-element_type=\"column\" data-e-type=\"column\">\n\t\t\t<div class=\"elementor-widget-wrap elementor-element-populated\">\n\t\t\t\t\t\t<div class=\"elementor-element elementor-element-dc03352 elementor-align-center elementor-widget elementor-widget-button\" data-id=\"dc03352\" data-element_type=\"widget\" data-e-type=\"widget\" data-widget_type=\"button.default\">\n\t\t\t\t<div class=\"elementor-widget-container\">\n\t\t\t\t\t\t\t\t\t<div class=\"elementor-button-wrapper\">\n\t\t\t\t\t<a class=\"elementor-button elementor-button-link elementor-size-sm\" href=\"https:\/\/valitec.co\/sitioweb\/calificacion-de-autoclaves-y-esterilizadores-de-vapor\/\">\n\t\t\t\t\t\t<span class=\"elementor-button-content-wrapper\">\n\t\t\t\t\t\t\t\t\t<span class=\"elementor-button-text\">Regresar a Servicios<\/span>\n\t\t\t\t\t<\/span>\n\t\t\t\t\t<\/a>\n\t\t\t\t<\/div>\n\t\t\t\t\t\t\t\t<\/div>\n\t\t\t\t<\/div>\n\t\t\t\t<div class=\"elementor-element elementor-element-30f5745 elementor-widget elementor-widget-spacer\" data-id=\"30f5745\" data-element_type=\"widget\" data-e-type=\"widget\" data-widget_type=\"spacer.default\">\n\t\t\t\t<div class=\"elementor-widget-container\">\n\t\t\t\t\t\t\t<div class=\"elementor-spacer\">\n\t\t\t<div class=\"elementor-spacer-inner\"><\/div>\n\t\t<\/div>\n\t\t\t\t\t\t<\/div>\n\t\t\t\t<\/div>\n\t\t\t\t\t<\/div>\n\t\t<\/div>\n\t\t\t\t\t<\/div>\n\t\t<\/section>\n\t\t\t\t<\/div>\n\t\t","protected":false},"excerpt":{"rendered":"<p>Servicios Home Validaci\u00f3n de Incubadoras, hornos, ba\u00f1os termost\u00e1ticos, refrigeradores, congeladores, cavas, neveras de transporte y otros equipos de temperatura Consiste en evaluar que el equipo o sistema cumpla con los requisitos establecidos por el usuario en operaci\u00f3n, para esto se recolectan datos durante un tiempo determinado a trav\u00e9s de la instalaci\u00f3n uniforme de sensores de<\/p>\n<div class=\"klb-readmore\"><a class=\"c-btn\" href=\"https:\/\/valitec.co\/sitioweb\/validacion-de-otros-equipos-de-temperatura\/\">Read More <i class=\"far fa-plus\"><\/i><\/a><\/div>\n","protected":false},"author":1,"featured_media":0,"parent":0,"menu_order":0,"comment_status":"closed","ping_status":"closed","template":"","meta":{"_eb_attr":"","footnotes":""},"class_list":["post-1053","page","type-page","status-publish","hentry"],"_links":{"self":[{"href":"https:\/\/valitec.co\/sitioweb\/wp-json\/wp\/v2\/pages\/1053","targetHints":{"allow":["GET"]}}],"collection":[{"href":"https:\/\/valitec.co\/sitioweb\/wp-json\/wp\/v2\/pages"}],"about":[{"href":"https:\/\/valitec.co\/sitioweb\/wp-json\/wp\/v2\/types\/page"}],"author":[{"embeddable":true,"href":"https:\/\/valitec.co\/sitioweb\/wp-json\/wp\/v2\/users\/1"}],"replies":[{"embeddable":true,"href":"https:\/\/valitec.co\/sitioweb\/wp-json\/wp\/v2\/comments?post=1053"}],"version-history":[{"count":17,"href":"https:\/\/valitec.co\/sitioweb\/wp-json\/wp\/v2\/pages\/1053\/revisions"}],"predecessor-version":[{"id":2013,"href":"https:\/\/valitec.co\/sitioweb\/wp-json\/wp\/v2\/pages\/1053\/revisions\/2013"}],"wp:attachment":[{"href":"https:\/\/valitec.co\/sitioweb\/wp-json\/wp\/v2\/media?parent=1053"}],"curies":[{"name":"wp","href":"https:\/\/api.w.org\/{rel}","templated":true}]}}