{"id":1001,"date":"2022-09-02T16:31:08","date_gmt":"2022-09-02T16:31:08","guid":{"rendered":"https:\/\/valitec.co\/sitioweb\/?page_id=1001"},"modified":"2022-12-14T19:45:49","modified_gmt":"2022-12-14T19:45:49","slug":"teknokroma","status":"publish","type":"page","link":"https:\/\/valitec.co\/sitioweb\/teknokroma\/","title":{"rendered":"Teknokroma"},"content":{"rendered":"\t\t<div data-elementor-type=\"wp-page\" data-elementor-id=\"1001\" class=\"elementor elementor-1001\" data-elementor-post-type=\"page\">\n\t\t\t\t\t\t<section class=\"elementor-section elementor-top-section elementor-element elementor-element-561f394 elementor-section-full_width elementor-section-height-default elementor-section-height-default\" data-id=\"561f394\" data-element_type=\"section\" data-e-type=\"section\">\n\t\t\t\t\t\t<div class=\"elementor-container elementor-column-gap-no\">\n\t\t\t\t\t<div class=\"elementor-column elementor-col-100 elementor-top-column elementor-element elementor-element-a322092\" data-id=\"a322092\" data-element_type=\"column\" data-e-type=\"column\">\n\t\t\t<div class=\"elementor-widget-wrap elementor-element-populated\">\n\t\t\t\t\t\t<div class=\"elementor-element elementor-element-c63c006 elementor-widget elementor-widget-medibazar-breadcrumb\" data-id=\"c63c006\" data-element_type=\"widget\" data-e-type=\"widget\" data-widget_type=\"medibazar-breadcrumb.default\">\n\t\t\t\t<div class=\"elementor-widget-container\">\n\t\t\t\t\t<div class=\"breadcrumb-area pt-125 pb-125\" style=\"background-image:url(https:\/\/valitec.co\/sitioweb\/wp-content\/uploads\/2022\/09\/mixing-reagent-with-blood-sample-2021-09-24-03-59-19-utc.jpg)\"><div class=\"container\"><div class=\"klb-breadcrumb-wrapper\"><div class=\"row\"><div class=\"col-xl-12\"><div class=\"breadcrumb-text\"><h1>Representaciones<\/h1><\/div><\/div><ul class=\"breadcrumb-menu\"><li><a  href=\"https:\/\/valitec.co\/sitioweb\" title=\"Home\" rel=\"bookmark\">Home<\/a> <\/li>  <\/ul><\/div><\/div><\/div><\/div>\t\t\t\t<\/div>\n\t\t\t\t<\/div>\n\t\t\t\t\t<\/div>\n\t\t<\/div>\n\t\t\t\t\t<\/div>\n\t\t<\/section>\n\t\t\t\t<section class=\"elementor-section elementor-top-section elementor-element elementor-element-f2b26de elementor-section-content-middle elementor-section-boxed elementor-section-height-default elementor-section-height-default\" data-id=\"f2b26de\" data-element_type=\"section\" data-e-type=\"section\">\n\t\t\t\t\t\t<div class=\"elementor-container elementor-column-gap-default\">\n\t\t\t\t\t<div class=\"elementor-column elementor-col-50 elementor-top-column elementor-element elementor-element-8a69543\" data-id=\"8a69543\" data-element_type=\"column\" data-e-type=\"column\">\n\t\t\t<div class=\"elementor-widget-wrap elementor-element-populated\">\n\t\t\t\t\t\t<div class=\"elementor-element elementor-element-d5523dd elementor-widget elementor-widget-medibazar-single-image\" data-id=\"d5523dd\" data-element_type=\"widget\" data-e-type=\"widget\" data-widget_type=\"medibazar-single-image.default\">\n\t\t\t\t<div class=\"elementor-widget-container\">\n\t\t\t\t\t<div class=\"about-img pos-rel\"><img decoding=\"async\" src=\"https:\/\/valitec.co\/sitioweb\/wp-content\/uploads\/2022\/08\/images.png\" alt=\"mission\"><div class=\"about-tag\"><h2><\/h2><span><\/span><\/div><\/div>\t\t\t\t<\/div>\n\t\t\t\t<\/div>\n\t\t\t\t<div class=\"elementor-element elementor-element-4394bd2 elementor-widget elementor-widget-spacer\" data-id=\"4394bd2\" data-element_type=\"widget\" data-e-type=\"widget\" data-widget_type=\"spacer.default\">\n\t\t\t\t<div class=\"elementor-widget-container\">\n\t\t\t\t\t\t\t<div class=\"elementor-spacer\">\n\t\t\t<div class=\"elementor-spacer-inner\"><\/div>\n\t\t<\/div>\n\t\t\t\t\t\t<\/div>\n\t\t\t\t<\/div>\n\t\t\t\t<section class=\"elementor-section elementor-inner-section elementor-element elementor-element-5e91897 elementor-section-boxed elementor-section-height-default elementor-section-height-default\" data-id=\"5e91897\" data-element_type=\"section\" data-e-type=\"section\">\n\t\t\t\t\t\t<div class=\"elementor-container elementor-column-gap-default\">\n\t\t\t\t\t<div class=\"elementor-column elementor-col-33 elementor-inner-column elementor-element elementor-element-f0c2811\" data-id=\"f0c2811\" data-element_type=\"column\" data-e-type=\"column\">\n\t\t\t<div class=\"elementor-widget-wrap elementor-element-populated\">\n\t\t\t\t\t\t<div class=\"elementor-element elementor-element-a3e47bb elementor-align-left elementor-widget elementor-widget-button\" data-id=\"a3e47bb\" data-element_type=\"widget\" data-e-type=\"widget\" data-widget_type=\"button.default\">\n\t\t\t\t<div class=\"elementor-widget-container\">\n\t\t\t\t\t\t\t\t\t<div class=\"elementor-button-wrapper\">\n\t\t\t\t\t<a class=\"elementor-button elementor-button-link elementor-size-sm\" href=\"https:\/\/valitec.co\/sitioweb\/productos\/\">\n\t\t\t\t\t\t<span class=\"elementor-button-content-wrapper\">\n\t\t\t\t\t\t\t\t\t<span class=\"elementor-button-text\">Productos<\/span>\n\t\t\t\t\t<\/span>\n\t\t\t\t\t<\/a>\n\t\t\t\t<\/div>\n\t\t\t\t\t\t\t\t<\/div>\n\t\t\t\t<\/div>\n\t\t\t\t\t<\/div>\n\t\t<\/div>\n\t\t\t\t<div class=\"elementor-column elementor-col-33 elementor-inner-column elementor-element elementor-element-b8203e1\" data-id=\"b8203e1\" data-element_type=\"column\" data-e-type=\"column\">\n\t\t\t<div class=\"elementor-widget-wrap elementor-element-populated\">\n\t\t\t\t\t\t<div class=\"elementor-element elementor-element-74b86ff elementor-align-left elementor-widget elementor-widget-button\" data-id=\"74b86ff\" data-element_type=\"widget\" data-e-type=\"widget\" data-widget_type=\"button.default\">\n\t\t\t\t<div class=\"elementor-widget-container\">\n\t\t\t\t\t\t\t\t\t<div class=\"elementor-button-wrapper\">\n\t\t\t\t\t<a class=\"elementor-button elementor-button-link elementor-size-sm\" href=\"https:\/\/www.teknokroma.es\/es\/\" target=\"_blank\" rel=\"nofollow noopener\">\n\t\t\t\t\t\t<span class=\"elementor-button-content-wrapper\">\n\t\t\t\t\t\t\t\t\t<span class=\"elementor-button-text\">visitar Sitio<\/span>\n\t\t\t\t\t<\/span>\n\t\t\t\t\t<\/a>\n\t\t\t\t<\/div>\n\t\t\t\t\t\t\t\t<\/div>\n\t\t\t\t<\/div>\n\t\t\t\t\t<\/div>\n\t\t<\/div>\n\t\t\t\t<div class=\"elementor-column elementor-col-33 elementor-inner-column elementor-element elementor-element-e0e7561\" data-id=\"e0e7561\" data-element_type=\"column\" data-e-type=\"column\">\n\t\t\t<div class=\"elementor-widget-wrap elementor-element-populated\">\n\t\t\t\t\t\t<div class=\"elementor-element elementor-element-1944524 elementor-align-left elementor-widget elementor-widget-button\" data-id=\"1944524\" data-element_type=\"widget\" data-e-type=\"widget\" data-widget_type=\"button.default\">\n\t\t\t\t<div class=\"elementor-widget-container\">\n\t\t\t\t\t\t\t\t\t<div class=\"elementor-button-wrapper\">\n\t\t\t\t\t<a class=\"elementor-button elementor-button-link elementor-size-sm\" href=\"https:\/\/valitec.co\/sitioweb\/representaciones\/\">\n\t\t\t\t\t\t<span class=\"elementor-button-content-wrapper\">\n\t\t\t\t\t\t\t\t\t<span class=\"elementor-button-text\">Representaciones<\/span>\n\t\t\t\t\t<\/span>\n\t\t\t\t\t<\/a>\n\t\t\t\t<\/div>\n\t\t\t\t\t\t\t\t<\/div>\n\t\t\t\t<\/div>\n\t\t\t\t\t<\/div>\n\t\t<\/div>\n\t\t\t\t\t<\/div>\n\t\t<\/section>\n\t\t\t\t\t<\/div>\n\t\t<\/div>\n\t\t\t\t<div class=\"elementor-column elementor-col-50 elementor-top-column elementor-element elementor-element-b10b399\" data-id=\"b10b399\" data-element_type=\"column\" data-e-type=\"column\">\n\t\t\t<div class=\"elementor-widget-wrap elementor-element-populated\">\n\t\t\t\t\t\t<div class=\"elementor-element elementor-element-b209289 elementor-widget elementor-widget-medibazar-block-list\" data-id=\"b209289\" data-element_type=\"widget\" data-e-type=\"widget\" data-widget_type=\"medibazar-block-list.default\">\n\t\t\t\t<div class=\"elementor-widget-container\">\n\t\t\t\t\t<div class=\"about-item\"><ul><li><div class=\"about-text\"><h4><i class=\"far fa-check-circle\"><\/i>TEKNOKROMA ANALITICA<\/h4><p>Empresa europea l\u00edder en la fabricaci\u00f3n de columnas para Cromatograf\u00eda L\u00edquida y Gaseosa, adem\u00e1s de otra amplia gama de productos, insumos y consumibles de laboratorio.\n\nCon mas de 40 a\u00f1os en el mercado y m\u00e1s de 25 a\u00f1os en innovaci\u00f3n continua, se posiciona como empresa l\u00edder en la fabricaci\u00f3n y distribuci\u00f3n de columnas de cromatograf\u00eda de gases y cromatograf\u00eda l\u00edquida de alta resoluci\u00f3n (HPLC).\n\nTeknokroma cuenta con un cat\u00e1logo de productos para t\u00e9cnicas anal\u00edticas, con m\u00e1s de 4.000 referencias, est\u00e1 en\ncontinuo crecimiento, con nuevos desarrollos de investigaci\u00f3n propio y colaboraciones externas con empresas e instituciones como el Consejo Superior de Investigaciones Cient\u00edficas (CSIC), el Institut Quimic de Sarri\u00e1 (145) y con el mundialmente reconocido cromatografista Dr.Cole Woolley. \n<\/p><\/div><\/li><\/ul><\/div>\t\t\t\t<\/div>\n\t\t\t\t<\/div>\n\t\t\t\t\t<\/div>\n\t\t<\/div>\n\t\t\t\t\t<\/div>\n\t\t<\/section>\n\t\t\t\t<\/div>\n\t\t","protected":false},"excerpt":{"rendered":"<p>Representaciones Home Productos visitar Sitio Representaciones TEKNOKROMA ANALITICA Empresa europea l\u00edder en la fabricaci\u00f3n de columnas para Cromatograf\u00eda L\u00edquida y Gaseosa, adem\u00e1s de otra amplia gama de productos, insumos y consumibles de laboratorio. Con mas de 40 a\u00f1os en el mercado y m\u00e1s de 25 a\u00f1os en innovaci\u00f3n continua, se posiciona como empresa l\u00edder en<\/p>\n<div class=\"klb-readmore\"><a class=\"c-btn\" href=\"https:\/\/valitec.co\/sitioweb\/teknokroma\/\">Read More <i class=\"far fa-plus\"><\/i><\/a><\/div>\n","protected":false},"author":1,"featured_media":0,"parent":0,"menu_order":0,"comment_status":"closed","ping_status":"closed","template":"","meta":{"_eb_attr":"","footnotes":""},"class_list":["post-1001","page","type-page","status-publish","hentry"],"_links":{"self":[{"href":"https:\/\/valitec.co\/sitioweb\/wp-json\/wp\/v2\/pages\/1001","targetHints":{"allow":["GET"]}}],"collection":[{"href":"https:\/\/valitec.co\/sitioweb\/wp-json\/wp\/v2\/pages"}],"about":[{"href":"https:\/\/valitec.co\/sitioweb\/wp-json\/wp\/v2\/types\/page"}],"author":[{"embeddable":true,"href":"https:\/\/valitec.co\/sitioweb\/wp-json\/wp\/v2\/users\/1"}],"replies":[{"embeddable":true,"href":"https:\/\/valitec.co\/sitioweb\/wp-json\/wp\/v2\/comments?post=1001"}],"version-history":[{"count":11,"href":"https:\/\/valitec.co\/sitioweb\/wp-json\/wp\/v2\/pages\/1001\/revisions"}],"predecessor-version":[{"id":1676,"href":"https:\/\/valitec.co\/sitioweb\/wp-json\/wp\/v2\/pages\/1001\/revisions\/1676"}],"wp:attachment":[{"href":"https:\/\/valitec.co\/sitioweb\/wp-json\/wp\/v2\/media?parent=1001"}],"curies":[{"name":"wp","href":"https:\/\/api.w.org\/{rel}","templated":true}]}}